{"id":9368,"date":"2026-04-29T16:41:47","date_gmt":"2026-04-29T16:41:47","guid":{"rendered":"https:\/\/utk.ee\/?post_type=product&#038;p=9368"},"modified":"2026-04-29T16:59:15","modified_gmt":"2026-04-29T16:59:15","slug":"randmetugi","status":"publish","type":"product","link":"https:\/\/utk.ee\/en\/toode\/randmetugi\/","title":{"rendered":"Randmetugi"},"content":{"rendered":"<p data-path-to-node=\"8,0,0\">Bauerfeind randmeside<strong>\u00a0stabiliseerib rannet<\/strong> intensiivsete treeningute ajal, kasutades suunatud survet. See v\u00e4hendab treeningutel ja v\u00f5istlustel tekkivaid koormuspiike ning pakub ennetavat kaitset spordispetsiifiliste \u00fclekoormuss\u00fcmptomite eest.<\/p>\n<p data-path-to-node=\"8,0,0\"><strong>Randmeside sobib nii padeli, tennise, sulgpalli, raskej\u00f5ustiku kui erinevate pallim\u00e4ngualade harrastamiseks.<\/strong><\/p>\n<p data-path-to-node=\"2\">Randmetugi on saadaval kahes suuruses, pakkudes suurep\u00e4rast kandmismugavust ning optimaalset ja t\u00e4pset sobivust. Elastne aas p\u00fcsib tihedalt ja mugavalt \u00fcmber randme. Reguleeritava rihma abil saab m\u00e4\u00e4rata just endale sobiva survetugevuse \u2013 nii saab sportlane reguleerida randmele langevat koormust vastavalt isiklikule eelistusele ja konkreetsele spordialale.<\/p>\n<p data-path-to-node=\"3\">Sportimiseks m\u00f5eldud randmeside on anatoomiliselt vormitud ja madala profiiliga disainiga. Selle kerge ja \u00f5huline AirKnit-tehnoloogiaga kude on eriti hingav ja vastupidav.<\/p>\n<p data-path-to-node=\"4\"><b data-path-to-node=\"4\" data-index-in-node=\"0\">Materjali koostis:<\/b> 47% pol\u00fcamiid, 17% pol\u00fcester, 14% pol\u00fcuretaan, 11% elastodieen, 10% viskooskiud, 1% elastaan.<\/p>\n<h3 data-path-to-node=\"8,0,0\">Suurused<\/h3>\n<p><a href=\"https:\/\/utk.ee\/wp-content\/uploads\/2026\/04\/wrist-strap-measurement-guide.svg\"><img fetchpriority=\"high\" decoding=\"async\" class=\"alignnone size-medium wp-image-9419\" src=\"https:\/\/utk.ee\/wp-content\/uploads\/2026\/04\/wrist-strap-measurement-guide.svg\" alt=\"\" width=\"300\" height=\"300\" srcset=\"https:\/\/utk.ee\/wp-content\/uploads\/\/2026\/04\/wrist-strap-measurement-guide.svg 150w, https:\/\/utk.ee\/wp-content\/uploads\/\/2026\/04\/wrist-strap-measurement-guide.svg 300w, https:\/\/utk.ee\/wp-content\/uploads\/\/2026\/04\/wrist-strap-measurement-guide.svg 1024w, https:\/\/utk.ee\/wp-content\/uploads\/\/2026\/04\/wrist-strap-measurement-guide.svg 200w\" sizes=\"(max-width: 300px) 100vw, 300px\" \/><\/a><\/p>\n<p><a href=\"https:\/\/utk.ee\/wp-content\/uploads\/2026\/04\/Wrist-Sizing-Table-Sports.svg\"><img decoding=\"async\" class=\"alignnone wp-image-9418\" src=\"https:\/\/utk.ee\/wp-content\/uploads\/2026\/04\/Wrist-Sizing-Table-Sports.svg\" alt=\"\" width=\"514\" height=\"209\" \/><\/a><\/p>\n<p>&nbsp;<\/p>\n<p>&nbsp;<\/p>\n","protected":false},"excerpt":{"rendered":"<p data-path-to-node=\"8,0,0\">Bauerfeind randmeside<strong>\u00a0stabiliseerib rannet<\/strong> intensiivsete treeningute ajal, kasutades suunatud survet. See v\u00e4hendab treeningutel ja v\u00f5istlustel tekkivaid koormuspiike ning pakub ennetavat kaitset spordispetsiifiliste \u00fclekoormuss\u00fcmptomite eest.<\/p>\n<p data-path-to-node=\"8,0,0\"><strong>Randmeside sobib nii padeli, tennise, sulgpalli, raskej\u00f5ustiku kui erinevate pallim\u00e4ngualade harrastamiseks.<\/strong><\/p>\n","protected":false},"featured_media":9413,"comment_status":"open","ping_status":"closed","template":"","meta":{"iawp_total_views":1},"product_brand":[],"product_cat":[87],"product_tag":[],"class_list":{"0":"post-9368","1":"product","2":"type-product","3":"status-publish","4":"has-post-thumbnail","6":"product_cat-sporditooted","8":"first","9":"instock","10":"taxable","11":"shipping-taxable","12":"purchasable","13":"product-type-variable"},"yoast_head":"<!-- This site is optimized with the Yoast SEO plugin v27.4 - https:\/\/yoast.com\/product\/yoast-seo-wordpress\/ -->\n<title>Randmetugi - \u00dclemiste Tervisekliinik<\/title>\n<meta name=\"description\" content=\"Randmeside (randmetugi) sobib nii padeli, tennise, sulgpalli, raskej\u00f5ustiku kui erinevate pallim\u00e4ngualade harrastamiseks. Telli pakiautomaati.\" \/>\n<meta name=\"robots\" content=\"index, follow, max-snippet:-1, max-image-preview:large, max-video-preview:-1\" \/>\n<link rel=\"canonical\" href=\"https:\/\/utk.ee\/en\/toode\/randmetugi\/\" \/>\n<meta property=\"og:locale\" content=\"en_US\" \/>\n<meta property=\"og:type\" content=\"article\" \/>\n<meta property=\"og:title\" content=\"Randmetugi - \u00dclemiste Tervisekliinik\" \/>\n<meta property=\"og:description\" content=\"Randmeside (randmetugi) sobib nii padeli, tennise, sulgpalli, raskej\u00f5ustiku kui erinevate pallim\u00e4ngualade harrastamiseks. Telli pakiautomaati.\" \/>\n<meta property=\"og:url\" content=\"https:\/\/utk.ee\/en\/toode\/randmetugi\/\" \/>\n<meta property=\"og:site_name\" content=\"\u00dclemiste Tervisekliinik\" \/>\n<meta property=\"article:modified_time\" content=\"2026-04-29T16:59:15+00:00\" \/>\n<meta property=\"og:image\" content=\"https:\/\/utk.ee\/wp-content\/uploads\/2026\/04\/pdp-wrist-strap-black-hero_1920x1920.jpg\" \/>\n\t<meta property=\"og:image:width\" content=\"1000\" \/>\n\t<meta property=\"og:image:height\" content=\"1000\" \/>\n\t<meta property=\"og:image:type\" content=\"image\/jpeg\" \/>\n<meta name=\"twitter:card\" content=\"summary_large_image\" \/>\n<meta name=\"twitter:label1\" content=\"Est. reading time\" \/>\n\t<meta name=\"twitter:data1\" content=\"2 minutes\" \/>\n<script type=\"application\/ld+json\" class=\"yoast-schema-graph\">{\"@context\":\"https:\\\/\\\/schema.org\",\"@graph\":[{\"@type\":\"WebPage\",\"@id\":\"https:\\\/\\\/utk.ee\\\/en\\\/toode\\\/randmetugi\\\/\",\"url\":\"https:\\\/\\\/utk.ee\\\/en\\\/toode\\\/randmetugi\\\/\",\"name\":\"Randmetugi - \u00dclemiste Tervisekliinik\",\"isPartOf\":{\"@id\":\"https:\\\/\\\/utk.ee\\\/en\\\/#website\"},\"primaryImageOfPage\":{\"@id\":\"https:\\\/\\\/utk.ee\\\/en\\\/toode\\\/randmetugi\\\/#primaryimage\"},\"image\":{\"@id\":\"https:\\\/\\\/utk.ee\\\/en\\\/toode\\\/randmetugi\\\/#primaryimage\"},\"thumbnailUrl\":\"https:\\\/\\\/utk.ee\\\/wp-content\\\/uploads\\\/2026\\\/04\\\/pdp-wrist-strap-black-hero_1920x1920.jpg\",\"datePublished\":\"2026-04-29T16:41:47+00:00\",\"dateModified\":\"2026-04-29T16:59:15+00:00\",\"description\":\"Randmeside (randmetugi) sobib nii padeli, tennise, sulgpalli, raskej\u00f5ustiku kui erinevate pallim\u00e4ngualade harrastamiseks. Telli pakiautomaati.\",\"breadcrumb\":{\"@id\":\"https:\\\/\\\/utk.ee\\\/en\\\/toode\\\/randmetugi\\\/#breadcrumb\"},\"inLanguage\":\"en-US\",\"potentialAction\":[{\"@type\":\"ReadAction\",\"target\":[\"https:\\\/\\\/utk.ee\\\/en\\\/toode\\\/randmetugi\\\/\"]}]},{\"@type\":\"ImageObject\",\"inLanguage\":\"en-US\",\"@id\":\"https:\\\/\\\/utk.ee\\\/en\\\/toode\\\/randmetugi\\\/#primaryimage\",\"url\":\"https:\\\/\\\/utk.ee\\\/wp-content\\\/uploads\\\/2026\\\/04\\\/pdp-wrist-strap-black-hero_1920x1920.jpg\",\"contentUrl\":\"https:\\\/\\\/utk.ee\\\/wp-content\\\/uploads\\\/2026\\\/04\\\/pdp-wrist-strap-black-hero_1920x1920.jpg\",\"width\":1000,\"height\":1000},{\"@type\":\"BreadcrumbList\",\"@id\":\"https:\\\/\\\/utk.ee\\\/en\\\/toode\\\/randmetugi\\\/#breadcrumb\",\"itemListElement\":[{\"@type\":\"ListItem\",\"position\":1,\"name\":\"Home\",\"item\":\"https:\\\/\\\/utk.ee\\\/en\\\/\"},{\"@type\":\"ListItem\",\"position\":2,\"name\":\"Randmetugi\"}]},{\"@type\":\"WebSite\",\"@id\":\"https:\\\/\\\/utk.ee\\\/en\\\/#website\",\"url\":\"https:\\\/\\\/utk.ee\\\/en\\\/\",\"name\":\"\u00dclemiste Tervisekliinik\",\"description\":\"Terviseuuringud, f\u00fcsioteraapia, muud terviseteenused\",\"publisher\":{\"@id\":\"https:\\\/\\\/utk.ee\\\/en\\\/#organization\"},\"potentialAction\":[{\"@type\":\"SearchAction\",\"target\":{\"@type\":\"EntryPoint\",\"urlTemplate\":\"https:\\\/\\\/utk.ee\\\/en\\\/?s={search_term_string}\"},\"query-input\":{\"@type\":\"PropertyValueSpecification\",\"valueRequired\":true,\"valueName\":\"search_term_string\"}}],\"inLanguage\":\"en-US\"},{\"@type\":\"Organization\",\"@id\":\"https:\\\/\\\/utk.ee\\\/en\\\/#organization\",\"name\":\"\u00dclemiste Tervisekliinik\",\"url\":\"https:\\\/\\\/utk.ee\\\/en\\\/\",\"logo\":{\"@type\":\"ImageObject\",\"inLanguage\":\"en-US\",\"@id\":\"https:\\\/\\\/utk.ee\\\/en\\\/#\\\/schema\\\/logo\\\/image\\\/\",\"url\":\"https:\\\/\\\/utk.ee\\\/wp-content\\\/uploads\\\/2026\\\/02\\\/cropped-Ulemiste-Tervisekliinik-fusioteraapia-kruoteraapia-terviseauditid.png\",\"contentUrl\":\"https:\\\/\\\/utk.ee\\\/wp-content\\\/uploads\\\/2026\\\/02\\\/cropped-Ulemiste-Tervisekliinik-fusioteraapia-kruoteraapia-terviseauditid.png\",\"width\":512,\"height\":512,\"caption\":\"\u00dclemiste Tervisekliinik\"},\"image\":{\"@id\":\"https:\\\/\\\/utk.ee\\\/en\\\/#\\\/schema\\\/logo\\\/image\\\/\"}}]}<\/script>\n<!-- \/ Yoast SEO plugin. -->","yoast_head_json":{"title":"Randmetugi - \u00dclemiste Tervisekliinik","description":"Randmeside (randmetugi) sobib nii padeli, tennise, sulgpalli, raskej\u00f5ustiku kui erinevate pallim\u00e4ngualade harrastamiseks. Telli pakiautomaati.","robots":{"index":"index","follow":"follow","max-snippet":"max-snippet:-1","max-image-preview":"max-image-preview:large","max-video-preview":"max-video-preview:-1"},"canonical":"https:\/\/utk.ee\/en\/toode\/randmetugi\/","og_locale":"en_US","og_type":"article","og_title":"Randmetugi - \u00dclemiste Tervisekliinik","og_description":"Randmeside (randmetugi) sobib nii padeli, tennise, sulgpalli, raskej\u00f5ustiku kui erinevate pallim\u00e4ngualade harrastamiseks. Telli pakiautomaati.","og_url":"https:\/\/utk.ee\/en\/toode\/randmetugi\/","og_site_name":"\u00dclemiste Tervisekliinik","article_modified_time":"2026-04-29T16:59:15+00:00","og_image":[{"width":1000,"height":1000,"url":"https:\/\/utk.ee\/wp-content\/uploads\/2026\/04\/pdp-wrist-strap-black-hero_1920x1920.jpg","type":"image\/jpeg"}],"twitter_card":"summary_large_image","twitter_misc":{"Est. reading time":"2 minutes"},"schema":{"@context":"https:\/\/schema.org","@graph":[{"@type":"WebPage","@id":"https:\/\/utk.ee\/en\/toode\/randmetugi\/","url":"https:\/\/utk.ee\/en\/toode\/randmetugi\/","name":"Randmetugi - \u00dclemiste Tervisekliinik","isPartOf":{"@id":"https:\/\/utk.ee\/en\/#website"},"primaryImageOfPage":{"@id":"https:\/\/utk.ee\/en\/toode\/randmetugi\/#primaryimage"},"image":{"@id":"https:\/\/utk.ee\/en\/toode\/randmetugi\/#primaryimage"},"thumbnailUrl":"https:\/\/utk.ee\/wp-content\/uploads\/2026\/04\/pdp-wrist-strap-black-hero_1920x1920.jpg","datePublished":"2026-04-29T16:41:47+00:00","dateModified":"2026-04-29T16:59:15+00:00","description":"Randmeside (randmetugi) sobib nii padeli, tennise, sulgpalli, raskej\u00f5ustiku kui erinevate pallim\u00e4ngualade harrastamiseks. Telli pakiautomaati.","breadcrumb":{"@id":"https:\/\/utk.ee\/en\/toode\/randmetugi\/#breadcrumb"},"inLanguage":"en-US","potentialAction":[{"@type":"ReadAction","target":["https:\/\/utk.ee\/en\/toode\/randmetugi\/"]}]},{"@type":"ImageObject","inLanguage":"en-US","@id":"https:\/\/utk.ee\/en\/toode\/randmetugi\/#primaryimage","url":"https:\/\/utk.ee\/wp-content\/uploads\/2026\/04\/pdp-wrist-strap-black-hero_1920x1920.jpg","contentUrl":"https:\/\/utk.ee\/wp-content\/uploads\/2026\/04\/pdp-wrist-strap-black-hero_1920x1920.jpg","width":1000,"height":1000},{"@type":"BreadcrumbList","@id":"https:\/\/utk.ee\/en\/toode\/randmetugi\/#breadcrumb","itemListElement":[{"@type":"ListItem","position":1,"name":"Home","item":"https:\/\/utk.ee\/en\/"},{"@type":"ListItem","position":2,"name":"Randmetugi"}]},{"@type":"WebSite","@id":"https:\/\/utk.ee\/en\/#website","url":"https:\/\/utk.ee\/en\/","name":"\u00dclemiste Tervisekliinik","description":"Terviseuuringud, f\u00fcsioteraapia, muud terviseteenused","publisher":{"@id":"https:\/\/utk.ee\/en\/#organization"},"potentialAction":[{"@type":"SearchAction","target":{"@type":"EntryPoint","urlTemplate":"https:\/\/utk.ee\/en\/?s={search_term_string}"},"query-input":{"@type":"PropertyValueSpecification","valueRequired":true,"valueName":"search_term_string"}}],"inLanguage":"en-US"},{"@type":"Organization","@id":"https:\/\/utk.ee\/en\/#organization","name":"\u00dclemiste Tervisekliinik","url":"https:\/\/utk.ee\/en\/","logo":{"@type":"ImageObject","inLanguage":"en-US","@id":"https:\/\/utk.ee\/en\/#\/schema\/logo\/image\/","url":"https:\/\/utk.ee\/wp-content\/uploads\/2026\/02\/cropped-Ulemiste-Tervisekliinik-fusioteraapia-kruoteraapia-terviseauditid.png","contentUrl":"https:\/\/utk.ee\/wp-content\/uploads\/2026\/02\/cropped-Ulemiste-Tervisekliinik-fusioteraapia-kruoteraapia-terviseauditid.png","width":512,"height":512,"caption":"\u00dclemiste Tervisekliinik"},"image":{"@id":"https:\/\/utk.ee\/en\/#\/schema\/logo\/image\/"}}]}},"_links":{"self":[{"href":"https:\/\/utk.ee\/en\/wp-json\/wp\/v2\/product\/9368","targetHints":{"allow":["GET"]}}],"collection":[{"href":"https:\/\/utk.ee\/en\/wp-json\/wp\/v2\/product"}],"about":[{"href":"https:\/\/utk.ee\/en\/wp-json\/wp\/v2\/types\/product"}],"replies":[{"embeddable":true,"href":"https:\/\/utk.ee\/en\/wp-json\/wp\/v2\/comments?post=9368"}],"wp:featuredmedia":[{"embeddable":true,"href":"https:\/\/utk.ee\/en\/wp-json\/wp\/v2\/media\/9413"}],"wp:attachment":[{"href":"https:\/\/utk.ee\/en\/wp-json\/wp\/v2\/media?parent=9368"}],"wp:term":[{"taxonomy":"product_brand","embeddable":true,"href":"https:\/\/utk.ee\/en\/wp-json\/wp\/v2\/product_brand?post=9368"},{"taxonomy":"product_cat","embeddable":true,"href":"https:\/\/utk.ee\/en\/wp-json\/wp\/v2\/product_cat?post=9368"},{"taxonomy":"product_tag","embeddable":true,"href":"https:\/\/utk.ee\/en\/wp-json\/wp\/v2\/product_tag?post=9368"}],"curies":[{"name":"wp","href":"https:\/\/api.w.org\/{rel}","templated":true}]}}