{"id":9269,"date":"2026-04-29T16:25:37","date_gmt":"2026-04-29T16:25:37","guid":{"rendered":"https:\/\/utk.ee\/?post_type=product&#038;p=9269"},"modified":"2026-04-29T16:41:28","modified_gmt":"2026-04-29T16:41:28","slug":"huppeliigese-tugiside","status":"publish","type":"product","link":"https:\/\/utk.ee\/en\/toode\/huppeliigese-tugiside\/","title":{"rendered":"H\u00fcppeliigese tugiside"},"content":{"rendered":"<p data-path-to-node=\"8,0,0\">H\u00fcppeliigese kompressioonside <strong>kergete nihestuste ja paistetuse leevendamiseks<\/strong> ning ennetamiseks suure koormusega treeningperioodidel.<\/p>\n<p data-path-to-node=\"1\"><b data-path-to-node=\"1\" data-index-in-node=\"0\">Bauerfeind h\u00fcppeliigesetugi <\/b>on valmistatud hingavast materjalist, mille ventilatsioonitsoon v\u00f5imaldavab <strong>soojusel ja higil treeningu ajal eralduda<\/strong>. Tootes on kasutatud astmelist kompressiooni, mis toetab lihasaktiivsust, <strong>parandab h\u00fcppeliigese verevarustust ja aitab v\u00e4hendada paistetust.<\/strong><\/p>\n<p data-path-to-node=\"2\">Reguleeritav rihmas\u00fcsteem minimeerib nihestuste ohtu ka suurenenud koormuse korral. See toetab sind p\u00f6\u00f6retel, h\u00fcpetel ning spordialadel, kus esineb palju kiireid &#8220;stopp-start&#8221; liikumisi.<\/p>\n<p data-path-to-node=\"3\">Suurep\u00e4rane abivahend vigastuste ennetamiseks ning aitab taastuda nii k\u00f5\u00f5lusep\u00f5letikust (tendiniidist) kui ka nihestustest.<\/p>\n<p data-path-to-node=\"4\">Kui teised h\u00fcppeliigese kaitsmed on sulle v\u00f5ib-olla varasemalt pettumust valmistanud, olles kohmakad, libisedes paigalt v\u00f5i pakkudes liiga v\u00e4he tuge, siis antud side on loodud p\u00fcsima kindlalt paigal, stabiliseerima liigest ja liikuma koos sinuga. Nii saad treenida ja v\u00f5istelda t\u00e4ieliku enesekindlusega.<\/p>\n<p data-path-to-node=\"5\">T\u00f5sisemate vigastuste ja tugevama valu korral soovitame kasutada mudeleid <b data-path-to-node=\"5\" data-index-in-node=\"74\">MalleoTrain S<\/b> v\u00f5i <b data-path-to-node=\"5\" data-index-in-node=\"92\">MalleoTrain Plus tooteid<\/b>.<\/p>\n<h3 data-path-to-node=\"8,0,0\">Suurused<\/h3>\n<p><a href=\"https:\/\/utk.ee\/wp-content\/uploads\/2026\/04\/hupeliigese-tugisideme-moodud.svg\"><img fetchpriority=\"high\" decoding=\"async\" class=\"alignnone size-medium wp-image-9324\" src=\"https:\/\/utk.ee\/wp-content\/uploads\/2026\/04\/hupeliigese-tugisideme-moodud.svg\" alt=\"\" width=\"300\" height=\"300\" srcset=\"https:\/\/utk.ee\/wp-content\/uploads\/\/2026\/04\/hupeliigese-tugisideme-moodud.svg 150w, https:\/\/utk.ee\/wp-content\/uploads\/\/2026\/04\/hupeliigese-tugisideme-moodud.svg 300w, https:\/\/utk.ee\/wp-content\/uploads\/\/2026\/04\/hupeliigese-tugisideme-moodud.svg 1024w, https:\/\/utk.ee\/wp-content\/uploads\/\/2026\/04\/hupeliigese-tugisideme-moodud.svg 200w\" sizes=\"(max-width: 300px) 100vw, 300px\" \/><\/a><\/p>\n<p><a href=\"https:\/\/utk.ee\/wp-content\/uploads\/2026\/04\/huppeliigese-tugiside.svg\"><img decoding=\"async\" class=\"alignnone size-medium wp-image-9326\" src=\"https:\/\/utk.ee\/wp-content\/uploads\/2026\/04\/huppeliigese-tugiside.svg\" alt=\"\" width=\"300\" height=\"300\" srcset=\"https:\/\/utk.ee\/wp-content\/uploads\/\/2026\/04\/huppeliigese-tugiside.svg 150w, https:\/\/utk.ee\/wp-content\/uploads\/\/2026\/04\/huppeliigese-tugiside.svg 300w, https:\/\/utk.ee\/wp-content\/uploads\/\/2026\/04\/huppeliigese-tugiside.svg 1024w\" sizes=\"(max-width: 300px) 100vw, 300px\" \/><\/a><\/p>\n<p>&nbsp;<\/p>\n","protected":false},"excerpt":{"rendered":"<p data-path-to-node=\"8,0,0\">H\u00fcppeliigese kompressioonside <strong>kergete nihestuste ja paistetuse leevendamiseks<\/strong> ning ennetamiseks suure koormusega treeningperioodidel.<\/p>\n<p data-path-to-node=\"1\"><b data-path-to-node=\"1\" data-index-in-node=\"0\">Bauerfeind h\u00fcppeliigesetugi <\/b>on valmistatud hingavast materjalist, mille ventilatsioonitsoon v\u00f5imaldavab <strong>soojusel ja higil treeningu ajal eralduda<\/strong>. Tootes on kasutatud astmelist kompressiooni, mis toetab lihasaktiivsust, <strong>parandab h\u00fcppeliigese verevarustust ja aitab v\u00e4hendada paistetust.<\/strong><\/p>\n","protected":false},"featured_media":9320,"comment_status":"open","ping_status":"closed","template":"","meta":{"iawp_total_views":0},"product_brand":[],"product_cat":[87],"product_tag":[],"class_list":{"0":"post-9269","1":"product","2":"type-product","3":"status-publish","4":"has-post-thumbnail","6":"product_cat-sporditooted","8":"first","9":"instock","10":"taxable","11":"shipping-taxable","12":"purchasable","13":"product-type-variable"},"yoast_head":"<!-- This site is optimized with the Yoast SEO plugin v27.4 - https:\/\/yoast.com\/product\/yoast-seo-wordpress\/ -->\n<title>H\u00fcppeliigese tugiside - \u00dclemiste Tervisekliinik<\/title>\n<meta name=\"description\" content=\"H\u00fcppeliigese tugiside kergete nihestuste ja paistetuse leevendamiseks, vigastuste ennetamiseks suure koormusega treeningperioodidel. Telli pakiautomaati.\" \/>\n<meta name=\"robots\" content=\"index, follow, max-snippet:-1, max-image-preview:large, max-video-preview:-1\" \/>\n<link rel=\"canonical\" href=\"https:\/\/utk.ee\/en\/toode\/huppeliigese-tugiside\/\" \/>\n<meta property=\"og:locale\" content=\"en_US\" \/>\n<meta property=\"og:type\" content=\"article\" \/>\n<meta property=\"og:title\" content=\"H\u00fcppeliigese tugiside - \u00dclemiste Tervisekliinik\" \/>\n<meta property=\"og:description\" content=\"H\u00fcppeliigese tugiside kergete nihestuste ja paistetuse leevendamiseks, vigastuste ennetamiseks suure koormusega treeningperioodidel. Telli pakiautomaati.\" \/>\n<meta property=\"og:url\" content=\"https:\/\/utk.ee\/en\/toode\/huppeliigese-tugiside\/\" \/>\n<meta property=\"og:site_name\" content=\"\u00dclemiste Tervisekliinik\" \/>\n<meta property=\"article:modified_time\" content=\"2026-04-29T16:41:28+00:00\" \/>\n<meta property=\"og:image\" content=\"https:\/\/utk.ee\/wp-content\/uploads\/2026\/04\/ankle-support-m-f-black_1920x1920.jpg\" \/>\n\t<meta property=\"og:image:width\" content=\"1000\" \/>\n\t<meta property=\"og:image:height\" content=\"1000\" \/>\n\t<meta property=\"og:image:type\" content=\"image\/jpeg\" \/>\n<meta name=\"twitter:card\" content=\"summary_large_image\" \/>\n<meta name=\"twitter:label1\" content=\"Est. reading time\" \/>\n\t<meta name=\"twitter:data1\" content=\"2 minutes\" \/>\n<script type=\"application\/ld+json\" class=\"yoast-schema-graph\">{\"@context\":\"https:\\\/\\\/schema.org\",\"@graph\":[{\"@type\":\"WebPage\",\"@id\":\"https:\\\/\\\/utk.ee\\\/en\\\/toode\\\/huppeliigese-tugiside\\\/\",\"url\":\"https:\\\/\\\/utk.ee\\\/en\\\/toode\\\/huppeliigese-tugiside\\\/\",\"name\":\"H\u00fcppeliigese tugiside - \u00dclemiste Tervisekliinik\",\"isPartOf\":{\"@id\":\"https:\\\/\\\/utk.ee\\\/en\\\/#website\"},\"primaryImageOfPage\":{\"@id\":\"https:\\\/\\\/utk.ee\\\/en\\\/toode\\\/huppeliigese-tugiside\\\/#primaryimage\"},\"image\":{\"@id\":\"https:\\\/\\\/utk.ee\\\/en\\\/toode\\\/huppeliigese-tugiside\\\/#primaryimage\"},\"thumbnailUrl\":\"https:\\\/\\\/utk.ee\\\/wp-content\\\/uploads\\\/2026\\\/04\\\/ankle-support-m-f-black_1920x1920.jpg\",\"datePublished\":\"2026-04-29T16:25:37+00:00\",\"dateModified\":\"2026-04-29T16:41:28+00:00\",\"description\":\"H\u00fcppeliigese tugiside kergete nihestuste ja paistetuse leevendamiseks, vigastuste ennetamiseks suure koormusega treeningperioodidel. Telli pakiautomaati.\",\"breadcrumb\":{\"@id\":\"https:\\\/\\\/utk.ee\\\/en\\\/toode\\\/huppeliigese-tugiside\\\/#breadcrumb\"},\"inLanguage\":\"en-US\",\"potentialAction\":[{\"@type\":\"ReadAction\",\"target\":[\"https:\\\/\\\/utk.ee\\\/en\\\/toode\\\/huppeliigese-tugiside\\\/\"]}]},{\"@type\":\"ImageObject\",\"inLanguage\":\"en-US\",\"@id\":\"https:\\\/\\\/utk.ee\\\/en\\\/toode\\\/huppeliigese-tugiside\\\/#primaryimage\",\"url\":\"https:\\\/\\\/utk.ee\\\/wp-content\\\/uploads\\\/2026\\\/04\\\/ankle-support-m-f-black_1920x1920.jpg\",\"contentUrl\":\"https:\\\/\\\/utk.ee\\\/wp-content\\\/uploads\\\/2026\\\/04\\\/ankle-support-m-f-black_1920x1920.jpg\",\"width\":1000,\"height\":1000},{\"@type\":\"BreadcrumbList\",\"@id\":\"https:\\\/\\\/utk.ee\\\/en\\\/toode\\\/huppeliigese-tugiside\\\/#breadcrumb\",\"itemListElement\":[{\"@type\":\"ListItem\",\"position\":1,\"name\":\"Home\",\"item\":\"https:\\\/\\\/utk.ee\\\/en\\\/\"},{\"@type\":\"ListItem\",\"position\":2,\"name\":\"H\u00fcppeliigese tugiside\"}]},{\"@type\":\"WebSite\",\"@id\":\"https:\\\/\\\/utk.ee\\\/en\\\/#website\",\"url\":\"https:\\\/\\\/utk.ee\\\/en\\\/\",\"name\":\"\u00dclemiste Tervisekliinik\",\"description\":\"Terviseuuringud, f\u00fcsioteraapia, muud terviseteenused\",\"publisher\":{\"@id\":\"https:\\\/\\\/utk.ee\\\/en\\\/#organization\"},\"potentialAction\":[{\"@type\":\"SearchAction\",\"target\":{\"@type\":\"EntryPoint\",\"urlTemplate\":\"https:\\\/\\\/utk.ee\\\/en\\\/?s={search_term_string}\"},\"query-input\":{\"@type\":\"PropertyValueSpecification\",\"valueRequired\":true,\"valueName\":\"search_term_string\"}}],\"inLanguage\":\"en-US\"},{\"@type\":\"Organization\",\"@id\":\"https:\\\/\\\/utk.ee\\\/en\\\/#organization\",\"name\":\"\u00dclemiste Tervisekliinik\",\"url\":\"https:\\\/\\\/utk.ee\\\/en\\\/\",\"logo\":{\"@type\":\"ImageObject\",\"inLanguage\":\"en-US\",\"@id\":\"https:\\\/\\\/utk.ee\\\/en\\\/#\\\/schema\\\/logo\\\/image\\\/\",\"url\":\"https:\\\/\\\/utk.ee\\\/wp-content\\\/uploads\\\/2026\\\/02\\\/cropped-Ulemiste-Tervisekliinik-fusioteraapia-kruoteraapia-terviseauditid.png\",\"contentUrl\":\"https:\\\/\\\/utk.ee\\\/wp-content\\\/uploads\\\/2026\\\/02\\\/cropped-Ulemiste-Tervisekliinik-fusioteraapia-kruoteraapia-terviseauditid.png\",\"width\":512,\"height\":512,\"caption\":\"\u00dclemiste Tervisekliinik\"},\"image\":{\"@id\":\"https:\\\/\\\/utk.ee\\\/en\\\/#\\\/schema\\\/logo\\\/image\\\/\"}}]}<\/script>\n<!-- \/ Yoast SEO plugin. -->","yoast_head_json":{"title":"H\u00fcppeliigese tugiside - \u00dclemiste Tervisekliinik","description":"H\u00fcppeliigese tugiside kergete nihestuste ja paistetuse leevendamiseks, vigastuste ennetamiseks suure koormusega treeningperioodidel. Telli pakiautomaati.","robots":{"index":"index","follow":"follow","max-snippet":"max-snippet:-1","max-image-preview":"max-image-preview:large","max-video-preview":"max-video-preview:-1"},"canonical":"https:\/\/utk.ee\/en\/toode\/huppeliigese-tugiside\/","og_locale":"en_US","og_type":"article","og_title":"H\u00fcppeliigese tugiside - \u00dclemiste Tervisekliinik","og_description":"H\u00fcppeliigese tugiside kergete nihestuste ja paistetuse leevendamiseks, vigastuste ennetamiseks suure koormusega treeningperioodidel. Telli pakiautomaati.","og_url":"https:\/\/utk.ee\/en\/toode\/huppeliigese-tugiside\/","og_site_name":"\u00dclemiste Tervisekliinik","article_modified_time":"2026-04-29T16:41:28+00:00","og_image":[{"width":1000,"height":1000,"url":"https:\/\/utk.ee\/wp-content\/uploads\/2026\/04\/ankle-support-m-f-black_1920x1920.jpg","type":"image\/jpeg"}],"twitter_card":"summary_large_image","twitter_misc":{"Est. reading time":"2 minutes"},"schema":{"@context":"https:\/\/schema.org","@graph":[{"@type":"WebPage","@id":"https:\/\/utk.ee\/en\/toode\/huppeliigese-tugiside\/","url":"https:\/\/utk.ee\/en\/toode\/huppeliigese-tugiside\/","name":"H\u00fcppeliigese tugiside - \u00dclemiste Tervisekliinik","isPartOf":{"@id":"https:\/\/utk.ee\/en\/#website"},"primaryImageOfPage":{"@id":"https:\/\/utk.ee\/en\/toode\/huppeliigese-tugiside\/#primaryimage"},"image":{"@id":"https:\/\/utk.ee\/en\/toode\/huppeliigese-tugiside\/#primaryimage"},"thumbnailUrl":"https:\/\/utk.ee\/wp-content\/uploads\/2026\/04\/ankle-support-m-f-black_1920x1920.jpg","datePublished":"2026-04-29T16:25:37+00:00","dateModified":"2026-04-29T16:41:28+00:00","description":"H\u00fcppeliigese tugiside kergete nihestuste ja paistetuse leevendamiseks, vigastuste ennetamiseks suure koormusega treeningperioodidel. Telli pakiautomaati.","breadcrumb":{"@id":"https:\/\/utk.ee\/en\/toode\/huppeliigese-tugiside\/#breadcrumb"},"inLanguage":"en-US","potentialAction":[{"@type":"ReadAction","target":["https:\/\/utk.ee\/en\/toode\/huppeliigese-tugiside\/"]}]},{"@type":"ImageObject","inLanguage":"en-US","@id":"https:\/\/utk.ee\/en\/toode\/huppeliigese-tugiside\/#primaryimage","url":"https:\/\/utk.ee\/wp-content\/uploads\/2026\/04\/ankle-support-m-f-black_1920x1920.jpg","contentUrl":"https:\/\/utk.ee\/wp-content\/uploads\/2026\/04\/ankle-support-m-f-black_1920x1920.jpg","width":1000,"height":1000},{"@type":"BreadcrumbList","@id":"https:\/\/utk.ee\/en\/toode\/huppeliigese-tugiside\/#breadcrumb","itemListElement":[{"@type":"ListItem","position":1,"name":"Home","item":"https:\/\/utk.ee\/en\/"},{"@type":"ListItem","position":2,"name":"H\u00fcppeliigese tugiside"}]},{"@type":"WebSite","@id":"https:\/\/utk.ee\/en\/#website","url":"https:\/\/utk.ee\/en\/","name":"\u00dclemiste Tervisekliinik","description":"Terviseuuringud, f\u00fcsioteraapia, muud terviseteenused","publisher":{"@id":"https:\/\/utk.ee\/en\/#organization"},"potentialAction":[{"@type":"SearchAction","target":{"@type":"EntryPoint","urlTemplate":"https:\/\/utk.ee\/en\/?s={search_term_string}"},"query-input":{"@type":"PropertyValueSpecification","valueRequired":true,"valueName":"search_term_string"}}],"inLanguage":"en-US"},{"@type":"Organization","@id":"https:\/\/utk.ee\/en\/#organization","name":"\u00dclemiste Tervisekliinik","url":"https:\/\/utk.ee\/en\/","logo":{"@type":"ImageObject","inLanguage":"en-US","@id":"https:\/\/utk.ee\/en\/#\/schema\/logo\/image\/","url":"https:\/\/utk.ee\/wp-content\/uploads\/2026\/02\/cropped-Ulemiste-Tervisekliinik-fusioteraapia-kruoteraapia-terviseauditid.png","contentUrl":"https:\/\/utk.ee\/wp-content\/uploads\/2026\/02\/cropped-Ulemiste-Tervisekliinik-fusioteraapia-kruoteraapia-terviseauditid.png","width":512,"height":512,"caption":"\u00dclemiste Tervisekliinik"},"image":{"@id":"https:\/\/utk.ee\/en\/#\/schema\/logo\/image\/"}}]}},"_links":{"self":[{"href":"https:\/\/utk.ee\/en\/wp-json\/wp\/v2\/product\/9269","targetHints":{"allow":["GET"]}}],"collection":[{"href":"https:\/\/utk.ee\/en\/wp-json\/wp\/v2\/product"}],"about":[{"href":"https:\/\/utk.ee\/en\/wp-json\/wp\/v2\/types\/product"}],"replies":[{"embeddable":true,"href":"https:\/\/utk.ee\/en\/wp-json\/wp\/v2\/comments?post=9269"}],"wp:featuredmedia":[{"embeddable":true,"href":"https:\/\/utk.ee\/en\/wp-json\/wp\/v2\/media\/9320"}],"wp:attachment":[{"href":"https:\/\/utk.ee\/en\/wp-json\/wp\/v2\/media?parent=9269"}],"wp:term":[{"taxonomy":"product_brand","embeddable":true,"href":"https:\/\/utk.ee\/en\/wp-json\/wp\/v2\/product_brand?post=9269"},{"taxonomy":"product_cat","embeddable":true,"href":"https:\/\/utk.ee\/en\/wp-json\/wp\/v2\/product_cat?post=9269"},{"taxonomy":"product_tag","embeddable":true,"href":"https:\/\/utk.ee\/en\/wp-json\/wp\/v2\/product_tag?post=9269"}],"curies":[{"name":"wp","href":"https:\/\/api.w.org\/{rel}","templated":true}]}}