{"id":9156,"date":"2026-04-29T14:26:58","date_gmt":"2026-04-29T14:26:58","guid":{"rendered":"https:\/\/utk.ee\/?post_type=product&#038;p=9156"},"modified":"2026-04-29T14:53:33","modified_gmt":"2026-04-29T14:53:33","slug":"polve-kompressioonside-polvetugi-nba","status":"publish","type":"product","link":"https:\/\/utk.ee\/en\/toode\/polve-kompressioonside-polvetugi-nba\/","title":{"rendered":"P\u00f5lve kompressioonside, NBA"},"content":{"rendered":"<p data-path-to-node=\"8,0,0\">Saavuta oma tipptase Sports Compression Knee Support NBA p\u00f5lvetoega. Nii tippsportlased kui ka professionaalid usaldavad Bauerfeindi tooteid ja tehnoloogiat. M\u00f5\u00f5dukas tugi liigestele ja suurem enesekindlus nii v\u00e4ljakul kui ka v\u00e4ljaspool seda.<\/p>\n<p data-path-to-node=\"1\"><b data-path-to-node=\"1\" data-index-in-node=\"0\">\u00d5mblusteta kompressioonitehnoloogia, et aidata sul saavutada oma tipptase.<\/b><\/p>\n<ul data-path-to-node=\"2\">\n<li>\n<p data-path-to-node=\"2,0,0\"><strong>Sooritus:<\/strong> 360-kraadine kompressioon \u00fcmbritseb liigest, stimuleerides vereringet, parandades lihaskontrolli ja vabastades sinu t\u00f5elise j\u00f5u.<\/p>\n<\/li>\n<li>\n<p data-path-to-node=\"2,1,0\"><b data-path-to-node=\"2,1,0\" data-index-in-node=\"0\">Mugavus:<\/b> T\u00e4nu \u00f5mblusteta tehnoloogiale istub p\u00f5lvetugi ideaalselt ning silikoont\u00e4ppidega \u00e4\u00e4rised hoiavad selle kindlalt paigal ka k\u00f5ige kiiremate s\u00f6\u00f6stude ajal. Kerge, hingav ja madala profiiliga kude juhib niiskuse eemale, hoides naha meeldivalt jahedana.<\/p>\n<\/li>\n<li>\n<p data-path-to-node=\"2,2,0\"><b data-path-to-node=\"2,2,0\" data-index-in-node=\"0\">Autentsus:<\/b> NBA poolt ametlikult litsentseeritud p\u00f5lvetugi.<\/p>\n<\/li>\n<\/ul>\n<h3 data-path-to-node=\"8,0,0\">Suurused<\/h3>\n<p><a href=\"https:\/\/utk.ee\/wp-content\/uploads\/2026\/04\/compression-knee-support-measurement-guide.svg\"><img fetchpriority=\"high\" decoding=\"async\" class=\"alignnone size-medium wp-image-9205\" src=\"https:\/\/utk.ee\/wp-content\/uploads\/2026\/04\/compression-knee-support-measurement-guide.svg\" alt=\"\" width=\"300\" height=\"300\" srcset=\"https:\/\/utk.ee\/wp-content\/uploads\/\/2026\/04\/compression-knee-support-measurement-guide.svg 150w, https:\/\/utk.ee\/wp-content\/uploads\/\/2026\/04\/compression-knee-support-measurement-guide.svg 300w, https:\/\/utk.ee\/wp-content\/uploads\/\/2026\/04\/compression-knee-support-measurement-guide.svg 1024w, https:\/\/utk.ee\/wp-content\/uploads\/\/2026\/04\/compression-knee-support-measurement-guide.svg 200w\" sizes=\"(max-width: 300px) 100vw, 300px\" \/><\/a><\/p>\n<p><a href=\"https:\/\/utk.ee\/wp-content\/uploads\/2026\/04\/compression-knee-support-sizing-table.svg\"><img decoding=\"async\" class=\"alignnone size-medium wp-image-9206\" src=\"https:\/\/utk.ee\/wp-content\/uploads\/2026\/04\/compression-knee-support-sizing-table.svg\" alt=\"\" width=\"300\" height=\"300\" srcset=\"https:\/\/utk.ee\/wp-content\/uploads\/\/2026\/04\/compression-knee-support-sizing-table.svg 150w, https:\/\/utk.ee\/wp-content\/uploads\/\/2026\/04\/compression-knee-support-sizing-table.svg 300w, https:\/\/utk.ee\/wp-content\/uploads\/\/2026\/04\/compression-knee-support-sizing-table.svg 1024w\" sizes=\"(max-width: 300px) 100vw, 300px\" \/><\/a><\/p>\n<p>&nbsp;<\/p>\n","protected":false},"excerpt":{"rendered":"<ul>\n<li>\n<p data-path-to-node=\"1,0,0\">M\u00f5\u00f5dukas kompressioon (20\u201330 mmHg)<\/p>\n<\/li>\n<li>\n<p data-path-to-node=\"1,1,0\">Aktiveerib lihaseid ja ennetab vigastusi<\/p>\n<\/li>\n<li>\n<p data-path-to-node=\"1,2,0\">Kerge ja hingav t\u00e4nu \u00f5hulisele v\u00f5rkkudumile<\/p>\n<\/li>\n<\/ul>\n","protected":false},"featured_media":9220,"comment_status":"open","ping_status":"closed","template":"","meta":{"iawp_total_views":0},"product_brand":[],"product_cat":[87],"product_tag":[],"class_list":{"0":"post-9156","1":"product","2":"type-product","3":"status-publish","4":"has-post-thumbnail","6":"product_cat-sporditooted","8":"first","9":"instock","10":"taxable","11":"shipping-taxable","12":"purchasable","13":"product-type-variable"},"yoast_head":"<!-- This site is optimized with the Yoast SEO plugin v27.4 - https:\/\/yoast.com\/product\/yoast-seo-wordpress\/ -->\n<title>P\u00f5lve kompressioonside, NBA - \u00dclemiste Tervisekliinik<\/title>\n<meta name=\"robots\" content=\"index, follow, max-snippet:-1, max-image-preview:large, max-video-preview:-1\" \/>\n<link rel=\"canonical\" href=\"https:\/\/utk.ee\/en\/toode\/polve-kompressioonside-polvetugi-nba\/\" \/>\n<meta property=\"og:locale\" content=\"en_US\" \/>\n<meta property=\"og:type\" content=\"article\" \/>\n<meta property=\"og:title\" content=\"P\u00f5lve kompressioonside, NBA - \u00dclemiste Tervisekliinik\" \/>\n<meta property=\"og:description\" content=\"M\u00f5\u00f5dukas kompressioon (20\u201330 mmHg)    Aktiveerib lihaseid ja ennetab vigastusi    Kerge ja hingav t\u00e4nu \u00f5hulisele v\u00f5rkkudumile\" \/>\n<meta property=\"og:url\" content=\"https:\/\/utk.ee\/en\/toode\/polve-kompressioonside-polvetugi-nba\/\" \/>\n<meta property=\"og:site_name\" content=\"\u00dclemiste Tervisekliinik\" \/>\n<meta property=\"article:modified_time\" content=\"2026-04-29T14:53:33+00:00\" \/>\n<meta property=\"og:image\" content=\"https:\/\/utk.ee\/wp-content\/uploads\/2026\/04\/compression-knee-support-nba-m-f-black_1920x1920.jpg\" \/>\n\t<meta property=\"og:image:width\" content=\"1000\" \/>\n\t<meta property=\"og:image:height\" content=\"1000\" \/>\n\t<meta property=\"og:image:type\" content=\"image\/jpeg\" \/>\n<meta name=\"twitter:card\" content=\"summary_large_image\" \/>\n<meta name=\"twitter:label1\" content=\"Est. reading time\" \/>\n\t<meta name=\"twitter:data1\" content=\"2 minutes\" \/>\n<script type=\"application\/ld+json\" class=\"yoast-schema-graph\">{\"@context\":\"https:\\\/\\\/schema.org\",\"@graph\":[{\"@type\":\"WebPage\",\"@id\":\"https:\\\/\\\/utk.ee\\\/en\\\/toode\\\/polve-kompressioonside-polvetugi-nba\\\/\",\"url\":\"https:\\\/\\\/utk.ee\\\/en\\\/toode\\\/polve-kompressioonside-polvetugi-nba\\\/\",\"name\":\"P\u00f5lve kompressioonside, NBA - \u00dclemiste Tervisekliinik\",\"isPartOf\":{\"@id\":\"https:\\\/\\\/utk.ee\\\/en\\\/#website\"},\"primaryImageOfPage\":{\"@id\":\"https:\\\/\\\/utk.ee\\\/en\\\/toode\\\/polve-kompressioonside-polvetugi-nba\\\/#primaryimage\"},\"image\":{\"@id\":\"https:\\\/\\\/utk.ee\\\/en\\\/toode\\\/polve-kompressioonside-polvetugi-nba\\\/#primaryimage\"},\"thumbnailUrl\":\"https:\\\/\\\/utk.ee\\\/wp-content\\\/uploads\\\/2026\\\/04\\\/compression-knee-support-nba-m-f-black_1920x1920.jpg\",\"datePublished\":\"2026-04-29T14:26:58+00:00\",\"dateModified\":\"2026-04-29T14:53:33+00:00\",\"breadcrumb\":{\"@id\":\"https:\\\/\\\/utk.ee\\\/en\\\/toode\\\/polve-kompressioonside-polvetugi-nba\\\/#breadcrumb\"},\"inLanguage\":\"en-US\",\"potentialAction\":[{\"@type\":\"ReadAction\",\"target\":[\"https:\\\/\\\/utk.ee\\\/en\\\/toode\\\/polve-kompressioonside-polvetugi-nba\\\/\"]}]},{\"@type\":\"ImageObject\",\"inLanguage\":\"en-US\",\"@id\":\"https:\\\/\\\/utk.ee\\\/en\\\/toode\\\/polve-kompressioonside-polvetugi-nba\\\/#primaryimage\",\"url\":\"https:\\\/\\\/utk.ee\\\/wp-content\\\/uploads\\\/2026\\\/04\\\/compression-knee-support-nba-m-f-black_1920x1920.jpg\",\"contentUrl\":\"https:\\\/\\\/utk.ee\\\/wp-content\\\/uploads\\\/2026\\\/04\\\/compression-knee-support-nba-m-f-black_1920x1920.jpg\",\"width\":1000,\"height\":1000},{\"@type\":\"BreadcrumbList\",\"@id\":\"https:\\\/\\\/utk.ee\\\/en\\\/toode\\\/polve-kompressioonside-polvetugi-nba\\\/#breadcrumb\",\"itemListElement\":[{\"@type\":\"ListItem\",\"position\":1,\"name\":\"Home\",\"item\":\"https:\\\/\\\/utk.ee\\\/en\\\/\"},{\"@type\":\"ListItem\",\"position\":2,\"name\":\"P\u00f5lve kompressioonside, NBA\"}]},{\"@type\":\"WebSite\",\"@id\":\"https:\\\/\\\/utk.ee\\\/en\\\/#website\",\"url\":\"https:\\\/\\\/utk.ee\\\/en\\\/\",\"name\":\"\u00dclemiste Tervisekliinik\",\"description\":\"Terviseuuringud, f\u00fcsioteraapia, muud terviseteenused\",\"publisher\":{\"@id\":\"https:\\\/\\\/utk.ee\\\/en\\\/#organization\"},\"potentialAction\":[{\"@type\":\"SearchAction\",\"target\":{\"@type\":\"EntryPoint\",\"urlTemplate\":\"https:\\\/\\\/utk.ee\\\/en\\\/?s={search_term_string}\"},\"query-input\":{\"@type\":\"PropertyValueSpecification\",\"valueRequired\":true,\"valueName\":\"search_term_string\"}}],\"inLanguage\":\"en-US\"},{\"@type\":\"Organization\",\"@id\":\"https:\\\/\\\/utk.ee\\\/en\\\/#organization\",\"name\":\"\u00dclemiste Tervisekliinik\",\"url\":\"https:\\\/\\\/utk.ee\\\/en\\\/\",\"logo\":{\"@type\":\"ImageObject\",\"inLanguage\":\"en-US\",\"@id\":\"https:\\\/\\\/utk.ee\\\/en\\\/#\\\/schema\\\/logo\\\/image\\\/\",\"url\":\"https:\\\/\\\/utk.ee\\\/wp-content\\\/uploads\\\/2026\\\/02\\\/cropped-Ulemiste-Tervisekliinik-fusioteraapia-kruoteraapia-terviseauditid.png\",\"contentUrl\":\"https:\\\/\\\/utk.ee\\\/wp-content\\\/uploads\\\/2026\\\/02\\\/cropped-Ulemiste-Tervisekliinik-fusioteraapia-kruoteraapia-terviseauditid.png\",\"width\":512,\"height\":512,\"caption\":\"\u00dclemiste Tervisekliinik\"},\"image\":{\"@id\":\"https:\\\/\\\/utk.ee\\\/en\\\/#\\\/schema\\\/logo\\\/image\\\/\"}}]}<\/script>\n<!-- \/ Yoast SEO plugin. -->","yoast_head_json":{"title":"P\u00f5lve kompressioonside, NBA - \u00dclemiste Tervisekliinik","robots":{"index":"index","follow":"follow","max-snippet":"max-snippet:-1","max-image-preview":"max-image-preview:large","max-video-preview":"max-video-preview:-1"},"canonical":"https:\/\/utk.ee\/en\/toode\/polve-kompressioonside-polvetugi-nba\/","og_locale":"en_US","og_type":"article","og_title":"P\u00f5lve kompressioonside, NBA - \u00dclemiste Tervisekliinik","og_description":"M\u00f5\u00f5dukas kompressioon (20\u201330 mmHg)    Aktiveerib lihaseid ja ennetab vigastusi    Kerge ja hingav t\u00e4nu \u00f5hulisele v\u00f5rkkudumile","og_url":"https:\/\/utk.ee\/en\/toode\/polve-kompressioonside-polvetugi-nba\/","og_site_name":"\u00dclemiste Tervisekliinik","article_modified_time":"2026-04-29T14:53:33+00:00","og_image":[{"width":1000,"height":1000,"url":"https:\/\/utk.ee\/wp-content\/uploads\/2026\/04\/compression-knee-support-nba-m-f-black_1920x1920.jpg","type":"image\/jpeg"}],"twitter_card":"summary_large_image","twitter_misc":{"Est. reading time":"2 minutes"},"schema":{"@context":"https:\/\/schema.org","@graph":[{"@type":"WebPage","@id":"https:\/\/utk.ee\/en\/toode\/polve-kompressioonside-polvetugi-nba\/","url":"https:\/\/utk.ee\/en\/toode\/polve-kompressioonside-polvetugi-nba\/","name":"P\u00f5lve kompressioonside, NBA - \u00dclemiste Tervisekliinik","isPartOf":{"@id":"https:\/\/utk.ee\/en\/#website"},"primaryImageOfPage":{"@id":"https:\/\/utk.ee\/en\/toode\/polve-kompressioonside-polvetugi-nba\/#primaryimage"},"image":{"@id":"https:\/\/utk.ee\/en\/toode\/polve-kompressioonside-polvetugi-nba\/#primaryimage"},"thumbnailUrl":"https:\/\/utk.ee\/wp-content\/uploads\/2026\/04\/compression-knee-support-nba-m-f-black_1920x1920.jpg","datePublished":"2026-04-29T14:26:58+00:00","dateModified":"2026-04-29T14:53:33+00:00","breadcrumb":{"@id":"https:\/\/utk.ee\/en\/toode\/polve-kompressioonside-polvetugi-nba\/#breadcrumb"},"inLanguage":"en-US","potentialAction":[{"@type":"ReadAction","target":["https:\/\/utk.ee\/en\/toode\/polve-kompressioonside-polvetugi-nba\/"]}]},{"@type":"ImageObject","inLanguage":"en-US","@id":"https:\/\/utk.ee\/en\/toode\/polve-kompressioonside-polvetugi-nba\/#primaryimage","url":"https:\/\/utk.ee\/wp-content\/uploads\/2026\/04\/compression-knee-support-nba-m-f-black_1920x1920.jpg","contentUrl":"https:\/\/utk.ee\/wp-content\/uploads\/2026\/04\/compression-knee-support-nba-m-f-black_1920x1920.jpg","width":1000,"height":1000},{"@type":"BreadcrumbList","@id":"https:\/\/utk.ee\/en\/toode\/polve-kompressioonside-polvetugi-nba\/#breadcrumb","itemListElement":[{"@type":"ListItem","position":1,"name":"Home","item":"https:\/\/utk.ee\/en\/"},{"@type":"ListItem","position":2,"name":"P\u00f5lve kompressioonside, NBA"}]},{"@type":"WebSite","@id":"https:\/\/utk.ee\/en\/#website","url":"https:\/\/utk.ee\/en\/","name":"\u00dclemiste Tervisekliinik","description":"Terviseuuringud, f\u00fcsioteraapia, muud terviseteenused","publisher":{"@id":"https:\/\/utk.ee\/en\/#organization"},"potentialAction":[{"@type":"SearchAction","target":{"@type":"EntryPoint","urlTemplate":"https:\/\/utk.ee\/en\/?s={search_term_string}"},"query-input":{"@type":"PropertyValueSpecification","valueRequired":true,"valueName":"search_term_string"}}],"inLanguage":"en-US"},{"@type":"Organization","@id":"https:\/\/utk.ee\/en\/#organization","name":"\u00dclemiste Tervisekliinik","url":"https:\/\/utk.ee\/en\/","logo":{"@type":"ImageObject","inLanguage":"en-US","@id":"https:\/\/utk.ee\/en\/#\/schema\/logo\/image\/","url":"https:\/\/utk.ee\/wp-content\/uploads\/2026\/02\/cropped-Ulemiste-Tervisekliinik-fusioteraapia-kruoteraapia-terviseauditid.png","contentUrl":"https:\/\/utk.ee\/wp-content\/uploads\/2026\/02\/cropped-Ulemiste-Tervisekliinik-fusioteraapia-kruoteraapia-terviseauditid.png","width":512,"height":512,"caption":"\u00dclemiste Tervisekliinik"},"image":{"@id":"https:\/\/utk.ee\/en\/#\/schema\/logo\/image\/"}}]}},"_links":{"self":[{"href":"https:\/\/utk.ee\/en\/wp-json\/wp\/v2\/product\/9156","targetHints":{"allow":["GET"]}}],"collection":[{"href":"https:\/\/utk.ee\/en\/wp-json\/wp\/v2\/product"}],"about":[{"href":"https:\/\/utk.ee\/en\/wp-json\/wp\/v2\/types\/product"}],"replies":[{"embeddable":true,"href":"https:\/\/utk.ee\/en\/wp-json\/wp\/v2\/comments?post=9156"}],"wp:featuredmedia":[{"embeddable":true,"href":"https:\/\/utk.ee\/en\/wp-json\/wp\/v2\/media\/9220"}],"wp:attachment":[{"href":"https:\/\/utk.ee\/en\/wp-json\/wp\/v2\/media?parent=9156"}],"wp:term":[{"taxonomy":"product_brand","embeddable":true,"href":"https:\/\/utk.ee\/en\/wp-json\/wp\/v2\/product_brand?post=9156"},{"taxonomy":"product_cat","embeddable":true,"href":"https:\/\/utk.ee\/en\/wp-json\/wp\/v2\/product_cat?post=9156"},{"taxonomy":"product_tag","embeddable":true,"href":"https:\/\/utk.ee\/en\/wp-json\/wp\/v2\/product_tag?post=9156"}],"curies":[{"name":"wp","href":"https:\/\/api.w.org\/{rel}","templated":true}]}}