{"id":9083,"date":"2026-04-29T13:29:46","date_gmt":"2026-04-29T13:29:46","guid":{"rendered":"https:\/\/utk.ee\/?post_type=product&#038;p=9083"},"modified":"2026-04-29T14:20:30","modified_gmt":"2026-04-29T14:20:30","slug":"kompressioonvarrukas","status":"publish","type":"product","link":"https:\/\/utk.ee\/en\/toode\/kompressioonvarrukas\/","title":{"rendered":"Kompressioonvarrukas"},"content":{"rendered":"<p data-path-to-node=\"8,0,0\">Anatoomiline disain tagab mugavuse ja parima soorituse. Treeni tugevamalt ning v\u00e4henda k\u00e4sivarte vigastuste ja \u00fclepingutuse ohtu.<\/p>\n<p data-path-to-node=\"2\">Bauerfeind spordikompressioonvarrukad aktiveerivad k\u00e4elihaseid t\u00e4nu mugavale kompressiooniefektile. Kompressioon on astmeline \u2013 tugevam randmeosas ja mahedam \u00f5lavarre piirkonnas \u2013, et soodustada t\u00f5husat vereringet.<\/p>\n<p data-path-to-node=\"3\">Sinu k\u00e4elihased saavad parema hapnikuvarustuse, v\u00e4sivad aeglasemalt ning taastuvad kiiremini. Vereringe stimuleerimine aitab lihastel ka paremini soojeneda, v\u00e4hendades seel\u00e4bi vigastuste ohtu. Lisaks v\u00e4hendavad varrukad biitsepsi ja triitsepsi ebamugavat lihasvibratsiooni, ennetades enneaegset v\u00e4simust.<\/p>\n<p data-path-to-node=\"4\">Kui varem proovitud varrukad on p\u00e4rast paari pesu v\u00e4lja veninud, alla vajunud v\u00f5i pole pakkunud piisavat survet, siis meie varrukad tagavad p\u00fcsiva toe vastupidavuseks, stabiilsuseks ja parimaks soorituseks.<\/p>\n<p data-path-to-node=\"5\">Ideaalne valik nii vastupidavusaladeks kui ka pallim\u00e4ngudeks.<\/p>\n<h3 data-path-to-node=\"8,0,0\">Suurused<\/h3>\n<p><a href=\"https:\/\/utk.ee\/wp-content\/uploads\/2026\/04\/compression-sleeves-arm-measurement-guide.svg\"><img fetchpriority=\"high\" decoding=\"async\" class=\"alignnone wp-image-9106\" src=\"https:\/\/utk.ee\/wp-content\/uploads\/2026\/04\/compression-sleeves-arm-measurement-guide.svg\" alt=\"\" width=\"395\" height=\"208\" \/><\/a><\/p>\n<p><a href=\"https:\/\/utk.ee\/wp-content\/uploads\/2026\/04\/compression-sleeves-arm-sizing-table.svg\"><img decoding=\"async\" class=\"alignnone wp-image-9105\" src=\"https:\/\/utk.ee\/wp-content\/uploads\/2026\/04\/compression-sleeves-arm-sizing-table.svg\" alt=\"\" width=\"402\" height=\"679\" \/><\/a><\/p>\n","protected":false},"excerpt":{"rendered":"<p>Meditsiiniline kompressioonvarrukas k\u00e4sivarrele \u2013 kerge, hingav, p\u00fcsib kindlalt paigal, vastupidav ja pestav.<\/p>\n","protected":false},"featured_media":9103,"comment_status":"open","ping_status":"closed","template":"","meta":{"iawp_total_views":0},"product_brand":[],"product_cat":[87],"product_tag":[],"class_list":{"0":"post-9083","1":"product","2":"type-product","3":"status-publish","4":"has-post-thumbnail","6":"product_cat-sporditooted","8":"first","9":"instock","10":"taxable","11":"shipping-taxable","12":"purchasable","13":"product-type-variable"},"yoast_head":"<!-- This site is optimized with the Yoast SEO plugin v27.4 - https:\/\/yoast.com\/product\/yoast-seo-wordpress\/ -->\n<title>Kompressioonvarrukas - \u00dclemiste Tervisekliinik<\/title>\n<meta name=\"robots\" content=\"index, follow, max-snippet:-1, max-image-preview:large, max-video-preview:-1\" \/>\n<link rel=\"canonical\" href=\"https:\/\/utk.ee\/en\/toode\/kompressioonvarrukas\/\" \/>\n<meta property=\"og:locale\" content=\"en_US\" \/>\n<meta property=\"og:type\" content=\"article\" \/>\n<meta property=\"og:title\" content=\"Kompressioonvarrukas - \u00dclemiste Tervisekliinik\" \/>\n<meta property=\"og:description\" content=\"Meditsiiniline kompressioonvarrukas k\u00e4sivarrele \u2013 kerge, hingav, p\u00fcsib kindlalt paigal, vastupidav ja pestav.\" \/>\n<meta property=\"og:url\" content=\"https:\/\/utk.ee\/en\/toode\/kompressioonvarrukas\/\" \/>\n<meta property=\"og:site_name\" content=\"\u00dclemiste Tervisekliinik\" \/>\n<meta property=\"article:modified_time\" content=\"2026-04-29T14:20:30+00:00\" \/>\n<meta property=\"og:image\" content=\"https:\/\/utk.ee\/wp-content\/uploads\/2026\/04\/kompressioonvarrukas-tumesinine.jpg\" \/>\n\t<meta property=\"og:image:width\" content=\"1000\" \/>\n\t<meta property=\"og:image:height\" content=\"1000\" \/>\n\t<meta property=\"og:image:type\" content=\"image\/jpeg\" \/>\n<meta name=\"twitter:card\" content=\"summary_large_image\" \/>\n<meta name=\"twitter:label1\" content=\"Est. reading time\" \/>\n\t<meta name=\"twitter:data1\" content=\"2 minutes\" \/>\n<script type=\"application\/ld+json\" class=\"yoast-schema-graph\">{\"@context\":\"https:\\\/\\\/schema.org\",\"@graph\":[{\"@type\":\"WebPage\",\"@id\":\"https:\\\/\\\/utk.ee\\\/en\\\/toode\\\/kompressioonvarrukas\\\/\",\"url\":\"https:\\\/\\\/utk.ee\\\/en\\\/toode\\\/kompressioonvarrukas\\\/\",\"name\":\"Kompressioonvarrukas - \u00dclemiste Tervisekliinik\",\"isPartOf\":{\"@id\":\"https:\\\/\\\/utk.ee\\\/en\\\/#website\"},\"primaryImageOfPage\":{\"@id\":\"https:\\\/\\\/utk.ee\\\/en\\\/toode\\\/kompressioonvarrukas\\\/#primaryimage\"},\"image\":{\"@id\":\"https:\\\/\\\/utk.ee\\\/en\\\/toode\\\/kompressioonvarrukas\\\/#primaryimage\"},\"thumbnailUrl\":\"https:\\\/\\\/utk.ee\\\/wp-content\\\/uploads\\\/2026\\\/04\\\/kompressioonvarrukas-tumesinine.jpg\",\"datePublished\":\"2026-04-29T13:29:46+00:00\",\"dateModified\":\"2026-04-29T14:20:30+00:00\",\"breadcrumb\":{\"@id\":\"https:\\\/\\\/utk.ee\\\/en\\\/toode\\\/kompressioonvarrukas\\\/#breadcrumb\"},\"inLanguage\":\"en-US\",\"potentialAction\":[{\"@type\":\"ReadAction\",\"target\":[\"https:\\\/\\\/utk.ee\\\/en\\\/toode\\\/kompressioonvarrukas\\\/\"]}]},{\"@type\":\"ImageObject\",\"inLanguage\":\"en-US\",\"@id\":\"https:\\\/\\\/utk.ee\\\/en\\\/toode\\\/kompressioonvarrukas\\\/#primaryimage\",\"url\":\"https:\\\/\\\/utk.ee\\\/wp-content\\\/uploads\\\/2026\\\/04\\\/kompressioonvarrukas-tumesinine.jpg\",\"contentUrl\":\"https:\\\/\\\/utk.ee\\\/wp-content\\\/uploads\\\/2026\\\/04\\\/kompressioonvarrukas-tumesinine.jpg\",\"width\":1000,\"height\":1000,\"caption\":\"Kompressioonvarrukas - tennise, jooksu - e-pood\"},{\"@type\":\"BreadcrumbList\",\"@id\":\"https:\\\/\\\/utk.ee\\\/en\\\/toode\\\/kompressioonvarrukas\\\/#breadcrumb\",\"itemListElement\":[{\"@type\":\"ListItem\",\"position\":1,\"name\":\"Home\",\"item\":\"https:\\\/\\\/utk.ee\\\/en\\\/\"},{\"@type\":\"ListItem\",\"position\":2,\"name\":\"Kompressioonvarrukas\"}]},{\"@type\":\"WebSite\",\"@id\":\"https:\\\/\\\/utk.ee\\\/en\\\/#website\",\"url\":\"https:\\\/\\\/utk.ee\\\/en\\\/\",\"name\":\"\u00dclemiste Tervisekliinik\",\"description\":\"Terviseuuringud, f\u00fcsioteraapia, muud terviseteenused\",\"publisher\":{\"@id\":\"https:\\\/\\\/utk.ee\\\/en\\\/#organization\"},\"potentialAction\":[{\"@type\":\"SearchAction\",\"target\":{\"@type\":\"EntryPoint\",\"urlTemplate\":\"https:\\\/\\\/utk.ee\\\/en\\\/?s={search_term_string}\"},\"query-input\":{\"@type\":\"PropertyValueSpecification\",\"valueRequired\":true,\"valueName\":\"search_term_string\"}}],\"inLanguage\":\"en-US\"},{\"@type\":\"Organization\",\"@id\":\"https:\\\/\\\/utk.ee\\\/en\\\/#organization\",\"name\":\"\u00dclemiste Tervisekliinik\",\"url\":\"https:\\\/\\\/utk.ee\\\/en\\\/\",\"logo\":{\"@type\":\"ImageObject\",\"inLanguage\":\"en-US\",\"@id\":\"https:\\\/\\\/utk.ee\\\/en\\\/#\\\/schema\\\/logo\\\/image\\\/\",\"url\":\"https:\\\/\\\/utk.ee\\\/wp-content\\\/uploads\\\/2026\\\/02\\\/cropped-Ulemiste-Tervisekliinik-fusioteraapia-kruoteraapia-terviseauditid.png\",\"contentUrl\":\"https:\\\/\\\/utk.ee\\\/wp-content\\\/uploads\\\/2026\\\/02\\\/cropped-Ulemiste-Tervisekliinik-fusioteraapia-kruoteraapia-terviseauditid.png\",\"width\":512,\"height\":512,\"caption\":\"\u00dclemiste Tervisekliinik\"},\"image\":{\"@id\":\"https:\\\/\\\/utk.ee\\\/en\\\/#\\\/schema\\\/logo\\\/image\\\/\"}}]}<\/script>\n<!-- \/ Yoast SEO plugin. -->","yoast_head_json":{"title":"Kompressioonvarrukas - \u00dclemiste Tervisekliinik","robots":{"index":"index","follow":"follow","max-snippet":"max-snippet:-1","max-image-preview":"max-image-preview:large","max-video-preview":"max-video-preview:-1"},"canonical":"https:\/\/utk.ee\/en\/toode\/kompressioonvarrukas\/","og_locale":"en_US","og_type":"article","og_title":"Kompressioonvarrukas - \u00dclemiste Tervisekliinik","og_description":"Meditsiiniline kompressioonvarrukas k\u00e4sivarrele \u2013 kerge, hingav, p\u00fcsib kindlalt paigal, vastupidav ja pestav.","og_url":"https:\/\/utk.ee\/en\/toode\/kompressioonvarrukas\/","og_site_name":"\u00dclemiste Tervisekliinik","article_modified_time":"2026-04-29T14:20:30+00:00","og_image":[{"width":1000,"height":1000,"url":"https:\/\/utk.ee\/wp-content\/uploads\/2026\/04\/kompressioonvarrukas-tumesinine.jpg","type":"image\/jpeg"}],"twitter_card":"summary_large_image","twitter_misc":{"Est. reading time":"2 minutes"},"schema":{"@context":"https:\/\/schema.org","@graph":[{"@type":"WebPage","@id":"https:\/\/utk.ee\/en\/toode\/kompressioonvarrukas\/","url":"https:\/\/utk.ee\/en\/toode\/kompressioonvarrukas\/","name":"Kompressioonvarrukas - \u00dclemiste Tervisekliinik","isPartOf":{"@id":"https:\/\/utk.ee\/en\/#website"},"primaryImageOfPage":{"@id":"https:\/\/utk.ee\/en\/toode\/kompressioonvarrukas\/#primaryimage"},"image":{"@id":"https:\/\/utk.ee\/en\/toode\/kompressioonvarrukas\/#primaryimage"},"thumbnailUrl":"https:\/\/utk.ee\/wp-content\/uploads\/2026\/04\/kompressioonvarrukas-tumesinine.jpg","datePublished":"2026-04-29T13:29:46+00:00","dateModified":"2026-04-29T14:20:30+00:00","breadcrumb":{"@id":"https:\/\/utk.ee\/en\/toode\/kompressioonvarrukas\/#breadcrumb"},"inLanguage":"en-US","potentialAction":[{"@type":"ReadAction","target":["https:\/\/utk.ee\/en\/toode\/kompressioonvarrukas\/"]}]},{"@type":"ImageObject","inLanguage":"en-US","@id":"https:\/\/utk.ee\/en\/toode\/kompressioonvarrukas\/#primaryimage","url":"https:\/\/utk.ee\/wp-content\/uploads\/2026\/04\/kompressioonvarrukas-tumesinine.jpg","contentUrl":"https:\/\/utk.ee\/wp-content\/uploads\/2026\/04\/kompressioonvarrukas-tumesinine.jpg","width":1000,"height":1000,"caption":"Kompressioonvarrukas - tennise, jooksu - e-pood"},{"@type":"BreadcrumbList","@id":"https:\/\/utk.ee\/en\/toode\/kompressioonvarrukas\/#breadcrumb","itemListElement":[{"@type":"ListItem","position":1,"name":"Home","item":"https:\/\/utk.ee\/en\/"},{"@type":"ListItem","position":2,"name":"Kompressioonvarrukas"}]},{"@type":"WebSite","@id":"https:\/\/utk.ee\/en\/#website","url":"https:\/\/utk.ee\/en\/","name":"\u00dclemiste Tervisekliinik","description":"Terviseuuringud, f\u00fcsioteraapia, muud terviseteenused","publisher":{"@id":"https:\/\/utk.ee\/en\/#organization"},"potentialAction":[{"@type":"SearchAction","target":{"@type":"EntryPoint","urlTemplate":"https:\/\/utk.ee\/en\/?s={search_term_string}"},"query-input":{"@type":"PropertyValueSpecification","valueRequired":true,"valueName":"search_term_string"}}],"inLanguage":"en-US"},{"@type":"Organization","@id":"https:\/\/utk.ee\/en\/#organization","name":"\u00dclemiste Tervisekliinik","url":"https:\/\/utk.ee\/en\/","logo":{"@type":"ImageObject","inLanguage":"en-US","@id":"https:\/\/utk.ee\/en\/#\/schema\/logo\/image\/","url":"https:\/\/utk.ee\/wp-content\/uploads\/2026\/02\/cropped-Ulemiste-Tervisekliinik-fusioteraapia-kruoteraapia-terviseauditid.png","contentUrl":"https:\/\/utk.ee\/wp-content\/uploads\/2026\/02\/cropped-Ulemiste-Tervisekliinik-fusioteraapia-kruoteraapia-terviseauditid.png","width":512,"height":512,"caption":"\u00dclemiste Tervisekliinik"},"image":{"@id":"https:\/\/utk.ee\/en\/#\/schema\/logo\/image\/"}}]}},"_links":{"self":[{"href":"https:\/\/utk.ee\/en\/wp-json\/wp\/v2\/product\/9083","targetHints":{"allow":["GET"]}}],"collection":[{"href":"https:\/\/utk.ee\/en\/wp-json\/wp\/v2\/product"}],"about":[{"href":"https:\/\/utk.ee\/en\/wp-json\/wp\/v2\/types\/product"}],"replies":[{"embeddable":true,"href":"https:\/\/utk.ee\/en\/wp-json\/wp\/v2\/comments?post=9083"}],"wp:featuredmedia":[{"embeddable":true,"href":"https:\/\/utk.ee\/en\/wp-json\/wp\/v2\/media\/9103"}],"wp:attachment":[{"href":"https:\/\/utk.ee\/en\/wp-json\/wp\/v2\/media?parent=9083"}],"wp:term":[{"taxonomy":"product_brand","embeddable":true,"href":"https:\/\/utk.ee\/en\/wp-json\/wp\/v2\/product_brand?post=9083"},{"taxonomy":"product_cat","embeddable":true,"href":"https:\/\/utk.ee\/en\/wp-json\/wp\/v2\/product_cat?post=9083"},{"taxonomy":"product_tag","embeddable":true,"href":"https:\/\/utk.ee\/en\/wp-json\/wp\/v2\/product_tag?post=9083"}],"curies":[{"name":"wp","href":"https:\/\/api.w.org\/{rel}","templated":true}]}}