{"id":9006,"date":"2026-04-29T10:42:58","date_gmt":"2026-04-29T10:42:58","guid":{"rendered":"https:\/\/utk.ee\/?post_type=product&#038;p=9006"},"modified":"2026-04-30T11:45:14","modified_gmt":"2026-04-30T11:45:14","slug":"venotrain-impuls-meditsiinilised-kompressioonravi-sukkpuksid-at-standardne-eesosa-ccl3","status":"publish","type":"product","link":"https:\/\/utk.ee\/en\/toode\/venotrain-impuls-meditsiinilised-kompressioonravi-sukkpuksid-at-standardne-eesosa-ccl3\/","title":{"rendered":"VenoTrain\u00ae Impuls meditsiinilised kompressioonravi sukkp\u00fcksid  AT (standardne eesosa), CCL3"},"content":{"rendered":"<div class=\"woocommerce-product-details__short-description\">\n<p data-path-to-node=\"1\"><strong><em>Sul on kompressioontoote retsept? Sel juhul toimub toodete m\u00fc\u00fck \u00dclemiste Tervisekliinikus kohapeal: Sepapaja 12\/1, Tervisemaja 2, II korrus, v\u00f5i meili teel info@terviseuuringud.ee. Meili teel p\u00e4ringut saates lisa oma isikukood.<\/em><\/strong><\/p>\n<p data-path-to-node=\"1\">Uuendusliku \u00f5mblusteta tehnikaga kompresioonsukkp\u00fcksid. Enam kui 40-protsendilisele mikrokiudude sisaldus pakub t\u00f5siste veeniprobleemide lahendamiseks t\u00f5husat tuge veenide loomulikule talitlusele, olles samas h\u00f5lpsasti kasutatav ja kandmisel v\u00e4ga mugav. Vastupidav ja kergesti hooldatav materjal muudab toote usaldusv\u00e4\u00e4rseks kaaslaseks igap\u00e4evaelus.<\/p>\n<ul data-path-to-node=\"2\">\n<li>\n<p data-path-to-node=\"2,0,0\">M\u00e4rgatav leevendus jalgadele<\/p>\n<\/li>\n<li>\n<p data-path-to-node=\"2,1,0\">T\u00f5hus isegi v\u00e4hese lihasaktiivsuse korral<\/p>\n<\/li>\n<li>\n<p data-path-to-node=\"2,2,0\">Pehme, hingav ja kergesti hooldatav<\/p>\n<\/li>\n<\/ul>\n<p data-path-to-node=\"3\"><b data-path-to-node=\"3\" data-index-in-node=\"0\">Omadused<\/b><\/p>\n<ul data-path-to-node=\"4\">\n<li>\n<p data-path-to-node=\"4,0,0\">L\u00fchikese venivusega kootud kangas tekitab k\u00f5rge t\u00f6\u00f6r\u00f5hu isegi v\u00e4himagi lihasliigutuse korral.<\/p>\n<\/li>\n<li>\n<p data-path-to-node=\"4,1,0\">Nahas\u00f5bralik mikrokiudmaterjal muudab toote hingavaks ja tagab temperatuuri reguleerimise.<\/p>\n<\/li>\n<\/ul>\n<\/div>\n<form class=\"variations_form cart wvs-loaded\" action=\"https:\/\/utk.ee\/toode\/venotrain-impuls-meditsiinilised-kompressioonravipolvikud\/\" enctype=\"multipart\/form-data\" method=\"post\" data-product_id=\"7714\" data-product_variations=\"false\">\n<div data-product_id=\"7714\" data-threshold_min=\"30\" data-threshold_max=\"100\" data-total=\"50\"><\/div>\n<h3 data-product_id=\"7714\" data-threshold_min=\"30\" data-threshold_max=\"100\" data-total=\"50\">Tugisukkade suurused<\/h3>\n<div data-product_id=\"7714\" data-threshold_min=\"30\" data-threshold_max=\"100\" data-total=\"50\"><a href=\"https:\/\/utk.ee\/wp-content\/uploads\/2026\/04\/venotrain-impuls-suurused.jpg\"><img fetchpriority=\"high\" decoding=\"async\" class=\"alignnone wp-image-7874\" src=\"https:\/\/utk.ee\/wp-content\/uploads\/2026\/04\/venotrain-impuls-suurused-300x102.jpg\" alt=\"\" width=\"1691\" height=\"575\" srcset=\"https:\/\/utk.ee\/wp-content\/uploads\/2026\/04\/venotrain-impuls-suurused-300x102.jpg 300w, https:\/\/utk.ee\/wp-content\/uploads\/2026\/04\/venotrain-impuls-suurused-1024x349.jpg 1024w, https:\/\/utk.ee\/wp-content\/uploads\/2026\/04\/venotrain-impuls-suurused-768x262.jpg 768w, https:\/\/utk.ee\/wp-content\/uploads\/2026\/04\/venotrain-impuls-suurused-650x222.jpg 650w, https:\/\/utk.ee\/wp-content\/uploads\/2026\/04\/venotrain-impuls-suurused-600x205.jpg 600w, https:\/\/utk.ee\/wp-content\/uploads\/2026\/04\/venotrain-impuls-suurused.jpg 1170w\" sizes=\"(max-width: 1691px) 100vw, 1691px\" \/><\/a><\/div>\n<div data-product_id=\"7714\" data-threshold_min=\"30\" data-threshold_max=\"100\" data-total=\"50\"><\/div>\n<div data-product_id=\"7714\" data-threshold_min=\"30\" data-threshold_max=\"100\" data-total=\"50\">\n<div class=\"elementor-element elementor-element-3b98c1f e-grid e-con-boxed e-con e-parent e-lazyloaded\" data-id=\"3b98c1f\" data-element_type=\"container\" data-e-type=\"container\">\n<div class=\"e-con-inner\">\n<div class=\"elementor-element elementor-element-3c923e6 elementor-widget elementor-widget-text-editor\" data-id=\"3c923e6\" data-element_type=\"widget\" data-e-type=\"widget\" data-widget_type=\"text-editor.default\">\n<h2>Bauerfeind kompressioontoodetest l\u00e4hemalt<\/h2>\n<p data-path-to-node=\"0\">Bauerfeindi kompressioonitoodete (VenoTrain, Curaflow seeriad) tugevus ja eristuvus ei tulene mitte \u00fchest \u201cimeomadusest\u201d, vaid\u00a0<b data-path-to-node=\"0\" data-index-in-node=\"127\">meditsiinilise t\u00e4psuse ja kasutajamugavuse s\u00fcnergiast<\/b>.<\/p>\n<p data-path-to-node=\"1\">Kui enamik teisi tootjaid keskendub kas ainult raviefektile (sageli j\u00e4igad ja ebamugavad tooted) v\u00f5i ainult moe-aspektile, siis Bauerfeind positsioneerib end kahe maailma ristumispunktis.<\/p>\n<p data-path-to-node=\"2\">Siin on Bauerfeind kompressioonitoodete\u00a0<strong>4 peamist eristuvat tugevust:<\/strong><\/p>\n<h3 data-path-to-node=\"3\">1. \u201cTeaduslik\u201d astmeline kompressioon<\/h3>\n<p data-path-to-node=\"4\">Bauerfeindi sukkadel on v\u00e4ga\u00a0<b data-path-to-node=\"4\" data-index-in-node=\"48\">t\u00e4pselt paika pandud survegradient<\/b>. Miks see on t\u00e4htis? Veeniravi toimib ainult siis,\u00a0<strong>kui r\u00f5hk on pahkluu juures k\u00f5ige tugevam<\/strong>\u00a0ja liigub sujuvalt \u00fclespoole v\u00e4henedes. Paljud odavamad \u201ctugisukad\u201d on lihtsalt n\u00f6 torud, mis pigistavad kogu s\u00e4\u00e4rt \u00fchtemoodi \u2013 see v\u00f5ib aga halvimal juhul vereringet hoopis takistada.<\/p>\n<p data-path-to-node=\"5,1,0\">Bauerfeindi kudumismasinad kontrollivad iga silmust. See tagab, et\u00a0<strong>surve on t\u00e4pselt see,<\/strong>\u00a0<strong>mida arst on m\u00e4\u00e4ranud (nt klass 1, 2 v\u00f5i 3)<\/strong>, ja see p\u00fcsib stabiilsena kogu kandmisaja jooksul.<\/p>\n<\/div>\n<\/div>\n<\/div>\n<div class=\"elementor-element elementor-element-fc148db e-grid e-con-boxed e-con e-parent e-lazyloaded\" data-id=\"fc148db\" data-element_type=\"container\" data-e-type=\"container\">\n<div class=\"e-con-inner\">\n<div class=\"elementor-element elementor-element-988117c elementor-widget elementor-widget-text-editor\" data-id=\"988117c\" data-element_type=\"widget\" data-e-type=\"widget\" data-widget_type=\"text-editor.default\">\n<h3 data-path-to-node=\"6\">2. Toodete hingavus ja niiskuse juhtimine<\/h3>\n<p data-path-to-node=\"7\">K\u00f5ige suurem klientide kaebus kompressioonsukkade osas on \u201csee on nagu kummist kotis olemine\u201d. Bauerfeind poolt kasutatav kudumistehnoloogia\u00a0<strong>v\u00f5imaldab nahal hingata ja juhib niiskuse<\/strong>\u00a0(higi) naha pinnalt kiiresti eemale.\u00a0<strong>See on kriitiline<\/strong>\u00a0l\u00fcmf\u00f6deemi ja haavandiravi puhul, kus naha terviklikkus on ohus.<\/p>\n<p data-path-to-node=\"8,1,0\">Lisaks on Bauerfeindn lahendanud \u00fche k\u00f5ige t\u00fclikamatest probleemidest \u2013\u00a0<strong>silikoonriba \u00e4rritus.<\/strong>\u00a0Nende\u00a0<strong><i data-path-to-node=\"8,1,0\" data-index-in-node=\"103\">Lace Sensitive<\/i>\u00a0lahendus on h\u00fcpoallergeenne<\/strong>\u00a0ja ergonoomiline, v\u00f5imaldades kanda sukka pikalt ilma punetavate j\u00e4lgede v\u00f5i naha\u00e4rrituseta.<\/p>\n<h3 data-path-to-node=\"9\">3. \u201cPerfect-Fit\u201d s\u00fcsteem<\/h3>\n<p data-path-to-node=\"10\">Bauerfeindi sukad on disainitud nii, et need\u00a0<strong>istuvad nagu eritellimust\u00f6<\/strong>\u00f6, aga on saadaval standardm\u00f5\u00f5tudena.<\/p>\n<p data-path-to-node=\"11,0,0\">Sukad on\u00a0<strong>kootud j\u00e4lgima keha vorme.\u00a0<\/strong>See t\u00e4hendab, et p\u00f5lve\u00f5ndlas pole \u00fcleliigset kanga kogunemist (mis p\u00f5hjustaks soonimist) ja kand on disainitud nii, et see ei j\u00e4\u00e4ks jalas \u201clotendama\u201d.<\/p>\n<p data-path-to-node=\"11,1,0\">Kui kliendi jalg ei mahu standardm\u00f5\u00f5tudesse, pakub Bauerfeind \u00fcht parimat eritellimuse s\u00fcsteemi turul, mis on kliiniliselt t\u00e4pne, mitte lihtsalt \u201csuurem suurus\u201d.<\/p>\n<h3 data-path-to-node=\"12\">4. Vastupidavus<\/h3>\n<p data-path-to-node=\"13\">See on oluline argument korduvklientidele.<\/p>\n<p data-path-to-node=\"14,0,0\">Odavama klassi kompressioonsukk kaotab oma elastsuse (survev\u00f5ime) sageli juba 2\u20133 kuuga. Bauerfeindi tooted s\u00e4ilitavad oma meditsiinilise surve ka p\u00e4rast korduvat pesemist (eeldusel, et kasutatakse \u00f5igeid pesuvahendeid).<\/p>\n<\/div>\n<\/div>\n<\/div>\n<\/div>\n<\/form>\n","protected":false},"excerpt":{"rendered":"<p>Uuendusliku \u00f5mblusteta tehnikaga kompresioonsukkp\u00fcksid standardse eesosaga. Enam kui 40-protsendilisele mikrokiudude sisaldus pakub t\u00f5siste veeniprobleemide lahendamiseks t\u00f5husat tuge veenide loomulikule talitlusele, olles samas h\u00f5lpsasti kasutatav ja kandmisel v\u00e4ga mugav. Vastupidav ja kergesti hooldatav materjal muudab toote usaldusv\u00e4\u00e4rseks kaaslaseks igap\u00e4evaelus.<\/p>\n<p><em>PS! Enne ostmist teosta m\u00f5\u00f5tmine vastavalt allpool oleva m\u00f5\u00f5dutabeli j\u00e4rgi v\u00f5i k\u00fclasta meie kliinikut (E-R, kl 9-16) ja teostame m\u00f5\u00f5tmise ise.<\/em><\/p>\n","protected":false},"featured_media":7984,"comment_status":"open","ping_status":"closed","template":"","meta":{"iawp_total_views":2},"product_brand":[],"product_cat":[26],"product_tag":[],"class_list":{"0":"post-9006","1":"product","2":"type-product","3":"status-publish","4":"has-post-thumbnail","6":"product_cat-tugisukad","8":"first","9":"instock","10":"taxable","11":"shipping-taxable","12":"purchasable","13":"product-type-variable"},"yoast_head":"<!-- This site is optimized with the Yoast SEO plugin v27.4 - https:\/\/yoast.com\/product\/yoast-seo-wordpress\/ -->\n<title>VenoTrain\u00ae Impuls meditsiinilised kompressioonravi sukkp\u00fcksid AT (standardne eesosa), CCL3 - \u00dclemiste Tervisekliinik<\/title>\n<meta name=\"robots\" content=\"index, follow, max-snippet:-1, max-image-preview:large, max-video-preview:-1\" \/>\n<link rel=\"canonical\" href=\"https:\/\/utk.ee\/en\/toode\/venotrain-impuls-meditsiinilised-kompressioonravi-sukkpuksid-at-standardne-eesosa-ccl3\/\" \/>\n<meta property=\"og:locale\" content=\"en_US\" \/>\n<meta property=\"og:type\" content=\"article\" \/>\n<meta property=\"og:title\" content=\"VenoTrain\u00ae Impuls meditsiinilised kompressioonravi sukkp\u00fcksid AT (standardne eesosa), CCL3 - \u00dclemiste Tervisekliinik\" \/>\n<meta property=\"og:description\" content=\"Uuendusliku \u00f5mblusteta tehnikaga kompresioonsukkp\u00fcksid standardse eesosaga. Enam kui 40-protsendilisele mikrokiudude sisaldus pakub t\u00f5siste veeniprobleemide lahendamiseks t\u00f5husat tuge veenide loomulikule talitlusele, olles samas h\u00f5lpsasti kasutatav ja kandmisel v\u00e4ga mugav. Vastupidav ja kergesti hooldatav materjal muudab toote usaldusv\u00e4\u00e4rseks kaaslaseks igap\u00e4evaelus.  PS! Enne ostmist teosta m\u00f5\u00f5tmine vastavalt allpool oleva m\u00f5\u00f5dutabeli j\u00e4rgi v\u00f5i k\u00fclasta meie kliinikut (E-R, kl 9-16) ja teostame m\u00f5\u00f5tmise ise.\" \/>\n<meta property=\"og:url\" content=\"https:\/\/utk.ee\/en\/toode\/venotrain-impuls-meditsiinilised-kompressioonravi-sukkpuksid-at-standardne-eesosa-ccl3\/\" \/>\n<meta property=\"og:site_name\" content=\"\u00dclemiste Tervisekliinik\" \/>\n<meta property=\"article:modified_time\" content=\"2026-04-30T11:45:14+00:00\" \/>\n<meta property=\"og:image\" content=\"https:\/\/utk.ee\/wp-content\/uploads\/2026\/04\/panty-compresion-fuerte-venotrain-impuls-4.webp\" \/>\n\t<meta property=\"og:image:width\" content=\"1200\" \/>\n\t<meta property=\"og:image:height\" content=\"1200\" \/>\n\t<meta property=\"og:image:type\" content=\"image\/webp\" \/>\n<meta name=\"twitter:card\" content=\"summary_large_image\" \/>\n<meta name=\"twitter:label1\" content=\"Est. reading time\" \/>\n\t<meta name=\"twitter:data1\" content=\"3 minutes\" \/>\n<script type=\"application\/ld+json\" class=\"yoast-schema-graph\">{\"@context\":\"https:\\\/\\\/schema.org\",\"@graph\":[{\"@type\":\"WebPage\",\"@id\":\"https:\\\/\\\/utk.ee\\\/en\\\/toode\\\/venotrain-impuls-meditsiinilised-kompressioonravi-sukkpuksid-at-standardne-eesosa-ccl3\\\/\",\"url\":\"https:\\\/\\\/utk.ee\\\/en\\\/toode\\\/venotrain-impuls-meditsiinilised-kompressioonravi-sukkpuksid-at-standardne-eesosa-ccl3\\\/\",\"name\":\"VenoTrain\u00ae Impuls meditsiinilised kompressioonravi sukkp\u00fcksid AT (standardne eesosa), CCL3 - \u00dclemiste Tervisekliinik\",\"isPartOf\":{\"@id\":\"https:\\\/\\\/utk.ee\\\/en\\\/#website\"},\"primaryImageOfPage\":{\"@id\":\"https:\\\/\\\/utk.ee\\\/en\\\/toode\\\/venotrain-impuls-meditsiinilised-kompressioonravi-sukkpuksid-at-standardne-eesosa-ccl3\\\/#primaryimage\"},\"image\":{\"@id\":\"https:\\\/\\\/utk.ee\\\/en\\\/toode\\\/venotrain-impuls-meditsiinilised-kompressioonravi-sukkpuksid-at-standardne-eesosa-ccl3\\\/#primaryimage\"},\"thumbnailUrl\":\"https:\\\/\\\/utk.ee\\\/wp-content\\\/uploads\\\/2026\\\/04\\\/panty-compresion-fuerte-venotrain-impuls-4.webp\",\"datePublished\":\"2026-04-29T10:42:58+00:00\",\"dateModified\":\"2026-04-30T11:45:14+00:00\",\"breadcrumb\":{\"@id\":\"https:\\\/\\\/utk.ee\\\/en\\\/toode\\\/venotrain-impuls-meditsiinilised-kompressioonravi-sukkpuksid-at-standardne-eesosa-ccl3\\\/#breadcrumb\"},\"inLanguage\":\"en-US\",\"potentialAction\":[{\"@type\":\"ReadAction\",\"target\":[\"https:\\\/\\\/utk.ee\\\/en\\\/toode\\\/venotrain-impuls-meditsiinilised-kompressioonravi-sukkpuksid-at-standardne-eesosa-ccl3\\\/\"]}]},{\"@type\":\"ImageObject\",\"inLanguage\":\"en-US\",\"@id\":\"https:\\\/\\\/utk.ee\\\/en\\\/toode\\\/venotrain-impuls-meditsiinilised-kompressioonravi-sukkpuksid-at-standardne-eesosa-ccl3\\\/#primaryimage\",\"url\":\"https:\\\/\\\/utk.ee\\\/wp-content\\\/uploads\\\/2026\\\/04\\\/panty-compresion-fuerte-venotrain-impuls-4.webp\",\"contentUrl\":\"https:\\\/\\\/utk.ee\\\/wp-content\\\/uploads\\\/2026\\\/04\\\/panty-compresion-fuerte-venotrain-impuls-4.webp\",\"width\":1200,\"height\":1200,\"caption\":\"Tugisukkp\u00fcksid veenilaienditele - kompressioontooted\"},{\"@type\":\"BreadcrumbList\",\"@id\":\"https:\\\/\\\/utk.ee\\\/en\\\/toode\\\/venotrain-impuls-meditsiinilised-kompressioonravi-sukkpuksid-at-standardne-eesosa-ccl3\\\/#breadcrumb\",\"itemListElement\":[{\"@type\":\"ListItem\",\"position\":1,\"name\":\"Home\",\"item\":\"https:\\\/\\\/utk.ee\\\/en\\\/\"},{\"@type\":\"ListItem\",\"position\":2,\"name\":\"VenoTrain\u00ae Impuls meditsiinilised kompressioonravi sukkp\u00fcksid AT (standardne eesosa), CCL3\"}]},{\"@type\":\"WebSite\",\"@id\":\"https:\\\/\\\/utk.ee\\\/en\\\/#website\",\"url\":\"https:\\\/\\\/utk.ee\\\/en\\\/\",\"name\":\"\u00dclemiste Tervisekliinik\",\"description\":\"Terviseuuringud, f\u00fcsioteraapia, muud terviseteenused\",\"publisher\":{\"@id\":\"https:\\\/\\\/utk.ee\\\/en\\\/#organization\"},\"potentialAction\":[{\"@type\":\"SearchAction\",\"target\":{\"@type\":\"EntryPoint\",\"urlTemplate\":\"https:\\\/\\\/utk.ee\\\/en\\\/?s={search_term_string}\"},\"query-input\":{\"@type\":\"PropertyValueSpecification\",\"valueRequired\":true,\"valueName\":\"search_term_string\"}}],\"inLanguage\":\"en-US\"},{\"@type\":\"Organization\",\"@id\":\"https:\\\/\\\/utk.ee\\\/en\\\/#organization\",\"name\":\"\u00dclemiste Tervisekliinik\",\"url\":\"https:\\\/\\\/utk.ee\\\/en\\\/\",\"logo\":{\"@type\":\"ImageObject\",\"inLanguage\":\"en-US\",\"@id\":\"https:\\\/\\\/utk.ee\\\/en\\\/#\\\/schema\\\/logo\\\/image\\\/\",\"url\":\"https:\\\/\\\/utk.ee\\\/wp-content\\\/uploads\\\/2026\\\/02\\\/cropped-Ulemiste-Tervisekliinik-fusioteraapia-kruoteraapia-terviseauditid.png\",\"contentUrl\":\"https:\\\/\\\/utk.ee\\\/wp-content\\\/uploads\\\/2026\\\/02\\\/cropped-Ulemiste-Tervisekliinik-fusioteraapia-kruoteraapia-terviseauditid.png\",\"width\":512,\"height\":512,\"caption\":\"\u00dclemiste Tervisekliinik\"},\"image\":{\"@id\":\"https:\\\/\\\/utk.ee\\\/en\\\/#\\\/schema\\\/logo\\\/image\\\/\"}}]}<\/script>\n<!-- \/ Yoast SEO plugin. -->","yoast_head_json":{"title":"VenoTrain\u00ae Impuls meditsiinilised kompressioonravi sukkp\u00fcksid AT (standardne eesosa), CCL3 - \u00dclemiste Tervisekliinik","robots":{"index":"index","follow":"follow","max-snippet":"max-snippet:-1","max-image-preview":"max-image-preview:large","max-video-preview":"max-video-preview:-1"},"canonical":"https:\/\/utk.ee\/en\/toode\/venotrain-impuls-meditsiinilised-kompressioonravi-sukkpuksid-at-standardne-eesosa-ccl3\/","og_locale":"en_US","og_type":"article","og_title":"VenoTrain\u00ae Impuls meditsiinilised kompressioonravi sukkp\u00fcksid AT (standardne eesosa), CCL3 - \u00dclemiste Tervisekliinik","og_description":"Uuendusliku \u00f5mblusteta tehnikaga kompresioonsukkp\u00fcksid standardse eesosaga. Enam kui 40-protsendilisele mikrokiudude sisaldus pakub t\u00f5siste veeniprobleemide lahendamiseks t\u00f5husat tuge veenide loomulikule talitlusele, olles samas h\u00f5lpsasti kasutatav ja kandmisel v\u00e4ga mugav. Vastupidav ja kergesti hooldatav materjal muudab toote usaldusv\u00e4\u00e4rseks kaaslaseks igap\u00e4evaelus.  PS! Enne ostmist teosta m\u00f5\u00f5tmine vastavalt allpool oleva m\u00f5\u00f5dutabeli j\u00e4rgi v\u00f5i k\u00fclasta meie kliinikut (E-R, kl 9-16) ja teostame m\u00f5\u00f5tmise ise.","og_url":"https:\/\/utk.ee\/en\/toode\/venotrain-impuls-meditsiinilised-kompressioonravi-sukkpuksid-at-standardne-eesosa-ccl3\/","og_site_name":"\u00dclemiste Tervisekliinik","article_modified_time":"2026-04-30T11:45:14+00:00","og_image":[{"width":1200,"height":1200,"url":"https:\/\/utk.ee\/wp-content\/uploads\/2026\/04\/panty-compresion-fuerte-venotrain-impuls-4.webp","type":"image\/webp"}],"twitter_card":"summary_large_image","twitter_misc":{"Est. reading time":"3 minutes"},"schema":{"@context":"https:\/\/schema.org","@graph":[{"@type":"WebPage","@id":"https:\/\/utk.ee\/en\/toode\/venotrain-impuls-meditsiinilised-kompressioonravi-sukkpuksid-at-standardne-eesosa-ccl3\/","url":"https:\/\/utk.ee\/en\/toode\/venotrain-impuls-meditsiinilised-kompressioonravi-sukkpuksid-at-standardne-eesosa-ccl3\/","name":"VenoTrain\u00ae Impuls meditsiinilised kompressioonravi sukkp\u00fcksid AT (standardne eesosa), CCL3 - \u00dclemiste Tervisekliinik","isPartOf":{"@id":"https:\/\/utk.ee\/en\/#website"},"primaryImageOfPage":{"@id":"https:\/\/utk.ee\/en\/toode\/venotrain-impuls-meditsiinilised-kompressioonravi-sukkpuksid-at-standardne-eesosa-ccl3\/#primaryimage"},"image":{"@id":"https:\/\/utk.ee\/en\/toode\/venotrain-impuls-meditsiinilised-kompressioonravi-sukkpuksid-at-standardne-eesosa-ccl3\/#primaryimage"},"thumbnailUrl":"https:\/\/utk.ee\/wp-content\/uploads\/2026\/04\/panty-compresion-fuerte-venotrain-impuls-4.webp","datePublished":"2026-04-29T10:42:58+00:00","dateModified":"2026-04-30T11:45:14+00:00","breadcrumb":{"@id":"https:\/\/utk.ee\/en\/toode\/venotrain-impuls-meditsiinilised-kompressioonravi-sukkpuksid-at-standardne-eesosa-ccl3\/#breadcrumb"},"inLanguage":"en-US","potentialAction":[{"@type":"ReadAction","target":["https:\/\/utk.ee\/en\/toode\/venotrain-impuls-meditsiinilised-kompressioonravi-sukkpuksid-at-standardne-eesosa-ccl3\/"]}]},{"@type":"ImageObject","inLanguage":"en-US","@id":"https:\/\/utk.ee\/en\/toode\/venotrain-impuls-meditsiinilised-kompressioonravi-sukkpuksid-at-standardne-eesosa-ccl3\/#primaryimage","url":"https:\/\/utk.ee\/wp-content\/uploads\/2026\/04\/panty-compresion-fuerte-venotrain-impuls-4.webp","contentUrl":"https:\/\/utk.ee\/wp-content\/uploads\/2026\/04\/panty-compresion-fuerte-venotrain-impuls-4.webp","width":1200,"height":1200,"caption":"Tugisukkp\u00fcksid veenilaienditele - kompressioontooted"},{"@type":"BreadcrumbList","@id":"https:\/\/utk.ee\/en\/toode\/venotrain-impuls-meditsiinilised-kompressioonravi-sukkpuksid-at-standardne-eesosa-ccl3\/#breadcrumb","itemListElement":[{"@type":"ListItem","position":1,"name":"Home","item":"https:\/\/utk.ee\/en\/"},{"@type":"ListItem","position":2,"name":"VenoTrain\u00ae Impuls meditsiinilised kompressioonravi sukkp\u00fcksid AT (standardne eesosa), CCL3"}]},{"@type":"WebSite","@id":"https:\/\/utk.ee\/en\/#website","url":"https:\/\/utk.ee\/en\/","name":"\u00dclemiste Tervisekliinik","description":"Terviseuuringud, f\u00fcsioteraapia, muud terviseteenused","publisher":{"@id":"https:\/\/utk.ee\/en\/#organization"},"potentialAction":[{"@type":"SearchAction","target":{"@type":"EntryPoint","urlTemplate":"https:\/\/utk.ee\/en\/?s={search_term_string}"},"query-input":{"@type":"PropertyValueSpecification","valueRequired":true,"valueName":"search_term_string"}}],"inLanguage":"en-US"},{"@type":"Organization","@id":"https:\/\/utk.ee\/en\/#organization","name":"\u00dclemiste Tervisekliinik","url":"https:\/\/utk.ee\/en\/","logo":{"@type":"ImageObject","inLanguage":"en-US","@id":"https:\/\/utk.ee\/en\/#\/schema\/logo\/image\/","url":"https:\/\/utk.ee\/wp-content\/uploads\/2026\/02\/cropped-Ulemiste-Tervisekliinik-fusioteraapia-kruoteraapia-terviseauditid.png","contentUrl":"https:\/\/utk.ee\/wp-content\/uploads\/2026\/02\/cropped-Ulemiste-Tervisekliinik-fusioteraapia-kruoteraapia-terviseauditid.png","width":512,"height":512,"caption":"\u00dclemiste Tervisekliinik"},"image":{"@id":"https:\/\/utk.ee\/en\/#\/schema\/logo\/image\/"}}]}},"_links":{"self":[{"href":"https:\/\/utk.ee\/en\/wp-json\/wp\/v2\/product\/9006","targetHints":{"allow":["GET"]}}],"collection":[{"href":"https:\/\/utk.ee\/en\/wp-json\/wp\/v2\/product"}],"about":[{"href":"https:\/\/utk.ee\/en\/wp-json\/wp\/v2\/types\/product"}],"replies":[{"embeddable":true,"href":"https:\/\/utk.ee\/en\/wp-json\/wp\/v2\/comments?post=9006"}],"wp:featuredmedia":[{"embeddable":true,"href":"https:\/\/utk.ee\/en\/wp-json\/wp\/v2\/media\/7984"}],"wp:attachment":[{"href":"https:\/\/utk.ee\/en\/wp-json\/wp\/v2\/media?parent=9006"}],"wp:term":[{"taxonomy":"product_brand","embeddable":true,"href":"https:\/\/utk.ee\/en\/wp-json\/wp\/v2\/product_brand?post=9006"},{"taxonomy":"product_cat","embeddable":true,"href":"https:\/\/utk.ee\/en\/wp-json\/wp\/v2\/product_cat?post=9006"},{"taxonomy":"product_tag","embeddable":true,"href":"https:\/\/utk.ee\/en\/wp-json\/wp\/v2\/product_tag?post=9006"}],"curies":[{"name":"wp","href":"https:\/\/api.w.org\/{rel}","templated":true}]}}