{"id":8796,"date":"2026-04-24T12:38:51","date_gmt":"2026-04-24T12:38:51","guid":{"rendered":"https:\/\/utk.ee\/?post_type=product&#038;p=8796"},"modified":"2026-04-29T07:34:46","modified_gmt":"2026-04-29T07:34:46","slug":"kompressioonsaarised","status":"publish","type":"product","link":"https:\/\/utk.ee\/en\/toode\/kompressioonsaarised\/","title":{"rendered":"Kompressioons\u00e4\u00e4rised 2 tk"},"content":{"rendered":"<p data-path-to-node=\"2\">Bauerfeind kompressioons\u00e4\u00e4rised tugevdavad s\u00e4\u00e4relihaseid t\u00e4nu v\u00f5imsale ja suunatud survele. Nende surveefekt p\u00f5hineb meditsiinilistel uuringutel: kompressioon on pahkluust s\u00e4\u00e4reni astmeline, mis kiirendab vereringet. See soodustab vereringet jalgades ja parandab vere tagasivoolu.<\/p>\n<p data-path-to-node=\"3\">Lihased saavad parema hapnikuvarustuse, suudavad kauem t\u00f5husalt t\u00f6\u00f6tada ja taastuvad kiiremini. Vereringe stimuleerimine soojendab \u00fchtlasi lihaseid, kaitstes neid vigastuste eest. Kompressioon v\u00e4hendab ebamugavat lihasvibratsiooni s\u00e4\u00e4res, v\u00e4ltides nii enneaegset v\u00e4simust ja \u00fclekoormusvigastusi, nagu s\u00e4\u00e4reluu\u00fcmbrise p\u00f5letik.<\/p>\n<p data-path-to-node=\"4\"><b data-path-to-node=\"4\" data-index-in-node=\"0\">Ideaalne kasutamiseks spordialadel, sealhulgas:<\/b><\/p>\n<ul data-path-to-node=\"5\">\n<li>\n<p data-path-to-node=\"5,0,0\">Vastupidavusjooks<\/p>\n<\/li>\n<li>\n<p data-path-to-node=\"5,1,0\">Pallim\u00e4ngud<\/p>\n<\/li>\n<li>\n<p data-path-to-node=\"5,2,0\">\u00dcldine aktiivne liikumine<\/p>\n<\/li>\n<\/ul>\n<p data-path-to-node=\"6\">Kui sinu eelmised s\u00e4\u00e4revarrukad libisesid alla, kaotasid kompressiooni p\u00e4rast paari pesu v\u00f5i neil puudus t\u00f5eline lihastugi, siis need varrukad pakuvad p\u00fcsivat, meditsiinilise tasemega kompressiooni, millele sportlased toetuvad j\u00f5udluse ja vastupidavuse saavutamiseks.<\/p>\n<p data-path-to-node=\"8,0,0\">Komplektis on 2 s\u00e4\u00e4rist.<\/p>\n<h3 data-path-to-node=\"8,0,0\">Suurused<\/h3>\n<p><a href=\"https:\/\/utk.ee\/wp-content\/uploads\/2026\/04\/Screenshot-2026-04-24-at-15.38.18.png\"><img fetchpriority=\"high\" decoding=\"async\" class=\"alignnone wp-image-8808\" src=\"https:\/\/utk.ee\/wp-content\/uploads\/2026\/04\/Screenshot-2026-04-24-at-15.38.18-300x243.png\" alt=\"\" width=\"712\" height=\"577\" srcset=\"https:\/\/utk.ee\/wp-content\/uploads\/2026\/04\/Screenshot-2026-04-24-at-15.38.18-300x243.png 300w, https:\/\/utk.ee\/wp-content\/uploads\/2026\/04\/Screenshot-2026-04-24-at-15.38.18-768x623.png 768w, https:\/\/utk.ee\/wp-content\/uploads\/2026\/04\/Screenshot-2026-04-24-at-15.38.18-650x527.png 650w, https:\/\/utk.ee\/wp-content\/uploads\/2026\/04\/Screenshot-2026-04-24-at-15.38.18-600x486.png 600w, https:\/\/utk.ee\/wp-content\/uploads\/2026\/04\/Screenshot-2026-04-24-at-15.38.18.png 909w\" sizes=\"(max-width: 712px) 100vw, 712px\" \/><\/a><\/p>\n","protected":false},"excerpt":{"rendered":"<p>Suurenda treeningu ajal verevoolu ja v\u00e4henda lihasv\u00e4simust. S\u00e4\u00e4retugi aitab leevendada s\u00e4\u00e4repiirkonna vigastusi.<\/p>\n","protected":false},"featured_media":8797,"comment_status":"open","ping_status":"closed","template":"","meta":{"iawp_total_views":1},"product_brand":[],"product_cat":[87],"product_tag":[],"class_list":{"0":"post-8796","1":"product","2":"type-product","3":"status-publish","4":"has-post-thumbnail","6":"product_cat-sporditooted","8":"first","9":"instock","10":"taxable","11":"shipping-taxable","12":"purchasable","13":"product-type-variable"},"yoast_head":"<!-- This site is optimized with the Yoast SEO plugin v27.4 - https:\/\/yoast.com\/product\/yoast-seo-wordpress\/ -->\n<title>Kompressioons\u00e4\u00e4rised 2 tk - \u00dclemiste Tervisekliinik<\/title>\n<meta name=\"robots\" content=\"index, follow, max-snippet:-1, max-image-preview:large, max-video-preview:-1\" \/>\n<link rel=\"canonical\" href=\"https:\/\/utk.ee\/en\/toode\/kompressioonsaarised\/\" \/>\n<meta property=\"og:locale\" content=\"en_US\" \/>\n<meta property=\"og:type\" content=\"article\" \/>\n<meta property=\"og:title\" content=\"Kompressioons\u00e4\u00e4rised 2 tk - \u00dclemiste Tervisekliinik\" \/>\n<meta property=\"og:description\" content=\"Suurenda treeningu ajal verevoolu ja v\u00e4henda lihasv\u00e4simust. S\u00e4\u00e4retugi aitab leevendada s\u00e4\u00e4repiirkonna vigastusi.\" \/>\n<meta property=\"og:url\" content=\"https:\/\/utk.ee\/en\/toode\/kompressioonsaarised\/\" \/>\n<meta property=\"og:site_name\" content=\"\u00dclemiste Tervisekliinik\" \/>\n<meta property=\"article:modified_time\" content=\"2026-04-29T07:34:46+00:00\" \/>\n<meta property=\"og:image\" content=\"https:\/\/utk.ee\/wp-content\/uploads\/2026\/04\/Bauerfeind-kompressioonsaarised.webp\" \/>\n\t<meta property=\"og:image:width\" content=\"1000\" \/>\n\t<meta property=\"og:image:height\" content=\"1000\" \/>\n\t<meta property=\"og:image:type\" content=\"image\/webp\" \/>\n<meta name=\"twitter:card\" content=\"summary_large_image\" \/>\n<meta name=\"twitter:label1\" content=\"Est. reading time\" \/>\n\t<meta name=\"twitter:data1\" content=\"1 minute\" \/>\n<script type=\"application\/ld+json\" class=\"yoast-schema-graph\">{\"@context\":\"https:\\\/\\\/schema.org\",\"@graph\":[{\"@type\":\"WebPage\",\"@id\":\"https:\\\/\\\/utk.ee\\\/en\\\/toode\\\/kompressioonsaarised\\\/\",\"url\":\"https:\\\/\\\/utk.ee\\\/en\\\/toode\\\/kompressioonsaarised\\\/\",\"name\":\"Kompressioons\u00e4\u00e4rised 2 tk - \u00dclemiste Tervisekliinik\",\"isPartOf\":{\"@id\":\"https:\\\/\\\/utk.ee\\\/en\\\/#website\"},\"primaryImageOfPage\":{\"@id\":\"https:\\\/\\\/utk.ee\\\/en\\\/toode\\\/kompressioonsaarised\\\/#primaryimage\"},\"image\":{\"@id\":\"https:\\\/\\\/utk.ee\\\/en\\\/toode\\\/kompressioonsaarised\\\/#primaryimage\"},\"thumbnailUrl\":\"https:\\\/\\\/utk.ee\\\/wp-content\\\/uploads\\\/2026\\\/04\\\/Bauerfeind-kompressioonsaarised.webp\",\"datePublished\":\"2026-04-24T12:38:51+00:00\",\"dateModified\":\"2026-04-29T07:34:46+00:00\",\"breadcrumb\":{\"@id\":\"https:\\\/\\\/utk.ee\\\/en\\\/toode\\\/kompressioonsaarised\\\/#breadcrumb\"},\"inLanguage\":\"en-US\",\"potentialAction\":[{\"@type\":\"ReadAction\",\"target\":[\"https:\\\/\\\/utk.ee\\\/en\\\/toode\\\/kompressioonsaarised\\\/\"]}]},{\"@type\":\"ImageObject\",\"inLanguage\":\"en-US\",\"@id\":\"https:\\\/\\\/utk.ee\\\/en\\\/toode\\\/kompressioonsaarised\\\/#primaryimage\",\"url\":\"https:\\\/\\\/utk.ee\\\/wp-content\\\/uploads\\\/2026\\\/04\\\/Bauerfeind-kompressioonsaarised.webp\",\"contentUrl\":\"https:\\\/\\\/utk.ee\\\/wp-content\\\/uploads\\\/2026\\\/04\\\/Bauerfeind-kompressioonsaarised.webp\",\"width\":1000,\"height\":1000,\"caption\":\"Kompressioons\u00e4\u00e4rised\"},{\"@type\":\"BreadcrumbList\",\"@id\":\"https:\\\/\\\/utk.ee\\\/en\\\/toode\\\/kompressioonsaarised\\\/#breadcrumb\",\"itemListElement\":[{\"@type\":\"ListItem\",\"position\":1,\"name\":\"Home\",\"item\":\"https:\\\/\\\/utk.ee\\\/en\\\/\"},{\"@type\":\"ListItem\",\"position\":2,\"name\":\"Kompressioons\u00e4\u00e4rised 2 tk\"}]},{\"@type\":\"WebSite\",\"@id\":\"https:\\\/\\\/utk.ee\\\/en\\\/#website\",\"url\":\"https:\\\/\\\/utk.ee\\\/en\\\/\",\"name\":\"\u00dclemiste Tervisekliinik\",\"description\":\"Terviseuuringud, f\u00fcsioteraapia, muud terviseteenused\",\"publisher\":{\"@id\":\"https:\\\/\\\/utk.ee\\\/en\\\/#organization\"},\"potentialAction\":[{\"@type\":\"SearchAction\",\"target\":{\"@type\":\"EntryPoint\",\"urlTemplate\":\"https:\\\/\\\/utk.ee\\\/en\\\/?s={search_term_string}\"},\"query-input\":{\"@type\":\"PropertyValueSpecification\",\"valueRequired\":true,\"valueName\":\"search_term_string\"}}],\"inLanguage\":\"en-US\"},{\"@type\":\"Organization\",\"@id\":\"https:\\\/\\\/utk.ee\\\/en\\\/#organization\",\"name\":\"\u00dclemiste Tervisekliinik\",\"url\":\"https:\\\/\\\/utk.ee\\\/en\\\/\",\"logo\":{\"@type\":\"ImageObject\",\"inLanguage\":\"en-US\",\"@id\":\"https:\\\/\\\/utk.ee\\\/en\\\/#\\\/schema\\\/logo\\\/image\\\/\",\"url\":\"https:\\\/\\\/utk.ee\\\/wp-content\\\/uploads\\\/2026\\\/02\\\/cropped-Ulemiste-Tervisekliinik-fusioteraapia-kruoteraapia-terviseauditid.png\",\"contentUrl\":\"https:\\\/\\\/utk.ee\\\/wp-content\\\/uploads\\\/2026\\\/02\\\/cropped-Ulemiste-Tervisekliinik-fusioteraapia-kruoteraapia-terviseauditid.png\",\"width\":512,\"height\":512,\"caption\":\"\u00dclemiste Tervisekliinik\"},\"image\":{\"@id\":\"https:\\\/\\\/utk.ee\\\/en\\\/#\\\/schema\\\/logo\\\/image\\\/\"}}]}<\/script>\n<!-- \/ Yoast SEO plugin. -->","yoast_head_json":{"title":"Kompressioons\u00e4\u00e4rised 2 tk - \u00dclemiste Tervisekliinik","robots":{"index":"index","follow":"follow","max-snippet":"max-snippet:-1","max-image-preview":"max-image-preview:large","max-video-preview":"max-video-preview:-1"},"canonical":"https:\/\/utk.ee\/en\/toode\/kompressioonsaarised\/","og_locale":"en_US","og_type":"article","og_title":"Kompressioons\u00e4\u00e4rised 2 tk - \u00dclemiste Tervisekliinik","og_description":"Suurenda treeningu ajal verevoolu ja v\u00e4henda lihasv\u00e4simust. S\u00e4\u00e4retugi aitab leevendada s\u00e4\u00e4repiirkonna vigastusi.","og_url":"https:\/\/utk.ee\/en\/toode\/kompressioonsaarised\/","og_site_name":"\u00dclemiste Tervisekliinik","article_modified_time":"2026-04-29T07:34:46+00:00","og_image":[{"width":1000,"height":1000,"url":"https:\/\/utk.ee\/wp-content\/uploads\/2026\/04\/Bauerfeind-kompressioonsaarised.webp","type":"image\/webp"}],"twitter_card":"summary_large_image","twitter_misc":{"Est. reading time":"1 minute"},"schema":{"@context":"https:\/\/schema.org","@graph":[{"@type":"WebPage","@id":"https:\/\/utk.ee\/en\/toode\/kompressioonsaarised\/","url":"https:\/\/utk.ee\/en\/toode\/kompressioonsaarised\/","name":"Kompressioons\u00e4\u00e4rised 2 tk - \u00dclemiste Tervisekliinik","isPartOf":{"@id":"https:\/\/utk.ee\/en\/#website"},"primaryImageOfPage":{"@id":"https:\/\/utk.ee\/en\/toode\/kompressioonsaarised\/#primaryimage"},"image":{"@id":"https:\/\/utk.ee\/en\/toode\/kompressioonsaarised\/#primaryimage"},"thumbnailUrl":"https:\/\/utk.ee\/wp-content\/uploads\/2026\/04\/Bauerfeind-kompressioonsaarised.webp","datePublished":"2026-04-24T12:38:51+00:00","dateModified":"2026-04-29T07:34:46+00:00","breadcrumb":{"@id":"https:\/\/utk.ee\/en\/toode\/kompressioonsaarised\/#breadcrumb"},"inLanguage":"en-US","potentialAction":[{"@type":"ReadAction","target":["https:\/\/utk.ee\/en\/toode\/kompressioonsaarised\/"]}]},{"@type":"ImageObject","inLanguage":"en-US","@id":"https:\/\/utk.ee\/en\/toode\/kompressioonsaarised\/#primaryimage","url":"https:\/\/utk.ee\/wp-content\/uploads\/2026\/04\/Bauerfeind-kompressioonsaarised.webp","contentUrl":"https:\/\/utk.ee\/wp-content\/uploads\/2026\/04\/Bauerfeind-kompressioonsaarised.webp","width":1000,"height":1000,"caption":"Kompressioons\u00e4\u00e4rised"},{"@type":"BreadcrumbList","@id":"https:\/\/utk.ee\/en\/toode\/kompressioonsaarised\/#breadcrumb","itemListElement":[{"@type":"ListItem","position":1,"name":"Home","item":"https:\/\/utk.ee\/en\/"},{"@type":"ListItem","position":2,"name":"Kompressioons\u00e4\u00e4rised 2 tk"}]},{"@type":"WebSite","@id":"https:\/\/utk.ee\/en\/#website","url":"https:\/\/utk.ee\/en\/","name":"\u00dclemiste Tervisekliinik","description":"Terviseuuringud, f\u00fcsioteraapia, muud terviseteenused","publisher":{"@id":"https:\/\/utk.ee\/en\/#organization"},"potentialAction":[{"@type":"SearchAction","target":{"@type":"EntryPoint","urlTemplate":"https:\/\/utk.ee\/en\/?s={search_term_string}"},"query-input":{"@type":"PropertyValueSpecification","valueRequired":true,"valueName":"search_term_string"}}],"inLanguage":"en-US"},{"@type":"Organization","@id":"https:\/\/utk.ee\/en\/#organization","name":"\u00dclemiste Tervisekliinik","url":"https:\/\/utk.ee\/en\/","logo":{"@type":"ImageObject","inLanguage":"en-US","@id":"https:\/\/utk.ee\/en\/#\/schema\/logo\/image\/","url":"https:\/\/utk.ee\/wp-content\/uploads\/2026\/02\/cropped-Ulemiste-Tervisekliinik-fusioteraapia-kruoteraapia-terviseauditid.png","contentUrl":"https:\/\/utk.ee\/wp-content\/uploads\/2026\/02\/cropped-Ulemiste-Tervisekliinik-fusioteraapia-kruoteraapia-terviseauditid.png","width":512,"height":512,"caption":"\u00dclemiste Tervisekliinik"},"image":{"@id":"https:\/\/utk.ee\/en\/#\/schema\/logo\/image\/"}}]}},"_links":{"self":[{"href":"https:\/\/utk.ee\/en\/wp-json\/wp\/v2\/product\/8796","targetHints":{"allow":["GET"]}}],"collection":[{"href":"https:\/\/utk.ee\/en\/wp-json\/wp\/v2\/product"}],"about":[{"href":"https:\/\/utk.ee\/en\/wp-json\/wp\/v2\/types\/product"}],"replies":[{"embeddable":true,"href":"https:\/\/utk.ee\/en\/wp-json\/wp\/v2\/comments?post=8796"}],"wp:featuredmedia":[{"embeddable":true,"href":"https:\/\/utk.ee\/en\/wp-json\/wp\/v2\/media\/8797"}],"wp:attachment":[{"href":"https:\/\/utk.ee\/en\/wp-json\/wp\/v2\/media?parent=8796"}],"wp:term":[{"taxonomy":"product_brand","embeddable":true,"href":"https:\/\/utk.ee\/en\/wp-json\/wp\/v2\/product_brand?post=8796"},{"taxonomy":"product_cat","embeddable":true,"href":"https:\/\/utk.ee\/en\/wp-json\/wp\/v2\/product_cat?post=8796"},{"taxonomy":"product_tag","embeddable":true,"href":"https:\/\/utk.ee\/en\/wp-json\/wp\/v2\/product_tag?post=8796"}],"curies":[{"name":"wp","href":"https:\/\/api.w.org\/{rel}","templated":true}]}}