{"id":8493,"date":"2026-04-22T10:23:10","date_gmt":"2026-04-22T10:23:10","guid":{"rendered":"https:\/\/utk.ee\/?post_type=product&#038;p=8493"},"modified":"2026-04-29T09:46:08","modified_gmt":"2026-04-29T09:46:08","slug":"eritellimus-venotrain-curaflow-erimoodus-lamekoes-tekstiilist-meditsiiniline-kompressioonsukk-ad-avatud-varvas","status":"publish","type":"product","link":"https:\/\/utk.ee\/en\/toode\/eritellimus-venotrain-curaflow-erimoodus-lamekoes-tekstiilist-meditsiiniline-kompressioonsukk-ad-avatud-varvas\/","title":{"rendered":"Eritellimus. VenoTrain\u00ae curaflow erim\u00f5\u00f5dus lamekoes tekstiilist meditsiiniline kompressioonsukk AG, avatud varvas"},"content":{"rendered":"<p data-path-to-node=\"1\"><strong><em>Sul on kompressioontoote retsept? Sel juhul toimub toodete m\u00fc\u00fck \u00dclemiste Tervisekliinikus kohapeal: Sepapaja 12\/1, Tervisemaja 2, II korrus, v\u00f5i meili teel info@terviseuuringud.ee. Meili teel p\u00e4ringut saates lisa oma isikukood.<\/em><\/strong><\/p>\n<p data-path-to-node=\"1\">Olgu tegemist l\u00fcmf\u00f6deemi, lip\u00f6deemi v\u00f5i lipo-l\u00fcmf\u00f6deemiga \u2013 vedeliku kogunemine jalgadesse on h\u00e4iriv ja valulik. VenoTrain curaflow\u00a0 leevendab valulikku pingetunnet, toetab vedeliku v\u00e4ljutamist kudedest ning takistab edasist vedeliku kogunemist ja kudede k\u00f5vastumist. Seda saab arvukate erivalikute abil optimeerida vastavalt teie individuaalsetele vajadustele: see on kergesti hooldatav, lihtsasti selga pandav ja \u00e4\u00e4rmiselt mugav kanda!<\/p>\n<ul data-path-to-node=\"2\">\n<li>\n<p data-path-to-node=\"2,0,0\">Ravib turseid ja leevendab tursetest tingitud valu<\/p>\n<\/li>\n<li>\n<p data-path-to-node=\"2,1,0\">K\u00f5rge kandmismugavus t\u00e4nu t\u00e4iendavatele funktsionaalsetele tsoonidele<\/p>\n<\/li>\n<li>\n<p data-path-to-node=\"2,2,0\">Mitmek\u00fclgselt kohandatav vastavalt individuaalsetele vajadustele<\/p>\n<\/li>\n<\/ul>\n<h3><\/h3>\n<h3>Kompressioonsukkade t\u00fc\u00fcbid<\/h3>\n<p><a href=\"https:\/\/utk.ee\/wp-content\/uploads\/2026\/04\/curaflow-sukkade-moodud.jpg\"><img fetchpriority=\"high\" decoding=\"async\" class=\"alignnone wp-image-8517\" src=\"https:\/\/utk.ee\/wp-content\/uploads\/2026\/04\/curaflow-sukkade-moodud-300x65.jpg\" alt=\"\" width=\"1168\" height=\"253\" srcset=\"https:\/\/utk.ee\/wp-content\/uploads\/2026\/04\/curaflow-sukkade-moodud-300x65.jpg 300w, https:\/\/utk.ee\/wp-content\/uploads\/2026\/04\/curaflow-sukkade-moodud-1024x221.jpg 1024w, https:\/\/utk.ee\/wp-content\/uploads\/2026\/04\/curaflow-sukkade-moodud-768x166.jpg 768w, https:\/\/utk.ee\/wp-content\/uploads\/2026\/04\/curaflow-sukkade-moodud-650x141.jpg 650w, https:\/\/utk.ee\/wp-content\/uploads\/2026\/04\/curaflow-sukkade-moodud-600x130.jpg 600w, https:\/\/utk.ee\/wp-content\/uploads\/2026\/04\/curaflow-sukkade-moodud.jpg 1170w\" sizes=\"(max-width: 1168px) 100vw, 1168px\" \/><\/a><\/p>\n","protected":false},"excerpt":{"rendered":"<p>Kompressioonsukk jalgade tursete sihip\u00e4raseks raviks. Toodet v\u00e4ljastatakse eritellimusel. <strong>Tellimiseks tule \u00dclemiste Tervisekliinikusse v\u00f5i saada p\u00e4ring info@terviseuuringud.ee.<\/strong><\/p>\n<p><em>PS! Enne ostmist teosta m\u00f5\u00f5tmine vastavalt allpool oleva m\u00f5\u00f5dutabeli j\u00e4rgi v\u00f5i k\u00fclasta meie kliinikut (E-R, kl 9-16) ja teostame m\u00f5\u00f5tmise ise.<\/em><\/p>\n","protected":false},"featured_media":8501,"comment_status":"open","ping_status":"closed","template":"","meta":{"iawp_total_views":3},"product_brand":[],"product_cat":[26],"product_tag":[],"class_list":{"0":"post-8493","1":"product","2":"type-product","3":"status-publish","4":"has-post-thumbnail","6":"product_cat-tugisukad","8":"first","9":"instock","10":"taxable","11":"shipping-taxable","12":"product-type-simple"},"yoast_head":"<!-- This site is optimized with the Yoast SEO plugin v27.4 - https:\/\/yoast.com\/product\/yoast-seo-wordpress\/ -->\n<title>Eritellimus. VenoTrain\u00ae curaflow erim\u00f5\u00f5dus lamekoes tekstiilist meditsiiniline kompressioonsukk AG, avatud varvas - \u00dclemiste Tervisekliinik<\/title>\n<meta name=\"robots\" content=\"index, follow, max-snippet:-1, max-image-preview:large, max-video-preview:-1\" \/>\n<link rel=\"canonical\" href=\"https:\/\/utk.ee\/en\/toode\/eritellimus-venotrain-curaflow-erimoodus-lamekoes-tekstiilist-meditsiiniline-kompressioonsukk-ad-avatud-varvas\/\" \/>\n<meta property=\"og:locale\" content=\"en_US\" \/>\n<meta property=\"og:type\" content=\"article\" \/>\n<meta property=\"og:title\" content=\"Eritellimus. VenoTrain\u00ae curaflow erim\u00f5\u00f5dus lamekoes tekstiilist meditsiiniline kompressioonsukk AG, avatud varvas - \u00dclemiste Tervisekliinik\" \/>\n<meta property=\"og:description\" content=\"Kompressioonsukk jalgade tursete sihip\u00e4raseks raviks. Toodet v\u00e4ljastatakse eritellimusel. Tellimiseks tule \u00dclemiste Tervisekliinikusse v\u00f5i saada p\u00e4ring info@terviseuuringud.ee.  PS! Enne ostmist teosta m\u00f5\u00f5tmine vastavalt allpool oleva m\u00f5\u00f5dutabeli j\u00e4rgi v\u00f5i k\u00fclasta meie kliinikut (E-R, kl 9-16) ja teostame m\u00f5\u00f5tmise ise.\" \/>\n<meta property=\"og:url\" content=\"https:\/\/utk.ee\/en\/toode\/eritellimus-venotrain-curaflow-erimoodus-lamekoes-tekstiilist-meditsiiniline-kompressioonsukk-ad-avatud-varvas\/\" \/>\n<meta property=\"og:site_name\" content=\"\u00dclemiste Tervisekliinik\" \/>\n<meta property=\"article:modified_time\" content=\"2026-04-29T09:46:08+00:00\" \/>\n<meta property=\"og:image\" content=\"https:\/\/utk.ee\/wp-content\/uploads\/2026\/04\/6_7ecf52ea-2f0d-42e4-a424-ad0ffe0e5832.webp\" \/>\n\t<meta property=\"og:image:width\" content=\"900\" \/>\n\t<meta property=\"og:image:height\" content=\"900\" \/>\n\t<meta property=\"og:image:type\" content=\"image\/webp\" \/>\n<meta name=\"twitter:card\" content=\"summary_large_image\" \/>\n<meta name=\"twitter:label1\" content=\"Est. reading time\" \/>\n\t<meta name=\"twitter:data1\" content=\"1 minute\" \/>\n<script type=\"application\/ld+json\" class=\"yoast-schema-graph\">{\"@context\":\"https:\\\/\\\/schema.org\",\"@graph\":[{\"@type\":\"WebPage\",\"@id\":\"https:\\\/\\\/utk.ee\\\/en\\\/toode\\\/eritellimus-venotrain-curaflow-erimoodus-lamekoes-tekstiilist-meditsiiniline-kompressioonsukk-ad-avatud-varvas\\\/\",\"url\":\"https:\\\/\\\/utk.ee\\\/en\\\/toode\\\/eritellimus-venotrain-curaflow-erimoodus-lamekoes-tekstiilist-meditsiiniline-kompressioonsukk-ad-avatud-varvas\\\/\",\"name\":\"Eritellimus. VenoTrain\u00ae curaflow erim\u00f5\u00f5dus lamekoes tekstiilist meditsiiniline kompressioonsukk AG, avatud varvas - \u00dclemiste Tervisekliinik\",\"isPartOf\":{\"@id\":\"https:\\\/\\\/utk.ee\\\/en\\\/#website\"},\"primaryImageOfPage\":{\"@id\":\"https:\\\/\\\/utk.ee\\\/en\\\/toode\\\/eritellimus-venotrain-curaflow-erimoodus-lamekoes-tekstiilist-meditsiiniline-kompressioonsukk-ad-avatud-varvas\\\/#primaryimage\"},\"image\":{\"@id\":\"https:\\\/\\\/utk.ee\\\/en\\\/toode\\\/eritellimus-venotrain-curaflow-erimoodus-lamekoes-tekstiilist-meditsiiniline-kompressioonsukk-ad-avatud-varvas\\\/#primaryimage\"},\"thumbnailUrl\":\"https:\\\/\\\/utk.ee\\\/wp-content\\\/uploads\\\/2026\\\/04\\\/6_7ecf52ea-2f0d-42e4-a424-ad0ffe0e5832.webp\",\"datePublished\":\"2026-04-22T10:23:10+00:00\",\"dateModified\":\"2026-04-29T09:46:08+00:00\",\"breadcrumb\":{\"@id\":\"https:\\\/\\\/utk.ee\\\/en\\\/toode\\\/eritellimus-venotrain-curaflow-erimoodus-lamekoes-tekstiilist-meditsiiniline-kompressioonsukk-ad-avatud-varvas\\\/#breadcrumb\"},\"inLanguage\":\"en-US\",\"potentialAction\":[{\"@type\":\"ReadAction\",\"target\":[\"https:\\\/\\\/utk.ee\\\/en\\\/toode\\\/eritellimus-venotrain-curaflow-erimoodus-lamekoes-tekstiilist-meditsiiniline-kompressioonsukk-ad-avatud-varvas\\\/\"]}]},{\"@type\":\"ImageObject\",\"inLanguage\":\"en-US\",\"@id\":\"https:\\\/\\\/utk.ee\\\/en\\\/toode\\\/eritellimus-venotrain-curaflow-erimoodus-lamekoes-tekstiilist-meditsiiniline-kompressioonsukk-ad-avatud-varvas\\\/#primaryimage\",\"url\":\"https:\\\/\\\/utk.ee\\\/wp-content\\\/uploads\\\/2026\\\/04\\\/6_7ecf52ea-2f0d-42e4-a424-ad0ffe0e5832.webp\",\"contentUrl\":\"https:\\\/\\\/utk.ee\\\/wp-content\\\/uploads\\\/2026\\\/04\\\/6_7ecf52ea-2f0d-42e4-a424-ad0ffe0e5832.webp\",\"width\":900,\"height\":900,\"caption\":\"curaflow kompressioonsukk\"},{\"@type\":\"BreadcrumbList\",\"@id\":\"https:\\\/\\\/utk.ee\\\/en\\\/toode\\\/eritellimus-venotrain-curaflow-erimoodus-lamekoes-tekstiilist-meditsiiniline-kompressioonsukk-ad-avatud-varvas\\\/#breadcrumb\",\"itemListElement\":[{\"@type\":\"ListItem\",\"position\":1,\"name\":\"Home\",\"item\":\"https:\\\/\\\/utk.ee\\\/en\\\/\"},{\"@type\":\"ListItem\",\"position\":2,\"name\":\"Eritellimus. VenoTrain\u00ae curaflow erim\u00f5\u00f5dus lamekoes tekstiilist meditsiiniline kompressioonsukk AG, avatud varvas\"}]},{\"@type\":\"WebSite\",\"@id\":\"https:\\\/\\\/utk.ee\\\/en\\\/#website\",\"url\":\"https:\\\/\\\/utk.ee\\\/en\\\/\",\"name\":\"\u00dclemiste Tervisekliinik\",\"description\":\"Terviseuuringud, f\u00fcsioteraapia, muud terviseteenused\",\"publisher\":{\"@id\":\"https:\\\/\\\/utk.ee\\\/en\\\/#organization\"},\"potentialAction\":[{\"@type\":\"SearchAction\",\"target\":{\"@type\":\"EntryPoint\",\"urlTemplate\":\"https:\\\/\\\/utk.ee\\\/en\\\/?s={search_term_string}\"},\"query-input\":{\"@type\":\"PropertyValueSpecification\",\"valueRequired\":true,\"valueName\":\"search_term_string\"}}],\"inLanguage\":\"en-US\"},{\"@type\":\"Organization\",\"@id\":\"https:\\\/\\\/utk.ee\\\/en\\\/#organization\",\"name\":\"\u00dclemiste Tervisekliinik\",\"url\":\"https:\\\/\\\/utk.ee\\\/en\\\/\",\"logo\":{\"@type\":\"ImageObject\",\"inLanguage\":\"en-US\",\"@id\":\"https:\\\/\\\/utk.ee\\\/en\\\/#\\\/schema\\\/logo\\\/image\\\/\",\"url\":\"https:\\\/\\\/utk.ee\\\/wp-content\\\/uploads\\\/2026\\\/02\\\/cropped-Ulemiste-Tervisekliinik-fusioteraapia-kruoteraapia-terviseauditid.png\",\"contentUrl\":\"https:\\\/\\\/utk.ee\\\/wp-content\\\/uploads\\\/2026\\\/02\\\/cropped-Ulemiste-Tervisekliinik-fusioteraapia-kruoteraapia-terviseauditid.png\",\"width\":512,\"height\":512,\"caption\":\"\u00dclemiste Tervisekliinik\"},\"image\":{\"@id\":\"https:\\\/\\\/utk.ee\\\/en\\\/#\\\/schema\\\/logo\\\/image\\\/\"}}]}<\/script>\n<!-- \/ Yoast SEO plugin. -->","yoast_head_json":{"title":"Eritellimus. VenoTrain\u00ae curaflow erim\u00f5\u00f5dus lamekoes tekstiilist meditsiiniline kompressioonsukk AG, avatud varvas - \u00dclemiste Tervisekliinik","robots":{"index":"index","follow":"follow","max-snippet":"max-snippet:-1","max-image-preview":"max-image-preview:large","max-video-preview":"max-video-preview:-1"},"canonical":"https:\/\/utk.ee\/en\/toode\/eritellimus-venotrain-curaflow-erimoodus-lamekoes-tekstiilist-meditsiiniline-kompressioonsukk-ad-avatud-varvas\/","og_locale":"en_US","og_type":"article","og_title":"Eritellimus. VenoTrain\u00ae curaflow erim\u00f5\u00f5dus lamekoes tekstiilist meditsiiniline kompressioonsukk AG, avatud varvas - \u00dclemiste Tervisekliinik","og_description":"Kompressioonsukk jalgade tursete sihip\u00e4raseks raviks. Toodet v\u00e4ljastatakse eritellimusel. Tellimiseks tule \u00dclemiste Tervisekliinikusse v\u00f5i saada p\u00e4ring info@terviseuuringud.ee.  PS! Enne ostmist teosta m\u00f5\u00f5tmine vastavalt allpool oleva m\u00f5\u00f5dutabeli j\u00e4rgi v\u00f5i k\u00fclasta meie kliinikut (E-R, kl 9-16) ja teostame m\u00f5\u00f5tmise ise.","og_url":"https:\/\/utk.ee\/en\/toode\/eritellimus-venotrain-curaflow-erimoodus-lamekoes-tekstiilist-meditsiiniline-kompressioonsukk-ad-avatud-varvas\/","og_site_name":"\u00dclemiste Tervisekliinik","article_modified_time":"2026-04-29T09:46:08+00:00","og_image":[{"width":900,"height":900,"url":"https:\/\/utk.ee\/wp-content\/uploads\/2026\/04\/6_7ecf52ea-2f0d-42e4-a424-ad0ffe0e5832.webp","type":"image\/webp"}],"twitter_card":"summary_large_image","twitter_misc":{"Est. reading time":"1 minute"},"schema":{"@context":"https:\/\/schema.org","@graph":[{"@type":"WebPage","@id":"https:\/\/utk.ee\/en\/toode\/eritellimus-venotrain-curaflow-erimoodus-lamekoes-tekstiilist-meditsiiniline-kompressioonsukk-ad-avatud-varvas\/","url":"https:\/\/utk.ee\/en\/toode\/eritellimus-venotrain-curaflow-erimoodus-lamekoes-tekstiilist-meditsiiniline-kompressioonsukk-ad-avatud-varvas\/","name":"Eritellimus. VenoTrain\u00ae curaflow erim\u00f5\u00f5dus lamekoes tekstiilist meditsiiniline kompressioonsukk AG, avatud varvas - \u00dclemiste Tervisekliinik","isPartOf":{"@id":"https:\/\/utk.ee\/en\/#website"},"primaryImageOfPage":{"@id":"https:\/\/utk.ee\/en\/toode\/eritellimus-venotrain-curaflow-erimoodus-lamekoes-tekstiilist-meditsiiniline-kompressioonsukk-ad-avatud-varvas\/#primaryimage"},"image":{"@id":"https:\/\/utk.ee\/en\/toode\/eritellimus-venotrain-curaflow-erimoodus-lamekoes-tekstiilist-meditsiiniline-kompressioonsukk-ad-avatud-varvas\/#primaryimage"},"thumbnailUrl":"https:\/\/utk.ee\/wp-content\/uploads\/2026\/04\/6_7ecf52ea-2f0d-42e4-a424-ad0ffe0e5832.webp","datePublished":"2026-04-22T10:23:10+00:00","dateModified":"2026-04-29T09:46:08+00:00","breadcrumb":{"@id":"https:\/\/utk.ee\/en\/toode\/eritellimus-venotrain-curaflow-erimoodus-lamekoes-tekstiilist-meditsiiniline-kompressioonsukk-ad-avatud-varvas\/#breadcrumb"},"inLanguage":"en-US","potentialAction":[{"@type":"ReadAction","target":["https:\/\/utk.ee\/en\/toode\/eritellimus-venotrain-curaflow-erimoodus-lamekoes-tekstiilist-meditsiiniline-kompressioonsukk-ad-avatud-varvas\/"]}]},{"@type":"ImageObject","inLanguage":"en-US","@id":"https:\/\/utk.ee\/en\/toode\/eritellimus-venotrain-curaflow-erimoodus-lamekoes-tekstiilist-meditsiiniline-kompressioonsukk-ad-avatud-varvas\/#primaryimage","url":"https:\/\/utk.ee\/wp-content\/uploads\/2026\/04\/6_7ecf52ea-2f0d-42e4-a424-ad0ffe0e5832.webp","contentUrl":"https:\/\/utk.ee\/wp-content\/uploads\/2026\/04\/6_7ecf52ea-2f0d-42e4-a424-ad0ffe0e5832.webp","width":900,"height":900,"caption":"curaflow kompressioonsukk"},{"@type":"BreadcrumbList","@id":"https:\/\/utk.ee\/en\/toode\/eritellimus-venotrain-curaflow-erimoodus-lamekoes-tekstiilist-meditsiiniline-kompressioonsukk-ad-avatud-varvas\/#breadcrumb","itemListElement":[{"@type":"ListItem","position":1,"name":"Home","item":"https:\/\/utk.ee\/en\/"},{"@type":"ListItem","position":2,"name":"Eritellimus. VenoTrain\u00ae curaflow erim\u00f5\u00f5dus lamekoes tekstiilist meditsiiniline kompressioonsukk AG, avatud varvas"}]},{"@type":"WebSite","@id":"https:\/\/utk.ee\/en\/#website","url":"https:\/\/utk.ee\/en\/","name":"\u00dclemiste Tervisekliinik","description":"Terviseuuringud, f\u00fcsioteraapia, muud terviseteenused","publisher":{"@id":"https:\/\/utk.ee\/en\/#organization"},"potentialAction":[{"@type":"SearchAction","target":{"@type":"EntryPoint","urlTemplate":"https:\/\/utk.ee\/en\/?s={search_term_string}"},"query-input":{"@type":"PropertyValueSpecification","valueRequired":true,"valueName":"search_term_string"}}],"inLanguage":"en-US"},{"@type":"Organization","@id":"https:\/\/utk.ee\/en\/#organization","name":"\u00dclemiste Tervisekliinik","url":"https:\/\/utk.ee\/en\/","logo":{"@type":"ImageObject","inLanguage":"en-US","@id":"https:\/\/utk.ee\/en\/#\/schema\/logo\/image\/","url":"https:\/\/utk.ee\/wp-content\/uploads\/2026\/02\/cropped-Ulemiste-Tervisekliinik-fusioteraapia-kruoteraapia-terviseauditid.png","contentUrl":"https:\/\/utk.ee\/wp-content\/uploads\/2026\/02\/cropped-Ulemiste-Tervisekliinik-fusioteraapia-kruoteraapia-terviseauditid.png","width":512,"height":512,"caption":"\u00dclemiste Tervisekliinik"},"image":{"@id":"https:\/\/utk.ee\/en\/#\/schema\/logo\/image\/"}}]}},"_links":{"self":[{"href":"https:\/\/utk.ee\/en\/wp-json\/wp\/v2\/product\/8493","targetHints":{"allow":["GET"]}}],"collection":[{"href":"https:\/\/utk.ee\/en\/wp-json\/wp\/v2\/product"}],"about":[{"href":"https:\/\/utk.ee\/en\/wp-json\/wp\/v2\/types\/product"}],"replies":[{"embeddable":true,"href":"https:\/\/utk.ee\/en\/wp-json\/wp\/v2\/comments?post=8493"}],"wp:featuredmedia":[{"embeddable":true,"href":"https:\/\/utk.ee\/en\/wp-json\/wp\/v2\/media\/8501"}],"wp:attachment":[{"href":"https:\/\/utk.ee\/en\/wp-json\/wp\/v2\/media?parent=8493"}],"wp:term":[{"taxonomy":"product_brand","embeddable":true,"href":"https:\/\/utk.ee\/en\/wp-json\/wp\/v2\/product_brand?post=8493"},{"taxonomy":"product_cat","embeddable":true,"href":"https:\/\/utk.ee\/en\/wp-json\/wp\/v2\/product_cat?post=8493"},{"taxonomy":"product_tag","embeddable":true,"href":"https:\/\/utk.ee\/en\/wp-json\/wp\/v2\/product_tag?post=8493"}],"curies":[{"name":"wp","href":"https:\/\/api.w.org\/{rel}","templated":true}]}}