{"id":8492,"date":"2026-04-22T08:59:59","date_gmt":"2026-04-22T08:59:59","guid":{"rendered":"https:\/\/utk.ee\/?post_type=product&#038;p=8492"},"modified":"2026-04-29T09:45:32","modified_gmt":"2026-04-29T09:45:32","slug":"eritellimus-venotrain-curaflow-erimoodus-lamekoes-tekstiilist-meditsiiniline-kompressioonpolvik-ad-avatud-varvas","status":"publish","type":"product","link":"https:\/\/utk.ee\/en\/toode\/eritellimus-venotrain-curaflow-erimoodus-lamekoes-tekstiilist-meditsiiniline-kompressioonpolvik-ad-avatud-varvas\/","title":{"rendered":"Eritellimus. VenoTrain\u00ae curaflow erim\u00f5\u00f5dus lamekoes tekstiilist meditsiiniline kompressioonp\u00f5lvik AD, avatud varvas"},"content":{"rendered":"<p data-path-to-node=\"1\"><strong><em>Sul on kompressioontoote retsept? Sel juhul toimub toodete m\u00fc\u00fck \u00dclemiste Tervisekliinikus kohapeal: Sepapaja 12\/1, Tervisemaja 2, II korrus, v\u00f5i meili teel info@terviseuuringud.ee. Meili teel p\u00e4ringut saates lisa oma isikukood.<\/em><\/strong><\/p>\n<p data-path-to-node=\"1\">Olgu tegemist l\u00fcmf\u00f6deemi, lip\u00f6deemi v\u00f5i lipo-l\u00fcmf\u00f6deemiga \u2013 vedeliku kogunemine k\u00e4tesse on h\u00e4iriv ja valulik. VenoTrain curaflow\u00a0 leevendab valulikku pingetunnet, toetab vedeliku v\u00e4ljutamist kudedest ning takistab edasist vedeliku kogunemist ja kudede k\u00f5vastumist. Seda saab arvukate erivalikute abil optimeerida vastavalt teie individuaalsetele vajadustele: see on kergesti hooldatav, lihtsasti selga pandav ja \u00e4\u00e4rmiselt mugav kanda!<\/p>\n<ul data-path-to-node=\"2\">\n<li>\n<p data-path-to-node=\"2,0,0\">Ravib turseid ja leevendab tursetest tingitud valu<\/p>\n<\/li>\n<li>\n<p data-path-to-node=\"2,1,0\">K\u00f5rge kandmismugavus t\u00e4nu t\u00e4iendavatele funktsionaalsetele tsoonidele<\/p>\n<\/li>\n<li>\n<p data-path-to-node=\"2,2,0\">Mitmek\u00fclgselt kohandatav vastavalt individuaalsetele vajadustele<\/p>\n<\/li>\n<\/ul>\n<h3><\/h3>\n<h3>Kompresioonsukkade t\u00fc\u00fcbid<\/h3>\n<p><a href=\"https:\/\/utk.ee\/wp-content\/uploads\/2026\/04\/curaflow-sukkade-moodud.jpg\"><img fetchpriority=\"high\" decoding=\"async\" class=\"alignnone wp-image-8517\" src=\"https:\/\/utk.ee\/wp-content\/uploads\/2026\/04\/curaflow-sukkade-moodud-300x65.jpg\" alt=\"\" width=\"1089\" height=\"236\" srcset=\"https:\/\/utk.ee\/wp-content\/uploads\/2026\/04\/curaflow-sukkade-moodud-300x65.jpg 300w, https:\/\/utk.ee\/wp-content\/uploads\/2026\/04\/curaflow-sukkade-moodud-1024x221.jpg 1024w, https:\/\/utk.ee\/wp-content\/uploads\/2026\/04\/curaflow-sukkade-moodud-768x166.jpg 768w, https:\/\/utk.ee\/wp-content\/uploads\/2026\/04\/curaflow-sukkade-moodud-650x141.jpg 650w, https:\/\/utk.ee\/wp-content\/uploads\/2026\/04\/curaflow-sukkade-moodud-600x130.jpg 600w, https:\/\/utk.ee\/wp-content\/uploads\/2026\/04\/curaflow-sukkade-moodud.jpg 1170w\" sizes=\"(max-width: 1089px) 100vw, 1089px\" \/><\/a><\/p>\n<p>&nbsp;<\/p>\n<div class=\"elementor-element elementor-element-3b98c1f e-grid e-con-boxed e-con e-parent e-lazyloaded\" data-id=\"3b98c1f\" data-element_type=\"container\" data-e-type=\"container\">\n<div class=\"e-con-inner\">\n<div class=\"elementor-element elementor-element-3c923e6 elementor-widget elementor-widget-text-editor\" data-id=\"3c923e6\" data-element_type=\"widget\" data-e-type=\"widget\" data-widget_type=\"text-editor.default\">\n<h3>Bauerfeind kompressioontoodetest l\u00e4hemalt<\/h3>\n<p data-path-to-node=\"0\">Bauerfeindi kompressioonitoodete (VenoTrain, Curaflow seeriad) tugevus ja eristuvus ei tulene mitte \u00fchest \u201cimeomadusest\u201d, vaid\u00a0<b data-path-to-node=\"0\" data-index-in-node=\"127\">meditsiinilise t\u00e4psuse ja kasutajamugavuse s\u00fcnergiast<\/b>.<\/p>\n<p data-path-to-node=\"1\">Kui enamik teisi tootjaid keskendub kas ainult raviefektile (sageli j\u00e4igad ja ebamugavad tooted) v\u00f5i ainult moe-aspektile, siis Bauerfeind positsioneerib end kahe maailma ristumispunktis.<\/p>\n<p data-path-to-node=\"2\">Siin on Bauerfeind kompressioonitoodete\u00a0<strong>4 peamist eristuvat tugevust:<\/strong><\/p>\n<h3 data-path-to-node=\"3\">1. \u201cTeaduslik\u201d astmeline kompressioon<\/h3>\n<p data-path-to-node=\"4\">Bauerfeindi sukkadel on v\u00e4ga\u00a0<b data-path-to-node=\"4\" data-index-in-node=\"48\">t\u00e4pselt paika pandud survegradient<\/b>. Miks see on t\u00e4htis? Veeniravi toimib ainult siis,\u00a0<strong>kui r\u00f5hk on pahkluu juures k\u00f5ige tugevam<\/strong>\u00a0ja liigub sujuvalt \u00fclespoole v\u00e4henedes. Paljud odavamad \u201ctugisukad\u201d on lihtsalt n\u00f6 torud, mis pigistavad kogu s\u00e4\u00e4rt \u00fchtemoodi \u2013 see v\u00f5ib aga halvimal juhul vereringet hoopis takistada.<\/p>\n<p data-path-to-node=\"5,1,0\">Bauerfeindi kudumismasinad kontrollivad iga silmust. See tagab, et\u00a0<strong>surve on t\u00e4pselt see,<\/strong>\u00a0<strong>mida arst on m\u00e4\u00e4ranud (nt klass 1, 2 v\u00f5i 3)<\/strong>, ja see p\u00fcsib stabiilsena kogu kandmisaja jooksul.<\/p>\n<\/div>\n<\/div>\n<\/div>\n<div class=\"elementor-element elementor-element-fc148db e-grid e-con-boxed e-con e-parent e-lazyloaded\" data-id=\"fc148db\" data-element_type=\"container\" data-e-type=\"container\">\n<div class=\"e-con-inner\">\n<div class=\"elementor-element elementor-element-988117c elementor-widget elementor-widget-text-editor\" data-id=\"988117c\" data-element_type=\"widget\" data-e-type=\"widget\" data-widget_type=\"text-editor.default\">\n<h3 data-path-to-node=\"6\">2. Toodete hingavus ja niiskuse juhtimine<\/h3>\n<p data-path-to-node=\"7\">K\u00f5ige suurem klientide kaebus kompressioonsukkade osas on \u201csee on nagu kummist kotis olemine\u201d. Bauerfeind poolt kasutatav kudumistehnoloogia\u00a0<strong>v\u00f5imaldab nahal hingata ja juhib niiskuse<\/strong>\u00a0(higi) naha pinnalt kiiresti eemale.\u00a0<strong>See on kriitiline<\/strong>\u00a0l\u00fcmf\u00f6deemi ja haavandiravi puhul, kus naha terviklikkus on ohus.<\/p>\n<p data-path-to-node=\"8,1,0\">Lisaks on Bauerfeindn lahendanud \u00fche k\u00f5ige t\u00fclikamatest probleemidest \u2013\u00a0<strong>silikoonriba \u00e4rritus.<\/strong>\u00a0Nende\u00a0<strong><i data-path-to-node=\"8,1,0\" data-index-in-node=\"103\">Lace Sensitive<\/i>\u00a0lahendus on h\u00fcpoallergeenne<\/strong>\u00a0ja ergonoomiline, v\u00f5imaldades kanda sukka pikalt ilma punetavate j\u00e4lgede v\u00f5i naha\u00e4rrituseta.<\/p>\n<h3 data-path-to-node=\"9\">3. \u201cPerfect-Fit\u201d s\u00fcsteem<\/h3>\n<p data-path-to-node=\"10\">Bauerfeindi sukad on disainitud nii, et need\u00a0<strong>istuvad nagu eritellimust\u00f6<\/strong>\u00f6, aga on saadaval standardm\u00f5\u00f5tudena.<\/p>\n<p data-path-to-node=\"11,0,0\">Sukad on\u00a0<strong>kootud j\u00e4lgima keha vorme.\u00a0<\/strong>See t\u00e4hendab, et p\u00f5lve\u00f5ndlas pole \u00fcleliigset kanga kogunemist (mis p\u00f5hjustaks soonimist) ja kand on disainitud nii, et see ei j\u00e4\u00e4ks jalas \u201clotendama\u201d.<\/p>\n<p data-path-to-node=\"11,1,0\">Kui kliendi jalg ei mahu standardm\u00f5\u00f5tudesse, pakub Bauerfeind \u00fcht parimat eritellimuse s\u00fcsteemi turul, mis on kliiniliselt t\u00e4pne, mitte lihtsalt \u201csuurem suurus\u201d.<\/p>\n<h3 data-path-to-node=\"12\">4. Vastupidavus<\/h3>\n<p data-path-to-node=\"13\">See on oluline argument korduvklientidele.<\/p>\n<p data-path-to-node=\"14,0,0\">Odavama klassi kompressioonsukk kaotab oma elastsuse (survev\u00f5ime)<\/p>\n<\/div>\n<\/div>\n<\/div>\n","protected":false},"excerpt":{"rendered":"<p>Kompressioonp\u00f5lvik jalgade tursete sihip\u00e4raseks raviks. Toodet v\u00e4ljastatakse eritellimusel. <strong>Tellimiseks tule \u00dclemiste Tervisekliinikusse v\u00f5i saada p\u00e4ring info@terviseuuringud.ee.<\/strong><\/p>\n<p><em>PS! Enne ostmist teosta m\u00f5\u00f5tmine vastavalt allpool oleva m\u00f5\u00f5dutabeli j\u00e4rgi v\u00f5i k\u00fclasta meie kliinikut (E-R, kl 9-16) ja teostame m\u00f5\u00f5tmise ise.<\/em><\/p>\n","protected":false},"featured_media":8494,"comment_status":"open","ping_status":"closed","template":"","meta":{"iawp_total_views":2},"product_brand":[],"product_cat":[26],"product_tag":[],"class_list":{"0":"post-8492","1":"product","2":"type-product","3":"status-publish","4":"has-post-thumbnail","6":"product_cat-tugisukad","8":"first","9":"instock","10":"taxable","11":"shipping-taxable","12":"product-type-simple"},"yoast_head":"<!-- This site is optimized with the Yoast SEO plugin v27.4 - https:\/\/yoast.com\/product\/yoast-seo-wordpress\/ -->\n<title>Eritellimus. VenoTrain\u00ae curaflow erim\u00f5\u00f5dus lamekoes tekstiilist meditsiiniline kompressioonp\u00f5lvik AD, avatud varvas - \u00dclemiste Tervisekliinik<\/title>\n<meta name=\"robots\" content=\"index, follow, max-snippet:-1, max-image-preview:large, max-video-preview:-1\" \/>\n<link rel=\"canonical\" href=\"https:\/\/utk.ee\/en\/toode\/eritellimus-venotrain-curaflow-erimoodus-lamekoes-tekstiilist-meditsiiniline-kompressioonpolvik-ad-avatud-varvas\/\" \/>\n<meta property=\"og:locale\" content=\"en_US\" \/>\n<meta property=\"og:type\" content=\"article\" \/>\n<meta property=\"og:title\" content=\"Eritellimus. VenoTrain\u00ae curaflow erim\u00f5\u00f5dus lamekoes tekstiilist meditsiiniline kompressioonp\u00f5lvik AD, avatud varvas - \u00dclemiste Tervisekliinik\" \/>\n<meta property=\"og:description\" content=\"Kompressioonp\u00f5lvik jalgade tursete sihip\u00e4raseks raviks. Toodet v\u00e4ljastatakse eritellimusel. Tellimiseks tule \u00dclemiste Tervisekliinikusse v\u00f5i saada p\u00e4ring info@terviseuuringud.ee.  PS! Enne ostmist teosta m\u00f5\u00f5tmine vastavalt allpool oleva m\u00f5\u00f5dutabeli j\u00e4rgi v\u00f5i k\u00fclasta meie kliinikut (E-R, kl 9-16) ja teostame m\u00f5\u00f5tmise ise.\" \/>\n<meta property=\"og:url\" content=\"https:\/\/utk.ee\/en\/toode\/eritellimus-venotrain-curaflow-erimoodus-lamekoes-tekstiilist-meditsiiniline-kompressioonpolvik-ad-avatud-varvas\/\" \/>\n<meta property=\"og:site_name\" content=\"\u00dclemiste Tervisekliinik\" \/>\n<meta property=\"article:modified_time\" content=\"2026-04-29T09:45:32+00:00\" \/>\n<meta property=\"og:image\" content=\"https:\/\/utk.ee\/wp-content\/uploads\/2026\/04\/03-perfekte-passform-curaflow-bein.jpg\" \/>\n\t<meta property=\"og:image:width\" content=\"1000\" \/>\n\t<meta property=\"og:image:height\" content=\"1000\" \/>\n\t<meta property=\"og:image:type\" content=\"image\/jpeg\" \/>\n<meta name=\"twitter:card\" content=\"summary_large_image\" \/>\n<meta name=\"twitter:label1\" content=\"Est. reading time\" \/>\n\t<meta name=\"twitter:data1\" content=\"3 minutes\" \/>\n<script type=\"application\/ld+json\" class=\"yoast-schema-graph\">{\"@context\":\"https:\\\/\\\/schema.org\",\"@graph\":[{\"@type\":\"WebPage\",\"@id\":\"https:\\\/\\\/utk.ee\\\/en\\\/toode\\\/eritellimus-venotrain-curaflow-erimoodus-lamekoes-tekstiilist-meditsiiniline-kompressioonpolvik-ad-avatud-varvas\\\/\",\"url\":\"https:\\\/\\\/utk.ee\\\/en\\\/toode\\\/eritellimus-venotrain-curaflow-erimoodus-lamekoes-tekstiilist-meditsiiniline-kompressioonpolvik-ad-avatud-varvas\\\/\",\"name\":\"Eritellimus. VenoTrain\u00ae curaflow erim\u00f5\u00f5dus lamekoes tekstiilist meditsiiniline kompressioonp\u00f5lvik AD, avatud varvas - \u00dclemiste Tervisekliinik\",\"isPartOf\":{\"@id\":\"https:\\\/\\\/utk.ee\\\/en\\\/#website\"},\"primaryImageOfPage\":{\"@id\":\"https:\\\/\\\/utk.ee\\\/en\\\/toode\\\/eritellimus-venotrain-curaflow-erimoodus-lamekoes-tekstiilist-meditsiiniline-kompressioonpolvik-ad-avatud-varvas\\\/#primaryimage\"},\"image\":{\"@id\":\"https:\\\/\\\/utk.ee\\\/en\\\/toode\\\/eritellimus-venotrain-curaflow-erimoodus-lamekoes-tekstiilist-meditsiiniline-kompressioonpolvik-ad-avatud-varvas\\\/#primaryimage\"},\"thumbnailUrl\":\"https:\\\/\\\/utk.ee\\\/wp-content\\\/uploads\\\/2026\\\/04\\\/03-perfekte-passform-curaflow-bein.jpg\",\"datePublished\":\"2026-04-22T08:59:59+00:00\",\"dateModified\":\"2026-04-29T09:45:32+00:00\",\"breadcrumb\":{\"@id\":\"https:\\\/\\\/utk.ee\\\/en\\\/toode\\\/eritellimus-venotrain-curaflow-erimoodus-lamekoes-tekstiilist-meditsiiniline-kompressioonpolvik-ad-avatud-varvas\\\/#breadcrumb\"},\"inLanguage\":\"en-US\",\"potentialAction\":[{\"@type\":\"ReadAction\",\"target\":[\"https:\\\/\\\/utk.ee\\\/en\\\/toode\\\/eritellimus-venotrain-curaflow-erimoodus-lamekoes-tekstiilist-meditsiiniline-kompressioonpolvik-ad-avatud-varvas\\\/\"]}]},{\"@type\":\"ImageObject\",\"inLanguage\":\"en-US\",\"@id\":\"https:\\\/\\\/utk.ee\\\/en\\\/toode\\\/eritellimus-venotrain-curaflow-erimoodus-lamekoes-tekstiilist-meditsiiniline-kompressioonpolvik-ad-avatud-varvas\\\/#primaryimage\",\"url\":\"https:\\\/\\\/utk.ee\\\/wp-content\\\/uploads\\\/2026\\\/04\\\/03-perfekte-passform-curaflow-bein.jpg\",\"contentUrl\":\"https:\\\/\\\/utk.ee\\\/wp-content\\\/uploads\\\/2026\\\/04\\\/03-perfekte-passform-curaflow-bein.jpg\",\"width\":1000,\"height\":1000},{\"@type\":\"BreadcrumbList\",\"@id\":\"https:\\\/\\\/utk.ee\\\/en\\\/toode\\\/eritellimus-venotrain-curaflow-erimoodus-lamekoes-tekstiilist-meditsiiniline-kompressioonpolvik-ad-avatud-varvas\\\/#breadcrumb\",\"itemListElement\":[{\"@type\":\"ListItem\",\"position\":1,\"name\":\"Home\",\"item\":\"https:\\\/\\\/utk.ee\\\/en\\\/\"},{\"@type\":\"ListItem\",\"position\":2,\"name\":\"Eritellimus. VenoTrain\u00ae curaflow erim\u00f5\u00f5dus lamekoes tekstiilist meditsiiniline kompressioonp\u00f5lvik AD, avatud varvas\"}]},{\"@type\":\"WebSite\",\"@id\":\"https:\\\/\\\/utk.ee\\\/en\\\/#website\",\"url\":\"https:\\\/\\\/utk.ee\\\/en\\\/\",\"name\":\"\u00dclemiste Tervisekliinik\",\"description\":\"Terviseuuringud, f\u00fcsioteraapia, muud terviseteenused\",\"publisher\":{\"@id\":\"https:\\\/\\\/utk.ee\\\/en\\\/#organization\"},\"potentialAction\":[{\"@type\":\"SearchAction\",\"target\":{\"@type\":\"EntryPoint\",\"urlTemplate\":\"https:\\\/\\\/utk.ee\\\/en\\\/?s={search_term_string}\"},\"query-input\":{\"@type\":\"PropertyValueSpecification\",\"valueRequired\":true,\"valueName\":\"search_term_string\"}}],\"inLanguage\":\"en-US\"},{\"@type\":\"Organization\",\"@id\":\"https:\\\/\\\/utk.ee\\\/en\\\/#organization\",\"name\":\"\u00dclemiste Tervisekliinik\",\"url\":\"https:\\\/\\\/utk.ee\\\/en\\\/\",\"logo\":{\"@type\":\"ImageObject\",\"inLanguage\":\"en-US\",\"@id\":\"https:\\\/\\\/utk.ee\\\/en\\\/#\\\/schema\\\/logo\\\/image\\\/\",\"url\":\"https:\\\/\\\/utk.ee\\\/wp-content\\\/uploads\\\/2026\\\/02\\\/cropped-Ulemiste-Tervisekliinik-fusioteraapia-kruoteraapia-terviseauditid.png\",\"contentUrl\":\"https:\\\/\\\/utk.ee\\\/wp-content\\\/uploads\\\/2026\\\/02\\\/cropped-Ulemiste-Tervisekliinik-fusioteraapia-kruoteraapia-terviseauditid.png\",\"width\":512,\"height\":512,\"caption\":\"\u00dclemiste Tervisekliinik\"},\"image\":{\"@id\":\"https:\\\/\\\/utk.ee\\\/en\\\/#\\\/schema\\\/logo\\\/image\\\/\"}}]}<\/script>\n<!-- \/ Yoast SEO plugin. -->","yoast_head_json":{"title":"Eritellimus. VenoTrain\u00ae curaflow erim\u00f5\u00f5dus lamekoes tekstiilist meditsiiniline kompressioonp\u00f5lvik AD, avatud varvas - \u00dclemiste Tervisekliinik","robots":{"index":"index","follow":"follow","max-snippet":"max-snippet:-1","max-image-preview":"max-image-preview:large","max-video-preview":"max-video-preview:-1"},"canonical":"https:\/\/utk.ee\/en\/toode\/eritellimus-venotrain-curaflow-erimoodus-lamekoes-tekstiilist-meditsiiniline-kompressioonpolvik-ad-avatud-varvas\/","og_locale":"en_US","og_type":"article","og_title":"Eritellimus. VenoTrain\u00ae curaflow erim\u00f5\u00f5dus lamekoes tekstiilist meditsiiniline kompressioonp\u00f5lvik AD, avatud varvas - \u00dclemiste Tervisekliinik","og_description":"Kompressioonp\u00f5lvik jalgade tursete sihip\u00e4raseks raviks. Toodet v\u00e4ljastatakse eritellimusel. Tellimiseks tule \u00dclemiste Tervisekliinikusse v\u00f5i saada p\u00e4ring info@terviseuuringud.ee.  PS! Enne ostmist teosta m\u00f5\u00f5tmine vastavalt allpool oleva m\u00f5\u00f5dutabeli j\u00e4rgi v\u00f5i k\u00fclasta meie kliinikut (E-R, kl 9-16) ja teostame m\u00f5\u00f5tmise ise.","og_url":"https:\/\/utk.ee\/en\/toode\/eritellimus-venotrain-curaflow-erimoodus-lamekoes-tekstiilist-meditsiiniline-kompressioonpolvik-ad-avatud-varvas\/","og_site_name":"\u00dclemiste Tervisekliinik","article_modified_time":"2026-04-29T09:45:32+00:00","og_image":[{"width":1000,"height":1000,"url":"https:\/\/utk.ee\/wp-content\/uploads\/2026\/04\/03-perfekte-passform-curaflow-bein.jpg","type":"image\/jpeg"}],"twitter_card":"summary_large_image","twitter_misc":{"Est. reading time":"3 minutes"},"schema":{"@context":"https:\/\/schema.org","@graph":[{"@type":"WebPage","@id":"https:\/\/utk.ee\/en\/toode\/eritellimus-venotrain-curaflow-erimoodus-lamekoes-tekstiilist-meditsiiniline-kompressioonpolvik-ad-avatud-varvas\/","url":"https:\/\/utk.ee\/en\/toode\/eritellimus-venotrain-curaflow-erimoodus-lamekoes-tekstiilist-meditsiiniline-kompressioonpolvik-ad-avatud-varvas\/","name":"Eritellimus. VenoTrain\u00ae curaflow erim\u00f5\u00f5dus lamekoes tekstiilist meditsiiniline kompressioonp\u00f5lvik AD, avatud varvas - \u00dclemiste Tervisekliinik","isPartOf":{"@id":"https:\/\/utk.ee\/en\/#website"},"primaryImageOfPage":{"@id":"https:\/\/utk.ee\/en\/toode\/eritellimus-venotrain-curaflow-erimoodus-lamekoes-tekstiilist-meditsiiniline-kompressioonpolvik-ad-avatud-varvas\/#primaryimage"},"image":{"@id":"https:\/\/utk.ee\/en\/toode\/eritellimus-venotrain-curaflow-erimoodus-lamekoes-tekstiilist-meditsiiniline-kompressioonpolvik-ad-avatud-varvas\/#primaryimage"},"thumbnailUrl":"https:\/\/utk.ee\/wp-content\/uploads\/2026\/04\/03-perfekte-passform-curaflow-bein.jpg","datePublished":"2026-04-22T08:59:59+00:00","dateModified":"2026-04-29T09:45:32+00:00","breadcrumb":{"@id":"https:\/\/utk.ee\/en\/toode\/eritellimus-venotrain-curaflow-erimoodus-lamekoes-tekstiilist-meditsiiniline-kompressioonpolvik-ad-avatud-varvas\/#breadcrumb"},"inLanguage":"en-US","potentialAction":[{"@type":"ReadAction","target":["https:\/\/utk.ee\/en\/toode\/eritellimus-venotrain-curaflow-erimoodus-lamekoes-tekstiilist-meditsiiniline-kompressioonpolvik-ad-avatud-varvas\/"]}]},{"@type":"ImageObject","inLanguage":"en-US","@id":"https:\/\/utk.ee\/en\/toode\/eritellimus-venotrain-curaflow-erimoodus-lamekoes-tekstiilist-meditsiiniline-kompressioonpolvik-ad-avatud-varvas\/#primaryimage","url":"https:\/\/utk.ee\/wp-content\/uploads\/2026\/04\/03-perfekte-passform-curaflow-bein.jpg","contentUrl":"https:\/\/utk.ee\/wp-content\/uploads\/2026\/04\/03-perfekte-passform-curaflow-bein.jpg","width":1000,"height":1000},{"@type":"BreadcrumbList","@id":"https:\/\/utk.ee\/en\/toode\/eritellimus-venotrain-curaflow-erimoodus-lamekoes-tekstiilist-meditsiiniline-kompressioonpolvik-ad-avatud-varvas\/#breadcrumb","itemListElement":[{"@type":"ListItem","position":1,"name":"Home","item":"https:\/\/utk.ee\/en\/"},{"@type":"ListItem","position":2,"name":"Eritellimus. VenoTrain\u00ae curaflow erim\u00f5\u00f5dus lamekoes tekstiilist meditsiiniline kompressioonp\u00f5lvik AD, avatud varvas"}]},{"@type":"WebSite","@id":"https:\/\/utk.ee\/en\/#website","url":"https:\/\/utk.ee\/en\/","name":"\u00dclemiste Tervisekliinik","description":"Terviseuuringud, f\u00fcsioteraapia, muud terviseteenused","publisher":{"@id":"https:\/\/utk.ee\/en\/#organization"},"potentialAction":[{"@type":"SearchAction","target":{"@type":"EntryPoint","urlTemplate":"https:\/\/utk.ee\/en\/?s={search_term_string}"},"query-input":{"@type":"PropertyValueSpecification","valueRequired":true,"valueName":"search_term_string"}}],"inLanguage":"en-US"},{"@type":"Organization","@id":"https:\/\/utk.ee\/en\/#organization","name":"\u00dclemiste Tervisekliinik","url":"https:\/\/utk.ee\/en\/","logo":{"@type":"ImageObject","inLanguage":"en-US","@id":"https:\/\/utk.ee\/en\/#\/schema\/logo\/image\/","url":"https:\/\/utk.ee\/wp-content\/uploads\/2026\/02\/cropped-Ulemiste-Tervisekliinik-fusioteraapia-kruoteraapia-terviseauditid.png","contentUrl":"https:\/\/utk.ee\/wp-content\/uploads\/2026\/02\/cropped-Ulemiste-Tervisekliinik-fusioteraapia-kruoteraapia-terviseauditid.png","width":512,"height":512,"caption":"\u00dclemiste Tervisekliinik"},"image":{"@id":"https:\/\/utk.ee\/en\/#\/schema\/logo\/image\/"}}]}},"_links":{"self":[{"href":"https:\/\/utk.ee\/en\/wp-json\/wp\/v2\/product\/8492","targetHints":{"allow":["GET"]}}],"collection":[{"href":"https:\/\/utk.ee\/en\/wp-json\/wp\/v2\/product"}],"about":[{"href":"https:\/\/utk.ee\/en\/wp-json\/wp\/v2\/types\/product"}],"replies":[{"embeddable":true,"href":"https:\/\/utk.ee\/en\/wp-json\/wp\/v2\/comments?post=8492"}],"wp:featuredmedia":[{"embeddable":true,"href":"https:\/\/utk.ee\/en\/wp-json\/wp\/v2\/media\/8494"}],"wp:attachment":[{"href":"https:\/\/utk.ee\/en\/wp-json\/wp\/v2\/media?parent=8492"}],"wp:term":[{"taxonomy":"product_brand","embeddable":true,"href":"https:\/\/utk.ee\/en\/wp-json\/wp\/v2\/product_brand?post=8492"},{"taxonomy":"product_cat","embeddable":true,"href":"https:\/\/utk.ee\/en\/wp-json\/wp\/v2\/product_cat?post=8492"},{"taxonomy":"product_tag","embeddable":true,"href":"https:\/\/utk.ee\/en\/wp-json\/wp\/v2\/product_tag?post=8492"}],"curies":[{"name":"wp","href":"https:\/\/api.w.org\/{rel}","templated":true}]}}