{"id":7346,"date":"2026-04-09T07:55:20","date_gmt":"2026-04-09T07:55:20","guid":{"rendered":"https:\/\/utk.ee\/?post_type=product&#038;p=7346"},"modified":"2026-04-29T10:03:01","modified_gmt":"2026-04-29T10:03:01","slug":"spinova-osteo-lulisambaortoos","status":"publish","type":"product","link":"https:\/\/utk.ee\/en\/toode\/spinova-osteo-lulisambaortoos\/","title":{"rendered":"Spinova Osteo\u00ae l\u00fclisambaortoos"},"content":{"rendered":"<p data-path-to-node=\"0\"><em><strong>Sul on ortoosi v\u00f5i kompressioontoote retsept? Sel juhul toimub toodete m\u00fc\u00fck \u00dclemiste Tervisekliinikus kohapeal: Sepapaja 12\/1, Tervisemaja 2, II korrus, v\u00f5i meili teel info@terviseuuringud.ee. Meili teel p\u00e4ringut saates lisa oma isikukood.<\/strong><\/em><\/p>\n<p>Torakaal-nimmeortoos, mis stabiliseerib ja toetab kogu l\u00fclisammast igap\u00e4evasel kandmisel.<\/p>\n<p data-path-to-node=\"1\"><b data-path-to-node=\"1\" data-index-in-node=\"0\">Spinova Osteo<\/b> pakub tugevat ja stabiilset tuge l\u00fclisamba stabiliseerimiseks selliste probleemide korral nagu osteoartriit, osteoporoos, l\u00fclisambamurrud ning krooniline seljavalu v\u00f5i -n\u00f5rkus. Seejuures istub ortoos mugavalt igap\u00e4evaste riiete all ning seda on imelihtne ise selga panna ja eemaldada.<\/p>\n<p data-path-to-node=\"2\">Spinova Osteo kasutab vormitavat seljatuge, mis koos reguleeritavate rihmade ja vaagnatoega korrigeerib r\u00fchti ning leevendab valusid. Lihtne seljakoti-stiilis disain t\u00e4hendab, et saad ortoosi iseseisvalt ja vaevata peale panna ning maha v\u00f5tta.<\/p>\n<h3 data-path-to-node=\"2\">Suurused<\/h3>\n<p><a href=\"https:\/\/utk.ee\/wp-content\/uploads\/2026\/04\/csm_measurement_spinova-osteo_f2cb8397fd-1.jpg\"><img fetchpriority=\"high\" decoding=\"async\" class=\"alignnone wp-image-7360\" src=\"https:\/\/utk.ee\/wp-content\/uploads\/2026\/04\/csm_measurement_spinova-osteo_f2cb8397fd-1-180x300.jpg\" alt=\"\" width=\"255\" height=\"425\" srcset=\"https:\/\/utk.ee\/wp-content\/uploads\/2026\/04\/csm_measurement_spinova-osteo_f2cb8397fd-1-180x300.jpg 180w, https:\/\/utk.ee\/wp-content\/uploads\/2026\/04\/csm_measurement_spinova-osteo_f2cb8397fd-1.jpg 360w\" sizes=\"(max-width: 255px) 100vw, 255px\" \/><\/a><\/p>\n<p><a href=\"https:\/\/utk.ee\/wp-content\/uploads\/2026\/04\/spinova-osteo-moodud-2.jpg\"><img decoding=\"async\" class=\"alignnone wp-image-7362\" src=\"https:\/\/utk.ee\/wp-content\/uploads\/2026\/04\/spinova-osteo-moodud-2-153x300.jpg\" alt=\"\" width=\"449\" height=\"880\" srcset=\"https:\/\/utk.ee\/wp-content\/uploads\/2026\/04\/spinova-osteo-moodud-2-153x300.jpg 153w, https:\/\/utk.ee\/wp-content\/uploads\/2026\/04\/spinova-osteo-moodud-2-600x1176.jpg 600w, https:\/\/utk.ee\/wp-content\/uploads\/2026\/04\/spinova-osteo-moodud-2-522x1024.jpg 522w, https:\/\/utk.ee\/wp-content\/uploads\/2026\/04\/spinova-osteo-moodud-2-332x650.jpg 332w, https:\/\/utk.ee\/wp-content\/uploads\/2026\/04\/spinova-osteo-moodud-2.jpg 750w\" sizes=\"(max-width: 449px) 100vw, 449px\" \/><\/a><\/p>\n","protected":false},"excerpt":{"rendered":"<p>L\u00fclisambaortoos, mis stabiliseerib ja toetab kogu l\u00fclisammast igap\u00e4evasel kandmisel.<\/p>\n","protected":false},"featured_media":7351,"comment_status":"open","ping_status":"closed","template":"","meta":{"iawp_total_views":9},"product_brand":[],"product_cat":[27],"product_tag":[47],"class_list":{"0":"post-7346","1":"product","2":"type-product","3":"status-publish","4":"has-post-thumbnail","6":"product_cat-ortoosid","7":"product_tag-tarne-3-7-paeva","9":"first","10":"instock","11":"taxable","12":"shipping-taxable","13":"purchasable","14":"product-type-variable","15":"has-default-attributes"},"yoast_head":"<!-- This site is optimized with the Yoast SEO plugin v27.4 - https:\/\/yoast.com\/product\/yoast-seo-wordpress\/ -->\n<title>Spinova Osteo\u00ae l\u00fclisambaortoos - \u00dclemiste Tervisekliinik<\/title>\n<meta name=\"description\" content=\"L\u00fclisambaortoos, mis stabiliseerib ja toetab kogu l\u00fclisammast igap\u00e4evasel kandmisel. Seljaortoosid. Telli e-poest pakiautomaati.\" \/>\n<meta name=\"robots\" content=\"index, follow, max-snippet:-1, max-image-preview:large, max-video-preview:-1\" \/>\n<link rel=\"canonical\" href=\"https:\/\/utk.ee\/en\/toode\/spinova-osteo-lulisambaortoos\/\" \/>\n<meta property=\"og:locale\" content=\"en_US\" \/>\n<meta property=\"og:type\" content=\"article\" \/>\n<meta property=\"og:title\" content=\"Spinova Osteo\u00ae l\u00fclisambaortoos - \u00dclemiste Tervisekliinik\" \/>\n<meta property=\"og:description\" content=\"L\u00fclisambaortoos, mis stabiliseerib ja toetab kogu l\u00fclisammast igap\u00e4evasel kandmisel. Seljaortoosid. Telli e-poest pakiautomaati.\" \/>\n<meta property=\"og:url\" content=\"https:\/\/utk.ee\/en\/toode\/spinova-osteo-lulisambaortoos\/\" \/>\n<meta property=\"og:site_name\" content=\"\u00dclemiste Tervisekliinik\" \/>\n<meta property=\"article:modified_time\" content=\"2026-04-29T10:03:01+00:00\" \/>\n<meta property=\"og:image\" content=\"https:\/\/utk.ee\/wp-content\/uploads\/2026\/04\/bauerfeind-spinova-lulisambaortoos.jpg\" \/>\n\t<meta property=\"og:image:width\" content=\"1000\" \/>\n\t<meta property=\"og:image:height\" content=\"1000\" \/>\n\t<meta property=\"og:image:type\" content=\"image\/jpeg\" \/>\n<meta name=\"twitter:card\" content=\"summary_large_image\" \/>\n<meta name=\"twitter:label1\" content=\"Est. reading time\" \/>\n\t<meta name=\"twitter:data1\" content=\"2 minutes\" \/>\n<script type=\"application\/ld+json\" class=\"yoast-schema-graph\">{\"@context\":\"https:\\\/\\\/schema.org\",\"@graph\":[{\"@type\":\"WebPage\",\"@id\":\"https:\\\/\\\/utk.ee\\\/en\\\/toode\\\/spinova-osteo-lulisambaortoos\\\/\",\"url\":\"https:\\\/\\\/utk.ee\\\/en\\\/toode\\\/spinova-osteo-lulisambaortoos\\\/\",\"name\":\"Spinova Osteo\u00ae l\u00fclisambaortoos - \u00dclemiste Tervisekliinik\",\"isPartOf\":{\"@id\":\"https:\\\/\\\/utk.ee\\\/en\\\/#website\"},\"primaryImageOfPage\":{\"@id\":\"https:\\\/\\\/utk.ee\\\/en\\\/toode\\\/spinova-osteo-lulisambaortoos\\\/#primaryimage\"},\"image\":{\"@id\":\"https:\\\/\\\/utk.ee\\\/en\\\/toode\\\/spinova-osteo-lulisambaortoos\\\/#primaryimage\"},\"thumbnailUrl\":\"https:\\\/\\\/utk.ee\\\/wp-content\\\/uploads\\\/2026\\\/04\\\/bauerfeind-spinova-lulisambaortoos.jpg\",\"datePublished\":\"2026-04-09T07:55:20+00:00\",\"dateModified\":\"2026-04-29T10:03:01+00:00\",\"description\":\"L\u00fclisambaortoos, mis stabiliseerib ja toetab kogu l\u00fclisammast igap\u00e4evasel kandmisel. Seljaortoosid. Telli e-poest pakiautomaati.\",\"breadcrumb\":{\"@id\":\"https:\\\/\\\/utk.ee\\\/en\\\/toode\\\/spinova-osteo-lulisambaortoos\\\/#breadcrumb\"},\"inLanguage\":\"en-US\",\"potentialAction\":[{\"@type\":\"ReadAction\",\"target\":[\"https:\\\/\\\/utk.ee\\\/en\\\/toode\\\/spinova-osteo-lulisambaortoos\\\/\"]}]},{\"@type\":\"ImageObject\",\"inLanguage\":\"en-US\",\"@id\":\"https:\\\/\\\/utk.ee\\\/en\\\/toode\\\/spinova-osteo-lulisambaortoos\\\/#primaryimage\",\"url\":\"https:\\\/\\\/utk.ee\\\/wp-content\\\/uploads\\\/2026\\\/04\\\/bauerfeind-spinova-lulisambaortoos.jpg\",\"contentUrl\":\"https:\\\/\\\/utk.ee\\\/wp-content\\\/uploads\\\/2026\\\/04\\\/bauerfeind-spinova-lulisambaortoos.jpg\",\"width\":1000,\"height\":1000,\"caption\":\"Bauerfeind spinova lu\u0308lisambaortoos - seljaortoos.\"},{\"@type\":\"BreadcrumbList\",\"@id\":\"https:\\\/\\\/utk.ee\\\/en\\\/toode\\\/spinova-osteo-lulisambaortoos\\\/#breadcrumb\",\"itemListElement\":[{\"@type\":\"ListItem\",\"position\":1,\"name\":\"Home\",\"item\":\"https:\\\/\\\/utk.ee\\\/en\\\/\"},{\"@type\":\"ListItem\",\"position\":2,\"name\":\"Spinova Osteo\u00ae l\u00fclisambaortoos\"}]},{\"@type\":\"WebSite\",\"@id\":\"https:\\\/\\\/utk.ee\\\/en\\\/#website\",\"url\":\"https:\\\/\\\/utk.ee\\\/en\\\/\",\"name\":\"\u00dclemiste Tervisekliinik\",\"description\":\"Terviseuuringud, f\u00fcsioteraapia, muud terviseteenused\",\"publisher\":{\"@id\":\"https:\\\/\\\/utk.ee\\\/en\\\/#organization\"},\"potentialAction\":[{\"@type\":\"SearchAction\",\"target\":{\"@type\":\"EntryPoint\",\"urlTemplate\":\"https:\\\/\\\/utk.ee\\\/en\\\/?s={search_term_string}\"},\"query-input\":{\"@type\":\"PropertyValueSpecification\",\"valueRequired\":true,\"valueName\":\"search_term_string\"}}],\"inLanguage\":\"en-US\"},{\"@type\":\"Organization\",\"@id\":\"https:\\\/\\\/utk.ee\\\/en\\\/#organization\",\"name\":\"\u00dclemiste Tervisekliinik\",\"url\":\"https:\\\/\\\/utk.ee\\\/en\\\/\",\"logo\":{\"@type\":\"ImageObject\",\"inLanguage\":\"en-US\",\"@id\":\"https:\\\/\\\/utk.ee\\\/en\\\/#\\\/schema\\\/logo\\\/image\\\/\",\"url\":\"https:\\\/\\\/utk.ee\\\/wp-content\\\/uploads\\\/2026\\\/02\\\/cropped-Ulemiste-Tervisekliinik-fusioteraapia-kruoteraapia-terviseauditid.png\",\"contentUrl\":\"https:\\\/\\\/utk.ee\\\/wp-content\\\/uploads\\\/2026\\\/02\\\/cropped-Ulemiste-Tervisekliinik-fusioteraapia-kruoteraapia-terviseauditid.png\",\"width\":512,\"height\":512,\"caption\":\"\u00dclemiste Tervisekliinik\"},\"image\":{\"@id\":\"https:\\\/\\\/utk.ee\\\/en\\\/#\\\/schema\\\/logo\\\/image\\\/\"}}]}<\/script>\n<!-- \/ Yoast SEO plugin. -->","yoast_head_json":{"title":"Spinova Osteo\u00ae l\u00fclisambaortoos - \u00dclemiste Tervisekliinik","description":"L\u00fclisambaortoos, mis stabiliseerib ja toetab kogu l\u00fclisammast igap\u00e4evasel kandmisel. Seljaortoosid. Telli e-poest pakiautomaati.","robots":{"index":"index","follow":"follow","max-snippet":"max-snippet:-1","max-image-preview":"max-image-preview:large","max-video-preview":"max-video-preview:-1"},"canonical":"https:\/\/utk.ee\/en\/toode\/spinova-osteo-lulisambaortoos\/","og_locale":"en_US","og_type":"article","og_title":"Spinova Osteo\u00ae l\u00fclisambaortoos - \u00dclemiste Tervisekliinik","og_description":"L\u00fclisambaortoos, mis stabiliseerib ja toetab kogu l\u00fclisammast igap\u00e4evasel kandmisel. Seljaortoosid. Telli e-poest pakiautomaati.","og_url":"https:\/\/utk.ee\/en\/toode\/spinova-osteo-lulisambaortoos\/","og_site_name":"\u00dclemiste Tervisekliinik","article_modified_time":"2026-04-29T10:03:01+00:00","og_image":[{"width":1000,"height":1000,"url":"https:\/\/utk.ee\/wp-content\/uploads\/2026\/04\/bauerfeind-spinova-lulisambaortoos.jpg","type":"image\/jpeg"}],"twitter_card":"summary_large_image","twitter_misc":{"Est. reading time":"2 minutes"},"schema":{"@context":"https:\/\/schema.org","@graph":[{"@type":"WebPage","@id":"https:\/\/utk.ee\/en\/toode\/spinova-osteo-lulisambaortoos\/","url":"https:\/\/utk.ee\/en\/toode\/spinova-osteo-lulisambaortoos\/","name":"Spinova Osteo\u00ae l\u00fclisambaortoos - \u00dclemiste Tervisekliinik","isPartOf":{"@id":"https:\/\/utk.ee\/en\/#website"},"primaryImageOfPage":{"@id":"https:\/\/utk.ee\/en\/toode\/spinova-osteo-lulisambaortoos\/#primaryimage"},"image":{"@id":"https:\/\/utk.ee\/en\/toode\/spinova-osteo-lulisambaortoos\/#primaryimage"},"thumbnailUrl":"https:\/\/utk.ee\/wp-content\/uploads\/2026\/04\/bauerfeind-spinova-lulisambaortoos.jpg","datePublished":"2026-04-09T07:55:20+00:00","dateModified":"2026-04-29T10:03:01+00:00","description":"L\u00fclisambaortoos, mis stabiliseerib ja toetab kogu l\u00fclisammast igap\u00e4evasel kandmisel. Seljaortoosid. Telli e-poest pakiautomaati.","breadcrumb":{"@id":"https:\/\/utk.ee\/en\/toode\/spinova-osteo-lulisambaortoos\/#breadcrumb"},"inLanguage":"en-US","potentialAction":[{"@type":"ReadAction","target":["https:\/\/utk.ee\/en\/toode\/spinova-osteo-lulisambaortoos\/"]}]},{"@type":"ImageObject","inLanguage":"en-US","@id":"https:\/\/utk.ee\/en\/toode\/spinova-osteo-lulisambaortoos\/#primaryimage","url":"https:\/\/utk.ee\/wp-content\/uploads\/2026\/04\/bauerfeind-spinova-lulisambaortoos.jpg","contentUrl":"https:\/\/utk.ee\/wp-content\/uploads\/2026\/04\/bauerfeind-spinova-lulisambaortoos.jpg","width":1000,"height":1000,"caption":"Bauerfeind spinova lu\u0308lisambaortoos - seljaortoos."},{"@type":"BreadcrumbList","@id":"https:\/\/utk.ee\/en\/toode\/spinova-osteo-lulisambaortoos\/#breadcrumb","itemListElement":[{"@type":"ListItem","position":1,"name":"Home","item":"https:\/\/utk.ee\/en\/"},{"@type":"ListItem","position":2,"name":"Spinova Osteo\u00ae l\u00fclisambaortoos"}]},{"@type":"WebSite","@id":"https:\/\/utk.ee\/en\/#website","url":"https:\/\/utk.ee\/en\/","name":"\u00dclemiste Tervisekliinik","description":"Terviseuuringud, f\u00fcsioteraapia, muud terviseteenused","publisher":{"@id":"https:\/\/utk.ee\/en\/#organization"},"potentialAction":[{"@type":"SearchAction","target":{"@type":"EntryPoint","urlTemplate":"https:\/\/utk.ee\/en\/?s={search_term_string}"},"query-input":{"@type":"PropertyValueSpecification","valueRequired":true,"valueName":"search_term_string"}}],"inLanguage":"en-US"},{"@type":"Organization","@id":"https:\/\/utk.ee\/en\/#organization","name":"\u00dclemiste Tervisekliinik","url":"https:\/\/utk.ee\/en\/","logo":{"@type":"ImageObject","inLanguage":"en-US","@id":"https:\/\/utk.ee\/en\/#\/schema\/logo\/image\/","url":"https:\/\/utk.ee\/wp-content\/uploads\/2026\/02\/cropped-Ulemiste-Tervisekliinik-fusioteraapia-kruoteraapia-terviseauditid.png","contentUrl":"https:\/\/utk.ee\/wp-content\/uploads\/2026\/02\/cropped-Ulemiste-Tervisekliinik-fusioteraapia-kruoteraapia-terviseauditid.png","width":512,"height":512,"caption":"\u00dclemiste Tervisekliinik"},"image":{"@id":"https:\/\/utk.ee\/en\/#\/schema\/logo\/image\/"}}]}},"_links":{"self":[{"href":"https:\/\/utk.ee\/en\/wp-json\/wp\/v2\/product\/7346","targetHints":{"allow":["GET"]}}],"collection":[{"href":"https:\/\/utk.ee\/en\/wp-json\/wp\/v2\/product"}],"about":[{"href":"https:\/\/utk.ee\/en\/wp-json\/wp\/v2\/types\/product"}],"replies":[{"embeddable":true,"href":"https:\/\/utk.ee\/en\/wp-json\/wp\/v2\/comments?post=7346"}],"wp:featuredmedia":[{"embeddable":true,"href":"https:\/\/utk.ee\/en\/wp-json\/wp\/v2\/media\/7351"}],"wp:attachment":[{"href":"https:\/\/utk.ee\/en\/wp-json\/wp\/v2\/media?parent=7346"}],"wp:term":[{"taxonomy":"product_brand","embeddable":true,"href":"https:\/\/utk.ee\/en\/wp-json\/wp\/v2\/product_brand?post=7346"},{"taxonomy":"product_cat","embeddable":true,"href":"https:\/\/utk.ee\/en\/wp-json\/wp\/v2\/product_cat?post=7346"},{"taxonomy":"product_tag","embeddable":true,"href":"https:\/\/utk.ee\/en\/wp-json\/wp\/v2\/product_tag?post=7346"}],"curies":[{"name":"wp","href":"https:\/\/api.w.org\/{rel}","templated":true}]}}