{"id":7203,"date":"2026-04-08T07:39:38","date_gmt":"2026-04-08T07:39:38","guid":{"rendered":"https:\/\/utk.ee\/?post_type=product&#038;p=7203"},"modified":"2026-04-29T09:53:34","modified_gmt":"2026-04-29T09:53:34","slug":"bauerfeind-genutrain-s-polveortoos","status":"publish","type":"product","link":"https:\/\/utk.ee\/en\/toode\/bauerfeind-genutrain-s-polveortoos\/","title":{"rendered":"Bauerfeind GenuTrain\u00ae S p\u00f5lveortoos"},"content":{"rendered":"<p data-path-to-node=\"0\"><em><strong>Sul on ortoosi retsept? Sel juhul toimub toodete m\u00fc\u00fck \u00dclemiste Tervisekliinikus kohapeal: Sepapaja 12\/1, Tervisemaja 2, II korrus, v\u00f5i meili teel info@terviseuuringud.ee. Meili teel p\u00e4ringut saates lisa oma isikukood.<\/strong><\/em><\/p>\n<p>P\u00f5lveortoos m\u00f5\u00f5dukate meniskivigastuste, artriidivalu, eesmise (ACL) ja tagumise (PCL) ristatisideme vigastuste korral ning toeks suusatamisel.<\/p>\n<p data-path-to-node=\"1\"><b data-path-to-node=\"1\" data-index-in-node=\"0\">GenuTrain S<\/b> on ideaalne p\u00f5lveortoos p\u00f5lve ebastabiilsuse ja valu korral. See toetab ja stabiliseerib p\u00f5lve p\u00e4rast meniski ning eesmise (ACL), sisemise (MCL) ja tagumise (PCL) ristatisideme vigastusi. Selle kompressioonkude, p\u00f5lvekedra polsterdus ja anatoomilised k\u00fclgliigendid leevendavad valu ning hoiavad \u00e4ra liigse sirutuse (h\u00fcpereksisiooni), piirates kahjustavaid liigutusi ja soodustades paranemist. Samal ajal tagab selle kerge, kuid vastupidav disain stabiilsuse isegi k\u00f5ige aktiivsemate liigutuste juures.<\/p>\n<p data-path-to-node=\"2\">GenuTrain S kasutab <strong>hingavat kompressioonkude<\/strong>, et parandada verevarustust ja kiirendada taastumist. Anatoomilised liigendid ja reguleeritavad rihmad v\u00f5imaldavad t\u00e4ielikult kontrollitud stabiilsust mis tahes tegevuse ajal. Samuti saate rihmu l\u00f5dvendada v\u00f5i pingutada, et kohandada ortoosi vastavalt paistetusele v\u00f5i lihasmuutustele taastumisprotsessi v\u00e4ltel.<\/p>\n<p data-path-to-node=\"3\">Kui varem kantud liigenditega ortoosid on tundunud masiivsed, piiravad v\u00f5i ebakindlad, siis GenuTrain S muudab seda t\u00e4ielikult. T\u00e4nu t\u00e4psele Saksa insenerit\u00f6\u00f6le, anatoomilise kujuga liigenditele ja hingavale kompressioonile pakub see kontrollitud stabiilsust, tegemata j\u00e4releandmisi mugavuses v\u00f5i liikumisvabaduses.<\/p>\n<h3 data-path-to-node=\"3\">Suurused<\/h3>\n<p><a href=\"https:\/\/utk.ee\/wp-content\/uploads\/2026\/04\/genutrain-s-suurused.jpg\"><img fetchpriority=\"high\" decoding=\"async\" class=\"alignnone size-medium wp-image-7217\" src=\"https:\/\/utk.ee\/wp-content\/uploads\/2026\/04\/genutrain-s-suurused-300x230.jpg\" alt=\"\" width=\"300\" height=\"230\" srcset=\"https:\/\/utk.ee\/wp-content\/uploads\/2026\/04\/genutrain-s-suurused-300x230.jpg 300w, https:\/\/utk.ee\/wp-content\/uploads\/2026\/04\/genutrain-s-suurused.jpg 360w\" sizes=\"(max-width: 300px) 100vw, 300px\" \/><\/a><\/p>\n<p><a href=\"https:\/\/utk.ee\/wp-content\/uploads\/2026\/04\/genutrain-s-polveortoosi-suurused.jpg\"><img decoding=\"async\" class=\"alignnone wp-image-7216\" src=\"https:\/\/utk.ee\/wp-content\/uploads\/2026\/04\/genutrain-s-polveortoosi-suurused-300x235.jpg\" alt=\"Genutrain-s po\u0303lveortoosi suurused - ortooside tellimine\" width=\"489\" height=\"383\" srcset=\"https:\/\/utk.ee\/wp-content\/uploads\/2026\/04\/genutrain-s-polveortoosi-suurused-300x235.jpg 300w, https:\/\/utk.ee\/wp-content\/uploads\/2026\/04\/genutrain-s-polveortoosi-suurused-600x470.jpg 600w, https:\/\/utk.ee\/wp-content\/uploads\/2026\/04\/genutrain-s-polveortoosi-suurused-650x509.jpg 650w, https:\/\/utk.ee\/wp-content\/uploads\/2026\/04\/genutrain-s-polveortoosi-suurused.jpg 750w\" sizes=\"(max-width: 489px) 100vw, 489px\" \/><\/a><\/p>\n<p>&nbsp;<\/p>\n<h3>Bauerfeind ortoosidest<\/h3>\n<p data-path-to-node=\"3\">Enamik odavaid ortoose t\u00f6\u00f6tavad nagu \u201ckips\u201d \u2013 nad hoiavad liigest paigal ja piiravad passiivselt liikumist. See aga n\u00f5rgestab lihaseid.\u00a0<b data-path-to-node=\"4,0,0\" data-index-in-node=\"0\">Bauerfeindi\u00a0<\/b>tooted nagu n\u00e4iteks\u00a0<i data-path-to-node=\"4,0,0\" data-index-in-node=\"42\">GenuTrain<\/i><span data-path-to-node=\"4,0,0\" data-index-in-node=\"42\">\u00a0ja\u00a0<\/span><i data-path-to-node=\"4,0,0\" data-index-in-node=\"53\">MalleoTrain<\/i>\u00a0on disainitud\u00a0<strong>stimuleerima lihaseid<\/strong>. T\u00e4nu patenteeritud viskoelastsetele padjanditele (Omega-padjandid) toimub iga liigutusega\u00a0<strong>pehmete kudede mikromassaa\u017e<\/strong>. See v\u00e4hendab turset ja valu ning, mis k\u00f5ige t\u00e4htsam,\u00a0<b data-path-to-node=\"4,0,0\" data-index-in-node=\"275\">aktiveerib lihaseid<\/b>. See t\u00e4hendab, et ortoos mitte ei v\u00f5ta lihaste t\u00f6\u00f6d \u00fcle, vaid \u00f5petab neid uuesti \u00f5igesti t\u00f6\u00f6tama.<\/p>\n<p data-path-to-node=\"9\">Bauerfeindi \u201csalarelv\u201d, mida odavamad konkurendid ei suuda kopeerida, on see, et\u00a0<strong>ortoosid suurendavad naha ja kudede sensorite stimulatsiooni<\/strong>. Tulemuseks olukord, kus aju saab paremat infot liigese asendi kohta, mis paneb lihased automaatselt stabiilsemalt ja kontrollitumalt t\u00f6\u00f6tama. See on p\u00f5hjus, miks\u00a0<strong>v\u00e4ga paljud profisportlased, kellel on vaja kiireid reflekse, eelistavad Bauerfeindi.<\/strong><\/p>\n<p data-path-to-node=\"13,0,0\">Bauerfeind kudumid on tehtud nii, et see<strong>\u00a0juhiks niiskust eemale<\/strong>, hoides naha kuivana ka intensiivsel kasutamisel. See v\u00e4hendab bakterite kasvu ja naha\u00e4rritust (mida odavamad neopreen-ortoosid sageli p\u00f5hjustavad).<\/p>\n<p data-path-to-node=\"13,1,0\"><strong>Bauerfeindi toode kestab\u00a0 1\u20132 aastat ja seda isegi igap\u00e4evasel kandmisel. Samas kui 30-eurosed apteegitooted kaotavad oma elastsuse ja survej\u00f5u m\u00f5ne kuuga.<\/strong><\/p>\n","protected":false},"excerpt":{"rendered":"<p><strong>P\u00f5lveortoos<\/strong> m\u00f5\u00f5dukate meniskivigastuste, artriidivalu, eesmise (ACL) ja tagumise (PCL) ristatisideme vigastuste korral ning toeks suusatamisel.<\/p>\n<p><em>PS! Enne ostmist teosta m\u00f5\u00f5tmine vastavalt allpool oleva m\u00f5\u00f5dutabeli j\u00e4rgi v\u00f5i k\u00fclasta meie kliinikut ja teostame m\u00f5\u00f5tmise ise.<\/em><\/p>\n","protected":false},"featured_media":7211,"comment_status":"closed","ping_status":"closed","template":"","meta":{"iawp_total_views":18},"product_brand":[],"product_cat":[27],"product_tag":[47],"class_list":{"0":"post-7203","1":"product","2":"type-product","3":"status-publish","4":"has-post-thumbnail","6":"product_cat-ortoosid","7":"product_tag-tarne-3-7-paeva","9":"first","10":"instock","11":"taxable","12":"shipping-taxable","13":"purchasable","14":"product-type-variable","15":"has-default-attributes"},"yoast_head":"<!-- This site is optimized with the Yoast SEO plugin v27.4 - https:\/\/yoast.com\/product\/yoast-seo-wordpress\/ -->\n<title>Bauerfeind GenuTrain\u00ae S p\u00f5lveortoos - \u00dclemiste Tervisekliinik<\/title>\n<meta name=\"description\" content=\"Ideaalne p\u00f5lveortoos m\u00f5\u00f5dukate meniskivigastuste, artriidivalu, eesmise (ACL) ja tagumise (PCL) ristatisideme vigastuste korral ning toeks suusatamisel.\" \/>\n<meta name=\"robots\" content=\"index, follow, max-snippet:-1, max-image-preview:large, max-video-preview:-1\" \/>\n<link rel=\"canonical\" href=\"https:\/\/utk.ee\/en\/toode\/bauerfeind-genutrain-s-polveortoos\/\" \/>\n<meta property=\"og:locale\" content=\"en_US\" \/>\n<meta property=\"og:type\" content=\"article\" \/>\n<meta property=\"og:title\" content=\"Bauerfeind GenuTrain\u00ae S p\u00f5lveortoos - \u00dclemiste Tervisekliinik\" \/>\n<meta property=\"og:description\" content=\"Ideaalne p\u00f5lveortoos m\u00f5\u00f5dukate meniskivigastuste, artriidivalu, eesmise (ACL) ja tagumise (PCL) ristatisideme vigastuste korral ning toeks suusatamisel.\" \/>\n<meta property=\"og:url\" content=\"https:\/\/utk.ee\/en\/toode\/bauerfeind-genutrain-s-polveortoos\/\" \/>\n<meta property=\"og:site_name\" content=\"\u00dclemiste Tervisekliinik\" \/>\n<meta property=\"article:modified_time\" content=\"2026-04-29T09:53:34+00:00\" \/>\n<meta property=\"og:image\" content=\"https:\/\/utk.ee\/wp-content\/uploads\/2026\/04\/Genutrain-S-Knee-Brace-1080x1080-1.webp\" \/>\n\t<meta property=\"og:image:width\" content=\"1080\" \/>\n\t<meta property=\"og:image:height\" content=\"1080\" \/>\n\t<meta property=\"og:image:type\" content=\"image\/webp\" \/>\n<meta name=\"twitter:card\" content=\"summary_large_image\" \/>\n<meta name=\"twitter:label1\" content=\"Est. reading time\" \/>\n\t<meta name=\"twitter:data1\" content=\"3 minutes\" \/>\n<script type=\"application\/ld+json\" class=\"yoast-schema-graph\">{\"@context\":\"https:\\\/\\\/schema.org\",\"@graph\":[{\"@type\":\"WebPage\",\"@id\":\"https:\\\/\\\/utk.ee\\\/en\\\/toode\\\/bauerfeind-genutrain-s-polveortoos\\\/\",\"url\":\"https:\\\/\\\/utk.ee\\\/en\\\/toode\\\/bauerfeind-genutrain-s-polveortoos\\\/\",\"name\":\"Bauerfeind GenuTrain\u00ae S p\u00f5lveortoos - \u00dclemiste Tervisekliinik\",\"isPartOf\":{\"@id\":\"https:\\\/\\\/utk.ee\\\/en\\\/#website\"},\"primaryImageOfPage\":{\"@id\":\"https:\\\/\\\/utk.ee\\\/en\\\/toode\\\/bauerfeind-genutrain-s-polveortoos\\\/#primaryimage\"},\"image\":{\"@id\":\"https:\\\/\\\/utk.ee\\\/en\\\/toode\\\/bauerfeind-genutrain-s-polveortoos\\\/#primaryimage\"},\"thumbnailUrl\":\"https:\\\/\\\/utk.ee\\\/wp-content\\\/uploads\\\/2026\\\/04\\\/Genutrain-S-Knee-Brace-1080x1080-1.webp\",\"datePublished\":\"2026-04-08T07:39:38+00:00\",\"dateModified\":\"2026-04-29T09:53:34+00:00\",\"description\":\"Ideaalne p\u00f5lveortoos m\u00f5\u00f5dukate meniskivigastuste, artriidivalu, eesmise (ACL) ja tagumise (PCL) ristatisideme vigastuste korral ning toeks suusatamisel.\",\"breadcrumb\":{\"@id\":\"https:\\\/\\\/utk.ee\\\/en\\\/toode\\\/bauerfeind-genutrain-s-polveortoos\\\/#breadcrumb\"},\"inLanguage\":\"en-US\",\"potentialAction\":[{\"@type\":\"ReadAction\",\"target\":[\"https:\\\/\\\/utk.ee\\\/en\\\/toode\\\/bauerfeind-genutrain-s-polveortoos\\\/\"]}]},{\"@type\":\"ImageObject\",\"inLanguage\":\"en-US\",\"@id\":\"https:\\\/\\\/utk.ee\\\/en\\\/toode\\\/bauerfeind-genutrain-s-polveortoos\\\/#primaryimage\",\"url\":\"https:\\\/\\\/utk.ee\\\/wp-content\\\/uploads\\\/2026\\\/04\\\/Genutrain-S-Knee-Brace-1080x1080-1.webp\",\"contentUrl\":\"https:\\\/\\\/utk.ee\\\/wp-content\\\/uploads\\\/2026\\\/04\\\/Genutrain-S-Knee-Brace-1080x1080-1.webp\",\"width\":1080,\"height\":1080},{\"@type\":\"BreadcrumbList\",\"@id\":\"https:\\\/\\\/utk.ee\\\/en\\\/toode\\\/bauerfeind-genutrain-s-polveortoos\\\/#breadcrumb\",\"itemListElement\":[{\"@type\":\"ListItem\",\"position\":1,\"name\":\"Home\",\"item\":\"https:\\\/\\\/utk.ee\\\/en\\\/\"},{\"@type\":\"ListItem\",\"position\":2,\"name\":\"Bauerfeind GenuTrain\u00ae S p\u00f5lveortoos\"}]},{\"@type\":\"WebSite\",\"@id\":\"https:\\\/\\\/utk.ee\\\/en\\\/#website\",\"url\":\"https:\\\/\\\/utk.ee\\\/en\\\/\",\"name\":\"\u00dclemiste Tervisekliinik\",\"description\":\"Terviseuuringud, f\u00fcsioteraapia, muud terviseteenused\",\"publisher\":{\"@id\":\"https:\\\/\\\/utk.ee\\\/en\\\/#organization\"},\"potentialAction\":[{\"@type\":\"SearchAction\",\"target\":{\"@type\":\"EntryPoint\",\"urlTemplate\":\"https:\\\/\\\/utk.ee\\\/en\\\/?s={search_term_string}\"},\"query-input\":{\"@type\":\"PropertyValueSpecification\",\"valueRequired\":true,\"valueName\":\"search_term_string\"}}],\"inLanguage\":\"en-US\"},{\"@type\":\"Organization\",\"@id\":\"https:\\\/\\\/utk.ee\\\/en\\\/#organization\",\"name\":\"\u00dclemiste Tervisekliinik\",\"url\":\"https:\\\/\\\/utk.ee\\\/en\\\/\",\"logo\":{\"@type\":\"ImageObject\",\"inLanguage\":\"en-US\",\"@id\":\"https:\\\/\\\/utk.ee\\\/en\\\/#\\\/schema\\\/logo\\\/image\\\/\",\"url\":\"https:\\\/\\\/utk.ee\\\/wp-content\\\/uploads\\\/2026\\\/02\\\/cropped-Ulemiste-Tervisekliinik-fusioteraapia-kruoteraapia-terviseauditid.png\",\"contentUrl\":\"https:\\\/\\\/utk.ee\\\/wp-content\\\/uploads\\\/2026\\\/02\\\/cropped-Ulemiste-Tervisekliinik-fusioteraapia-kruoteraapia-terviseauditid.png\",\"width\":512,\"height\":512,\"caption\":\"\u00dclemiste Tervisekliinik\"},\"image\":{\"@id\":\"https:\\\/\\\/utk.ee\\\/en\\\/#\\\/schema\\\/logo\\\/image\\\/\"}}]}<\/script>\n<!-- \/ Yoast SEO plugin. -->","yoast_head_json":{"title":"Bauerfeind GenuTrain\u00ae S p\u00f5lveortoos - \u00dclemiste Tervisekliinik","description":"Ideaalne p\u00f5lveortoos m\u00f5\u00f5dukate meniskivigastuste, artriidivalu, eesmise (ACL) ja tagumise (PCL) ristatisideme vigastuste korral ning toeks suusatamisel.","robots":{"index":"index","follow":"follow","max-snippet":"max-snippet:-1","max-image-preview":"max-image-preview:large","max-video-preview":"max-video-preview:-1"},"canonical":"https:\/\/utk.ee\/en\/toode\/bauerfeind-genutrain-s-polveortoos\/","og_locale":"en_US","og_type":"article","og_title":"Bauerfeind GenuTrain\u00ae S p\u00f5lveortoos - \u00dclemiste Tervisekliinik","og_description":"Ideaalne p\u00f5lveortoos m\u00f5\u00f5dukate meniskivigastuste, artriidivalu, eesmise (ACL) ja tagumise (PCL) ristatisideme vigastuste korral ning toeks suusatamisel.","og_url":"https:\/\/utk.ee\/en\/toode\/bauerfeind-genutrain-s-polveortoos\/","og_site_name":"\u00dclemiste Tervisekliinik","article_modified_time":"2026-04-29T09:53:34+00:00","og_image":[{"width":1080,"height":1080,"url":"https:\/\/utk.ee\/wp-content\/uploads\/2026\/04\/Genutrain-S-Knee-Brace-1080x1080-1.webp","type":"image\/webp"}],"twitter_card":"summary_large_image","twitter_misc":{"Est. reading time":"3 minutes"},"schema":{"@context":"https:\/\/schema.org","@graph":[{"@type":"WebPage","@id":"https:\/\/utk.ee\/en\/toode\/bauerfeind-genutrain-s-polveortoos\/","url":"https:\/\/utk.ee\/en\/toode\/bauerfeind-genutrain-s-polveortoos\/","name":"Bauerfeind GenuTrain\u00ae S p\u00f5lveortoos - \u00dclemiste Tervisekliinik","isPartOf":{"@id":"https:\/\/utk.ee\/en\/#website"},"primaryImageOfPage":{"@id":"https:\/\/utk.ee\/en\/toode\/bauerfeind-genutrain-s-polveortoos\/#primaryimage"},"image":{"@id":"https:\/\/utk.ee\/en\/toode\/bauerfeind-genutrain-s-polveortoos\/#primaryimage"},"thumbnailUrl":"https:\/\/utk.ee\/wp-content\/uploads\/2026\/04\/Genutrain-S-Knee-Brace-1080x1080-1.webp","datePublished":"2026-04-08T07:39:38+00:00","dateModified":"2026-04-29T09:53:34+00:00","description":"Ideaalne p\u00f5lveortoos m\u00f5\u00f5dukate meniskivigastuste, artriidivalu, eesmise (ACL) ja tagumise (PCL) ristatisideme vigastuste korral ning toeks suusatamisel.","breadcrumb":{"@id":"https:\/\/utk.ee\/en\/toode\/bauerfeind-genutrain-s-polveortoos\/#breadcrumb"},"inLanguage":"en-US","potentialAction":[{"@type":"ReadAction","target":["https:\/\/utk.ee\/en\/toode\/bauerfeind-genutrain-s-polveortoos\/"]}]},{"@type":"ImageObject","inLanguage":"en-US","@id":"https:\/\/utk.ee\/en\/toode\/bauerfeind-genutrain-s-polveortoos\/#primaryimage","url":"https:\/\/utk.ee\/wp-content\/uploads\/2026\/04\/Genutrain-S-Knee-Brace-1080x1080-1.webp","contentUrl":"https:\/\/utk.ee\/wp-content\/uploads\/2026\/04\/Genutrain-S-Knee-Brace-1080x1080-1.webp","width":1080,"height":1080},{"@type":"BreadcrumbList","@id":"https:\/\/utk.ee\/en\/toode\/bauerfeind-genutrain-s-polveortoos\/#breadcrumb","itemListElement":[{"@type":"ListItem","position":1,"name":"Home","item":"https:\/\/utk.ee\/en\/"},{"@type":"ListItem","position":2,"name":"Bauerfeind GenuTrain\u00ae S p\u00f5lveortoos"}]},{"@type":"WebSite","@id":"https:\/\/utk.ee\/en\/#website","url":"https:\/\/utk.ee\/en\/","name":"\u00dclemiste Tervisekliinik","description":"Terviseuuringud, f\u00fcsioteraapia, muud terviseteenused","publisher":{"@id":"https:\/\/utk.ee\/en\/#organization"},"potentialAction":[{"@type":"SearchAction","target":{"@type":"EntryPoint","urlTemplate":"https:\/\/utk.ee\/en\/?s={search_term_string}"},"query-input":{"@type":"PropertyValueSpecification","valueRequired":true,"valueName":"search_term_string"}}],"inLanguage":"en-US"},{"@type":"Organization","@id":"https:\/\/utk.ee\/en\/#organization","name":"\u00dclemiste Tervisekliinik","url":"https:\/\/utk.ee\/en\/","logo":{"@type":"ImageObject","inLanguage":"en-US","@id":"https:\/\/utk.ee\/en\/#\/schema\/logo\/image\/","url":"https:\/\/utk.ee\/wp-content\/uploads\/2026\/02\/cropped-Ulemiste-Tervisekliinik-fusioteraapia-kruoteraapia-terviseauditid.png","contentUrl":"https:\/\/utk.ee\/wp-content\/uploads\/2026\/02\/cropped-Ulemiste-Tervisekliinik-fusioteraapia-kruoteraapia-terviseauditid.png","width":512,"height":512,"caption":"\u00dclemiste Tervisekliinik"},"image":{"@id":"https:\/\/utk.ee\/en\/#\/schema\/logo\/image\/"}}]}},"_links":{"self":[{"href":"https:\/\/utk.ee\/en\/wp-json\/wp\/v2\/product\/7203","targetHints":{"allow":["GET"]}}],"collection":[{"href":"https:\/\/utk.ee\/en\/wp-json\/wp\/v2\/product"}],"about":[{"href":"https:\/\/utk.ee\/en\/wp-json\/wp\/v2\/types\/product"}],"replies":[{"embeddable":true,"href":"https:\/\/utk.ee\/en\/wp-json\/wp\/v2\/comments?post=7203"}],"wp:featuredmedia":[{"embeddable":true,"href":"https:\/\/utk.ee\/en\/wp-json\/wp\/v2\/media\/7211"}],"wp:attachment":[{"href":"https:\/\/utk.ee\/en\/wp-json\/wp\/v2\/media?parent=7203"}],"wp:term":[{"taxonomy":"product_brand","embeddable":true,"href":"https:\/\/utk.ee\/en\/wp-json\/wp\/v2\/product_brand?post=7203"},{"taxonomy":"product_cat","embeddable":true,"href":"https:\/\/utk.ee\/en\/wp-json\/wp\/v2\/product_cat?post=7203"},{"taxonomy":"product_tag","embeddable":true,"href":"https:\/\/utk.ee\/en\/wp-json\/wp\/v2\/product_tag?post=7203"}],"curies":[{"name":"wp","href":"https:\/\/api.w.org\/{rel}","templated":true}]}}