{"id":6981,"date":"2026-04-07T09:09:04","date_gmt":"2026-04-07T09:09:04","guid":{"rendered":"https:\/\/utk.ee\/?post_type=product&#038;p=6981"},"modified":"2026-04-29T09:50:38","modified_gmt":"2026-04-29T09:50:38","slug":"bauerfeind-epitrain-kuunarliigese-ortoos","status":"publish","type":"product","link":"https:\/\/utk.ee\/en\/toode\/bauerfeind-epitrain-kuunarliigese-ortoos\/","title":{"rendered":"Bauerfeind EpiTrain\u00ae k\u00fc\u00fcnarliigese ortoos"},"content":{"rendered":"<p data-path-to-node=\"0\"><em><strong>Sul on ortoosi v\u00f5i kompressioontoote retsept? Sel juhul toimub toodete m\u00fc\u00fck \u00dclemiste Tervisekliinikus kohapeal: Sepapaja 12\/1, Tervisemaja 2, II korrus, v\u00f5i meili teel info@terviseuuringud.ee. Meili teel p\u00e4ringut saates lisa oma isikukood.<\/strong><\/em><\/p>\n<p>Ideaalne k\u00fc\u00fcnarnuki tugi tendonidi (k\u00f5\u00f5lusep\u00f5letiku), tennisisti k\u00fc\u00fcnarnuki, golfim\u00e4ngija k\u00fc\u00fcnarnuki, operatsioonij\u00e4rgse taastumise ja artriidi puhul.<\/p>\n<p data-path-to-node=\"3\"><b data-path-to-node=\"3\" data-index-in-node=\"0\">EpiTrain k\u00fc\u00fcnarnuki tugiside<\/b> on ideaalne selliste k\u00fc\u00fcnarnukivalude puhul nagu tennisisti v\u00f5i golfim\u00e4ngija k\u00fc\u00fcnarnukk. See leevendab j\u00e4ikust ja \u00e4rritust, parandab sensomotoorset funktsiooni, v\u00e4hendab paistetust ning hoiab \u00e4ra lihasvalu treeningu ajal.<\/p>\n<p data-path-to-node=\"4\">T\u00e4nu patenditud <b data-path-to-node=\"4\" data-index-in-node=\"16\">anatoomilisele sobivusele<\/b> stabiliseerib kompressioonkude lihaseid ja parandab verevarustust, tagades kiirema paranemise. Samal ajal leevendavad spetsiaalsed geelist massaa\u017eipadjad valu ning p\u00f5letikku lihastes ja k\u00f5\u00f5lustes. Saksamaal disainitud ja valmistatud EpiTrain on sinu k\u00fc\u00fcnarnuki parim s\u00f5ber.<\/p>\n<p data-path-to-node=\"5\">Kui varasemalt kasutatud k\u00fc\u00fcnarnukitoed on sooninud, maha libisenud v\u00f5i ei ole k\u00f5\u00f5lusevalule leevendust pakkunud, siis EpiTrain pakub hoopis teistsugust kogemust. Anatoomilise kujuga kompressioon ja suunatud padjakesed pakuvad leevendust, mis tundub turvaline, stabiilne ja \u00fchtlane igal liigutusel.<\/p>\n<h3 data-path-to-node=\"5\">Suurused<\/h3>\n<p><a href=\"https:\/\/utk.ee\/wp-content\/uploads\/2026\/04\/csm_measurement-epitrain_882ee49afb.jpg\"><img fetchpriority=\"high\" decoding=\"async\" class=\"alignnone wp-image-7013\" src=\"https:\/\/utk.ee\/wp-content\/uploads\/2026\/04\/csm_measurement-epitrain_882ee49afb-257x300.jpg\" alt=\"\" width=\"211\" height=\"246\" srcset=\"https:\/\/utk.ee\/wp-content\/uploads\/2026\/04\/csm_measurement-epitrain_882ee49afb-257x300.jpg 257w, https:\/\/utk.ee\/wp-content\/uploads\/2026\/04\/csm_measurement-epitrain_882ee49afb.jpg 360w\" sizes=\"(max-width: 211px) 100vw, 211px\" \/><\/a><\/p>\n<p><a href=\"https:\/\/utk.ee\/wp-content\/uploads\/2026\/04\/epitrain-suurused.jpg\"><img decoding=\"async\" class=\"alignnone wp-image-7014\" src=\"https:\/\/utk.ee\/wp-content\/uploads\/2026\/04\/epitrain-suurused-300x300.jpg\" alt=\"\" width=\"613\" height=\"613\" srcset=\"https:\/\/utk.ee\/wp-content\/uploads\/2026\/04\/epitrain-suurused-300x300.jpg 300w, https:\/\/utk.ee\/wp-content\/uploads\/2026\/04\/epitrain-suurused-100x100.jpg 100w, https:\/\/utk.ee\/wp-content\/uploads\/2026\/04\/epitrain-suurused-600x600.jpg 600w, https:\/\/utk.ee\/wp-content\/uploads\/2026\/04\/epitrain-suurused-150x150.jpg 150w, https:\/\/utk.ee\/wp-content\/uploads\/2026\/04\/epitrain-suurused-650x650.jpg 650w, https:\/\/utk.ee\/wp-content\/uploads\/2026\/04\/epitrain-suurused-50x50.jpg 50w, https:\/\/utk.ee\/wp-content\/uploads\/2026\/04\/epitrain-suurused.jpg 750w\" sizes=\"(max-width: 613px) 100vw, 613px\" \/><\/a><\/p>\n<h3>Epitrain kasutamine<\/h3>\n<p><iframe title=\"How to Wear the EpiTrain Elbow Brace\" width=\"1000\" height=\"563\" src=\"https:\/\/www.youtube.com\/embed\/TKAhPwIo-NY?feature=oembed\" frameborder=\"0\" allow=\"accelerometer; autoplay; clipboard-write; encrypted-media; gyroscope; picture-in-picture; web-share\" referrerpolicy=\"strict-origin-when-cross-origin\" allowfullscreen><\/iframe><\/p>\n<p>&nbsp;<\/p>\n<h3>Bauerfeind ortoosidest<\/h3>\n<p data-path-to-node=\"3\">Enamik odavaid ortoose t\u00f6\u00f6tavad nagu \u201ckips\u201d \u2013 nad hoiavad liigest paigal ja piiravad passiivselt liikumist. See aga n\u00f5rgestab lihaseid.\u00a0<b data-path-to-node=\"4,0,0\" data-index-in-node=\"0\">Bauerfeindi\u00a0<\/b>tooted nagu n\u00e4iteks\u00a0<i data-path-to-node=\"4,0,0\" data-index-in-node=\"42\">GenuTrain<\/i><span data-path-to-node=\"4,0,0\" data-index-in-node=\"42\">\u00a0ja\u00a0<\/span><i data-path-to-node=\"4,0,0\" data-index-in-node=\"53\">MalleoTrain<\/i>\u00a0on disainitud\u00a0<strong>stimuleerima lihaseid<\/strong>. T\u00e4nu patenteeritud viskoelastsetele padjanditele (Omega-padjandid) toimub iga liigutusega\u00a0<strong>pehmete kudede mikromassaa\u017e<\/strong>. See v\u00e4hendab turset ja valu ning, mis k\u00f5ige t\u00e4htsam,\u00a0<b data-path-to-node=\"4,0,0\" data-index-in-node=\"275\">aktiveerib lihaseid<\/b>. See t\u00e4hendab, et ortoos mitte ei v\u00f5ta lihaste t\u00f6\u00f6d \u00fcle, vaid \u00f5petab neid uuesti \u00f5igesti t\u00f6\u00f6tama.<\/p>\n<p data-path-to-node=\"9\">Bauerfeindi \u201csalarelv\u201d, mida odavamad konkurendid ei suuda kopeerida, on see, et\u00a0<strong>ortoosid suurendavad naha ja kudede sensorite stimulatsiooni<\/strong>. Tulemuseks olukord, kus aju saab paremat infot liigese asendi kohta, mis paneb lihased automaatselt stabiilsemalt ja kontrollitumalt t\u00f6\u00f6tama. See on p\u00f5hjus, miks\u00a0<strong>v\u00e4ga paljud profisportlased, kellel on vaja kiireid reflekse, eelistavad Bauerfeindi.<\/strong><\/p>\n<p data-path-to-node=\"13,0,0\">Bauerfeind kudumid on tehtud nii, et see<strong>\u00a0juhiks niiskust eemale<\/strong>, hoides naha kuivana ka intensiivsel kasutamisel. See v\u00e4hendab bakterite kasvu ja naha\u00e4rritust (mida odavamad neopreen-ortoosid sageli p\u00f5hjustavad).<\/p>\n<p data-path-to-node=\"13,1,0\"><strong>Bauerfeindi toode kestab\u00a0 1\u20132 aastat ja seda isegi igap\u00e4evasel kandmisel. Samas kui 30-eurosed apteegitooted kaotavad oma elastsuse ja survej\u00f5u m\u00f5ne kuuga.<\/strong><\/p>\n","protected":false},"excerpt":{"rendered":"<p>Ideaalne k\u00fc\u00fcnarnuki tugi tendonidi (k\u00f5\u00f5lusep\u00f5letiku), tennisisti k\u00fc\u00fcnarnuki, golfim\u00e4ngija k\u00fc\u00fcnarnuki, operatsioonij\u00e4rgse taastumise ja artriidi puhul.<\/p>\n<p><em>PS! Enne ostmist teosta m\u00f5\u00f5tmine vastavalt allpool oleva m\u00f5\u00f5dutabeli j\u00e4rgi.<\/em><\/p>\n","protected":false},"featured_media":6982,"comment_status":"closed","ping_status":"closed","template":"","meta":{"iawp_total_views":10},"product_brand":[],"product_cat":[27],"product_tag":[47],"class_list":{"0":"post-6981","1":"product","2":"type-product","3":"status-publish","4":"has-post-thumbnail","6":"product_cat-ortoosid","7":"product_tag-tarne-3-7-paeva","9":"first","10":"instock","11":"taxable","12":"shipping-taxable","13":"purchasable","14":"product-type-variable"},"yoast_head":"<!-- This site is optimized with the Yoast SEO plugin v27.4 - https:\/\/yoast.com\/product\/yoast-seo-wordpress\/ -->\n<title>Bauerfeind EpiTrain\u00ae k\u00fc\u00fcnarliigese ortoos - \u00dclemiste Tervisekliinik<\/title>\n<meta name=\"description\" content=\"Ideaalne k\u00fc\u00fcnarnuki tugi k\u00f5\u00f5lusep\u00f5letiku, tennisisti k\u00fc\u00fcnarnuki, golfim\u00e4ngija k\u00fc\u00fcnarnuki, operatsioonij\u00e4rgse taastumise ja artriidi puhul.\" \/>\n<meta name=\"robots\" content=\"index, follow, max-snippet:-1, max-image-preview:large, max-video-preview:-1\" \/>\n<link rel=\"canonical\" href=\"https:\/\/utk.ee\/en\/toode\/bauerfeind-epitrain-kuunarliigese-ortoos\/\" \/>\n<meta property=\"og:locale\" content=\"en_US\" \/>\n<meta property=\"og:type\" content=\"article\" \/>\n<meta property=\"og:title\" content=\"Bauerfeind EpiTrain\u00ae k\u00fc\u00fcnarliigese ortoos - \u00dclemiste Tervisekliinik\" \/>\n<meta property=\"og:description\" content=\"Ideaalne k\u00fc\u00fcnarnuki tugi k\u00f5\u00f5lusep\u00f5letiku, tennisisti k\u00fc\u00fcnarnuki, golfim\u00e4ngija k\u00fc\u00fcnarnuki, operatsioonij\u00e4rgse taastumise ja artriidi puhul.\" \/>\n<meta property=\"og:url\" content=\"https:\/\/utk.ee\/en\/toode\/bauerfeind-epitrain-kuunarliigese-ortoos\/\" \/>\n<meta property=\"og:site_name\" content=\"\u00dclemiste Tervisekliinik\" \/>\n<meta property=\"article:modified_time\" content=\"2026-04-29T09:50:38+00:00\" \/>\n<meta property=\"og:image\" content=\"https:\/\/utk.ee\/wp-content\/uploads\/2026\/04\/Epitrain-kuunarliigese-ortoos.jpg\" \/>\n\t<meta property=\"og:image:width\" content=\"1000\" \/>\n\t<meta property=\"og:image:height\" content=\"1000\" \/>\n\t<meta property=\"og:image:type\" content=\"image\/jpeg\" \/>\n<meta name=\"twitter:card\" content=\"summary_large_image\" \/>\n<meta name=\"twitter:label1\" content=\"Est. reading time\" \/>\n\t<meta name=\"twitter:data1\" content=\"3 minutes\" \/>\n<script type=\"application\/ld+json\" class=\"yoast-schema-graph\">{\"@context\":\"https:\\\/\\\/schema.org\",\"@graph\":[{\"@type\":\"WebPage\",\"@id\":\"https:\\\/\\\/utk.ee\\\/en\\\/toode\\\/bauerfeind-epitrain-kuunarliigese-ortoos\\\/\",\"url\":\"https:\\\/\\\/utk.ee\\\/en\\\/toode\\\/bauerfeind-epitrain-kuunarliigese-ortoos\\\/\",\"name\":\"Bauerfeind EpiTrain\u00ae k\u00fc\u00fcnarliigese ortoos - \u00dclemiste Tervisekliinik\",\"isPartOf\":{\"@id\":\"https:\\\/\\\/utk.ee\\\/en\\\/#website\"},\"primaryImageOfPage\":{\"@id\":\"https:\\\/\\\/utk.ee\\\/en\\\/toode\\\/bauerfeind-epitrain-kuunarliigese-ortoos\\\/#primaryimage\"},\"image\":{\"@id\":\"https:\\\/\\\/utk.ee\\\/en\\\/toode\\\/bauerfeind-epitrain-kuunarliigese-ortoos\\\/#primaryimage\"},\"thumbnailUrl\":\"https:\\\/\\\/utk.ee\\\/wp-content\\\/uploads\\\/2026\\\/04\\\/Epitrain-kuunarliigese-ortoos.jpg\",\"datePublished\":\"2026-04-07T09:09:04+00:00\",\"dateModified\":\"2026-04-29T09:50:38+00:00\",\"description\":\"Ideaalne k\u00fc\u00fcnarnuki tugi k\u00f5\u00f5lusep\u00f5letiku, tennisisti k\u00fc\u00fcnarnuki, golfim\u00e4ngija k\u00fc\u00fcnarnuki, operatsioonij\u00e4rgse taastumise ja artriidi puhul.\",\"breadcrumb\":{\"@id\":\"https:\\\/\\\/utk.ee\\\/en\\\/toode\\\/bauerfeind-epitrain-kuunarliigese-ortoos\\\/#breadcrumb\"},\"inLanguage\":\"en-US\",\"potentialAction\":[{\"@type\":\"ReadAction\",\"target\":[\"https:\\\/\\\/utk.ee\\\/en\\\/toode\\\/bauerfeind-epitrain-kuunarliigese-ortoos\\\/\"]}]},{\"@type\":\"ImageObject\",\"inLanguage\":\"en-US\",\"@id\":\"https:\\\/\\\/utk.ee\\\/en\\\/toode\\\/bauerfeind-epitrain-kuunarliigese-ortoos\\\/#primaryimage\",\"url\":\"https:\\\/\\\/utk.ee\\\/wp-content\\\/uploads\\\/2026\\\/04\\\/Epitrain-kuunarliigese-ortoos.jpg\",\"contentUrl\":\"https:\\\/\\\/utk.ee\\\/wp-content\\\/uploads\\\/2026\\\/04\\\/Epitrain-kuunarliigese-ortoos.jpg\",\"width\":1000,\"height\":1000,\"caption\":\"Epitrain ku\u0308u\u0308narliigese ortoos\"},{\"@type\":\"BreadcrumbList\",\"@id\":\"https:\\\/\\\/utk.ee\\\/en\\\/toode\\\/bauerfeind-epitrain-kuunarliigese-ortoos\\\/#breadcrumb\",\"itemListElement\":[{\"@type\":\"ListItem\",\"position\":1,\"name\":\"Home\",\"item\":\"https:\\\/\\\/utk.ee\\\/en\\\/\"},{\"@type\":\"ListItem\",\"position\":2,\"name\":\"Bauerfeind EpiTrain\u00ae k\u00fc\u00fcnarliigese ortoos\"}]},{\"@type\":\"WebSite\",\"@id\":\"https:\\\/\\\/utk.ee\\\/en\\\/#website\",\"url\":\"https:\\\/\\\/utk.ee\\\/en\\\/\",\"name\":\"\u00dclemiste Tervisekliinik\",\"description\":\"Terviseuuringud, f\u00fcsioteraapia, muud terviseteenused\",\"publisher\":{\"@id\":\"https:\\\/\\\/utk.ee\\\/en\\\/#organization\"},\"potentialAction\":[{\"@type\":\"SearchAction\",\"target\":{\"@type\":\"EntryPoint\",\"urlTemplate\":\"https:\\\/\\\/utk.ee\\\/en\\\/?s={search_term_string}\"},\"query-input\":{\"@type\":\"PropertyValueSpecification\",\"valueRequired\":true,\"valueName\":\"search_term_string\"}}],\"inLanguage\":\"en-US\"},{\"@type\":\"Organization\",\"@id\":\"https:\\\/\\\/utk.ee\\\/en\\\/#organization\",\"name\":\"\u00dclemiste Tervisekliinik\",\"url\":\"https:\\\/\\\/utk.ee\\\/en\\\/\",\"logo\":{\"@type\":\"ImageObject\",\"inLanguage\":\"en-US\",\"@id\":\"https:\\\/\\\/utk.ee\\\/en\\\/#\\\/schema\\\/logo\\\/image\\\/\",\"url\":\"https:\\\/\\\/utk.ee\\\/wp-content\\\/uploads\\\/2026\\\/02\\\/cropped-Ulemiste-Tervisekliinik-fusioteraapia-kruoteraapia-terviseauditid.png\",\"contentUrl\":\"https:\\\/\\\/utk.ee\\\/wp-content\\\/uploads\\\/2026\\\/02\\\/cropped-Ulemiste-Tervisekliinik-fusioteraapia-kruoteraapia-terviseauditid.png\",\"width\":512,\"height\":512,\"caption\":\"\u00dclemiste Tervisekliinik\"},\"image\":{\"@id\":\"https:\\\/\\\/utk.ee\\\/en\\\/#\\\/schema\\\/logo\\\/image\\\/\"}}]}<\/script>\n<!-- \/ Yoast SEO plugin. -->","yoast_head_json":{"title":"Bauerfeind EpiTrain\u00ae k\u00fc\u00fcnarliigese ortoos - \u00dclemiste Tervisekliinik","description":"Ideaalne k\u00fc\u00fcnarnuki tugi k\u00f5\u00f5lusep\u00f5letiku, tennisisti k\u00fc\u00fcnarnuki, golfim\u00e4ngija k\u00fc\u00fcnarnuki, operatsioonij\u00e4rgse taastumise ja artriidi puhul.","robots":{"index":"index","follow":"follow","max-snippet":"max-snippet:-1","max-image-preview":"max-image-preview:large","max-video-preview":"max-video-preview:-1"},"canonical":"https:\/\/utk.ee\/en\/toode\/bauerfeind-epitrain-kuunarliigese-ortoos\/","og_locale":"en_US","og_type":"article","og_title":"Bauerfeind EpiTrain\u00ae k\u00fc\u00fcnarliigese ortoos - \u00dclemiste Tervisekliinik","og_description":"Ideaalne k\u00fc\u00fcnarnuki tugi k\u00f5\u00f5lusep\u00f5letiku, tennisisti k\u00fc\u00fcnarnuki, golfim\u00e4ngija k\u00fc\u00fcnarnuki, operatsioonij\u00e4rgse taastumise ja artriidi puhul.","og_url":"https:\/\/utk.ee\/en\/toode\/bauerfeind-epitrain-kuunarliigese-ortoos\/","og_site_name":"\u00dclemiste Tervisekliinik","article_modified_time":"2026-04-29T09:50:38+00:00","og_image":[{"width":1000,"height":1000,"url":"https:\/\/utk.ee\/wp-content\/uploads\/2026\/04\/Epitrain-kuunarliigese-ortoos.jpg","type":"image\/jpeg"}],"twitter_card":"summary_large_image","twitter_misc":{"Est. reading time":"3 minutes"},"schema":{"@context":"https:\/\/schema.org","@graph":[{"@type":"WebPage","@id":"https:\/\/utk.ee\/en\/toode\/bauerfeind-epitrain-kuunarliigese-ortoos\/","url":"https:\/\/utk.ee\/en\/toode\/bauerfeind-epitrain-kuunarliigese-ortoos\/","name":"Bauerfeind EpiTrain\u00ae k\u00fc\u00fcnarliigese ortoos - \u00dclemiste Tervisekliinik","isPartOf":{"@id":"https:\/\/utk.ee\/en\/#website"},"primaryImageOfPage":{"@id":"https:\/\/utk.ee\/en\/toode\/bauerfeind-epitrain-kuunarliigese-ortoos\/#primaryimage"},"image":{"@id":"https:\/\/utk.ee\/en\/toode\/bauerfeind-epitrain-kuunarliigese-ortoos\/#primaryimage"},"thumbnailUrl":"https:\/\/utk.ee\/wp-content\/uploads\/2026\/04\/Epitrain-kuunarliigese-ortoos.jpg","datePublished":"2026-04-07T09:09:04+00:00","dateModified":"2026-04-29T09:50:38+00:00","description":"Ideaalne k\u00fc\u00fcnarnuki tugi k\u00f5\u00f5lusep\u00f5letiku, tennisisti k\u00fc\u00fcnarnuki, golfim\u00e4ngija k\u00fc\u00fcnarnuki, operatsioonij\u00e4rgse taastumise ja artriidi puhul.","breadcrumb":{"@id":"https:\/\/utk.ee\/en\/toode\/bauerfeind-epitrain-kuunarliigese-ortoos\/#breadcrumb"},"inLanguage":"en-US","potentialAction":[{"@type":"ReadAction","target":["https:\/\/utk.ee\/en\/toode\/bauerfeind-epitrain-kuunarliigese-ortoos\/"]}]},{"@type":"ImageObject","inLanguage":"en-US","@id":"https:\/\/utk.ee\/en\/toode\/bauerfeind-epitrain-kuunarliigese-ortoos\/#primaryimage","url":"https:\/\/utk.ee\/wp-content\/uploads\/2026\/04\/Epitrain-kuunarliigese-ortoos.jpg","contentUrl":"https:\/\/utk.ee\/wp-content\/uploads\/2026\/04\/Epitrain-kuunarliigese-ortoos.jpg","width":1000,"height":1000,"caption":"Epitrain ku\u0308u\u0308narliigese ortoos"},{"@type":"BreadcrumbList","@id":"https:\/\/utk.ee\/en\/toode\/bauerfeind-epitrain-kuunarliigese-ortoos\/#breadcrumb","itemListElement":[{"@type":"ListItem","position":1,"name":"Home","item":"https:\/\/utk.ee\/en\/"},{"@type":"ListItem","position":2,"name":"Bauerfeind EpiTrain\u00ae k\u00fc\u00fcnarliigese ortoos"}]},{"@type":"WebSite","@id":"https:\/\/utk.ee\/en\/#website","url":"https:\/\/utk.ee\/en\/","name":"\u00dclemiste Tervisekliinik","description":"Terviseuuringud, f\u00fcsioteraapia, muud terviseteenused","publisher":{"@id":"https:\/\/utk.ee\/en\/#organization"},"potentialAction":[{"@type":"SearchAction","target":{"@type":"EntryPoint","urlTemplate":"https:\/\/utk.ee\/en\/?s={search_term_string}"},"query-input":{"@type":"PropertyValueSpecification","valueRequired":true,"valueName":"search_term_string"}}],"inLanguage":"en-US"},{"@type":"Organization","@id":"https:\/\/utk.ee\/en\/#organization","name":"\u00dclemiste Tervisekliinik","url":"https:\/\/utk.ee\/en\/","logo":{"@type":"ImageObject","inLanguage":"en-US","@id":"https:\/\/utk.ee\/en\/#\/schema\/logo\/image\/","url":"https:\/\/utk.ee\/wp-content\/uploads\/2026\/02\/cropped-Ulemiste-Tervisekliinik-fusioteraapia-kruoteraapia-terviseauditid.png","contentUrl":"https:\/\/utk.ee\/wp-content\/uploads\/2026\/02\/cropped-Ulemiste-Tervisekliinik-fusioteraapia-kruoteraapia-terviseauditid.png","width":512,"height":512,"caption":"\u00dclemiste Tervisekliinik"},"image":{"@id":"https:\/\/utk.ee\/en\/#\/schema\/logo\/image\/"}}]}},"_links":{"self":[{"href":"https:\/\/utk.ee\/en\/wp-json\/wp\/v2\/product\/6981","targetHints":{"allow":["GET"]}}],"collection":[{"href":"https:\/\/utk.ee\/en\/wp-json\/wp\/v2\/product"}],"about":[{"href":"https:\/\/utk.ee\/en\/wp-json\/wp\/v2\/types\/product"}],"replies":[{"embeddable":true,"href":"https:\/\/utk.ee\/en\/wp-json\/wp\/v2\/comments?post=6981"}],"wp:featuredmedia":[{"embeddable":true,"href":"https:\/\/utk.ee\/en\/wp-json\/wp\/v2\/media\/6982"}],"wp:attachment":[{"href":"https:\/\/utk.ee\/en\/wp-json\/wp\/v2\/media?parent=6981"}],"wp:term":[{"taxonomy":"product_brand","embeddable":true,"href":"https:\/\/utk.ee\/en\/wp-json\/wp\/v2\/product_brand?post=6981"},{"taxonomy":"product_cat","embeddable":true,"href":"https:\/\/utk.ee\/en\/wp-json\/wp\/v2\/product_cat?post=6981"},{"taxonomy":"product_tag","embeddable":true,"href":"https:\/\/utk.ee\/en\/wp-json\/wp\/v2\/product_tag?post=6981"}],"curies":[{"name":"wp","href":"https:\/\/api.w.org\/{rel}","templated":true}]}}