{"id":6933,"date":"2026-04-07T07:58:05","date_gmt":"2026-04-07T07:58:05","guid":{"rendered":"https:\/\/utk.ee\/?post_type=product&#038;p=6933"},"modified":"2026-04-29T09:57:33","modified_gmt":"2026-04-29T09:57:33","slug":"bauerfeind-manutrain-randmeortoos","status":"publish","type":"product","link":"https:\/\/utk.ee\/en\/toode\/bauerfeind-manutrain-randmeortoos\/","title":{"rendered":"Bauerfeind ManuTrain\u00ae randmeortoos"},"content":{"rendered":"<p data-path-to-node=\"0\"><em><strong>Sul on ortoosi retsept? Sel juhul toimub toodete m\u00fc\u00fck \u00dclemiste Tervisekliinikus kohapeal: Sepapaja 12\/1, Tervisemaja 2, II korrus, v\u00f5i meili teel info@terviseuuringud.ee. Meili teel p\u00e4ringut saates lisa oma isikukood.<\/strong><\/em><\/p>\n<p data-path-to-node=\"0\">Leevenda randmevalu ja paistetust, mida p\u00f5hjustavad kerge kuni m\u00f5\u00f5dukas artriit, vigastused v\u00f5i operatsioonij\u00e4rgne taastumine.<\/p>\n<p data-path-to-node=\"0\">ManuTrain randmetugi leevendab randmevalu, paistetust ja suurendab randme stabiilsust. Toote \u00f5huke ja mugav disain muudab selle sobivaks nii \u00fclekoormusvigastuste (n\u00e4iteks karpaalkanali s\u00fcndroom) kui ka spordi-, treening- ja t\u00f6\u00f6vigastuste puhul.<\/p>\n<p data-path-to-node=\"1\">Anatoomiliselt vormitud geelpadjad leevendavad valu ja turset, samal ajal kui kompressioonkiht parandab verevarustust. Eemaldatav tugilahas ja rihm pakuvad reguleeritavat stabiilsust isegi k\u00f5ige keerulisemate randmevigastuste korral.<\/p>\n<p data-path-to-node=\"2\">Kui varasemalt proovitud randmetoed on olnud j\u00e4igad, s\u00fcgelevad, tekitanud \u00fclekuumenemist v\u00f5i tundunud ebastabiilsed, siis ManuTrain pakub hingavat kompressiooni ja p\u00fcsivat tuge igap\u00e4evaseks liikumiseks.<\/p>\n<h3 data-path-to-node=\"2\"><strong>Suurused<\/strong><\/h3>\n<p><a href=\"https:\/\/utk.ee\/wp-content\/uploads\/2026\/04\/csm_measurement_manutrain_7cf72f5bff.jpg\"><img decoding=\"async\" class=\"alignnone wp-image-7012\" src=\"https:\/\/utk.ee\/wp-content\/uploads\/2026\/04\/csm_measurement_manutrain_7cf72f5bff-300x230.jpg\" alt=\"\" width=\"228\" height=\"175\" srcset=\"https:\/\/utk.ee\/wp-content\/uploads\/2026\/04\/csm_measurement_manutrain_7cf72f5bff-300x230.jpg 300w, https:\/\/utk.ee\/wp-content\/uploads\/2026\/04\/csm_measurement_manutrain_7cf72f5bff.jpg 360w\" sizes=\"(max-width: 228px) 100vw, 228px\" \/><\/a><\/p>\n<p data-path-to-node=\"2\"><a href=\"https:\/\/utk.ee\/wp-content\/uploads\/2026\/04\/manutrain-suurused.jpg\"><img fetchpriority=\"high\" decoding=\"async\" class=\"alignnone wp-image-7011\" src=\"https:\/\/utk.ee\/wp-content\/uploads\/2026\/04\/manutrain-suurused-300x198.jpg\" alt=\"\" width=\"636\" height=\"420\" srcset=\"https:\/\/utk.ee\/wp-content\/uploads\/2026\/04\/manutrain-suurused-300x198.jpg 300w, https:\/\/utk.ee\/wp-content\/uploads\/2026\/04\/manutrain-suurused-600x396.jpg 600w, https:\/\/utk.ee\/wp-content\/uploads\/2026\/04\/manutrain-suurused-650x429.jpg 650w, https:\/\/utk.ee\/wp-content\/uploads\/2026\/04\/manutrain-suurused.jpg 750w\" sizes=\"(max-width: 636px) 100vw, 636px\" \/><\/a><\/p>\n<h3>Bauerfeind ortoosidest<\/h3>\n<p data-path-to-node=\"3\">Enamik odavaid ortoose t\u00f6\u00f6tavad nagu \u201ckips\u201d \u2013 nad hoiavad liigest paigal ja piiravad passiivselt liikumist. See aga n\u00f5rgestab lihaseid.\u00a0<b data-path-to-node=\"4,0,0\" data-index-in-node=\"0\">Bauerfeindi\u00a0<\/b>tooted nagu n\u00e4iteks\u00a0<i data-path-to-node=\"4,0,0\" data-index-in-node=\"42\">GenuTrain<\/i><span data-path-to-node=\"4,0,0\" data-index-in-node=\"42\">\u00a0ja\u00a0<\/span><i data-path-to-node=\"4,0,0\" data-index-in-node=\"53\">MalleoTrain<\/i>\u00a0on disainitud\u00a0<strong>stimuleerima lihaseid<\/strong>. T\u00e4nu patenteeritud viskoelastsetele padjanditele (Omega-padjandid) toimub iga liigutusega\u00a0<strong>pehmete kudede mikromassaa\u017e<\/strong>. See v\u00e4hendab turset ja valu ning, mis k\u00f5ige t\u00e4htsam,\u00a0<b data-path-to-node=\"4,0,0\" data-index-in-node=\"275\">aktiveerib lihaseid<\/b>. See t\u00e4hendab, et ortoos mitte ei v\u00f5ta lihaste t\u00f6\u00f6d \u00fcle, vaid \u00f5petab neid uuesti \u00f5igesti t\u00f6\u00f6tama.<\/p>\n<p data-path-to-node=\"9\">Bauerfeindi \u201csalarelv\u201d, mida odavamad konkurendid ei suuda kopeerida, on see, et\u00a0<strong>ortoosid suurendavad naha ja kudede sensorite stimulatsiooni<\/strong>. Tulemuseks olukord, kus aju saab paremat infot liigese asendi kohta, mis paneb lihased automaatselt stabiilsemalt ja kontrollitumalt t\u00f6\u00f6tama. See on p\u00f5hjus, miks\u00a0<strong>v\u00e4ga paljud profisportlased, kellel on vaja kiireid reflekse, eelistavad Bauerfeindi.<\/strong><\/p>\n<p data-path-to-node=\"13,0,0\">Bauerfeind kudumid on tehtud nii, et see<strong>\u00a0juhiks niiskust eemale<\/strong>, hoides naha kuivana ka intensiivsel kasutamisel. See v\u00e4hendab bakterite kasvu ja naha\u00e4rritust (mida odavamad neopreen-ortoosid sageli p\u00f5hjustavad).<\/p>\n<p data-path-to-node=\"13,1,0\"><strong>Bauerfeindi toode kestab\u00a0 1\u20132 aastat ja seda isegi igap\u00e4evasel kandmisel. Samas kui 30-eurosed apteegitooted kaotavad oma elastsuse ja survej\u00f5u m\u00f5ne kuuga.<\/strong><\/p>\n","protected":false},"excerpt":{"rendered":"<p>Leevenda randmevalu ja paistetust, mida p\u00f5hjustavad kerge kuni m\u00f5\u00f5dukas artriit, vigastused v\u00f5i operatsioonij\u00e4rgne taastumine.<\/p>\n<p><em>PS! Enne ostmist teosta m\u00f5\u00f5tmine vastavalt allpool oleva m\u00f5\u00f5dutabeli j\u00e4rgi v\u00f5i k\u00fclasta meie kliinikut ja teostame m\u00f5\u00f5tmise ise.<\/em><\/p>\n<p data-path-to-node=\"1\">\n","protected":false},"featured_media":6942,"comment_status":"open","ping_status":"closed","template":"","meta":{"iawp_total_views":8},"product_brand":[],"product_cat":[27],"product_tag":[47],"class_list":{"0":"post-6933","1":"product","2":"type-product","3":"status-publish","4":"has-post-thumbnail","6":"product_cat-ortoosid","7":"product_tag-tarne-3-7-paeva","9":"first","10":"instock","11":"taxable","12":"shipping-taxable","13":"purchasable","14":"product-type-variable","15":"has-default-attributes"},"yoast_head":"<!-- This site is optimized with the Yoast SEO plugin v27.4 - https:\/\/yoast.com\/product\/yoast-seo-wordpress\/ -->\n<title>Bauerfeind ManuTrain\u00ae randmeortoos - \u00dclemiste Tervisekliinik<\/title>\n<meta name=\"description\" content=\"Bauerfeind randmeortoos. Leevenda randmevalu ja paistetust, mida p\u00f5hjustavad kerge kuni m\u00f5\u00f5dukas artriit, vigastused v\u00f5i operatsioonij\u00e4rgne taastumine.\" \/>\n<meta name=\"robots\" content=\"index, follow, max-snippet:-1, max-image-preview:large, max-video-preview:-1\" \/>\n<link rel=\"canonical\" href=\"https:\/\/utk.ee\/en\/toode\/bauerfeind-manutrain-randmeortoos\/\" \/>\n<meta property=\"og:locale\" content=\"en_US\" \/>\n<meta property=\"og:type\" content=\"article\" \/>\n<meta property=\"og:title\" content=\"Bauerfeind ManuTrain\u00ae randmeortoos - \u00dclemiste Tervisekliinik\" \/>\n<meta property=\"og:description\" content=\"Bauerfeind randmeortoos. Leevenda randmevalu ja paistetust, mida p\u00f5hjustavad kerge kuni m\u00f5\u00f5dukas artriit, vigastused v\u00f5i operatsioonij\u00e4rgne taastumine.\" \/>\n<meta property=\"og:url\" content=\"https:\/\/utk.ee\/en\/toode\/bauerfeind-manutrain-randmeortoos\/\" \/>\n<meta property=\"og:site_name\" content=\"\u00dclemiste Tervisekliinik\" \/>\n<meta property=\"article:modified_time\" content=\"2026-04-29T09:57:33+00:00\" \/>\n<meta property=\"og:image\" content=\"https:\/\/utk.ee\/wp-content\/uploads\/2026\/04\/randmeortoos-bauerfeind-manutrain-1.webp\" \/>\n\t<meta property=\"og:image:width\" content=\"1080\" \/>\n\t<meta property=\"og:image:height\" content=\"1080\" \/>\n\t<meta property=\"og:image:type\" content=\"image\/webp\" \/>\n<meta name=\"twitter:card\" content=\"summary_large_image\" \/>\n<meta name=\"twitter:label1\" content=\"Est. reading time\" \/>\n\t<meta name=\"twitter:data1\" content=\"3 minutes\" \/>\n<script type=\"application\/ld+json\" class=\"yoast-schema-graph\">{\"@context\":\"https:\\\/\\\/schema.org\",\"@graph\":[{\"@type\":\"WebPage\",\"@id\":\"https:\\\/\\\/utk.ee\\\/en\\\/toode\\\/bauerfeind-manutrain-randmeortoos\\\/\",\"url\":\"https:\\\/\\\/utk.ee\\\/en\\\/toode\\\/bauerfeind-manutrain-randmeortoos\\\/\",\"name\":\"Bauerfeind ManuTrain\u00ae randmeortoos - \u00dclemiste Tervisekliinik\",\"isPartOf\":{\"@id\":\"https:\\\/\\\/utk.ee\\\/en\\\/#website\"},\"primaryImageOfPage\":{\"@id\":\"https:\\\/\\\/utk.ee\\\/en\\\/toode\\\/bauerfeind-manutrain-randmeortoos\\\/#primaryimage\"},\"image\":{\"@id\":\"https:\\\/\\\/utk.ee\\\/en\\\/toode\\\/bauerfeind-manutrain-randmeortoos\\\/#primaryimage\"},\"thumbnailUrl\":\"https:\\\/\\\/utk.ee\\\/wp-content\\\/uploads\\\/2026\\\/04\\\/randmeortoos-bauerfeind-manutrain-1.webp\",\"datePublished\":\"2026-04-07T07:58:05+00:00\",\"dateModified\":\"2026-04-29T09:57:33+00:00\",\"description\":\"Bauerfeind randmeortoos. Leevenda randmevalu ja paistetust, mida p\u00f5hjustavad kerge kuni m\u00f5\u00f5dukas artriit, vigastused v\u00f5i operatsioonij\u00e4rgne taastumine.\",\"breadcrumb\":{\"@id\":\"https:\\\/\\\/utk.ee\\\/en\\\/toode\\\/bauerfeind-manutrain-randmeortoos\\\/#breadcrumb\"},\"inLanguage\":\"en-US\",\"potentialAction\":[{\"@type\":\"ReadAction\",\"target\":[\"https:\\\/\\\/utk.ee\\\/en\\\/toode\\\/bauerfeind-manutrain-randmeortoos\\\/\"]}]},{\"@type\":\"ImageObject\",\"inLanguage\":\"en-US\",\"@id\":\"https:\\\/\\\/utk.ee\\\/en\\\/toode\\\/bauerfeind-manutrain-randmeortoos\\\/#primaryimage\",\"url\":\"https:\\\/\\\/utk.ee\\\/wp-content\\\/uploads\\\/2026\\\/04\\\/randmeortoos-bauerfeind-manutrain-1.webp\",\"contentUrl\":\"https:\\\/\\\/utk.ee\\\/wp-content\\\/uploads\\\/2026\\\/04\\\/randmeortoos-bauerfeind-manutrain-1.webp\",\"width\":1080,\"height\":1080},{\"@type\":\"BreadcrumbList\",\"@id\":\"https:\\\/\\\/utk.ee\\\/en\\\/toode\\\/bauerfeind-manutrain-randmeortoos\\\/#breadcrumb\",\"itemListElement\":[{\"@type\":\"ListItem\",\"position\":1,\"name\":\"Home\",\"item\":\"https:\\\/\\\/utk.ee\\\/en\\\/\"},{\"@type\":\"ListItem\",\"position\":2,\"name\":\"Bauerfeind ManuTrain\u00ae randmeortoos\"}]},{\"@type\":\"WebSite\",\"@id\":\"https:\\\/\\\/utk.ee\\\/en\\\/#website\",\"url\":\"https:\\\/\\\/utk.ee\\\/en\\\/\",\"name\":\"\u00dclemiste Tervisekliinik\",\"description\":\"Terviseuuringud, f\u00fcsioteraapia, muud terviseteenused\",\"publisher\":{\"@id\":\"https:\\\/\\\/utk.ee\\\/en\\\/#organization\"},\"potentialAction\":[{\"@type\":\"SearchAction\",\"target\":{\"@type\":\"EntryPoint\",\"urlTemplate\":\"https:\\\/\\\/utk.ee\\\/en\\\/?s={search_term_string}\"},\"query-input\":{\"@type\":\"PropertyValueSpecification\",\"valueRequired\":true,\"valueName\":\"search_term_string\"}}],\"inLanguage\":\"en-US\"},{\"@type\":\"Organization\",\"@id\":\"https:\\\/\\\/utk.ee\\\/en\\\/#organization\",\"name\":\"\u00dclemiste Tervisekliinik\",\"url\":\"https:\\\/\\\/utk.ee\\\/en\\\/\",\"logo\":{\"@type\":\"ImageObject\",\"inLanguage\":\"en-US\",\"@id\":\"https:\\\/\\\/utk.ee\\\/en\\\/#\\\/schema\\\/logo\\\/image\\\/\",\"url\":\"https:\\\/\\\/utk.ee\\\/wp-content\\\/uploads\\\/2026\\\/02\\\/cropped-Ulemiste-Tervisekliinik-fusioteraapia-kruoteraapia-terviseauditid.png\",\"contentUrl\":\"https:\\\/\\\/utk.ee\\\/wp-content\\\/uploads\\\/2026\\\/02\\\/cropped-Ulemiste-Tervisekliinik-fusioteraapia-kruoteraapia-terviseauditid.png\",\"width\":512,\"height\":512,\"caption\":\"\u00dclemiste Tervisekliinik\"},\"image\":{\"@id\":\"https:\\\/\\\/utk.ee\\\/en\\\/#\\\/schema\\\/logo\\\/image\\\/\"}}]}<\/script>\n<!-- \/ Yoast SEO plugin. -->","yoast_head_json":{"title":"Bauerfeind ManuTrain\u00ae randmeortoos - \u00dclemiste Tervisekliinik","description":"Bauerfeind randmeortoos. Leevenda randmevalu ja paistetust, mida p\u00f5hjustavad kerge kuni m\u00f5\u00f5dukas artriit, vigastused v\u00f5i operatsioonij\u00e4rgne taastumine.","robots":{"index":"index","follow":"follow","max-snippet":"max-snippet:-1","max-image-preview":"max-image-preview:large","max-video-preview":"max-video-preview:-1"},"canonical":"https:\/\/utk.ee\/en\/toode\/bauerfeind-manutrain-randmeortoos\/","og_locale":"en_US","og_type":"article","og_title":"Bauerfeind ManuTrain\u00ae randmeortoos - \u00dclemiste Tervisekliinik","og_description":"Bauerfeind randmeortoos. Leevenda randmevalu ja paistetust, mida p\u00f5hjustavad kerge kuni m\u00f5\u00f5dukas artriit, vigastused v\u00f5i operatsioonij\u00e4rgne taastumine.","og_url":"https:\/\/utk.ee\/en\/toode\/bauerfeind-manutrain-randmeortoos\/","og_site_name":"\u00dclemiste Tervisekliinik","article_modified_time":"2026-04-29T09:57:33+00:00","og_image":[{"width":1080,"height":1080,"url":"https:\/\/utk.ee\/wp-content\/uploads\/2026\/04\/randmeortoos-bauerfeind-manutrain-1.webp","type":"image\/webp"}],"twitter_card":"summary_large_image","twitter_misc":{"Est. reading time":"3 minutes"},"schema":{"@context":"https:\/\/schema.org","@graph":[{"@type":"WebPage","@id":"https:\/\/utk.ee\/en\/toode\/bauerfeind-manutrain-randmeortoos\/","url":"https:\/\/utk.ee\/en\/toode\/bauerfeind-manutrain-randmeortoos\/","name":"Bauerfeind ManuTrain\u00ae randmeortoos - \u00dclemiste Tervisekliinik","isPartOf":{"@id":"https:\/\/utk.ee\/en\/#website"},"primaryImageOfPage":{"@id":"https:\/\/utk.ee\/en\/toode\/bauerfeind-manutrain-randmeortoos\/#primaryimage"},"image":{"@id":"https:\/\/utk.ee\/en\/toode\/bauerfeind-manutrain-randmeortoos\/#primaryimage"},"thumbnailUrl":"https:\/\/utk.ee\/wp-content\/uploads\/2026\/04\/randmeortoos-bauerfeind-manutrain-1.webp","datePublished":"2026-04-07T07:58:05+00:00","dateModified":"2026-04-29T09:57:33+00:00","description":"Bauerfeind randmeortoos. Leevenda randmevalu ja paistetust, mida p\u00f5hjustavad kerge kuni m\u00f5\u00f5dukas artriit, vigastused v\u00f5i operatsioonij\u00e4rgne taastumine.","breadcrumb":{"@id":"https:\/\/utk.ee\/en\/toode\/bauerfeind-manutrain-randmeortoos\/#breadcrumb"},"inLanguage":"en-US","potentialAction":[{"@type":"ReadAction","target":["https:\/\/utk.ee\/en\/toode\/bauerfeind-manutrain-randmeortoos\/"]}]},{"@type":"ImageObject","inLanguage":"en-US","@id":"https:\/\/utk.ee\/en\/toode\/bauerfeind-manutrain-randmeortoos\/#primaryimage","url":"https:\/\/utk.ee\/wp-content\/uploads\/2026\/04\/randmeortoos-bauerfeind-manutrain-1.webp","contentUrl":"https:\/\/utk.ee\/wp-content\/uploads\/2026\/04\/randmeortoos-bauerfeind-manutrain-1.webp","width":1080,"height":1080},{"@type":"BreadcrumbList","@id":"https:\/\/utk.ee\/en\/toode\/bauerfeind-manutrain-randmeortoos\/#breadcrumb","itemListElement":[{"@type":"ListItem","position":1,"name":"Home","item":"https:\/\/utk.ee\/en\/"},{"@type":"ListItem","position":2,"name":"Bauerfeind ManuTrain\u00ae randmeortoos"}]},{"@type":"WebSite","@id":"https:\/\/utk.ee\/en\/#website","url":"https:\/\/utk.ee\/en\/","name":"\u00dclemiste Tervisekliinik","description":"Terviseuuringud, f\u00fcsioteraapia, muud terviseteenused","publisher":{"@id":"https:\/\/utk.ee\/en\/#organization"},"potentialAction":[{"@type":"SearchAction","target":{"@type":"EntryPoint","urlTemplate":"https:\/\/utk.ee\/en\/?s={search_term_string}"},"query-input":{"@type":"PropertyValueSpecification","valueRequired":true,"valueName":"search_term_string"}}],"inLanguage":"en-US"},{"@type":"Organization","@id":"https:\/\/utk.ee\/en\/#organization","name":"\u00dclemiste Tervisekliinik","url":"https:\/\/utk.ee\/en\/","logo":{"@type":"ImageObject","inLanguage":"en-US","@id":"https:\/\/utk.ee\/en\/#\/schema\/logo\/image\/","url":"https:\/\/utk.ee\/wp-content\/uploads\/2026\/02\/cropped-Ulemiste-Tervisekliinik-fusioteraapia-kruoteraapia-terviseauditid.png","contentUrl":"https:\/\/utk.ee\/wp-content\/uploads\/2026\/02\/cropped-Ulemiste-Tervisekliinik-fusioteraapia-kruoteraapia-terviseauditid.png","width":512,"height":512,"caption":"\u00dclemiste Tervisekliinik"},"image":{"@id":"https:\/\/utk.ee\/en\/#\/schema\/logo\/image\/"}}]}},"_links":{"self":[{"href":"https:\/\/utk.ee\/en\/wp-json\/wp\/v2\/product\/6933","targetHints":{"allow":["GET"]}}],"collection":[{"href":"https:\/\/utk.ee\/en\/wp-json\/wp\/v2\/product"}],"about":[{"href":"https:\/\/utk.ee\/en\/wp-json\/wp\/v2\/types\/product"}],"replies":[{"embeddable":true,"href":"https:\/\/utk.ee\/en\/wp-json\/wp\/v2\/comments?post=6933"}],"wp:featuredmedia":[{"embeddable":true,"href":"https:\/\/utk.ee\/en\/wp-json\/wp\/v2\/media\/6942"}],"wp:attachment":[{"href":"https:\/\/utk.ee\/en\/wp-json\/wp\/v2\/media?parent=6933"}],"wp:term":[{"taxonomy":"product_brand","embeddable":true,"href":"https:\/\/utk.ee\/en\/wp-json\/wp\/v2\/product_brand?post=6933"},{"taxonomy":"product_cat","embeddable":true,"href":"https:\/\/utk.ee\/en\/wp-json\/wp\/v2\/product_cat?post=6933"},{"taxonomy":"product_tag","embeddable":true,"href":"https:\/\/utk.ee\/en\/wp-json\/wp\/v2\/product_tag?post=6933"}],"curies":[{"name":"wp","href":"https:\/\/api.w.org\/{rel}","templated":true}]}}