{"id":7096,"date":"2025-10-23T10:50:25","date_gmt":"2025-10-23T10:50:25","guid":{"rendered":"https:\/\/utk.ee\/teele-tsoba-fusioterapeut\/"},"modified":"2026-04-08T06:42:48","modified_gmt":"2026-04-08T06:42:48","slug":"teele-tsoba-fusioterapeut","status":"publish","type":"page","link":"https:\/\/utk.ee\/en\/teele-tsoba-fusioterapeut\/","title":{"rendered":"Tiim &#8211; Teele T\u0161oba"},"content":{"rendered":"\t\t<div data-elementor-type=\"wp-page\" data-elementor-id=\"7096\" class=\"elementor elementor-7096 elementor-7094\" data-elementor-settings=\"{&quot;element_pack_global_tooltip_width&quot;:{&quot;unit&quot;:&quot;px&quot;,&quot;size&quot;:&quot;&quot;,&quot;sizes&quot;:[]},&quot;element_pack_global_tooltip_width_tablet&quot;:{&quot;unit&quot;:&quot;px&quot;,&quot;size&quot;:&quot;&quot;,&quot;sizes&quot;:[]},&quot;element_pack_global_tooltip_width_mobile&quot;:{&quot;unit&quot;:&quot;px&quot;,&quot;size&quot;:&quot;&quot;,&quot;sizes&quot;:[]},&quot;element_pack_global_tooltip_padding&quot;:{&quot;unit&quot;:&quot;px&quot;,&quot;top&quot;:&quot;&quot;,&quot;right&quot;:&quot;&quot;,&quot;bottom&quot;:&quot;&quot;,&quot;left&quot;:&quot;&quot;,&quot;isLinked&quot;:true},&quot;element_pack_global_tooltip_padding_tablet&quot;:{&quot;unit&quot;:&quot;px&quot;,&quot;top&quot;:&quot;&quot;,&quot;right&quot;:&quot;&quot;,&quot;bottom&quot;:&quot;&quot;,&quot;left&quot;:&quot;&quot;,&quot;isLinked&quot;:true},&quot;element_pack_global_tooltip_padding_mobile&quot;:{&quot;unit&quot;:&quot;px&quot;,&quot;top&quot;:&quot;&quot;,&quot;right&quot;:&quot;&quot;,&quot;bottom&quot;:&quot;&quot;,&quot;left&quot;:&quot;&quot;,&quot;isLinked&quot;:true},&quot;element_pack_global_tooltip_border_radius&quot;:{&quot;unit&quot;:&quot;px&quot;,&quot;top&quot;:&quot;&quot;,&quot;right&quot;:&quot;&quot;,&quot;bottom&quot;:&quot;&quot;,&quot;left&quot;:&quot;&quot;,&quot;isLinked&quot;:true},&quot;element_pack_global_tooltip_border_radius_tablet&quot;:{&quot;unit&quot;:&quot;px&quot;,&quot;top&quot;:&quot;&quot;,&quot;right&quot;:&quot;&quot;,&quot;bottom&quot;:&quot;&quot;,&quot;left&quot;:&quot;&quot;,&quot;isLinked&quot;:true},&quot;element_pack_global_tooltip_border_radius_mobile&quot;:{&quot;unit&quot;:&quot;px&quot;,&quot;top&quot;:&quot;&quot;,&quot;right&quot;:&quot;&quot;,&quot;bottom&quot;:&quot;&quot;,&quot;left&quot;:&quot;&quot;,&quot;isLinked&quot;:true}}\" wpc-filter-elementor-widget=\"1\" data-elementor-post-type=\"page\">\n\t\t\t\t\t\t<div class=\"elementor-section elementor-top-section elementor-element elementor-element-9ff0b82 bdt-motion-effect-wrapper elementor-section-content-middle elementor-section-boxed elementor-section-height-default elementor-section-height-default\" data-id=\"9ff0b82\" data-element_type=\"section\" data-e-type=\"section\" data-settings=\"{&quot;background_background&quot;:&quot;classic&quot;}\">\n\t\t\t\t\t\t<div class=\"elementor-container elementor-column-gap-no\">\n\t\t\t\t\t<div class=\"elementor-column elementor-col-100 elementor-top-column elementor-element elementor-element-7f0bf7e\" data-id=\"7f0bf7e\" data-element_type=\"column\" data-e-type=\"column\">\n\t\t\t<div class=\"elementor-widget-wrap elementor-element-populated\">\n\t\t\t\t\t\t<section class=\"elementor-section elementor-inner-section elementor-element elementor-element-4e4b975 elementor-section-content-middle services-section elementor-section-boxed elementor-section-height-default elementor-section-height-default\" data-id=\"4e4b975\" data-element_type=\"section\" data-e-type=\"section\" data-settings=\"{&quot;animation&quot;:&quot;none&quot;}\">\n\t\t\t\t\t\t<div class=\"elementor-container elementor-column-gap-default\">\n\t\t\t\t\t<div class=\"elementor-column elementor-col-50 elementor-inner-column elementor-element elementor-element-2fd0e63\" data-id=\"2fd0e63\" data-element_type=\"column\" data-e-type=\"column\">\n\t\t\t<div class=\"elementor-widget-wrap elementor-element-populated\">\n\t\t\t\t\t\t<div class=\"elementor-element elementor-element-7694022 animated-fast elementor-widget elementor-widget-heading\" data-id=\"7694022\" data-element_type=\"widget\" data-e-type=\"widget\" data-settings=\"{&quot;_animation_delay&quot;:0,&quot;_animation&quot;:&quot;none&quot;}\" data-widget_type=\"heading.default\">\n\t\t\t\t\t<h1 class=\"elementor-heading-title elementor-size-default\">Teele T\u0161oba<\/h1>\t\t\t\t<\/div>\n\t\t\t\t<div class=\"elementor-element elementor-element-f399d4c elementor-widget elementor-widget-text-editor\" data-id=\"f399d4c\" data-element_type=\"widget\" data-e-type=\"widget\" data-widget_type=\"text-editor.default\">\n\t\t\t\t\t\t\t\t\t<p>F\u00fcsioterapeut. T\u00f6\u00f6keeled: eesti, inglise<\/p>\t\t\t\t\t\t\t\t<\/div>\n\t\t\t\t<div class=\"elementor-element elementor-element-6d73fe6 elementor-widget__width-initial elementor-widget-tablet__width-initial elementor-widget-mobile__width-inherit elementor-widget elementor-widget-text-editor\" data-id=\"6d73fe6\" data-element_type=\"widget\" data-e-type=\"widget\" data-settings=\"{&quot;_animation&quot;:&quot;none&quot;,&quot;_animation_delay&quot;:1300}\" data-widget_type=\"text-editor.default\">\n\t\t\t\t\t\t\t\t\t<p class=\"p1\">Teele on l\u00f5petanud Tartu \u00dclikoolis f\u00fcsioteraapia eriala bakalaureuse\u00f5ppe.<br \/>Tal on mitmek\u00fclgne t\u00f6\u00f6kogemus nii tervishoius kui ka spordivaldkonnas: Teele on t\u00f6\u00f6tanud Viljandi Haigla ambulatoorses ja statsionaarses osakonnas ning Audentese Spordikoolis orienteerumise treenerina 7\u201318-aastastele lastele ja noortele. Samuti on ta teinud koduvisiite arengu hilinemisega v\u00f5i erivajadusega lastele ja noortele.<\/p><p class=\"p1\"><br \/>Teele t\u00e4iendab end regulaarselt erialastel koolitustel ja teaduskirjanduse kaudu, keskendudes eelk\u00f5ige laste f\u00fcsioteraapiale, noorte spordile ning vigastuste ennetamisele ja taastumisele.<br \/>Teele jaoks on oluline n\u00e4ha inimest tervikuna, arvestada tema eesm\u00e4rkide, v\u00f5imaluste ja igap\u00e4evaeluga. Tema eesm\u00e4rk on anda lastele ja peredele praktilised oskused, mis aitavad liikumisest r\u00f5\u00f5mu tunda ja iseseisvalt edasi areneda.<\/p><p class=\"p1\"><br \/>Ta usub, et varakult omandatud liikumisoskused loovad aluse enesekindlale ja aktiivsele elule. \u201eOma t\u00f6\u00f6s pean v\u00e4ga oluliseks ka empaatiat ning usaldust terapeudi ja patsiendi vahel. See on nagu h\u00e4davajalik \u00f5litilk, mis paneb hammasrattad p\u00f6\u00f6rlema ja kogu protsessi toimima,\u201c lisab Teele.<\/p>\t\t\t\t\t\t\t\t<\/div>\n\t\t\t\t\t<\/div>\n\t\t<\/div>\n\t\t\t\t<div class=\"elementor-column elementor-col-50 elementor-inner-column elementor-element elementor-element-7ccce28\" data-id=\"7ccce28\" data-element_type=\"column\" data-e-type=\"column\">\n\t\t\t<div class=\"elementor-widget-wrap elementor-element-populated\">\n\t\t\t\t\t\t<div class=\"elementor-element elementor-element-9c360b6 elementor-widget elementor-widget-image\" data-id=\"9c360b6\" data-element_type=\"widget\" data-e-type=\"widget\" data-widget_type=\"image.default\">\n\t\t\t\t\t\t\t\t\t\t\t\t\t\t\t<img fetchpriority=\"high\" decoding=\"async\" width=\"1000\" height=\"667\" src=\"https:\/\/utk.ee\/wp-content\/uploads\/2025\/11\/placeholder-86-1024x683.png\" class=\"attachment-large size-large wp-image-4979\" alt=\"\" srcset=\"https:\/\/utk.ee\/wp-content\/uploads\/2025\/11\/placeholder-86-1024x683.png 1024w, https:\/\/utk.ee\/wp-content\/uploads\/2025\/11\/placeholder-86-600x400.png 600w, https:\/\/utk.ee\/wp-content\/uploads\/2025\/11\/placeholder-86-300x200.png 300w, https:\/\/utk.ee\/wp-content\/uploads\/2025\/11\/placeholder-86-768x512.png 768w, https:\/\/utk.ee\/wp-content\/uploads\/2025\/11\/placeholder-86-650x433.png 650w, https:\/\/utk.ee\/wp-content\/uploads\/2025\/11\/placeholder-86.png 1200w\" sizes=\"(max-width: 1000px) 100vw, 1000px\" \/>\t\t\t\t\t\t\t\t\t\t\t\t\t\t\t<\/div>\n\t\t\t\t<div class=\"elementor-element elementor-element-0487173 elementor-align-center elementor-widget elementor-widget-button\" data-id=\"0487173\" data-element_type=\"widget\" data-e-type=\"widget\" data-widget_type=\"button.default\">\n\t\t\t\t\t\t\t\t\t\t<a class=\"elementor-button elementor-button-link elementor-size-sm\" href=\"https:\/\/connectedserver.eu\/ConnectedOnlineX\/default.aspx?key=tfmSkh6b&#038;lang=et\">\n\t\t\t\t\t\t<span class=\"elementor-button-content-wrapper\">\n\t\t\t\t\t\t\t\t\t<span class=\"elementor-button-text\">Broneeri aeg<\/span>\n\t\t\t\t\t<\/span>\n\t\t\t\t\t<\/a>\n\t\t\t\t\t\t\t\t<\/div>\n\t\t\t\t\t<\/div>\n\t\t<\/div>\n\t\t\t\t\t<\/div>\n\t\t<\/section>\n\t\t\t\t\t<\/div>\n\t\t<\/div>\n\t\t\t\t\t<\/div>\n\t\t<\/div>\n\t\t\t\t<\/div>\n\t\t","protected":false},"excerpt":{"rendered":"<p>Teele T\u0161oba F\u00fcsioterapeut. T\u00f6\u00f6keeled: eesti, inglise Teele on l\u00f5petanud Tartu \u00dclikoolis f\u00fcsioteraapia eriala bakalaureuse\u00f5ppe.Tal on mitmek\u00fclgne t\u00f6\u00f6kogemus nii tervishoius kui ka spordivaldkonnas: [&hellip;]<\/p>\n","protected":false},"author":4,"featured_media":4979,"parent":0,"menu_order":0,"comment_status":"closed","ping_status":"closed","template":"","meta":{"iawp_total_views":1,"footnotes":""},"class_list":["post-7096","page","type-page","status-publish","has-post-thumbnail","hentry"],"yoast_head":"<!-- This site is optimized with the Yoast SEO plugin v27.4 - https:\/\/yoast.com\/product\/yoast-seo-wordpress\/ -->\n<title>Tiim - Teele T\u0161oba - \u00dclemiste Tervisekliinik<\/title>\n<meta name=\"robots\" content=\"index, follow, max-snippet:-1, max-image-preview:large, max-video-preview:-1\" \/>\n<link rel=\"canonical\" href=\"https:\/\/utk.ee\/en\/teele-tsoba-fusioterapeut\/\" \/>\n<meta property=\"og:locale\" content=\"en_US\" \/>\n<meta property=\"og:type\" content=\"article\" \/>\n<meta property=\"og:title\" content=\"Tiim - Teele T\u0161oba - \u00dclemiste Tervisekliinik\" \/>\n<meta property=\"og:description\" content=\"Teele T\u0161oba F\u00fcsioterapeut. T\u00f6\u00f6keeled: eesti, inglise Teele on l\u00f5petanud Tartu \u00dclikoolis f\u00fcsioteraapia eriala bakalaureuse\u00f5ppe.Tal on mitmek\u00fclgne t\u00f6\u00f6kogemus nii tervishoius kui ka spordivaldkonnas: [&hellip;]\" \/>\n<meta property=\"og:url\" content=\"https:\/\/utk.ee\/en\/teele-tsoba-fusioterapeut\/\" \/>\n<meta property=\"og:site_name\" content=\"\u00dclemiste Tervisekliinik\" \/>\n<meta property=\"article:modified_time\" content=\"2026-04-08T06:42:48+00:00\" \/>\n<meta property=\"og:image\" content=\"https:\/\/utk.ee\/wp-content\/uploads\/2025\/11\/placeholder-86.png\" \/>\n\t<meta property=\"og:image:width\" content=\"1200\" \/>\n\t<meta property=\"og:image:height\" content=\"800\" \/>\n\t<meta property=\"og:image:type\" content=\"image\/png\" \/>\n<meta name=\"twitter:card\" content=\"summary_large_image\" \/>\n<meta name=\"twitter:label1\" content=\"Est. reading time\" \/>\n\t<meta name=\"twitter:data1\" content=\"1 minute\" \/>\n<script type=\"application\/ld+json\" class=\"yoast-schema-graph\">{\"@context\":\"https:\\\/\\\/schema.org\",\"@graph\":[{\"@type\":\"WebPage\",\"@id\":\"https:\\\/\\\/utk.ee\\\/en\\\/teele-tsoba-fusioterapeut\\\/\",\"url\":\"https:\\\/\\\/utk.ee\\\/en\\\/teele-tsoba-fusioterapeut\\\/\",\"name\":\"Tiim - Teele T\u0161oba - \u00dclemiste Tervisekliinik\",\"isPartOf\":{\"@id\":\"https:\\\/\\\/utk.ee\\\/en\\\/#website\"},\"primaryImageOfPage\":{\"@id\":\"https:\\\/\\\/utk.ee\\\/en\\\/teele-tsoba-fusioterapeut\\\/#primaryimage\"},\"image\":{\"@id\":\"https:\\\/\\\/utk.ee\\\/en\\\/teele-tsoba-fusioterapeut\\\/#primaryimage\"},\"thumbnailUrl\":\"https:\\\/\\\/utk.ee\\\/wp-content\\\/uploads\\\/2025\\\/11\\\/placeholder-86.png\",\"datePublished\":\"2025-10-23T10:50:25+00:00\",\"dateModified\":\"2026-04-08T06:42:48+00:00\",\"breadcrumb\":{\"@id\":\"https:\\\/\\\/utk.ee\\\/en\\\/teele-tsoba-fusioterapeut\\\/#breadcrumb\"},\"inLanguage\":\"en-US\",\"potentialAction\":[{\"@type\":\"ReadAction\",\"target\":[\"https:\\\/\\\/utk.ee\\\/en\\\/teele-tsoba-fusioterapeut\\\/\"]}]},{\"@type\":\"ImageObject\",\"inLanguage\":\"en-US\",\"@id\":\"https:\\\/\\\/utk.ee\\\/en\\\/teele-tsoba-fusioterapeut\\\/#primaryimage\",\"url\":\"https:\\\/\\\/utk.ee\\\/wp-content\\\/uploads\\\/2025\\\/11\\\/placeholder-86.png\",\"contentUrl\":\"https:\\\/\\\/utk.ee\\\/wp-content\\\/uploads\\\/2025\\\/11\\\/placeholder-86.png\",\"width\":1200,\"height\":800},{\"@type\":\"BreadcrumbList\",\"@id\":\"https:\\\/\\\/utk.ee\\\/en\\\/teele-tsoba-fusioterapeut\\\/#breadcrumb\",\"itemListElement\":[{\"@type\":\"ListItem\",\"position\":1,\"name\":\"Home\",\"item\":\"https:\\\/\\\/utk.ee\\\/en\\\/\"},{\"@type\":\"ListItem\",\"position\":2,\"name\":\"Tiim &#8211; Teele T\u0161oba\"}]},{\"@type\":\"WebSite\",\"@id\":\"https:\\\/\\\/utk.ee\\\/en\\\/#website\",\"url\":\"https:\\\/\\\/utk.ee\\\/en\\\/\",\"name\":\"\u00dclemiste Tervisekliinik\",\"description\":\"Terviseuuringud, f\u00fcsioteraapia, muud terviseteenused\",\"publisher\":{\"@id\":\"https:\\\/\\\/utk.ee\\\/en\\\/#organization\"},\"potentialAction\":[{\"@type\":\"SearchAction\",\"target\":{\"@type\":\"EntryPoint\",\"urlTemplate\":\"https:\\\/\\\/utk.ee\\\/en\\\/?s={search_term_string}\"},\"query-input\":{\"@type\":\"PropertyValueSpecification\",\"valueRequired\":true,\"valueName\":\"search_term_string\"}}],\"inLanguage\":\"en-US\"},{\"@type\":\"Organization\",\"@id\":\"https:\\\/\\\/utk.ee\\\/en\\\/#organization\",\"name\":\"\u00dclemiste Tervisekliinik\",\"url\":\"https:\\\/\\\/utk.ee\\\/en\\\/\",\"logo\":{\"@type\":\"ImageObject\",\"inLanguage\":\"en-US\",\"@id\":\"https:\\\/\\\/utk.ee\\\/en\\\/#\\\/schema\\\/logo\\\/image\\\/\",\"url\":\"https:\\\/\\\/utk.ee\\\/wp-content\\\/uploads\\\/2026\\\/02\\\/cropped-Ulemiste-Tervisekliinik-fusioteraapia-kruoteraapia-terviseauditid.png\",\"contentUrl\":\"https:\\\/\\\/utk.ee\\\/wp-content\\\/uploads\\\/2026\\\/02\\\/cropped-Ulemiste-Tervisekliinik-fusioteraapia-kruoteraapia-terviseauditid.png\",\"width\":512,\"height\":512,\"caption\":\"\u00dclemiste Tervisekliinik\"},\"image\":{\"@id\":\"https:\\\/\\\/utk.ee\\\/en\\\/#\\\/schema\\\/logo\\\/image\\\/\"}}]}<\/script>\n<!-- \/ Yoast SEO plugin. -->","yoast_head_json":{"title":"Tiim - Teele T\u0161oba - \u00dclemiste Tervisekliinik","robots":{"index":"index","follow":"follow","max-snippet":"max-snippet:-1","max-image-preview":"max-image-preview:large","max-video-preview":"max-video-preview:-1"},"canonical":"https:\/\/utk.ee\/en\/teele-tsoba-fusioterapeut\/","og_locale":"en_US","og_type":"article","og_title":"Tiim - Teele T\u0161oba - \u00dclemiste Tervisekliinik","og_description":"Teele T\u0161oba F\u00fcsioterapeut. T\u00f6\u00f6keeled: eesti, inglise Teele on l\u00f5petanud Tartu \u00dclikoolis f\u00fcsioteraapia eriala bakalaureuse\u00f5ppe.Tal on mitmek\u00fclgne t\u00f6\u00f6kogemus nii tervishoius kui ka spordivaldkonnas: [&hellip;]","og_url":"https:\/\/utk.ee\/en\/teele-tsoba-fusioterapeut\/","og_site_name":"\u00dclemiste Tervisekliinik","article_modified_time":"2026-04-08T06:42:48+00:00","og_image":[{"width":1200,"height":800,"url":"https:\/\/utk.ee\/wp-content\/uploads\/2025\/11\/placeholder-86.png","type":"image\/png"}],"twitter_card":"summary_large_image","twitter_misc":{"Est. reading time":"1 minute"},"schema":{"@context":"https:\/\/schema.org","@graph":[{"@type":"WebPage","@id":"https:\/\/utk.ee\/en\/teele-tsoba-fusioterapeut\/","url":"https:\/\/utk.ee\/en\/teele-tsoba-fusioterapeut\/","name":"Tiim - Teele T\u0161oba - \u00dclemiste Tervisekliinik","isPartOf":{"@id":"https:\/\/utk.ee\/en\/#website"},"primaryImageOfPage":{"@id":"https:\/\/utk.ee\/en\/teele-tsoba-fusioterapeut\/#primaryimage"},"image":{"@id":"https:\/\/utk.ee\/en\/teele-tsoba-fusioterapeut\/#primaryimage"},"thumbnailUrl":"https:\/\/utk.ee\/wp-content\/uploads\/2025\/11\/placeholder-86.png","datePublished":"2025-10-23T10:50:25+00:00","dateModified":"2026-04-08T06:42:48+00:00","breadcrumb":{"@id":"https:\/\/utk.ee\/en\/teele-tsoba-fusioterapeut\/#breadcrumb"},"inLanguage":"en-US","potentialAction":[{"@type":"ReadAction","target":["https:\/\/utk.ee\/en\/teele-tsoba-fusioterapeut\/"]}]},{"@type":"ImageObject","inLanguage":"en-US","@id":"https:\/\/utk.ee\/en\/teele-tsoba-fusioterapeut\/#primaryimage","url":"https:\/\/utk.ee\/wp-content\/uploads\/2025\/11\/placeholder-86.png","contentUrl":"https:\/\/utk.ee\/wp-content\/uploads\/2025\/11\/placeholder-86.png","width":1200,"height":800},{"@type":"BreadcrumbList","@id":"https:\/\/utk.ee\/en\/teele-tsoba-fusioterapeut\/#breadcrumb","itemListElement":[{"@type":"ListItem","position":1,"name":"Home","item":"https:\/\/utk.ee\/en\/"},{"@type":"ListItem","position":2,"name":"Tiim &#8211; Teele T\u0161oba"}]},{"@type":"WebSite","@id":"https:\/\/utk.ee\/en\/#website","url":"https:\/\/utk.ee\/en\/","name":"\u00dclemiste Tervisekliinik","description":"Terviseuuringud, f\u00fcsioteraapia, muud terviseteenused","publisher":{"@id":"https:\/\/utk.ee\/en\/#organization"},"potentialAction":[{"@type":"SearchAction","target":{"@type":"EntryPoint","urlTemplate":"https:\/\/utk.ee\/en\/?s={search_term_string}"},"query-input":{"@type":"PropertyValueSpecification","valueRequired":true,"valueName":"search_term_string"}}],"inLanguage":"en-US"},{"@type":"Organization","@id":"https:\/\/utk.ee\/en\/#organization","name":"\u00dclemiste Tervisekliinik","url":"https:\/\/utk.ee\/en\/","logo":{"@type":"ImageObject","inLanguage":"en-US","@id":"https:\/\/utk.ee\/en\/#\/schema\/logo\/image\/","url":"https:\/\/utk.ee\/wp-content\/uploads\/2026\/02\/cropped-Ulemiste-Tervisekliinik-fusioteraapia-kruoteraapia-terviseauditid.png","contentUrl":"https:\/\/utk.ee\/wp-content\/uploads\/2026\/02\/cropped-Ulemiste-Tervisekliinik-fusioteraapia-kruoteraapia-terviseauditid.png","width":512,"height":512,"caption":"\u00dclemiste Tervisekliinik"},"image":{"@id":"https:\/\/utk.ee\/en\/#\/schema\/logo\/image\/"}}]}},"_links":{"self":[{"href":"https:\/\/utk.ee\/en\/wp-json\/wp\/v2\/pages\/7096","targetHints":{"allow":["GET"]}}],"collection":[{"href":"https:\/\/utk.ee\/en\/wp-json\/wp\/v2\/pages"}],"about":[{"href":"https:\/\/utk.ee\/en\/wp-json\/wp\/v2\/types\/page"}],"author":[{"embeddable":true,"href":"https:\/\/utk.ee\/en\/wp-json\/wp\/v2\/users\/4"}],"replies":[{"embeddable":true,"href":"https:\/\/utk.ee\/en\/wp-json\/wp\/v2\/comments?post=7096"}],"version-history":[{"count":7,"href":"https:\/\/utk.ee\/en\/wp-json\/wp\/v2\/pages\/7096\/revisions"}],"predecessor-version":[{"id":7108,"href":"https:\/\/utk.ee\/en\/wp-json\/wp\/v2\/pages\/7096\/revisions\/7108"}],"wp:featuredmedia":[{"embeddable":true,"href":"https:\/\/utk.ee\/en\/wp-json\/wp\/v2\/media\/4979"}],"wp:attachment":[{"href":"https:\/\/utk.ee\/en\/wp-json\/wp\/v2\/media?parent=7096"}],"curies":[{"name":"wp","href":"https:\/\/api.w.org\/{rel}","templated":true}]}}