{"id":6460,"date":"2025-10-23T10:50:25","date_gmt":"2025-10-23T10:50:25","guid":{"rendered":"https:\/\/utk.ee\/?page_id=6460"},"modified":"2026-04-01T14:31:39","modified_gmt":"2026-04-01T14:31:39","slug":"broneeri-aeg","status":"publish","type":"page","link":"https:\/\/utk.ee\/en\/services\/broneeri-aeg\/","title":{"rendered":"Broneeri aeg terviseuuringule"},"content":{"rendered":"\t\t<div data-elementor-type=\"wp-page\" data-elementor-id=\"6460\" class=\"elementor elementor-6460 elementor-6458\" data-elementor-settings=\"{&quot;element_pack_global_tooltip_width&quot;:{&quot;unit&quot;:&quot;px&quot;,&quot;size&quot;:&quot;&quot;,&quot;sizes&quot;:[]},&quot;element_pack_global_tooltip_width_tablet&quot;:{&quot;unit&quot;:&quot;px&quot;,&quot;size&quot;:&quot;&quot;,&quot;sizes&quot;:[]},&quot;element_pack_global_tooltip_width_mobile&quot;:{&quot;unit&quot;:&quot;px&quot;,&quot;size&quot;:&quot;&quot;,&quot;sizes&quot;:[]},&quot;element_pack_global_tooltip_padding&quot;:{&quot;unit&quot;:&quot;px&quot;,&quot;top&quot;:&quot;&quot;,&quot;right&quot;:&quot;&quot;,&quot;bottom&quot;:&quot;&quot;,&quot;left&quot;:&quot;&quot;,&quot;isLinked&quot;:true},&quot;element_pack_global_tooltip_padding_tablet&quot;:{&quot;unit&quot;:&quot;px&quot;,&quot;top&quot;:&quot;&quot;,&quot;right&quot;:&quot;&quot;,&quot;bottom&quot;:&quot;&quot;,&quot;left&quot;:&quot;&quot;,&quot;isLinked&quot;:true},&quot;element_pack_global_tooltip_padding_mobile&quot;:{&quot;unit&quot;:&quot;px&quot;,&quot;top&quot;:&quot;&quot;,&quot;right&quot;:&quot;&quot;,&quot;bottom&quot;:&quot;&quot;,&quot;left&quot;:&quot;&quot;,&quot;isLinked&quot;:true},&quot;element_pack_global_tooltip_border_radius&quot;:{&quot;unit&quot;:&quot;px&quot;,&quot;top&quot;:&quot;&quot;,&quot;right&quot;:&quot;&quot;,&quot;bottom&quot;:&quot;&quot;,&quot;left&quot;:&quot;&quot;,&quot;isLinked&quot;:true},&quot;element_pack_global_tooltip_border_radius_tablet&quot;:{&quot;unit&quot;:&quot;px&quot;,&quot;top&quot;:&quot;&quot;,&quot;right&quot;:&quot;&quot;,&quot;bottom&quot;:&quot;&quot;,&quot;left&quot;:&quot;&quot;,&quot;isLinked&quot;:true},&quot;element_pack_global_tooltip_border_radius_mobile&quot;:{&quot;unit&quot;:&quot;px&quot;,&quot;top&quot;:&quot;&quot;,&quot;right&quot;:&quot;&quot;,&quot;bottom&quot;:&quot;&quot;,&quot;left&quot;:&quot;&quot;,&quot;isLinked&quot;:true}}\" wpc-filter-elementor-widget=\"1\" data-elementor-post-type=\"page\">\n\t\t\t\t\t\t<div class=\"elementor-section elementor-top-section elementor-element elementor-element-34f004e7 bdt-motion-effect-wrapper elementor-section-content-middle elementor-section-boxed elementor-section-height-default elementor-section-height-default\" data-id=\"34f004e7\" data-element_type=\"section\" data-e-type=\"section\" data-settings=\"{&quot;background_background&quot;:&quot;classic&quot;}\">\n\t\t\t\t\t\t<div class=\"elementor-container elementor-column-gap-no\">\n\t\t\t\t\t<div class=\"elementor-column elementor-col-100 elementor-top-column elementor-element elementor-element-59142b55\" data-id=\"59142b55\" data-element_type=\"column\" data-e-type=\"column\">\n\t\t\t<div class=\"elementor-widget-wrap elementor-element-populated\">\n\t\t\t\t\t\t<section class=\"elementor-section elementor-inner-section elementor-element elementor-element-61ad2f33 elementor-section-content-middle services-section elementor-section-boxed elementor-section-height-default elementor-section-height-default\" data-id=\"61ad2f33\" data-element_type=\"section\" data-e-type=\"section\" data-settings=\"{&quot;animation&quot;:&quot;none&quot;}\">\n\t\t\t\t\t\t<div class=\"elementor-container elementor-column-gap-default\">\n\t\t\t\t\t<div class=\"elementor-column elementor-col-100 elementor-inner-column elementor-element elementor-element-4a6fabb7\" data-id=\"4a6fabb7\" data-element_type=\"column\" data-e-type=\"column\">\n\t\t\t<div class=\"elementor-widget-wrap elementor-element-populated\">\n\t\t\t\t\t\t<div class=\"elementor-element elementor-element-5ef3eca3 animated-fast elementor-widget elementor-widget-heading\" data-id=\"5ef3eca3\" data-element_type=\"widget\" data-e-type=\"widget\" data-settings=\"{&quot;_animation_delay&quot;:0,&quot;_animation&quot;:&quot;none&quot;}\" data-widget_type=\"heading.default\">\n\t\t\t\t\t<h1 class=\"elementor-heading-title elementor-size-default\">Terviseuuringud<\/h1>\t\t\t\t<\/div>\n\t\t\t\t\t<\/div>\n\t\t<\/div>\n\t\t\t\t\t<\/div>\n\t\t<\/section>\n\t\t\t\t\t<\/div>\n\t\t<\/div>\n\t\t\t\t\t<\/div>\n\t\t<\/div>\n\t\t<div class=\"elementor-element elementor-element-df4383b e-flex e-con-boxed e-con e-parent\" data-id=\"df4383b\" data-element_type=\"container\" data-e-type=\"container\" id=\"broneering\">\n\t\t\t\t\t<div class=\"e-con-inner\">\n\t\t<div class=\"elementor-element elementor-element-eba41ce e-con-full e-flex e-con e-child\" data-id=\"eba41ce\" data-element_type=\"container\" data-e-type=\"container\">\n\t\t<div class=\"elementor-element elementor-element-9b6c236 e-con-full e-flex e-con e-child\" data-id=\"9b6c236\" data-element_type=\"container\" data-e-type=\"container\">\n\t\t\t\t<div class=\"elementor-element elementor-element-d63f833 elementor-widget elementor-widget-text-editor\" data-id=\"d63f833\" data-element_type=\"widget\" data-e-type=\"widget\" data-widget_type=\"text-editor.default\">\n\t\t\t\t\t\t\t\t\t<h2>Broneeri aeg<\/h2>\t\t\t\t\t\t\t\t<\/div>\n\t\t\t\t<div class=\"elementor-element elementor-element-78d6f2b elementor-widget elementor-widget-text-editor\" data-id=\"78d6f2b\" data-element_type=\"widget\" data-e-type=\"widget\" data-widget_type=\"text-editor.default\">\n\t\t\t\t\t\t\t\t\t<p><b>Ostsid teenuse l\u00e4bi Stebby? <\/b>Leia vastav Stebby nime sisaldav teenus ja <span style=\"text-decoration: underline;\">kirjuta Stebby kood lisainfo lahtrisse.<\/span><\/p>\t\t\t\t\t\t\t\t<\/div>\n\t\t\t\t<div class=\"elementor-element elementor-element-8025b34 elementor-widget elementor-widget-html\" data-id=\"8025b34\" data-element_type=\"widget\" data-e-type=\"widget\" id=\"broneeri\" data-widget_type=\"html.default\">\n\t\t\t\t\t<iframe src=\"https:\/\/connectedserver.eu\/ConnectedOnlineX\/default.aspx?key=lvtsyvE9&lang=et\" style='height:800px;width:100%;' frameBorder='0' ><\/iframe>\t\t\t\t<\/div>\n\t\t\t\t<div class=\"elementor-element elementor-element-dd77048 elementor-widget elementor-widget-heading\" data-id=\"dd77048\" data-element_type=\"widget\" data-e-type=\"widget\" data-widget_type=\"heading.default\">\n\t\t\t\t\t<h3 class=\"elementor-heading-title elementor-size-default\">Tahan saada 1x kuus \u00dclemiste Tervisekliiniku uudiseid:<\/h3>\t\t\t\t<\/div>\n\t\t\t\t<div class=\"elementor-element elementor-element-9b42482 elementor-widget elementor-widget-smaily-connect-elementor-newsletter-widget\" data-id=\"9b42482\" data-element_type=\"widget\" data-e-type=\"widget\" data-widget_type=\"smaily-connect-elementor-newsletter-widget.default\">\n\t\t\t\t<div class=\"elementor-widget-container\">\n\t\t\t\t\t\t\t<div class=\"smaily-connect-elementor-newsletter-form-wrapper\">\n\t\t\t\t\t\t<form\n\t\t\t\tclass=\"smaily-connect-elementor-newsletter-form\"\n\t\t\t\taction=\"https:\/\/ulemistetervisekliinik.sendsmaily.net\/api\/opt-in\/\"\n\t\t\t\tmethod=\"post\"\n\t\t\t>\n\t\t\t\t\t\t\t\t<input\n\t\t\t\t\t\ttype=\"hidden\"\n\t\t\t\t\t\tname=\"language\"\n\t\t\t\t\t\tvalue=\"en\"\n\t\t\t\t>\n\t\t\t\t<input\n\t\t\t\t\ttype=\"hidden\"\n\t\t\t\t\tname=\"success_url\"\n\t\t\t\t\tvalue=\"https:\/\/utk.ee\/en\/wp-json\/wp\/v2\/pages\/6460\"\n\t\t\t\t>\n\t\t\t\t<input\n\t\t\t\t\ttype=\"hidden\"\n\t\t\t\t\tname=\"failure_url\"\n\t\t\t\t\tvalue=\"https:\/\/utk.ee\/en\/wp-json\/wp\/v2\/pages\/6460\"\n\t\t\t\t>\n\t\t\t\t\t\t\t\t\t\t\t\t\t\t\t\t\t\t\t\t<input\n\t\t\t\t\t\t\ttype=\"hidden\"\n\t\t\t\t\t\t\tname=\"veebist\"\n\t\t\t\t\t\t\tvalue=\"jah\"\n\t\t\t\t\t\t>\n\t\t\t\t\t\t\t\t\t\t\t\t\t<div class=\"smaily-connect-elementor-newsletter-form-visible-fields\">\n\t\t\t\t\t<div class=\"smaily-connect-elementor-newsletter-form-input-container\">\n\t\t\t\t\t\t\t\t\t\t\t\t\t<label for=\"smaily-connect-elementor-newsletter-form-email\">\n\t\t\t\t\t\t\t\tE-post\t\t\t\t\t\t\t<\/label>\n\t\t\t\t\t\t\t\t\t\t\t\t<input\n\t\t\t\t\t\t\tid=\"smaily-connect-elementor-newsletter-form-email\"\n\t\t\t\t\t\t\ttype=\"email\"\n\t\t\t\t\t\t\tname=\"email\"\n\t\t\t\t\t\t\tvalue=\"\"\n\t\t\t\t\t\t\tplaceholder=\"Sisestage oma e-posti aadress\"\n\t\t\t\t\t\t\trequired\n\t\t\t\t\t\t>\n\t\t\t\t\t<\/div>\n\t\t\t\t\t\t\t\t\t\t\t<div class=\"smaily-connect-elementor-newsletter-form-input-container\">\n\t\t\t\t\t\t\t\t\t\t\t\t\t\t\t<label for=\"smaily-connect-elementor-newsletter-form-name\">\n\t\t\t\t\t\t\t\t\tNimi\t\t\t\t\t\t\t\t<\/label>\n\t\t\t\t\t\t\t\t\t\t\t\t\t\t\t<input\n\t\t\t\t\t\t\t\t\tid=\"smaily-connect-elementor-newsletter-form-name\"\n\t\t\t\t\t\t\t\t\ttype=\"text\"\n\t\t\t\t\t\t\t\t\tname=\"name\"\n\t\t\t\t\t\t\t\t\tvalue=\"\"\n\t\t\t\t\t\t\t\t\tplaceholder=\"Sisestage oma nimi\"\n\t\t\t\t\t\t\t\t>\n\t\t\t\t\t\t<\/div>\n\t\t\t\t\t\t\t\t\t<\/div>\n\t\t\t\t<button type=\"submit\" class=\"smaily-connect-elementor-newsletter-form-submit-button\">\n\t\t\t\t\tLiitu\t\t\t\t<\/button>\n\t\t\t<\/form>\n\t\t<\/div>\n\t\t\t\t\t\t<\/div>\n\t\t\t\t<\/div>\n\t\t\t\t<\/div>\n\t\t\t\t<\/div>\n\t\t\t\t\t<\/div>\n\t\t\t\t<\/div>\n\t\t\t\t<\/div>\n\t\t","protected":false},"excerpt":{"rendered":"<p>Terviseuuringud Broneeri aeg Ostsid teenuse l\u00e4bi Stebby? Leia vastav Stebby nime sisaldav teenus ja kirjuta Stebby kood lisainfo lahtrisse. Tahan saada 1x [&hellip;]<\/p>\n","protected":false},"author":4,"featured_media":6461,"parent":921,"menu_order":0,"comment_status":"closed","ping_status":"closed","template":"","meta":{"iawp_total_views":44,"footnotes":""},"class_list":["post-6460","page","type-page","status-publish","has-post-thumbnail","hentry"],"yoast_head":"<!-- This site is optimized with the Yoast SEO plugin v27.4 - https:\/\/yoast.com\/product\/yoast-seo-wordpress\/ -->\n<title>Broneeri aeg terviseuuringule - \u00dclemiste Tervisekliinik<\/title>\n<meta name=\"robots\" content=\"index, follow, max-snippet:-1, max-image-preview:large, max-video-preview:-1\" \/>\n<link rel=\"canonical\" href=\"https:\/\/utk.ee\/en\/services\/broneeri-aeg\/\" \/>\n<meta property=\"og:locale\" content=\"en_US\" \/>\n<meta property=\"og:type\" content=\"article\" \/>\n<meta property=\"og:title\" content=\"Broneeri aeg terviseuuringule - \u00dclemiste Tervisekliinik\" \/>\n<meta property=\"og:description\" content=\"Terviseuuringud Broneeri aeg Ostsid teenuse l\u00e4bi Stebby? Leia vastav Stebby nime sisaldav teenus ja kirjuta Stebby kood lisainfo lahtrisse. Tahan saada 1x [&hellip;]\" \/>\n<meta property=\"og:url\" content=\"https:\/\/utk.ee\/en\/services\/broneeri-aeg\/\" \/>\n<meta property=\"og:site_name\" content=\"\u00dclemiste Tervisekliinik\" \/>\n<meta property=\"article:modified_time\" content=\"2026-04-01T14:31:39+00:00\" \/>\n<meta property=\"og:image\" content=\"https:\/\/utk.ee\/wp-content\/uploads\/2026\/03\/Ulemiste-Tervisekliinik-fusioteraapia-1-scaled.jpg\" \/>\n\t<meta property=\"og:image:width\" content=\"2560\" \/>\n\t<meta property=\"og:image:height\" content=\"1668\" \/>\n\t<meta property=\"og:image:type\" content=\"image\/jpeg\" \/>\n<meta name=\"twitter:card\" content=\"summary_large_image\" \/>\n<meta name=\"twitter:label1\" content=\"Est. reading time\" \/>\n\t<meta name=\"twitter:data1\" content=\"1 minute\" \/>\n<script type=\"application\/ld+json\" class=\"yoast-schema-graph\">{\"@context\":\"https:\\\/\\\/schema.org\",\"@graph\":[{\"@type\":\"WebPage\",\"@id\":\"https:\\\/\\\/utk.ee\\\/en\\\/services\\\/broneeri-aeg\\\/\",\"url\":\"https:\\\/\\\/utk.ee\\\/en\\\/services\\\/broneeri-aeg\\\/\",\"name\":\"Broneeri aeg terviseuuringule - \u00dclemiste Tervisekliinik\",\"isPartOf\":{\"@id\":\"https:\\\/\\\/utk.ee\\\/en\\\/#website\"},\"primaryImageOfPage\":{\"@id\":\"https:\\\/\\\/utk.ee\\\/en\\\/services\\\/broneeri-aeg\\\/#primaryimage\"},\"image\":{\"@id\":\"https:\\\/\\\/utk.ee\\\/en\\\/services\\\/broneeri-aeg\\\/#primaryimage\"},\"thumbnailUrl\":\"https:\\\/\\\/utk.ee\\\/wp-content\\\/uploads\\\/2026\\\/03\\\/Ulemiste-Tervisekliinik-fusioteraapia-1-scaled.jpg\",\"datePublished\":\"2025-10-23T10:50:25+00:00\",\"dateModified\":\"2026-04-01T14:31:39+00:00\",\"breadcrumb\":{\"@id\":\"https:\\\/\\\/utk.ee\\\/en\\\/services\\\/broneeri-aeg\\\/#breadcrumb\"},\"inLanguage\":\"en-US\",\"potentialAction\":[{\"@type\":\"ReadAction\",\"target\":[\"https:\\\/\\\/utk.ee\\\/en\\\/services\\\/broneeri-aeg\\\/\"]}]},{\"@type\":\"ImageObject\",\"inLanguage\":\"en-US\",\"@id\":\"https:\\\/\\\/utk.ee\\\/en\\\/services\\\/broneeri-aeg\\\/#primaryimage\",\"url\":\"https:\\\/\\\/utk.ee\\\/wp-content\\\/uploads\\\/2026\\\/03\\\/Ulemiste-Tervisekliinik-fusioteraapia-1-scaled.jpg\",\"contentUrl\":\"https:\\\/\\\/utk.ee\\\/wp-content\\\/uploads\\\/2026\\\/03\\\/Ulemiste-Tervisekliinik-fusioteraapia-1-scaled.jpg\",\"width\":2560,\"height\":1668,\"caption\":\"Tervisekontroll, terviseaudit - uriini- ja vereanal\u00fc\u00fcsid. \u00dclemiste City.\"},{\"@type\":\"BreadcrumbList\",\"@id\":\"https:\\\/\\\/utk.ee\\\/en\\\/services\\\/broneeri-aeg\\\/#breadcrumb\",\"itemListElement\":[{\"@type\":\"ListItem\",\"position\":1,\"name\":\"Home\",\"item\":\"https:\\\/\\\/utk.ee\\\/en\\\/\"},{\"@type\":\"ListItem\",\"position\":2,\"name\":\"Services\",\"item\":\"https:\\\/\\\/utk.ee\\\/en\\\/terviseuuringud\\\/\"},{\"@type\":\"ListItem\",\"position\":3,\"name\":\"Broneeri aeg terviseuuringule\"}]},{\"@type\":\"WebSite\",\"@id\":\"https:\\\/\\\/utk.ee\\\/en\\\/#website\",\"url\":\"https:\\\/\\\/utk.ee\\\/en\\\/\",\"name\":\"\u00dclemiste Tervisekliinik\",\"description\":\"Terviseuuringud, f\u00fcsioteraapia, muud terviseteenused\",\"publisher\":{\"@id\":\"https:\\\/\\\/utk.ee\\\/en\\\/#organization\"},\"potentialAction\":[{\"@type\":\"SearchAction\",\"target\":{\"@type\":\"EntryPoint\",\"urlTemplate\":\"https:\\\/\\\/utk.ee\\\/en\\\/?s={search_term_string}\"},\"query-input\":{\"@type\":\"PropertyValueSpecification\",\"valueRequired\":true,\"valueName\":\"search_term_string\"}}],\"inLanguage\":\"en-US\"},{\"@type\":\"Organization\",\"@id\":\"https:\\\/\\\/utk.ee\\\/en\\\/#organization\",\"name\":\"\u00dclemiste Tervisekliinik\",\"url\":\"https:\\\/\\\/utk.ee\\\/en\\\/\",\"logo\":{\"@type\":\"ImageObject\",\"inLanguage\":\"en-US\",\"@id\":\"https:\\\/\\\/utk.ee\\\/en\\\/#\\\/schema\\\/logo\\\/image\\\/\",\"url\":\"https:\\\/\\\/utk.ee\\\/wp-content\\\/uploads\\\/2026\\\/02\\\/cropped-Ulemiste-Tervisekliinik-fusioteraapia-kruoteraapia-terviseauditid.png\",\"contentUrl\":\"https:\\\/\\\/utk.ee\\\/wp-content\\\/uploads\\\/2026\\\/02\\\/cropped-Ulemiste-Tervisekliinik-fusioteraapia-kruoteraapia-terviseauditid.png\",\"width\":512,\"height\":512,\"caption\":\"\u00dclemiste Tervisekliinik\"},\"image\":{\"@id\":\"https:\\\/\\\/utk.ee\\\/en\\\/#\\\/schema\\\/logo\\\/image\\\/\"}}]}<\/script>\n<!-- \/ Yoast SEO plugin. -->","yoast_head_json":{"title":"Broneeri aeg terviseuuringule - \u00dclemiste Tervisekliinik","robots":{"index":"index","follow":"follow","max-snippet":"max-snippet:-1","max-image-preview":"max-image-preview:large","max-video-preview":"max-video-preview:-1"},"canonical":"https:\/\/utk.ee\/en\/services\/broneeri-aeg\/","og_locale":"en_US","og_type":"article","og_title":"Broneeri aeg terviseuuringule - \u00dclemiste Tervisekliinik","og_description":"Terviseuuringud Broneeri aeg Ostsid teenuse l\u00e4bi Stebby? Leia vastav Stebby nime sisaldav teenus ja kirjuta Stebby kood lisainfo lahtrisse. Tahan saada 1x [&hellip;]","og_url":"https:\/\/utk.ee\/en\/services\/broneeri-aeg\/","og_site_name":"\u00dclemiste Tervisekliinik","article_modified_time":"2026-04-01T14:31:39+00:00","og_image":[{"width":2560,"height":1668,"url":"https:\/\/utk.ee\/wp-content\/uploads\/2026\/03\/Ulemiste-Tervisekliinik-fusioteraapia-1-scaled.jpg","type":"image\/jpeg"}],"twitter_card":"summary_large_image","twitter_misc":{"Est. reading time":"1 minute"},"schema":{"@context":"https:\/\/schema.org","@graph":[{"@type":"WebPage","@id":"https:\/\/utk.ee\/en\/services\/broneeri-aeg\/","url":"https:\/\/utk.ee\/en\/services\/broneeri-aeg\/","name":"Broneeri aeg terviseuuringule - \u00dclemiste Tervisekliinik","isPartOf":{"@id":"https:\/\/utk.ee\/en\/#website"},"primaryImageOfPage":{"@id":"https:\/\/utk.ee\/en\/services\/broneeri-aeg\/#primaryimage"},"image":{"@id":"https:\/\/utk.ee\/en\/services\/broneeri-aeg\/#primaryimage"},"thumbnailUrl":"https:\/\/utk.ee\/wp-content\/uploads\/2026\/03\/Ulemiste-Tervisekliinik-fusioteraapia-1-scaled.jpg","datePublished":"2025-10-23T10:50:25+00:00","dateModified":"2026-04-01T14:31:39+00:00","breadcrumb":{"@id":"https:\/\/utk.ee\/en\/services\/broneeri-aeg\/#breadcrumb"},"inLanguage":"en-US","potentialAction":[{"@type":"ReadAction","target":["https:\/\/utk.ee\/en\/services\/broneeri-aeg\/"]}]},{"@type":"ImageObject","inLanguage":"en-US","@id":"https:\/\/utk.ee\/en\/services\/broneeri-aeg\/#primaryimage","url":"https:\/\/utk.ee\/wp-content\/uploads\/2026\/03\/Ulemiste-Tervisekliinik-fusioteraapia-1-scaled.jpg","contentUrl":"https:\/\/utk.ee\/wp-content\/uploads\/2026\/03\/Ulemiste-Tervisekliinik-fusioteraapia-1-scaled.jpg","width":2560,"height":1668,"caption":"Tervisekontroll, terviseaudit - uriini- ja vereanal\u00fc\u00fcsid. \u00dclemiste City."},{"@type":"BreadcrumbList","@id":"https:\/\/utk.ee\/en\/services\/broneeri-aeg\/#breadcrumb","itemListElement":[{"@type":"ListItem","position":1,"name":"Home","item":"https:\/\/utk.ee\/en\/"},{"@type":"ListItem","position":2,"name":"Services","item":"https:\/\/utk.ee\/en\/terviseuuringud\/"},{"@type":"ListItem","position":3,"name":"Broneeri aeg terviseuuringule"}]},{"@type":"WebSite","@id":"https:\/\/utk.ee\/en\/#website","url":"https:\/\/utk.ee\/en\/","name":"\u00dclemiste Tervisekliinik","description":"Terviseuuringud, f\u00fcsioteraapia, muud terviseteenused","publisher":{"@id":"https:\/\/utk.ee\/en\/#organization"},"potentialAction":[{"@type":"SearchAction","target":{"@type":"EntryPoint","urlTemplate":"https:\/\/utk.ee\/en\/?s={search_term_string}"},"query-input":{"@type":"PropertyValueSpecification","valueRequired":true,"valueName":"search_term_string"}}],"inLanguage":"en-US"},{"@type":"Organization","@id":"https:\/\/utk.ee\/en\/#organization","name":"\u00dclemiste Tervisekliinik","url":"https:\/\/utk.ee\/en\/","logo":{"@type":"ImageObject","inLanguage":"en-US","@id":"https:\/\/utk.ee\/en\/#\/schema\/logo\/image\/","url":"https:\/\/utk.ee\/wp-content\/uploads\/2026\/02\/cropped-Ulemiste-Tervisekliinik-fusioteraapia-kruoteraapia-terviseauditid.png","contentUrl":"https:\/\/utk.ee\/wp-content\/uploads\/2026\/02\/cropped-Ulemiste-Tervisekliinik-fusioteraapia-kruoteraapia-terviseauditid.png","width":512,"height":512,"caption":"\u00dclemiste Tervisekliinik"},"image":{"@id":"https:\/\/utk.ee\/en\/#\/schema\/logo\/image\/"}}]}},"_links":{"self":[{"href":"https:\/\/utk.ee\/en\/wp-json\/wp\/v2\/pages\/6460","targetHints":{"allow":["GET"]}}],"collection":[{"href":"https:\/\/utk.ee\/en\/wp-json\/wp\/v2\/pages"}],"about":[{"href":"https:\/\/utk.ee\/en\/wp-json\/wp\/v2\/types\/page"}],"author":[{"embeddable":true,"href":"https:\/\/utk.ee\/en\/wp-json\/wp\/v2\/users\/4"}],"replies":[{"embeddable":true,"href":"https:\/\/utk.ee\/en\/wp-json\/wp\/v2\/comments?post=6460"}],"version-history":[{"count":29,"href":"https:\/\/utk.ee\/en\/wp-json\/wp\/v2\/pages\/6460\/revisions"}],"predecessor-version":[{"id":6912,"href":"https:\/\/utk.ee\/en\/wp-json\/wp\/v2\/pages\/6460\/revisions\/6912"}],"up":[{"embeddable":true,"href":"https:\/\/utk.ee\/en\/wp-json\/wp\/v2\/pages\/921"}],"wp:featuredmedia":[{"embeddable":true,"href":"https:\/\/utk.ee\/en\/wp-json\/wp\/v2\/media\/6461"}],"wp:attachment":[{"href":"https:\/\/utk.ee\/en\/wp-json\/wp\/v2\/media?parent=6460"}],"curies":[{"name":"wp","href":"https:\/\/api.w.org\/{rel}","templated":true}]}}