{"id":5007,"date":"2025-10-23T10:50:25","date_gmt":"2025-10-23T10:50:25","guid":{"rendered":"https:\/\/utk.ee\/?page_id=5007"},"modified":"2026-03-16T05:29:56","modified_gmt":"2026-03-16T05:29:56","slug":"aarto-pihlapuu-fusioterapeut","status":"publish","type":"page","link":"https:\/\/utk.ee\/en\/aarto-pihlapuu-fusioterapeut\/","title":{"rendered":"Tiim &#8211; Aarto Pihlapuu"},"content":{"rendered":"\t\t<div data-elementor-type=\"wp-page\" data-elementor-id=\"5007\" class=\"elementor elementor-5007 elementor-5005\" data-elementor-settings=\"{&quot;element_pack_global_tooltip_width&quot;:{&quot;unit&quot;:&quot;px&quot;,&quot;size&quot;:&quot;&quot;,&quot;sizes&quot;:[]},&quot;element_pack_global_tooltip_width_tablet&quot;:{&quot;unit&quot;:&quot;px&quot;,&quot;size&quot;:&quot;&quot;,&quot;sizes&quot;:[]},&quot;element_pack_global_tooltip_width_mobile&quot;:{&quot;unit&quot;:&quot;px&quot;,&quot;size&quot;:&quot;&quot;,&quot;sizes&quot;:[]},&quot;element_pack_global_tooltip_padding&quot;:{&quot;unit&quot;:&quot;px&quot;,&quot;top&quot;:&quot;&quot;,&quot;right&quot;:&quot;&quot;,&quot;bottom&quot;:&quot;&quot;,&quot;left&quot;:&quot;&quot;,&quot;isLinked&quot;:true},&quot;element_pack_global_tooltip_padding_tablet&quot;:{&quot;unit&quot;:&quot;px&quot;,&quot;top&quot;:&quot;&quot;,&quot;right&quot;:&quot;&quot;,&quot;bottom&quot;:&quot;&quot;,&quot;left&quot;:&quot;&quot;,&quot;isLinked&quot;:true},&quot;element_pack_global_tooltip_padding_mobile&quot;:{&quot;unit&quot;:&quot;px&quot;,&quot;top&quot;:&quot;&quot;,&quot;right&quot;:&quot;&quot;,&quot;bottom&quot;:&quot;&quot;,&quot;left&quot;:&quot;&quot;,&quot;isLinked&quot;:true},&quot;element_pack_global_tooltip_border_radius&quot;:{&quot;unit&quot;:&quot;px&quot;,&quot;top&quot;:&quot;&quot;,&quot;right&quot;:&quot;&quot;,&quot;bottom&quot;:&quot;&quot;,&quot;left&quot;:&quot;&quot;,&quot;isLinked&quot;:true},&quot;element_pack_global_tooltip_border_radius_tablet&quot;:{&quot;unit&quot;:&quot;px&quot;,&quot;top&quot;:&quot;&quot;,&quot;right&quot;:&quot;&quot;,&quot;bottom&quot;:&quot;&quot;,&quot;left&quot;:&quot;&quot;,&quot;isLinked&quot;:true},&quot;element_pack_global_tooltip_border_radius_mobile&quot;:{&quot;unit&quot;:&quot;px&quot;,&quot;top&quot;:&quot;&quot;,&quot;right&quot;:&quot;&quot;,&quot;bottom&quot;:&quot;&quot;,&quot;left&quot;:&quot;&quot;,&quot;isLinked&quot;:true}}\" wpc-filter-elementor-widget=\"1\" data-elementor-post-type=\"page\">\n\t\t\t\t\t\t<div class=\"elementor-section elementor-top-section elementor-element elementor-element-9ff0b82 bdt-motion-effect-wrapper elementor-section-content-middle elementor-section-boxed elementor-section-height-default elementor-section-height-default\" data-id=\"9ff0b82\" data-element_type=\"section\" data-e-type=\"section\" data-settings=\"{&quot;background_background&quot;:&quot;classic&quot;}\">\n\t\t\t\t\t\t<div class=\"elementor-container elementor-column-gap-no\">\n\t\t\t\t\t<div class=\"elementor-column elementor-col-100 elementor-top-column elementor-element elementor-element-7f0bf7e\" data-id=\"7f0bf7e\" data-element_type=\"column\" data-e-type=\"column\">\n\t\t\t<div class=\"elementor-widget-wrap elementor-element-populated\">\n\t\t\t\t\t\t<section class=\"elementor-section elementor-inner-section elementor-element elementor-element-4e4b975 elementor-section-content-middle services-section elementor-section-boxed elementor-section-height-default elementor-section-height-default\" data-id=\"4e4b975\" data-element_type=\"section\" data-e-type=\"section\" data-settings=\"{&quot;animation&quot;:&quot;none&quot;}\">\n\t\t\t\t\t\t<div class=\"elementor-container elementor-column-gap-default\">\n\t\t\t\t\t<div class=\"elementor-column elementor-col-50 elementor-inner-column elementor-element elementor-element-2fd0e63\" data-id=\"2fd0e63\" data-element_type=\"column\" data-e-type=\"column\">\n\t\t\t<div class=\"elementor-widget-wrap elementor-element-populated\">\n\t\t\t\t\t\t<div class=\"elementor-element elementor-element-7694022 animated-fast elementor-widget elementor-widget-heading\" data-id=\"7694022\" data-element_type=\"widget\" data-e-type=\"widget\" data-settings=\"{&quot;_animation_delay&quot;:0,&quot;_animation&quot;:&quot;none&quot;}\" data-widget_type=\"heading.default\">\n\t\t\t\t\t<h1 class=\"elementor-heading-title elementor-size-default\">Aarto Pihlapuu<\/h1>\t\t\t\t<\/div>\n\t\t\t\t<div class=\"elementor-element elementor-element-f399d4c elementor-widget elementor-widget-text-editor\" data-id=\"f399d4c\" data-element_type=\"widget\" data-e-type=\"widget\" data-widget_type=\"text-editor.default\">\n\t\t\t\t\t\t\t\t\t<p>F\u00fcsioterapeut. T\u00f6\u00f6keeled: eesti, inglise.<\/p>\t\t\t\t\t\t\t\t<\/div>\n\t\t\t\t<div class=\"elementor-element elementor-element-6d73fe6 elementor-widget__width-initial elementor-widget-tablet__width-initial elementor-widget-mobile__width-inherit elementor-widget elementor-widget-text-editor\" data-id=\"6d73fe6\" data-element_type=\"widget\" data-e-type=\"widget\" data-settings=\"{&quot;_animation&quot;:&quot;none&quot;,&quot;_animation_delay&quot;:1300}\" data-widget_type=\"text-editor.default\">\n\t\t\t\t\t\t\t\t\t<p class=\"p1\">Aarto on omandanud bakalaureuse kraadi Euroopa F\u00fcsioteraapia Koolis (<i>European School of Physiotherapy<\/i>), mis kuulub Amsterdami Rakendusteaduste \u00dclikooli (<i>Amsterdam University of Applied Sciences<\/i>) koosseisu.<\/p><p class=\"p1\">\u00dclikooliaegne praktika viis teda v\u00e4ga erinevatesse organisatsioonidesse, sealhulgas L\u00f5una-Aafrika lastehaiglasse. Aarto on f\u00fcsioterapeudina t\u00f6\u00f6tanud Hollandi (AFC DWS) ja Eesti (Harju JK Laagri) jalgpalliklubides, aidates noorsportlastel toime tulla spordivigastustega. Mitu aastat t\u00f6\u00f6tas ta P\u00f5hja-Eesti Regionaalhaiglas \u2013 nii intensiivravi, statsionaarses kui ambulatoorses osakonnas. Haiglas tegeles Aarto v\u00e4ga erinevate muredega patsientidega, aidates skeleti-lihass\u00fcsteemi vaevuste, neuroloogiliste, traumaj\u00e4rgsete ja ka s\u00fcdamehaigustega seotud probleemide korral.<\/p><p class=\"p1\">Aarto peab oluliseks erialaste teadmiste ja oskuste pidevat t\u00e4iendamist. Ta loeb regulaarselt meditsiinikirjandust, j\u00e4lgib uusimaid teadusartikleid ning osaleb f\u00fcsioteraapia koolitustel.<\/p><p class=\"p1\">Oma t\u00f6\u00f6s v\u00e4\u00e4rtustab Aarto teadusp\u00f5hist, individuaalset ja paindlikku l\u00e4henemist. Ta peab v\u00e4ga t\u00e4htsaks, et inimesed m\u00f5istaksid oma probleemi tekkep\u00f5hjuseid, innustades neid muutusi ja arengut saavutama. \u201eJust nagu treening, v\u00f5iks ka teraapia olla nauditav protsess ja mitte kohustus,\u201c lisab Aarto.<\/p>\t\t\t\t\t\t\t\t<\/div>\n\t\t\t\t\t<\/div>\n\t\t<\/div>\n\t\t\t\t<div class=\"elementor-column elementor-col-50 elementor-inner-column elementor-element elementor-element-7ccce28\" data-id=\"7ccce28\" data-element_type=\"column\" data-e-type=\"column\">\n\t\t\t<div class=\"elementor-widget-wrap elementor-element-populated\">\n\t\t\t\t\t\t<div class=\"elementor-element elementor-element-9c360b6 elementor-widget elementor-widget-image\" data-id=\"9c360b6\" data-element_type=\"widget\" data-e-type=\"widget\" data-widget_type=\"image.default\">\n\t\t\t\t\t\t\t\t\t\t\t\t\t\t\t<img fetchpriority=\"high\" decoding=\"async\" width=\"1000\" height=\"667\" src=\"https:\/\/utk.ee\/wp-content\/uploads\/2026\/02\/Fusioterapeut-Aarto-Pihlapuu-1024x683.jpg\" class=\"attachment-large size-large wp-image-5010\" alt=\"Fu\u0308sioterapeut Aarto Pihlapuu\" srcset=\"https:\/\/utk.ee\/wp-content\/uploads\/2026\/02\/Fusioterapeut-Aarto-Pihlapuu-1024x683.jpg 1024w, https:\/\/utk.ee\/wp-content\/uploads\/2026\/02\/Fusioterapeut-Aarto-Pihlapuu-600x400.jpg 600w, https:\/\/utk.ee\/wp-content\/uploads\/2026\/02\/Fusioterapeut-Aarto-Pihlapuu-300x200.jpg 300w, https:\/\/utk.ee\/wp-content\/uploads\/2026\/02\/Fusioterapeut-Aarto-Pihlapuu-768x512.jpg 768w, https:\/\/utk.ee\/wp-content\/uploads\/2026\/02\/Fusioterapeut-Aarto-Pihlapuu-1536x1024.jpg 1536w, https:\/\/utk.ee\/wp-content\/uploads\/2026\/02\/Fusioterapeut-Aarto-Pihlapuu-650x433.jpg 650w, https:\/\/utk.ee\/wp-content\/uploads\/2026\/02\/Fusioterapeut-Aarto-Pihlapuu.jpg 2048w\" sizes=\"(max-width: 1000px) 100vw, 1000px\" \/>\t\t\t\t\t\t\t\t\t\t\t\t\t\t\t<\/div>\n\t\t\t\t<div class=\"elementor-element elementor-element-0487173 elementor-align-center elementor-widget elementor-widget-button\" data-id=\"0487173\" data-element_type=\"widget\" data-e-type=\"widget\" data-widget_type=\"button.default\">\n\t\t\t\t\t\t\t\t\t\t<a class=\"elementor-button elementor-button-link elementor-size-sm\" href=\"https:\/\/connectedserver.eu\/ConnectedOnlineX\/default.aspx?key=d0lm8yfG&#038;lang=et\">\n\t\t\t\t\t\t<span class=\"elementor-button-content-wrapper\">\n\t\t\t\t\t\t\t\t\t<span class=\"elementor-button-text\">Broneeri aeg<\/span>\n\t\t\t\t\t<\/span>\n\t\t\t\t\t<\/a>\n\t\t\t\t\t\t\t\t<\/div>\n\t\t\t\t\t<\/div>\n\t\t<\/div>\n\t\t\t\t\t<\/div>\n\t\t<\/section>\n\t\t\t\t\t<\/div>\n\t\t<\/div>\n\t\t\t\t\t<\/div>\n\t\t<\/div>\n\t\t\t\t<\/div>\n\t\t","protected":false},"excerpt":{"rendered":"<p>Aarto Pihlapuu F\u00fcsioterapeut. T\u00f6\u00f6keeled: eesti, inglise. Aarto on omandanud bakalaureuse kraadi Euroopa F\u00fcsioteraapia Koolis (European School of Physiotherapy), mis kuulub Amsterdami Rakendusteaduste [&hellip;]<\/p>\n","protected":false},"author":4,"featured_media":5010,"parent":0,"menu_order":0,"comment_status":"closed","ping_status":"closed","template":"","meta":{"iawp_total_views":3,"footnotes":""},"class_list":["post-5007","page","type-page","status-publish","has-post-thumbnail","hentry"],"yoast_head":"<!-- This site is optimized with the Yoast SEO plugin v27.4 - https:\/\/yoast.com\/product\/yoast-seo-wordpress\/ -->\n<title>Tiim - Aarto Pihlapuu - \u00dclemiste Tervisekliinik<\/title>\n<meta name=\"robots\" content=\"index, follow, max-snippet:-1, max-image-preview:large, max-video-preview:-1\" \/>\n<link rel=\"canonical\" href=\"https:\/\/utk.ee\/en\/aarto-pihlapuu-fusioterapeut\/\" \/>\n<meta property=\"og:locale\" content=\"en_US\" \/>\n<meta property=\"og:type\" content=\"article\" \/>\n<meta property=\"og:title\" content=\"Tiim - Aarto Pihlapuu - \u00dclemiste Tervisekliinik\" \/>\n<meta property=\"og:description\" content=\"Aarto Pihlapuu F\u00fcsioterapeut. T\u00f6\u00f6keeled: eesti, inglise. Aarto on omandanud bakalaureuse kraadi Euroopa F\u00fcsioteraapia Koolis (European School of Physiotherapy), mis kuulub Amsterdami Rakendusteaduste [&hellip;]\" \/>\n<meta property=\"og:url\" content=\"https:\/\/utk.ee\/en\/aarto-pihlapuu-fusioterapeut\/\" \/>\n<meta property=\"og:site_name\" content=\"\u00dclemiste Tervisekliinik\" \/>\n<meta property=\"article:modified_time\" content=\"2026-03-16T05:29:56+00:00\" \/>\n<meta property=\"og:image\" content=\"https:\/\/utk.ee\/wp-content\/uploads\/2026\/02\/Fusioterapeut-Aarto-Pihlapuu.jpg\" \/>\n\t<meta property=\"og:image:width\" content=\"2048\" \/>\n\t<meta property=\"og:image:height\" content=\"1365\" \/>\n\t<meta property=\"og:image:type\" content=\"image\/jpeg\" \/>\n<meta name=\"twitter:card\" content=\"summary_large_image\" \/>\n<meta name=\"twitter:label1\" content=\"Est. reading time\" \/>\n\t<meta name=\"twitter:data1\" content=\"1 minute\" \/>\n<script type=\"application\/ld+json\" class=\"yoast-schema-graph\">{\"@context\":\"https:\\\/\\\/schema.org\",\"@graph\":[{\"@type\":\"WebPage\",\"@id\":\"https:\\\/\\\/utk.ee\\\/en\\\/aarto-pihlapuu-fusioterapeut\\\/\",\"url\":\"https:\\\/\\\/utk.ee\\\/en\\\/aarto-pihlapuu-fusioterapeut\\\/\",\"name\":\"Tiim - Aarto Pihlapuu - \u00dclemiste Tervisekliinik\",\"isPartOf\":{\"@id\":\"https:\\\/\\\/utk.ee\\\/en\\\/#website\"},\"primaryImageOfPage\":{\"@id\":\"https:\\\/\\\/utk.ee\\\/en\\\/aarto-pihlapuu-fusioterapeut\\\/#primaryimage\"},\"image\":{\"@id\":\"https:\\\/\\\/utk.ee\\\/en\\\/aarto-pihlapuu-fusioterapeut\\\/#primaryimage\"},\"thumbnailUrl\":\"https:\\\/\\\/utk.ee\\\/wp-content\\\/uploads\\\/2026\\\/02\\\/Fusioterapeut-Aarto-Pihlapuu.jpg\",\"datePublished\":\"2025-10-23T10:50:25+00:00\",\"dateModified\":\"2026-03-16T05:29:56+00:00\",\"breadcrumb\":{\"@id\":\"https:\\\/\\\/utk.ee\\\/en\\\/aarto-pihlapuu-fusioterapeut\\\/#breadcrumb\"},\"inLanguage\":\"en-US\",\"potentialAction\":[{\"@type\":\"ReadAction\",\"target\":[\"https:\\\/\\\/utk.ee\\\/en\\\/aarto-pihlapuu-fusioterapeut\\\/\"]}]},{\"@type\":\"ImageObject\",\"inLanguage\":\"en-US\",\"@id\":\"https:\\\/\\\/utk.ee\\\/en\\\/aarto-pihlapuu-fusioterapeut\\\/#primaryimage\",\"url\":\"https:\\\/\\\/utk.ee\\\/wp-content\\\/uploads\\\/2026\\\/02\\\/Fusioterapeut-Aarto-Pihlapuu.jpg\",\"contentUrl\":\"https:\\\/\\\/utk.ee\\\/wp-content\\\/uploads\\\/2026\\\/02\\\/Fusioterapeut-Aarto-Pihlapuu.jpg\",\"width\":2048,\"height\":1365,\"caption\":\"Fu\u0308sioterapeut Aarto Pihlapuu\"},{\"@type\":\"BreadcrumbList\",\"@id\":\"https:\\\/\\\/utk.ee\\\/en\\\/aarto-pihlapuu-fusioterapeut\\\/#breadcrumb\",\"itemListElement\":[{\"@type\":\"ListItem\",\"position\":1,\"name\":\"Home\",\"item\":\"https:\\\/\\\/utk.ee\\\/en\\\/\"},{\"@type\":\"ListItem\",\"position\":2,\"name\":\"Tiim &#8211; Aarto Pihlapuu\"}]},{\"@type\":\"WebSite\",\"@id\":\"https:\\\/\\\/utk.ee\\\/en\\\/#website\",\"url\":\"https:\\\/\\\/utk.ee\\\/en\\\/\",\"name\":\"\u00dclemiste Tervisekliinik\",\"description\":\"Terviseuuringud, f\u00fcsioteraapia, muud terviseteenused\",\"publisher\":{\"@id\":\"https:\\\/\\\/utk.ee\\\/en\\\/#organization\"},\"potentialAction\":[{\"@type\":\"SearchAction\",\"target\":{\"@type\":\"EntryPoint\",\"urlTemplate\":\"https:\\\/\\\/utk.ee\\\/en\\\/?s={search_term_string}\"},\"query-input\":{\"@type\":\"PropertyValueSpecification\",\"valueRequired\":true,\"valueName\":\"search_term_string\"}}],\"inLanguage\":\"en-US\"},{\"@type\":\"Organization\",\"@id\":\"https:\\\/\\\/utk.ee\\\/en\\\/#organization\",\"name\":\"\u00dclemiste Tervisekliinik\",\"url\":\"https:\\\/\\\/utk.ee\\\/en\\\/\",\"logo\":{\"@type\":\"ImageObject\",\"inLanguage\":\"en-US\",\"@id\":\"https:\\\/\\\/utk.ee\\\/en\\\/#\\\/schema\\\/logo\\\/image\\\/\",\"url\":\"https:\\\/\\\/utk.ee\\\/wp-content\\\/uploads\\\/2026\\\/02\\\/cropped-Ulemiste-Tervisekliinik-fusioteraapia-kruoteraapia-terviseauditid.png\",\"contentUrl\":\"https:\\\/\\\/utk.ee\\\/wp-content\\\/uploads\\\/2026\\\/02\\\/cropped-Ulemiste-Tervisekliinik-fusioteraapia-kruoteraapia-terviseauditid.png\",\"width\":512,\"height\":512,\"caption\":\"\u00dclemiste Tervisekliinik\"},\"image\":{\"@id\":\"https:\\\/\\\/utk.ee\\\/en\\\/#\\\/schema\\\/logo\\\/image\\\/\"}}]}<\/script>\n<!-- \/ Yoast SEO plugin. -->","yoast_head_json":{"title":"Tiim - Aarto Pihlapuu - \u00dclemiste Tervisekliinik","robots":{"index":"index","follow":"follow","max-snippet":"max-snippet:-1","max-image-preview":"max-image-preview:large","max-video-preview":"max-video-preview:-1"},"canonical":"https:\/\/utk.ee\/en\/aarto-pihlapuu-fusioterapeut\/","og_locale":"en_US","og_type":"article","og_title":"Tiim - Aarto Pihlapuu - \u00dclemiste Tervisekliinik","og_description":"Aarto Pihlapuu F\u00fcsioterapeut. T\u00f6\u00f6keeled: eesti, inglise. Aarto on omandanud bakalaureuse kraadi Euroopa F\u00fcsioteraapia Koolis (European School of Physiotherapy), mis kuulub Amsterdami Rakendusteaduste [&hellip;]","og_url":"https:\/\/utk.ee\/en\/aarto-pihlapuu-fusioterapeut\/","og_site_name":"\u00dclemiste Tervisekliinik","article_modified_time":"2026-03-16T05:29:56+00:00","og_image":[{"width":2048,"height":1365,"url":"https:\/\/utk.ee\/wp-content\/uploads\/2026\/02\/Fusioterapeut-Aarto-Pihlapuu.jpg","type":"image\/jpeg"}],"twitter_card":"summary_large_image","twitter_misc":{"Est. reading time":"1 minute"},"schema":{"@context":"https:\/\/schema.org","@graph":[{"@type":"WebPage","@id":"https:\/\/utk.ee\/en\/aarto-pihlapuu-fusioterapeut\/","url":"https:\/\/utk.ee\/en\/aarto-pihlapuu-fusioterapeut\/","name":"Tiim - Aarto Pihlapuu - \u00dclemiste Tervisekliinik","isPartOf":{"@id":"https:\/\/utk.ee\/en\/#website"},"primaryImageOfPage":{"@id":"https:\/\/utk.ee\/en\/aarto-pihlapuu-fusioterapeut\/#primaryimage"},"image":{"@id":"https:\/\/utk.ee\/en\/aarto-pihlapuu-fusioterapeut\/#primaryimage"},"thumbnailUrl":"https:\/\/utk.ee\/wp-content\/uploads\/2026\/02\/Fusioterapeut-Aarto-Pihlapuu.jpg","datePublished":"2025-10-23T10:50:25+00:00","dateModified":"2026-03-16T05:29:56+00:00","breadcrumb":{"@id":"https:\/\/utk.ee\/en\/aarto-pihlapuu-fusioterapeut\/#breadcrumb"},"inLanguage":"en-US","potentialAction":[{"@type":"ReadAction","target":["https:\/\/utk.ee\/en\/aarto-pihlapuu-fusioterapeut\/"]}]},{"@type":"ImageObject","inLanguage":"en-US","@id":"https:\/\/utk.ee\/en\/aarto-pihlapuu-fusioterapeut\/#primaryimage","url":"https:\/\/utk.ee\/wp-content\/uploads\/2026\/02\/Fusioterapeut-Aarto-Pihlapuu.jpg","contentUrl":"https:\/\/utk.ee\/wp-content\/uploads\/2026\/02\/Fusioterapeut-Aarto-Pihlapuu.jpg","width":2048,"height":1365,"caption":"Fu\u0308sioterapeut Aarto Pihlapuu"},{"@type":"BreadcrumbList","@id":"https:\/\/utk.ee\/en\/aarto-pihlapuu-fusioterapeut\/#breadcrumb","itemListElement":[{"@type":"ListItem","position":1,"name":"Home","item":"https:\/\/utk.ee\/en\/"},{"@type":"ListItem","position":2,"name":"Tiim &#8211; Aarto Pihlapuu"}]},{"@type":"WebSite","@id":"https:\/\/utk.ee\/en\/#website","url":"https:\/\/utk.ee\/en\/","name":"\u00dclemiste Tervisekliinik","description":"Terviseuuringud, f\u00fcsioteraapia, muud terviseteenused","publisher":{"@id":"https:\/\/utk.ee\/en\/#organization"},"potentialAction":[{"@type":"SearchAction","target":{"@type":"EntryPoint","urlTemplate":"https:\/\/utk.ee\/en\/?s={search_term_string}"},"query-input":{"@type":"PropertyValueSpecification","valueRequired":true,"valueName":"search_term_string"}}],"inLanguage":"en-US"},{"@type":"Organization","@id":"https:\/\/utk.ee\/en\/#organization","name":"\u00dclemiste Tervisekliinik","url":"https:\/\/utk.ee\/en\/","logo":{"@type":"ImageObject","inLanguage":"en-US","@id":"https:\/\/utk.ee\/en\/#\/schema\/logo\/image\/","url":"https:\/\/utk.ee\/wp-content\/uploads\/2026\/02\/cropped-Ulemiste-Tervisekliinik-fusioteraapia-kruoteraapia-terviseauditid.png","contentUrl":"https:\/\/utk.ee\/wp-content\/uploads\/2026\/02\/cropped-Ulemiste-Tervisekliinik-fusioteraapia-kruoteraapia-terviseauditid.png","width":512,"height":512,"caption":"\u00dclemiste Tervisekliinik"},"image":{"@id":"https:\/\/utk.ee\/en\/#\/schema\/logo\/image\/"}}]}},"_links":{"self":[{"href":"https:\/\/utk.ee\/en\/wp-json\/wp\/v2\/pages\/5007","targetHints":{"allow":["GET"]}}],"collection":[{"href":"https:\/\/utk.ee\/en\/wp-json\/wp\/v2\/pages"}],"about":[{"href":"https:\/\/utk.ee\/en\/wp-json\/wp\/v2\/types\/page"}],"author":[{"embeddable":true,"href":"https:\/\/utk.ee\/en\/wp-json\/wp\/v2\/users\/4"}],"replies":[{"embeddable":true,"href":"https:\/\/utk.ee\/en\/wp-json\/wp\/v2\/comments?post=5007"}],"version-history":[{"count":10,"href":"https:\/\/utk.ee\/en\/wp-json\/wp\/v2\/pages\/5007\/revisions"}],"predecessor-version":[{"id":5622,"href":"https:\/\/utk.ee\/en\/wp-json\/wp\/v2\/pages\/5007\/revisions\/5622"}],"wp:featuredmedia":[{"embeddable":true,"href":"https:\/\/utk.ee\/en\/wp-json\/wp\/v2\/media\/5010"}],"wp:attachment":[{"href":"https:\/\/utk.ee\/en\/wp-json\/wp\/v2\/media?parent=5007"}],"curies":[{"name":"wp","href":"https:\/\/api.w.org\/{rel}","templated":true}]}}