{"id":4533,"date":"2025-10-23T10:50:25","date_gmt":"2025-10-23T10:50:25","guid":{"rendered":"https:\/\/utk.ee\/ettevotte-tervisepaev\/"},"modified":"2026-03-20T12:00:09","modified_gmt":"2026-03-20T12:00:09","slug":"tervisepaev-ettevottele","status":"publish","type":"page","link":"https:\/\/utk.ee\/en\/tervisepaev-ettevottele\/","title":{"rendered":"Ettev\u00f5tte tervisep\u00e4ev"},"content":{"rendered":"\t\t<div data-elementor-type=\"wp-page\" data-elementor-id=\"4533\" class=\"elementor elementor-4533 elementor-4449\" data-elementor-settings=\"{&quot;element_pack_global_tooltip_width&quot;:{&quot;unit&quot;:&quot;px&quot;,&quot;size&quot;:&quot;&quot;,&quot;sizes&quot;:[]},&quot;element_pack_global_tooltip_width_tablet&quot;:{&quot;unit&quot;:&quot;px&quot;,&quot;size&quot;:&quot;&quot;,&quot;sizes&quot;:[]},&quot;element_pack_global_tooltip_width_mobile&quot;:{&quot;unit&quot;:&quot;px&quot;,&quot;size&quot;:&quot;&quot;,&quot;sizes&quot;:[]},&quot;element_pack_global_tooltip_padding&quot;:{&quot;unit&quot;:&quot;px&quot;,&quot;top&quot;:&quot;&quot;,&quot;right&quot;:&quot;&quot;,&quot;bottom&quot;:&quot;&quot;,&quot;left&quot;:&quot;&quot;,&quot;isLinked&quot;:true},&quot;element_pack_global_tooltip_padding_tablet&quot;:{&quot;unit&quot;:&quot;px&quot;,&quot;top&quot;:&quot;&quot;,&quot;right&quot;:&quot;&quot;,&quot;bottom&quot;:&quot;&quot;,&quot;left&quot;:&quot;&quot;,&quot;isLinked&quot;:true},&quot;element_pack_global_tooltip_padding_mobile&quot;:{&quot;unit&quot;:&quot;px&quot;,&quot;top&quot;:&quot;&quot;,&quot;right&quot;:&quot;&quot;,&quot;bottom&quot;:&quot;&quot;,&quot;left&quot;:&quot;&quot;,&quot;isLinked&quot;:true},&quot;element_pack_global_tooltip_border_radius&quot;:{&quot;unit&quot;:&quot;px&quot;,&quot;top&quot;:&quot;&quot;,&quot;right&quot;:&quot;&quot;,&quot;bottom&quot;:&quot;&quot;,&quot;left&quot;:&quot;&quot;,&quot;isLinked&quot;:true},&quot;element_pack_global_tooltip_border_radius_tablet&quot;:{&quot;unit&quot;:&quot;px&quot;,&quot;top&quot;:&quot;&quot;,&quot;right&quot;:&quot;&quot;,&quot;bottom&quot;:&quot;&quot;,&quot;left&quot;:&quot;&quot;,&quot;isLinked&quot;:true},&quot;element_pack_global_tooltip_border_radius_mobile&quot;:{&quot;unit&quot;:&quot;px&quot;,&quot;top&quot;:&quot;&quot;,&quot;right&quot;:&quot;&quot;,&quot;bottom&quot;:&quot;&quot;,&quot;left&quot;:&quot;&quot;,&quot;isLinked&quot;:true}}\" wpc-filter-elementor-widget=\"1\" data-elementor-post-type=\"page\">\n\t\t\t\t\t\t<div class=\"elementor-section elementor-top-section elementor-element elementor-element-9ff0b82 bdt-motion-effect-wrapper elementor-section-content-middle elementor-section-boxed elementor-section-height-default elementor-section-height-default\" data-id=\"9ff0b82\" data-element_type=\"section\" data-e-type=\"section\" data-settings=\"{&quot;background_background&quot;:&quot;classic&quot;}\">\n\t\t\t\t\t\t<div class=\"elementor-container elementor-column-gap-no\">\n\t\t\t\t\t<div class=\"elementor-column elementor-col-100 elementor-top-column elementor-element elementor-element-7f0bf7e\" data-id=\"7f0bf7e\" data-element_type=\"column\" data-e-type=\"column\">\n\t\t\t<div class=\"elementor-widget-wrap elementor-element-populated\">\n\t\t\t\t\t\t<section class=\"elementor-section elementor-inner-section elementor-element elementor-element-4e4b975 elementor-section-content-middle services-section elementor-section-boxed elementor-section-height-default elementor-section-height-default\" data-id=\"4e4b975\" data-element_type=\"section\" data-e-type=\"section\" data-settings=\"{&quot;animation&quot;:&quot;none&quot;}\">\n\t\t\t\t\t\t<div class=\"elementor-container elementor-column-gap-default\">\n\t\t\t\t\t<div class=\"elementor-column elementor-col-50 elementor-inner-column elementor-element elementor-element-2fd0e63\" data-id=\"2fd0e63\" data-element_type=\"column\" data-e-type=\"column\">\n\t\t\t<div class=\"elementor-widget-wrap elementor-element-populated\">\n\t\t\t\t\t\t<div class=\"elementor-element elementor-element-7694022 animated-fast elementor-widget elementor-widget-heading\" data-id=\"7694022\" data-element_type=\"widget\" data-e-type=\"widget\" data-settings=\"{&quot;_animation_delay&quot;:0,&quot;_animation&quot;:&quot;none&quot;}\" data-widget_type=\"heading.default\">\n\t\t\t\t\t<h1 class=\"elementor-heading-title elementor-size-default\">Telli oma  ettev\u00f5ttele tervisep\u00e4ev<\/h1>\t\t\t\t<\/div>\n\t\t\t\t<div class=\"elementor-element elementor-element-6d73fe6 elementor-widget__width-initial elementor-widget-tablet__width-initial elementor-widget-mobile__width-inherit elementor-widget elementor-widget-text-editor\" data-id=\"6d73fe6\" data-element_type=\"widget\" data-e-type=\"widget\" data-settings=\"{&quot;_animation&quot;:&quot;none&quot;,&quot;_animation_delay&quot;:1300}\" data-widget_type=\"text-editor.default\">\n\t\t\t\t\t\t\t\t\t<p>Tervisep\u00e4ev edendab t\u00f6\u00f6tajate tervist ja \u00fcle\u00fcldist heaolu. Viime l\u00e4bi inspireerivaid loenguid ja teeme osalejatele personaalseid terviseuuringuid. Toome fookusesse t\u00f6\u00f6tajate t\u00e4htsaima vara \u2013 tervise!<\/p>\t\t\t\t\t\t\t\t<\/div>\n\t\t\t\t\t<\/div>\n\t\t<\/div>\n\t\t\t\t<div class=\"elementor-column elementor-col-50 elementor-inner-column elementor-element elementor-element-7ccce28\" data-id=\"7ccce28\" data-element_type=\"column\" data-e-type=\"column\">\n\t\t\t<div class=\"elementor-widget-wrap elementor-element-populated\">\n\t\t\t\t\t\t<div class=\"elementor-element elementor-element-9c360b6 elementor-widget elementor-widget-image\" data-id=\"9c360b6\" data-element_type=\"widget\" data-e-type=\"widget\" data-widget_type=\"image.default\">\n\t\t\t\t\t\t\t\t\t\t\t\t\t\t\t<img fetchpriority=\"high\" decoding=\"async\" width=\"1000\" height=\"708\" src=\"https:\/\/utk.ee\/wp-content\/uploads\/2026\/03\/ettevotte-tervisepaev-e1773053936619-1024x725.jpg\" class=\"attachment-large size-large wp-image-4534\" alt=\"\" srcset=\"https:\/\/utk.ee\/wp-content\/uploads\/2026\/03\/ettevotte-tervisepaev-e1773053936619-1024x725.jpg 1024w, https:\/\/utk.ee\/wp-content\/uploads\/2026\/03\/ettevotte-tervisepaev-e1773053936619-600x425.jpg 600w, https:\/\/utk.ee\/wp-content\/uploads\/2026\/03\/ettevotte-tervisepaev-e1773053936619-300x213.jpg 300w, https:\/\/utk.ee\/wp-content\/uploads\/2026\/03\/ettevotte-tervisepaev-e1773053936619-768x544.jpg 768w, https:\/\/utk.ee\/wp-content\/uploads\/2026\/03\/ettevotte-tervisepaev-e1773053936619-1536x1088.jpg 1536w, https:\/\/utk.ee\/wp-content\/uploads\/2026\/03\/ettevotte-tervisepaev-e1773053936619-650x460.jpg 650w, https:\/\/utk.ee\/wp-content\/uploads\/2026\/03\/ettevotte-tervisepaev-e1773053936619.jpg 1920w\" sizes=\"(max-width: 1000px) 100vw, 1000px\" \/>\t\t\t\t\t\t\t\t\t\t\t\t\t\t\t<\/div>\n\t\t\t\t\t<\/div>\n\t\t<\/div>\n\t\t\t\t\t<\/div>\n\t\t<\/section>\n\t\t\t\t\t<\/div>\n\t\t<\/div>\n\t\t\t\t\t<\/div>\n\t\t<\/div>\n\t\t<div class=\"elementor-element elementor-element-ccabb30 e-grid e-con-boxed e-con e-parent\" data-id=\"ccabb30\" data-element_type=\"container\" data-e-type=\"container\">\n\t\t\t\t\t<div class=\"e-con-inner\">\n\t\t\t\t<div class=\"elementor-element elementor-element-4c0c574 elementor-widget elementor-widget-text-editor\" data-id=\"4c0c574\" data-element_type=\"widget\" data-e-type=\"widget\" data-widget_type=\"text-editor.default\">\n\t\t\t\t\t\t\t\t\t<h3 class=\"p1\"><b>&#8220;Tervisep\u00e4eva eesm\u00e4rk on innustada Sinu ettev\u00f5tte t\u00f6\u00f6tajaid tegudele oma hea tervise nimel ning t\u00f5sta nende heaolu, motivatsiooni ja tulemuslikkust.&#8221;<\/b><\/h3><p class=\"p1\">Tervisen\u00e4itajate m\u00f5\u00f5tmise ja anal\u00fc\u00fcside abil anname osalejatele personaalseid soovitusi, kuidas oma tegevusega kaasa aidata tervise edendamisele. <strong>Tervisep\u00e4eva viib l\u00e4bi meie kogenud tervishoiut\u00f6\u00f6tajate tiim.<\/strong><\/p><h3 class=\"elementor-heading-title elementor-size-default\"><strong>Tervisep\u00e4eva kasud:<\/strong><\/h3><ol><li><p class=\"elementor-icon-box-title\"><strong>Panus t\u00f6\u00f6tajate heaolusse ja motivatsiooni <\/strong>&#8211; \u00fchine tervisep\u00e4ev edastab t\u00f6\u00f6tajatele s\u00f5numi, et t\u00f6\u00f6andja hoolib. Meeskonnana koos veedetud aeg aitab kaasa positiivse t\u00f6\u00f6kultuuri arendamisele, mis omakorda suurendab t\u00f6\u00f6tajate rahulolu ja motivatsiooni.<\/p><\/li><li><p class=\"elementor-icon-box-title\"><strong>Kasvab t\u00f6\u00f6tajate tervise-teadlikkus &#8211; <\/strong>tervisep\u00e4ev keskendub tervisealase teadlikkuse t\u00f5stmisele, pakkudes t\u00f6\u00f6tajatele teavet ja praktilisi n\u00e4iteid tervislike eluviiside edendamiseks. Inspireeriv s\u00fcndmus julgustab t\u00f6\u00f6tajaid oma tervise eest rohkem hoolt kandma, mis omakorda parandab nende \u00fcldist heaolu ja t\u00f6\u00f6v\u00f5imet.<\/p><\/li><li><p class=\"elementor-icon-box-title\"><strong>Personaalne tagasiside ja kokkuv\u00f5tte<\/strong> &#8211; k\u00f5ik t\u00f6\u00f6tajad saavad personaalse tagasiside, mis v\u00f5ib viia tervist toetavate elumuutvate otsusteni. Lisaks anname ettev\u00f5ttele \u00fcldistatud kokkuv\u00f5tte ja soovitusedte, mis toetavad t\u00f6\u00f6andja tervise ja heaolu programmi pikemas perspektiivis.<\/p><\/li><\/ol>\t\t\t\t\t\t\t\t<\/div>\n\t\t\t\t<div class=\"elementor-element elementor-element-e4fd3c8 elementor-widget elementor-widget-image\" data-id=\"e4fd3c8\" data-element_type=\"widget\" data-e-type=\"widget\" data-widget_type=\"image.default\">\n\t\t\t\t\t\t\t\t\t\t\t\t\t\t\t<img decoding=\"async\" width=\"2394\" height=\"1920\" src=\"https:\/\/utk.ee\/wp-content\/uploads\/2026\/03\/ettevotte-terviseedendus-e1773055476795.jpg\" class=\"attachment-full size-full wp-image-5966\" alt=\"\" srcset=\"https:\/\/utk.ee\/wp-content\/uploads\/2026\/03\/ettevotte-terviseedendus-e1773055476795.jpg 2394w, https:\/\/utk.ee\/wp-content\/uploads\/2026\/03\/ettevotte-terviseedendus-e1773055476795-600x481.jpg 600w, https:\/\/utk.ee\/wp-content\/uploads\/2026\/03\/ettevotte-terviseedendus-e1773055476795-300x241.jpg 300w, https:\/\/utk.ee\/wp-content\/uploads\/2026\/03\/ettevotte-terviseedendus-e1773055476795-1024x821.jpg 1024w, https:\/\/utk.ee\/wp-content\/uploads\/2026\/03\/ettevotte-terviseedendus-e1773055476795-768x616.jpg 768w, https:\/\/utk.ee\/wp-content\/uploads\/2026\/03\/ettevotte-terviseedendus-e1773055476795-1536x1232.jpg 1536w, https:\/\/utk.ee\/wp-content\/uploads\/2026\/03\/ettevotte-terviseedendus-e1773055476795-2048x1643.jpg 2048w, https:\/\/utk.ee\/wp-content\/uploads\/2026\/03\/ettevotte-terviseedendus-e1773055476795-650x521.jpg 650w\" sizes=\"(max-width: 2394px) 100vw, 2394px\" \/>\t\t\t\t\t\t\t\t\t\t\t\t\t\t\t<\/div>\n\t\t\t\t\t<\/div>\n\t\t\t\t<\/div>\n\t\t<div class=\"elementor-element elementor-element-f18d637 e-grid e-con-boxed e-con e-parent\" data-id=\"f18d637\" data-element_type=\"container\" data-e-type=\"container\">\n\t\t\t\t\t<div class=\"e-con-inner\">\n\t\t\t\t<div class=\"elementor-element elementor-element-c8bedb0 elementor-widget elementor-widget-button\" data-id=\"c8bedb0\" data-element_type=\"widget\" data-e-type=\"widget\" data-widget_type=\"button.default\">\n\t\t\t\t\t\t\t\t\t\t<a class=\"elementor-button elementor-button-link elementor-size-sm\" href=\"https:\/\/utk.ee\/kontakt\/\">\n\t\t\t\t\t\t<span class=\"elementor-button-content-wrapper\">\n\t\t\t\t\t\t\t\t\t<span class=\"elementor-button-text\">V\u00f5ta \u00fchendust ja uuri lisa<\/span>\n\t\t\t\t\t<\/span>\n\t\t\t\t\t<\/a>\n\t\t\t\t\t\t\t\t<\/div>\n\t\t\t\t\t<\/div>\n\t\t\t\t<\/div>\n\t\t<div class=\"elementor-element elementor-element-1f0e8c8 e-grid e-con-boxed e-con e-parent\" data-id=\"1f0e8c8\" data-element_type=\"container\" data-e-type=\"container\" data-settings=\"{&quot;background_background&quot;:&quot;classic&quot;}\">\n\t\t\t\t\t<div class=\"e-con-inner\">\n\t\t\t\t<div class=\"elementor-element elementor-element-8658fc5 elementor-widget elementor-widget-image\" data-id=\"8658fc5\" data-element_type=\"widget\" data-e-type=\"widget\" data-widget_type=\"image.default\">\n\t\t\t\t\t\t\t\t\t\t\t\t\t\t\t<img decoding=\"async\" width=\"1000\" height=\"662\" src=\"https:\/\/utk.ee\/wp-content\/uploads\/2026\/03\/tootjate-tervis-1024x678.jpg\" class=\"attachment-large size-large wp-image-5967\" alt=\"\" srcset=\"https:\/\/utk.ee\/wp-content\/uploads\/2026\/03\/tootjate-tervis-1024x678.jpg 1024w, https:\/\/utk.ee\/wp-content\/uploads\/2026\/03\/tootjate-tervis-600x397.jpg 600w, https:\/\/utk.ee\/wp-content\/uploads\/2026\/03\/tootjate-tervis-300x199.jpg 300w, https:\/\/utk.ee\/wp-content\/uploads\/2026\/03\/tootjate-tervis-768x508.jpg 768w, https:\/\/utk.ee\/wp-content\/uploads\/2026\/03\/tootjate-tervis-1536x1017.jpg 1536w, https:\/\/utk.ee\/wp-content\/uploads\/2026\/03\/tootjate-tervis-650x430.jpg 650w, https:\/\/utk.ee\/wp-content\/uploads\/2026\/03\/tootjate-tervis.jpg 1920w\" sizes=\"(max-width: 1000px) 100vw, 1000px\" \/>\t\t\t\t\t\t\t\t\t\t\t\t\t\t\t<\/div>\n\t\t\t\t<div class=\"elementor-element elementor-element-98c4a46 elementor-widget elementor-widget-text-editor\" data-id=\"98c4a46\" data-element_type=\"widget\" data-e-type=\"widget\" data-widget_type=\"text-editor.default\">\n\t\t\t\t\t\t\t\t\t<h2 style=\"color: white;\">Hooli oma t\u00f6\u00f6taja tervisest<\/h2>\n<p class=\"p2\">Tegemist on teadusp\u00f5hise, hariva ja meeleoluka ettev\u00f5tmisega. K\u00f5ik osalejad saavad personaalsed Tervisep\u00e4eva protokollid koos soovitustega, millest on kasu oma tervisek\u00e4itumise j\u00e4lgimiseks ja parandamiseks.<\/p>\n<p class=\"p2\">Tervisep\u00e4eva moderaator on kogemustega sportlane ja motivatsioonik\u00f5neleja:<\/p>\n<p class=\"p2\"><b>Ott Kiivikas<\/b>, kes on kulturist, koolitaja, toitumisspetsialist, 7. taseme treener, Euroopa Kulturismiliidu juhatuse liige, EOK sportlaskomisjoni liige, Kultuurkapitali preemia laureaat 2016, ettev\u00f5tja, investor.<\/p>\n<h3 style=\"color: white;\">Broneeri 5-minutiline k\u00f5ne ja selgita v\u00e4lja, kas saame Sinu organisatsioonile sobiva lahenduse pakkuda:<\/h3>\t\t\t\t\t\t\t\t<\/div>\n\t\t\t\t\t<\/div>\n\t\t\t\t<\/div>\n\t\t<div class=\"elementor-element elementor-element-f6c5da2 e-grid e-con-boxed e-con e-parent\" data-id=\"f6c5da2\" data-element_type=\"container\" data-e-type=\"container\" data-settings=\"{&quot;background_background&quot;:&quot;classic&quot;}\">\n\t\t\t\t\t<div class=\"e-con-inner\">\n\t\t\t\t<div class=\"elementor-element elementor-element-efa0a94 elementor-widget elementor-widget-button\" data-id=\"efa0a94\" data-element_type=\"widget\" data-e-type=\"widget\" data-widget_type=\"button.default\">\n\t\t\t\t\t\t\t\t\t\t<a class=\"elementor-button elementor-button-link elementor-size-sm\" href=\"https:\/\/utk.ee\/kontakt\/\">\n\t\t\t\t\t\t<span class=\"elementor-button-content-wrapper\">\n\t\t\t\t\t\t\t\t\t<span class=\"elementor-button-text\">Broneeri k\u00f5ne ja uuri lisa<\/span>\n\t\t\t\t\t<\/span>\n\t\t\t\t\t<\/a>\n\t\t\t\t\t\t\t\t<\/div>\n\t\t\t\t\t<\/div>\n\t\t\t\t<\/div>\n\t\t<div class=\"elementor-element elementor-element-5696e1b e-grid e-con-boxed e-con e-parent\" data-id=\"5696e1b\" data-element_type=\"container\" data-e-type=\"container\" data-settings=\"{&quot;background_background&quot;:&quot;classic&quot;}\">\n\t\t\t\t\t<div class=\"e-con-inner\">\n\t\t\t\t<div class=\"elementor-element elementor-element-8926d17 elementor-widget elementor-widget-text-editor\" data-id=\"8926d17\" data-element_type=\"widget\" data-e-type=\"widget\" data-widget_type=\"text-editor.default\">\n\t\t\t\t\t\t\t\t\t<p class=\"elementor-heading-title elementor-size-default\">&#8220;Tervisep\u00e4eva eesm\u00e4rk on innustada Sinu ettev\u00f5tte t\u00f6\u00f6tajaid tegudele oma hea tervise nimel ning t\u00f5sta nende heaolu, motivatsiooni ja tulemuslikkust!&#8221;<\/p>\t\t\t\t\t\t\t\t<\/div>\n\t\t\t\t\t<\/div>\n\t\t\t\t<\/div>\n\t\t\t\t<\/div>\n\t\t","protected":false},"excerpt":{"rendered":"<p>Telli oma ettev\u00f5ttele tervisep\u00e4ev Tervisep\u00e4ev edendab t\u00f6\u00f6tajate tervist ja \u00fcle\u00fcldist heaolu. Viime l\u00e4bi inspireerivaid loenguid ja teeme osalejatele personaalseid terviseuuringuid. Toome fookusesse [&hellip;]<\/p>\n","protected":false},"author":4,"featured_media":0,"parent":0,"menu_order":0,"comment_status":"closed","ping_status":"closed","template":"","meta":{"iawp_total_views":16,"footnotes":""},"class_list":["post-4533","page","type-page","status-publish","hentry"],"yoast_head":"<!-- This site is optimized with the Yoast SEO plugin v27.4 - https:\/\/yoast.com\/product\/yoast-seo-wordpress\/ -->\n<title>Ettev\u00f5tte tervisep\u00e4ev - \u00dclemiste Tervisekliinik<\/title>\n<meta name=\"robots\" content=\"index, follow, max-snippet:-1, max-image-preview:large, max-video-preview:-1\" \/>\n<link rel=\"canonical\" href=\"https:\/\/utk.ee\/en\/tervisepaev-ettevottele\/\" \/>\n<meta property=\"og:locale\" content=\"en_US\" \/>\n<meta property=\"og:type\" content=\"article\" \/>\n<meta property=\"og:title\" content=\"Ettev\u00f5tte tervisep\u00e4ev - \u00dclemiste Tervisekliinik\" \/>\n<meta property=\"og:description\" content=\"Telli oma ettev\u00f5ttele tervisep\u00e4ev Tervisep\u00e4ev edendab t\u00f6\u00f6tajate tervist ja \u00fcle\u00fcldist heaolu. Viime l\u00e4bi inspireerivaid loenguid ja teeme osalejatele personaalseid terviseuuringuid. Toome fookusesse [&hellip;]\" \/>\n<meta property=\"og:url\" content=\"https:\/\/utk.ee\/en\/tervisepaev-ettevottele\/\" \/>\n<meta property=\"og:site_name\" content=\"\u00dclemiste Tervisekliinik\" \/>\n<meta property=\"article:modified_time\" content=\"2026-03-20T12:00:09+00:00\" \/>\n<meta property=\"og:image\" content=\"https:\/\/utk.ee\/wp-content\/uploads\/2026\/03\/ettevotte-tervisepaev-e1773053936619.jpg\" \/>\n\t<meta property=\"og:image:width\" content=\"1920\" \/>\n\t<meta property=\"og:image:height\" content=\"1360\" \/>\n\t<meta property=\"og:image:type\" content=\"image\/jpeg\" \/>\n<meta name=\"twitter:card\" content=\"summary_large_image\" \/>\n<meta name=\"twitter:label1\" content=\"Est. reading time\" \/>\n\t<meta name=\"twitter:data1\" content=\"2 minutes\" \/>\n<script type=\"application\/ld+json\" class=\"yoast-schema-graph\">{\"@context\":\"https:\\\/\\\/schema.org\",\"@graph\":[{\"@type\":\"WebPage\",\"@id\":\"https:\\\/\\\/utk.ee\\\/en\\\/tervisepaev-ettevottele\\\/\",\"url\":\"https:\\\/\\\/utk.ee\\\/en\\\/tervisepaev-ettevottele\\\/\",\"name\":\"Ettev\u00f5tte tervisep\u00e4ev - \u00dclemiste Tervisekliinik\",\"isPartOf\":{\"@id\":\"https:\\\/\\\/utk.ee\\\/en\\\/#website\"},\"primaryImageOfPage\":{\"@id\":\"https:\\\/\\\/utk.ee\\\/en\\\/tervisepaev-ettevottele\\\/#primaryimage\"},\"image\":{\"@id\":\"https:\\\/\\\/utk.ee\\\/en\\\/tervisepaev-ettevottele\\\/#primaryimage\"},\"thumbnailUrl\":\"https:\\\/\\\/utk.ee\\\/wp-content\\\/uploads\\\/2026\\\/03\\\/ettevotte-tervisepaev-e1773053936619-1024x725.jpg\",\"datePublished\":\"2025-10-23T10:50:25+00:00\",\"dateModified\":\"2026-03-20T12:00:09+00:00\",\"breadcrumb\":{\"@id\":\"https:\\\/\\\/utk.ee\\\/en\\\/tervisepaev-ettevottele\\\/#breadcrumb\"},\"inLanguage\":\"en-US\",\"potentialAction\":[{\"@type\":\"ReadAction\",\"target\":[\"https:\\\/\\\/utk.ee\\\/en\\\/tervisepaev-ettevottele\\\/\"]}]},{\"@type\":\"ImageObject\",\"inLanguage\":\"en-US\",\"@id\":\"https:\\\/\\\/utk.ee\\\/en\\\/tervisepaev-ettevottele\\\/#primaryimage\",\"url\":\"https:\\\/\\\/utk.ee\\\/wp-content\\\/uploads\\\/2026\\\/03\\\/ettevotte-tervisepaev-e1773053936619-1024x725.jpg\",\"contentUrl\":\"https:\\\/\\\/utk.ee\\\/wp-content\\\/uploads\\\/2026\\\/03\\\/ettevotte-tervisepaev-e1773053936619-1024x725.jpg\"},{\"@type\":\"BreadcrumbList\",\"@id\":\"https:\\\/\\\/utk.ee\\\/en\\\/tervisepaev-ettevottele\\\/#breadcrumb\",\"itemListElement\":[{\"@type\":\"ListItem\",\"position\":1,\"name\":\"Home\",\"item\":\"https:\\\/\\\/utk.ee\\\/en\\\/\"},{\"@type\":\"ListItem\",\"position\":2,\"name\":\"Ettev\u00f5tte tervisep\u00e4ev\"}]},{\"@type\":\"WebSite\",\"@id\":\"https:\\\/\\\/utk.ee\\\/en\\\/#website\",\"url\":\"https:\\\/\\\/utk.ee\\\/en\\\/\",\"name\":\"\u00dclemiste Tervisekliinik\",\"description\":\"Terviseuuringud, f\u00fcsioteraapia, muud terviseteenused\",\"publisher\":{\"@id\":\"https:\\\/\\\/utk.ee\\\/en\\\/#organization\"},\"potentialAction\":[{\"@type\":\"SearchAction\",\"target\":{\"@type\":\"EntryPoint\",\"urlTemplate\":\"https:\\\/\\\/utk.ee\\\/en\\\/?s={search_term_string}\"},\"query-input\":{\"@type\":\"PropertyValueSpecification\",\"valueRequired\":true,\"valueName\":\"search_term_string\"}}],\"inLanguage\":\"en-US\"},{\"@type\":\"Organization\",\"@id\":\"https:\\\/\\\/utk.ee\\\/en\\\/#organization\",\"name\":\"\u00dclemiste Tervisekliinik\",\"url\":\"https:\\\/\\\/utk.ee\\\/en\\\/\",\"logo\":{\"@type\":\"ImageObject\",\"inLanguage\":\"en-US\",\"@id\":\"https:\\\/\\\/utk.ee\\\/en\\\/#\\\/schema\\\/logo\\\/image\\\/\",\"url\":\"https:\\\/\\\/utk.ee\\\/wp-content\\\/uploads\\\/2026\\\/02\\\/cropped-Ulemiste-Tervisekliinik-fusioteraapia-kruoteraapia-terviseauditid.png\",\"contentUrl\":\"https:\\\/\\\/utk.ee\\\/wp-content\\\/uploads\\\/2026\\\/02\\\/cropped-Ulemiste-Tervisekliinik-fusioteraapia-kruoteraapia-terviseauditid.png\",\"width\":512,\"height\":512,\"caption\":\"\u00dclemiste Tervisekliinik\"},\"image\":{\"@id\":\"https:\\\/\\\/utk.ee\\\/en\\\/#\\\/schema\\\/logo\\\/image\\\/\"}}]}<\/script>\n<!-- \/ Yoast SEO plugin. -->","yoast_head_json":{"title":"Ettev\u00f5tte tervisep\u00e4ev - \u00dclemiste Tervisekliinik","robots":{"index":"index","follow":"follow","max-snippet":"max-snippet:-1","max-image-preview":"max-image-preview:large","max-video-preview":"max-video-preview:-1"},"canonical":"https:\/\/utk.ee\/en\/tervisepaev-ettevottele\/","og_locale":"en_US","og_type":"article","og_title":"Ettev\u00f5tte tervisep\u00e4ev - \u00dclemiste Tervisekliinik","og_description":"Telli oma ettev\u00f5ttele tervisep\u00e4ev Tervisep\u00e4ev edendab t\u00f6\u00f6tajate tervist ja \u00fcle\u00fcldist heaolu. Viime l\u00e4bi inspireerivaid loenguid ja teeme osalejatele personaalseid terviseuuringuid. Toome fookusesse [&hellip;]","og_url":"https:\/\/utk.ee\/en\/tervisepaev-ettevottele\/","og_site_name":"\u00dclemiste Tervisekliinik","article_modified_time":"2026-03-20T12:00:09+00:00","og_image":[{"width":1920,"height":1360,"url":"https:\/\/utk.ee\/wp-content\/uploads\/2026\/03\/ettevotte-tervisepaev-e1773053936619.jpg","type":"image\/jpeg"}],"twitter_card":"summary_large_image","twitter_misc":{"Est. reading time":"2 minutes"},"schema":{"@context":"https:\/\/schema.org","@graph":[{"@type":"WebPage","@id":"https:\/\/utk.ee\/en\/tervisepaev-ettevottele\/","url":"https:\/\/utk.ee\/en\/tervisepaev-ettevottele\/","name":"Ettev\u00f5tte tervisep\u00e4ev - \u00dclemiste Tervisekliinik","isPartOf":{"@id":"https:\/\/utk.ee\/en\/#website"},"primaryImageOfPage":{"@id":"https:\/\/utk.ee\/en\/tervisepaev-ettevottele\/#primaryimage"},"image":{"@id":"https:\/\/utk.ee\/en\/tervisepaev-ettevottele\/#primaryimage"},"thumbnailUrl":"https:\/\/utk.ee\/wp-content\/uploads\/2026\/03\/ettevotte-tervisepaev-e1773053936619-1024x725.jpg","datePublished":"2025-10-23T10:50:25+00:00","dateModified":"2026-03-20T12:00:09+00:00","breadcrumb":{"@id":"https:\/\/utk.ee\/en\/tervisepaev-ettevottele\/#breadcrumb"},"inLanguage":"en-US","potentialAction":[{"@type":"ReadAction","target":["https:\/\/utk.ee\/en\/tervisepaev-ettevottele\/"]}]},{"@type":"ImageObject","inLanguage":"en-US","@id":"https:\/\/utk.ee\/en\/tervisepaev-ettevottele\/#primaryimage","url":"https:\/\/utk.ee\/wp-content\/uploads\/2026\/03\/ettevotte-tervisepaev-e1773053936619-1024x725.jpg","contentUrl":"https:\/\/utk.ee\/wp-content\/uploads\/2026\/03\/ettevotte-tervisepaev-e1773053936619-1024x725.jpg"},{"@type":"BreadcrumbList","@id":"https:\/\/utk.ee\/en\/tervisepaev-ettevottele\/#breadcrumb","itemListElement":[{"@type":"ListItem","position":1,"name":"Home","item":"https:\/\/utk.ee\/en\/"},{"@type":"ListItem","position":2,"name":"Ettev\u00f5tte tervisep\u00e4ev"}]},{"@type":"WebSite","@id":"https:\/\/utk.ee\/en\/#website","url":"https:\/\/utk.ee\/en\/","name":"\u00dclemiste Tervisekliinik","description":"Terviseuuringud, f\u00fcsioteraapia, muud terviseteenused","publisher":{"@id":"https:\/\/utk.ee\/en\/#organization"},"potentialAction":[{"@type":"SearchAction","target":{"@type":"EntryPoint","urlTemplate":"https:\/\/utk.ee\/en\/?s={search_term_string}"},"query-input":{"@type":"PropertyValueSpecification","valueRequired":true,"valueName":"search_term_string"}}],"inLanguage":"en-US"},{"@type":"Organization","@id":"https:\/\/utk.ee\/en\/#organization","name":"\u00dclemiste Tervisekliinik","url":"https:\/\/utk.ee\/en\/","logo":{"@type":"ImageObject","inLanguage":"en-US","@id":"https:\/\/utk.ee\/en\/#\/schema\/logo\/image\/","url":"https:\/\/utk.ee\/wp-content\/uploads\/2026\/02\/cropped-Ulemiste-Tervisekliinik-fusioteraapia-kruoteraapia-terviseauditid.png","contentUrl":"https:\/\/utk.ee\/wp-content\/uploads\/2026\/02\/cropped-Ulemiste-Tervisekliinik-fusioteraapia-kruoteraapia-terviseauditid.png","width":512,"height":512,"caption":"\u00dclemiste Tervisekliinik"},"image":{"@id":"https:\/\/utk.ee\/en\/#\/schema\/logo\/image\/"}}]}},"_links":{"self":[{"href":"https:\/\/utk.ee\/en\/wp-json\/wp\/v2\/pages\/4533","targetHints":{"allow":["GET"]}}],"collection":[{"href":"https:\/\/utk.ee\/en\/wp-json\/wp\/v2\/pages"}],"about":[{"href":"https:\/\/utk.ee\/en\/wp-json\/wp\/v2\/types\/page"}],"author":[{"embeddable":true,"href":"https:\/\/utk.ee\/en\/wp-json\/wp\/v2\/users\/4"}],"replies":[{"embeddable":true,"href":"https:\/\/utk.ee\/en\/wp-json\/wp\/v2\/comments?post=4533"}],"version-history":[{"count":19,"href":"https:\/\/utk.ee\/en\/wp-json\/wp\/v2\/pages\/4533\/revisions"}],"predecessor-version":[{"id":6002,"href":"https:\/\/utk.ee\/en\/wp-json\/wp\/v2\/pages\/4533\/revisions\/6002"}],"wp:attachment":[{"href":"https:\/\/utk.ee\/en\/wp-json\/wp\/v2\/media?parent=4533"}],"curies":[{"name":"wp","href":"https:\/\/api.w.org\/{rel}","templated":true}]}}