{"id":2984,"date":"2025-10-23T10:50:25","date_gmt":"2025-10-23T10:50:25","guid":{"rendered":"https:\/\/utk.ee\/fusioteraapiakliinik\/"},"modified":"2026-03-25T12:31:39","modified_gmt":"2026-03-25T12:31:39","slug":"fusioteraapiakliinik","status":"publish","type":"page","link":"https:\/\/utk.ee\/en\/fusioteraapiakliinik\/","title":{"rendered":"\u00dclemiste F\u00fcsioteraapiakliinik"},"content":{"rendered":"\t\t<div data-elementor-type=\"wp-page\" data-elementor-id=\"2984\" class=\"elementor elementor-2984 elementor-2962\" data-elementor-settings=\"{&quot;element_pack_global_tooltip_width&quot;:{&quot;unit&quot;:&quot;px&quot;,&quot;size&quot;:&quot;&quot;,&quot;sizes&quot;:[]},&quot;element_pack_global_tooltip_width_tablet&quot;:{&quot;unit&quot;:&quot;px&quot;,&quot;size&quot;:&quot;&quot;,&quot;sizes&quot;:[]},&quot;element_pack_global_tooltip_width_mobile&quot;:{&quot;unit&quot;:&quot;px&quot;,&quot;size&quot;:&quot;&quot;,&quot;sizes&quot;:[]},&quot;element_pack_global_tooltip_padding&quot;:{&quot;unit&quot;:&quot;px&quot;,&quot;top&quot;:&quot;&quot;,&quot;right&quot;:&quot;&quot;,&quot;bottom&quot;:&quot;&quot;,&quot;left&quot;:&quot;&quot;,&quot;isLinked&quot;:true},&quot;element_pack_global_tooltip_padding_tablet&quot;:{&quot;unit&quot;:&quot;px&quot;,&quot;top&quot;:&quot;&quot;,&quot;right&quot;:&quot;&quot;,&quot;bottom&quot;:&quot;&quot;,&quot;left&quot;:&quot;&quot;,&quot;isLinked&quot;:true},&quot;element_pack_global_tooltip_padding_mobile&quot;:{&quot;unit&quot;:&quot;px&quot;,&quot;top&quot;:&quot;&quot;,&quot;right&quot;:&quot;&quot;,&quot;bottom&quot;:&quot;&quot;,&quot;left&quot;:&quot;&quot;,&quot;isLinked&quot;:true},&quot;element_pack_global_tooltip_border_radius&quot;:{&quot;unit&quot;:&quot;px&quot;,&quot;top&quot;:&quot;&quot;,&quot;right&quot;:&quot;&quot;,&quot;bottom&quot;:&quot;&quot;,&quot;left&quot;:&quot;&quot;,&quot;isLinked&quot;:true},&quot;element_pack_global_tooltip_border_radius_tablet&quot;:{&quot;unit&quot;:&quot;px&quot;,&quot;top&quot;:&quot;&quot;,&quot;right&quot;:&quot;&quot;,&quot;bottom&quot;:&quot;&quot;,&quot;left&quot;:&quot;&quot;,&quot;isLinked&quot;:true},&quot;element_pack_global_tooltip_border_radius_mobile&quot;:{&quot;unit&quot;:&quot;px&quot;,&quot;top&quot;:&quot;&quot;,&quot;right&quot;:&quot;&quot;,&quot;bottom&quot;:&quot;&quot;,&quot;left&quot;:&quot;&quot;,&quot;isLinked&quot;:true}}\" wpc-filter-elementor-widget=\"1\" data-elementor-post-type=\"page\">\n\t\t\t\t\t\t<div class=\"elementor-section elementor-top-section elementor-element elementor-element-011f0e8 bdt-motion-effect-wrapper elementor-section-content-middle elementor-section-boxed elementor-section-height-default elementor-section-height-default\" data-id=\"011f0e8\" data-element_type=\"section\" data-e-type=\"section\" data-settings=\"{&quot;background_background&quot;:&quot;classic&quot;}\">\n\t\t\t\t\t\t<div class=\"elementor-container elementor-column-gap-no\">\n\t\t\t\t\t<div class=\"elementor-column elementor-col-100 elementor-top-column elementor-element elementor-element-e037fa3\" data-id=\"e037fa3\" data-element_type=\"column\" data-e-type=\"column\">\n\t\t\t<div class=\"elementor-widget-wrap elementor-element-populated\">\n\t\t\t\t\t\t<section class=\"elementor-section elementor-inner-section elementor-element elementor-element-ffbfe63 elementor-section-content-middle services-section elementor-section-boxed elementor-section-height-default elementor-section-height-default\" data-id=\"ffbfe63\" data-element_type=\"section\" data-e-type=\"section\" data-settings=\"{&quot;animation&quot;:&quot;none&quot;}\">\n\t\t\t\t\t\t<div class=\"elementor-container elementor-column-gap-default\">\n\t\t\t\t\t<div class=\"elementor-column elementor-col-50 elementor-inner-column elementor-element elementor-element-c896eba\" data-id=\"c896eba\" data-element_type=\"column\" data-e-type=\"column\">\n\t\t\t<div class=\"elementor-widget-wrap elementor-element-populated\">\n\t\t\t\t\t\t<div class=\"elementor-element elementor-element-197e5c5 animated-fast elementor-widget elementor-widget-heading\" data-id=\"197e5c5\" data-element_type=\"widget\" data-e-type=\"widget\" data-settings=\"{&quot;_animation_delay&quot;:0,&quot;_animation&quot;:&quot;none&quot;}\" data-widget_type=\"heading.default\">\n\t\t\t\t\t<h1 class=\"elementor-heading-title elementor-size-default\">F\u00fcsioteraapiakliinik<\/h1>\t\t\t\t<\/div>\n\t\t\t\t<div class=\"elementor-element elementor-element-9e45e69 elementor-widget__width-initial elementor-widget-tablet__width-initial elementor-widget-mobile__width-inherit elementor-widget elementor-widget-text-editor\" data-id=\"9e45e69\" data-element_type=\"widget\" data-e-type=\"widget\" data-settings=\"{&quot;_animation&quot;:&quot;none&quot;,&quot;_animation_delay&quot;:1300}\" data-widget_type=\"text-editor.default\">\n\t\t\t\t\t\t\t\t\t<p>\u00dclemiste F\u00fcsioteraapiakliinik on \u00dclemiste Tervisekliiniku oluline \u00fcksus, mis \u00fchendab endas p\u00f5hjalikud teadmised ja oskused, t\u00f5endusp\u00f5hise l\u00e4henemise ning p\u00fchendumise, et leida parimad lahendused Sinu tervise heaks.<\/p>\t\t\t\t\t\t\t\t<\/div>\n\t\t\t\t<div class=\"elementor-element elementor-element-2bc5f45 elementor-hidden-tablet elementor-hidden-mobile elementor-widget elementor-widget-button\" data-id=\"2bc5f45\" data-element_type=\"widget\" data-e-type=\"widget\" data-widget_type=\"button.default\">\n\t\t\t\t\t\t\t\t\t\t<a class=\"elementor-button elementor-button-link elementor-size-sm\" href=\"https:\/\/utk.ee\/fusioteraapia\/broneeri\/\">\n\t\t\t\t\t\t<span class=\"elementor-button-content-wrapper\">\n\t\t\t\t\t\t\t\t\t<span class=\"elementor-button-text\">Broneeri aeg<\/span>\n\t\t\t\t\t<\/span>\n\t\t\t\t\t<\/a>\n\t\t\t\t\t\t\t\t<\/div>\n\t\t\t\t\t<\/div>\n\t\t<\/div>\n\t\t\t\t<div class=\"elementor-column elementor-col-50 elementor-inner-column elementor-element elementor-element-aaf0f35\" data-id=\"aaf0f35\" data-element_type=\"column\" data-e-type=\"column\">\n\t\t\t<div class=\"elementor-widget-wrap elementor-element-populated\">\n\t\t\t\t\t\t<div class=\"elementor-element elementor-element-402c34e elementor-widget elementor-widget-image\" data-id=\"402c34e\" data-element_type=\"widget\" data-e-type=\"widget\" data-widget_type=\"image.default\">\n\t\t\t\t\t\t\t\t\t\t\t\t\t\t\t<img fetchpriority=\"high\" decoding=\"async\" width=\"1000\" height=\"667\" src=\"https:\/\/utk.ee\/wp-content\/uploads\/2026\/02\/Ulemiste-Fusioteraapia-1024x683.jpg\" class=\"attachment-large size-large wp-image-3009\" alt=\"\u00dclemiste F\u00fcsioteraapiakliinik\" srcset=\"https:\/\/utk.ee\/wp-content\/uploads\/2026\/02\/Ulemiste-Fusioteraapia-1024x683.jpg 1024w, https:\/\/utk.ee\/wp-content\/uploads\/2026\/02\/Ulemiste-Fusioteraapia-600x400.jpg 600w, https:\/\/utk.ee\/wp-content\/uploads\/2026\/02\/Ulemiste-Fusioteraapia-300x200.jpg 300w, https:\/\/utk.ee\/wp-content\/uploads\/2026\/02\/Ulemiste-Fusioteraapia-768x512.jpg 768w, https:\/\/utk.ee\/wp-content\/uploads\/2026\/02\/Ulemiste-Fusioteraapia-1536x1024.jpg 1536w, https:\/\/utk.ee\/wp-content\/uploads\/2026\/02\/Ulemiste-Fusioteraapia-650x433.jpg 650w, https:\/\/utk.ee\/wp-content\/uploads\/2026\/02\/Ulemiste-Fusioteraapia.jpg 2048w\" sizes=\"(max-width: 1000px) 100vw, 1000px\" \/>\t\t\t\t\t\t\t\t\t\t\t\t\t\t\t<\/div>\n\t\t\t\t<div class=\"elementor-element elementor-element-839bdbc elementor-align-center elementor-hidden-desktop elementor-widget elementor-widget-button\" data-id=\"839bdbc\" data-element_type=\"widget\" data-e-type=\"widget\" data-widget_type=\"button.default\">\n\t\t\t\t\t\t\t\t\t\t<a class=\"elementor-button elementor-button-link elementor-size-sm\" href=\"https:\/\/utk.ee\/fusioteraapia\/broneeri\/\">\n\t\t\t\t\t\t<span class=\"elementor-button-content-wrapper\">\n\t\t\t\t\t\t\t\t\t<span class=\"elementor-button-text\">Broneeri aeg<\/span>\n\t\t\t\t\t<\/span>\n\t\t\t\t\t<\/a>\n\t\t\t\t\t\t\t\t<\/div>\n\t\t\t\t\t<\/div>\n\t\t<\/div>\n\t\t\t\t\t<\/div>\n\t\t<\/section>\n\t\t\t\t\t<\/div>\n\t\t<\/div>\n\t\t\t\t\t<\/div>\n\t\t<\/div>\n\t\t<div class=\"elementor-element elementor-element-df4383b e-flex e-con-boxed e-con e-parent\" data-id=\"df4383b\" data-element_type=\"container\" data-e-type=\"container\">\n\t\t\t\t\t<div class=\"e-con-inner\">\n\t\t<div class=\"elementor-element elementor-element-50a6411 e-con-full e-flex e-con e-child\" data-id=\"50a6411\" data-element_type=\"container\" data-e-type=\"container\">\n\t\t<div class=\"elementor-element elementor-element-7ef87af e-flex e-con-boxed e-con e-child\" data-id=\"7ef87af\" data-element_type=\"container\" data-e-type=\"container\">\n\t\t\t\t\t<div class=\"e-con-inner\">\n\t\t<div class=\"elementor-element elementor-element-50ca02f e-con-full e-flex e-con e-child\" data-id=\"50ca02f\" data-element_type=\"container\" data-e-type=\"container\" data-settings=\"{&quot;background_background&quot;:&quot;classic&quot;}\">\n\t\t\t\t<div class=\"elementor-element elementor-element-8325735 elementor-widget elementor-widget-heading\" data-id=\"8325735\" data-element_type=\"widget\" data-e-type=\"widget\" data-widget_type=\"heading.default\">\n\t\t\t\t\t<h2 class=\"elementor-heading-title elementor-size-default\">\u00dclemiste F\u00fcsioteraapiakliinikust l\u00e4hemalt<\/h2>\t\t\t\t<\/div>\n\t\t\t\t<div class=\"elementor-element elementor-element-ed1ed87 elementor-widget elementor-widget-text-editor\" data-id=\"ed1ed87\" data-element_type=\"widget\" data-e-type=\"widget\" data-widget_type=\"text-editor.default\">\n\t\t\t\t\t\t\t\t\t<div class=\"elementor-element elementor-element-8af70ca elementor-widget elementor-widget-heading\" data-id=\"8af70ca\" data-element_type=\"widget\" data-e-type=\"widget\" data-widget_type=\"heading.default\"><div class=\"elementor-widget-container\"><div class=\"elementor-element elementor-element-8af70ca elementor-widget elementor-widget-heading\" data-id=\"8af70ca\" data-element_type=\"widget\" data-e-type=\"widget\" data-widget_type=\"heading.default\"><div class=\"elementor-widget-container\"><p class=\"p1\">\u00dclemiste F\u00fcsioteraapiakliinik pakub kaasaegset taastusravi, sealhulgas f\u00fcsioteraapiat perearsti v\u00f5i eriarsti saatekirjaga patsientidele. Samuti teenindame eratervisekindlustuse patsiente ja pakume tasulisi vastuv\u00f5tte.<\/p><p class=\"p1\">Taastusravis on v\u00f5tmekoht meeskonnat\u00f6\u00f6l \u2013 koost\u00f6\u00f6s kliinikus t\u00f6\u00f6tavate f\u00fcsioterapeutide, taastusarstide ja teiste eriarstidega saame patsiente aidata mitmek\u00fclgsete oskuste ja teadmistega.<\/p><p class=\"p1\">Meie meeskonnas t\u00f6\u00f6tab mitmeid spetsialiste, kes on f\u00fcsioteraapia alal pikaajalise ja mitmek\u00fclgse kogemusega. <a href=\"https:\/\/utk.ee\/spetsialistid\/\"><strong>Tutvu meie f\u00fcsioterapeutidega siin.<\/strong><\/a><\/p><p>Meie meeskonna visiooniks on saada Eesti patsientide ja perearstide seas eelistatuimaks kliinikuks\u00a0taastusravi ja f\u00fcsioteraapia alal.<\/p><p class=\"p1\"><strong>Millega oleme abiks? Aitame:<\/strong><\/p><ul><li>leida valu p\u00f5hjuseid ja taastada liikumisv\u00f5imet<\/li><li>taastuda operatsioonidest v\u00f5i spordivigastustest<\/li><li>ennetada terviseprobleeme, hinnates Sinu riskifaktoreid ja pakkudes n\u00f5u tervise hoidmiseks<\/li><\/ul><p class=\"p3\">Peame oluliseks personaalset l\u00e4henemist ja avatud suhtlust patsiendiga. Parima tulemuse saavutamiseks teeme vajadusel tihedat koost\u00f6\u00f6d pere- ja eriarstidega.<\/p><h3 class=\"p1\"><b>Miks valida \u00dclemiste F\u00fcsioteraapiakliinik?<\/b><b><\/b><\/h3><ul><li>kogenud spetsialistid erinevates f\u00fcsioteraapia valdkondades<\/li><li>t\u00f5endusp\u00f5hised meetodid<\/li><li>s\u00f5bralik ja toetav \u00f5hkkond<\/li><li>kaasaegsed ruumid ja mugav asukoht<\/li><li>v\u00f5imalus saada teenust nii Tervisekassa toel (saatekirjaga) kui tasulisena.<\/li><\/ul><p class=\"p1\">Oled alati oodatud!<\/p><\/div><\/div><\/div><\/div>\t\t\t\t\t\t\t\t<\/div>\n\t\t\t\t<div class=\"elementor-element elementor-element-428b489 elementor-align-center elementor-widget elementor-widget-button\" data-id=\"428b489\" data-element_type=\"widget\" data-e-type=\"widget\" data-widget_type=\"button.default\">\n\t\t\t\t\t\t\t\t\t\t<a class=\"elementor-button elementor-button-link elementor-size-sm\" href=\"https:\/\/utk.ee\/fusioteraapia\/broneeri\/\">\n\t\t\t\t\t\t<span class=\"elementor-button-content-wrapper\">\n\t\t\t\t\t\t\t\t\t<span class=\"elementor-button-text\">Broneeri aeg f\u00fcsioteraapiasse<\/span>\n\t\t\t\t\t<\/span>\n\t\t\t\t\t<\/a>\n\t\t\t\t\t\t\t\t<\/div>\n\t\t\t\t<\/div>\n\t\t\t\t\t<\/div>\n\t\t\t\t<\/div>\n\t\t\t\t<\/div>\n\t\t\t\t\t<\/div>\n\t\t\t\t<\/div>\n\t\t\t\t<\/div>\n\t\t","protected":false},"excerpt":{"rendered":"<p>F\u00fcsioteraapiakliinik \u00dclemiste F\u00fcsioteraapiakliinik on \u00dclemiste Tervisekliiniku oluline \u00fcksus, mis \u00fchendab endas p\u00f5hjalikud teadmised ja oskused, t\u00f5endusp\u00f5hise l\u00e4henemise ning p\u00fchendumise, et leida parimad [&hellip;]<\/p>\n","protected":false},"author":4,"featured_media":3001,"parent":0,"menu_order":0,"comment_status":"closed","ping_status":"closed","template":"","meta":{"iawp_total_views":39,"footnotes":""},"class_list":["post-2984","page","type-page","status-publish","has-post-thumbnail","hentry"],"yoast_head":"<!-- This site is optimized with the Yoast SEO plugin v27.4 - https:\/\/yoast.com\/product\/yoast-seo-wordpress\/ -->\n<title>\u00dclemiste F\u00fcsioteraapiakliinik - \u00dclemiste Tervisekliinik<\/title>\n<meta name=\"robots\" content=\"index, follow, max-snippet:-1, max-image-preview:large, max-video-preview:-1\" \/>\n<link rel=\"canonical\" href=\"https:\/\/utk.ee\/en\/fusioteraapiakliinik\/\" \/>\n<meta property=\"og:locale\" content=\"en_US\" \/>\n<meta property=\"og:type\" content=\"article\" \/>\n<meta property=\"og:title\" content=\"\u00dclemiste F\u00fcsioteraapiakliinik - \u00dclemiste Tervisekliinik\" \/>\n<meta property=\"og:description\" content=\"F\u00fcsioteraapiakliinik \u00dclemiste F\u00fcsioteraapiakliinik on \u00dclemiste Tervisekliiniku oluline \u00fcksus, mis \u00fchendab endas p\u00f5hjalikud teadmised ja oskused, t\u00f5endusp\u00f5hise l\u00e4henemise ning p\u00fchendumise, et leida parimad [&hellip;]\" \/>\n<meta property=\"og:url\" content=\"https:\/\/utk.ee\/en\/fusioteraapiakliinik\/\" \/>\n<meta property=\"og:site_name\" content=\"\u00dclemiste Tervisekliinik\" \/>\n<meta property=\"article:modified_time\" content=\"2026-03-25T12:31:39+00:00\" \/>\n<meta property=\"og:image\" content=\"https:\/\/utk.ee\/wp-content\/uploads\/2026\/02\/Ulemiste-Fusioteraapiakliinik-e1772009491908.jpg\" \/>\n\t<meta property=\"og:image:width\" content=\"1365\" \/>\n\t<meta property=\"og:image:height\" content=\"1090\" \/>\n\t<meta property=\"og:image:type\" content=\"image\/jpeg\" \/>\n<meta name=\"twitter:card\" content=\"summary_large_image\" \/>\n<meta name=\"twitter:label1\" content=\"Est. reading time\" \/>\n\t<meta name=\"twitter:data1\" content=\"2 minutes\" \/>\n<script type=\"application\/ld+json\" class=\"yoast-schema-graph\">{\"@context\":\"https:\\\/\\\/schema.org\",\"@graph\":[{\"@type\":\"WebPage\",\"@id\":\"https:\\\/\\\/utk.ee\\\/en\\\/fusioteraapiakliinik\\\/\",\"url\":\"https:\\\/\\\/utk.ee\\\/en\\\/fusioteraapiakliinik\\\/\",\"name\":\"\u00dclemiste F\u00fcsioteraapiakliinik - \u00dclemiste Tervisekliinik\",\"isPartOf\":{\"@id\":\"https:\\\/\\\/utk.ee\\\/en\\\/#website\"},\"primaryImageOfPage\":{\"@id\":\"https:\\\/\\\/utk.ee\\\/en\\\/fusioteraapiakliinik\\\/#primaryimage\"},\"image\":{\"@id\":\"https:\\\/\\\/utk.ee\\\/en\\\/fusioteraapiakliinik\\\/#primaryimage\"},\"thumbnailUrl\":\"https:\\\/\\\/utk.ee\\\/wp-content\\\/uploads\\\/2026\\\/02\\\/Ulemiste-Fusioteraapiakliinik-e1772009491908.jpg\",\"datePublished\":\"2025-10-23T10:50:25+00:00\",\"dateModified\":\"2026-03-25T12:31:39+00:00\",\"breadcrumb\":{\"@id\":\"https:\\\/\\\/utk.ee\\\/en\\\/fusioteraapiakliinik\\\/#breadcrumb\"},\"inLanguage\":\"en-US\",\"potentialAction\":[{\"@type\":\"ReadAction\",\"target\":[\"https:\\\/\\\/utk.ee\\\/en\\\/fusioteraapiakliinik\\\/\"]}]},{\"@type\":\"ImageObject\",\"inLanguage\":\"en-US\",\"@id\":\"https:\\\/\\\/utk.ee\\\/en\\\/fusioteraapiakliinik\\\/#primaryimage\",\"url\":\"https:\\\/\\\/utk.ee\\\/wp-content\\\/uploads\\\/2026\\\/02\\\/Ulemiste-Fusioteraapiakliinik-e1772009491908.jpg\",\"contentUrl\":\"https:\\\/\\\/utk.ee\\\/wp-content\\\/uploads\\\/2026\\\/02\\\/Ulemiste-Fusioteraapiakliinik-e1772009491908.jpg\",\"width\":1365,\"height\":1003},{\"@type\":\"BreadcrumbList\",\"@id\":\"https:\\\/\\\/utk.ee\\\/en\\\/fusioteraapiakliinik\\\/#breadcrumb\",\"itemListElement\":[{\"@type\":\"ListItem\",\"position\":1,\"name\":\"Home\",\"item\":\"https:\\\/\\\/utk.ee\\\/en\\\/\"},{\"@type\":\"ListItem\",\"position\":2,\"name\":\"\u00dclemiste F\u00fcsioteraapiakliinik\"}]},{\"@type\":\"WebSite\",\"@id\":\"https:\\\/\\\/utk.ee\\\/en\\\/#website\",\"url\":\"https:\\\/\\\/utk.ee\\\/en\\\/\",\"name\":\"\u00dclemiste Tervisekliinik\",\"description\":\"Terviseuuringud, f\u00fcsioteraapia, muud terviseteenused\",\"publisher\":{\"@id\":\"https:\\\/\\\/utk.ee\\\/en\\\/#organization\"},\"potentialAction\":[{\"@type\":\"SearchAction\",\"target\":{\"@type\":\"EntryPoint\",\"urlTemplate\":\"https:\\\/\\\/utk.ee\\\/en\\\/?s={search_term_string}\"},\"query-input\":{\"@type\":\"PropertyValueSpecification\",\"valueRequired\":true,\"valueName\":\"search_term_string\"}}],\"inLanguage\":\"en-US\"},{\"@type\":\"Organization\",\"@id\":\"https:\\\/\\\/utk.ee\\\/en\\\/#organization\",\"name\":\"\u00dclemiste Tervisekliinik\",\"url\":\"https:\\\/\\\/utk.ee\\\/en\\\/\",\"logo\":{\"@type\":\"ImageObject\",\"inLanguage\":\"en-US\",\"@id\":\"https:\\\/\\\/utk.ee\\\/en\\\/#\\\/schema\\\/logo\\\/image\\\/\",\"url\":\"https:\\\/\\\/utk.ee\\\/wp-content\\\/uploads\\\/2026\\\/02\\\/cropped-Ulemiste-Tervisekliinik-fusioteraapia-kruoteraapia-terviseauditid.png\",\"contentUrl\":\"https:\\\/\\\/utk.ee\\\/wp-content\\\/uploads\\\/2026\\\/02\\\/cropped-Ulemiste-Tervisekliinik-fusioteraapia-kruoteraapia-terviseauditid.png\",\"width\":512,\"height\":512,\"caption\":\"\u00dclemiste Tervisekliinik\"},\"image\":{\"@id\":\"https:\\\/\\\/utk.ee\\\/en\\\/#\\\/schema\\\/logo\\\/image\\\/\"}}]}<\/script>\n<!-- \/ Yoast SEO plugin. -->","yoast_head_json":{"title":"\u00dclemiste F\u00fcsioteraapiakliinik - \u00dclemiste Tervisekliinik","robots":{"index":"index","follow":"follow","max-snippet":"max-snippet:-1","max-image-preview":"max-image-preview:large","max-video-preview":"max-video-preview:-1"},"canonical":"https:\/\/utk.ee\/en\/fusioteraapiakliinik\/","og_locale":"en_US","og_type":"article","og_title":"\u00dclemiste F\u00fcsioteraapiakliinik - \u00dclemiste Tervisekliinik","og_description":"F\u00fcsioteraapiakliinik \u00dclemiste F\u00fcsioteraapiakliinik on \u00dclemiste Tervisekliiniku oluline \u00fcksus, mis \u00fchendab endas p\u00f5hjalikud teadmised ja oskused, t\u00f5endusp\u00f5hise l\u00e4henemise ning p\u00fchendumise, et leida parimad [&hellip;]","og_url":"https:\/\/utk.ee\/en\/fusioteraapiakliinik\/","og_site_name":"\u00dclemiste Tervisekliinik","article_modified_time":"2026-03-25T12:31:39+00:00","og_image":[{"width":1365,"height":1090,"url":"https:\/\/utk.ee\/wp-content\/uploads\/2026\/02\/Ulemiste-Fusioteraapiakliinik-e1772009491908.jpg","type":"image\/jpeg"}],"twitter_card":"summary_large_image","twitter_misc":{"Est. reading time":"2 minutes"},"schema":{"@context":"https:\/\/schema.org","@graph":[{"@type":"WebPage","@id":"https:\/\/utk.ee\/en\/fusioteraapiakliinik\/","url":"https:\/\/utk.ee\/en\/fusioteraapiakliinik\/","name":"\u00dclemiste F\u00fcsioteraapiakliinik - \u00dclemiste Tervisekliinik","isPartOf":{"@id":"https:\/\/utk.ee\/en\/#website"},"primaryImageOfPage":{"@id":"https:\/\/utk.ee\/en\/fusioteraapiakliinik\/#primaryimage"},"image":{"@id":"https:\/\/utk.ee\/en\/fusioteraapiakliinik\/#primaryimage"},"thumbnailUrl":"https:\/\/utk.ee\/wp-content\/uploads\/2026\/02\/Ulemiste-Fusioteraapiakliinik-e1772009491908.jpg","datePublished":"2025-10-23T10:50:25+00:00","dateModified":"2026-03-25T12:31:39+00:00","breadcrumb":{"@id":"https:\/\/utk.ee\/en\/fusioteraapiakliinik\/#breadcrumb"},"inLanguage":"en-US","potentialAction":[{"@type":"ReadAction","target":["https:\/\/utk.ee\/en\/fusioteraapiakliinik\/"]}]},{"@type":"ImageObject","inLanguage":"en-US","@id":"https:\/\/utk.ee\/en\/fusioteraapiakliinik\/#primaryimage","url":"https:\/\/utk.ee\/wp-content\/uploads\/2026\/02\/Ulemiste-Fusioteraapiakliinik-e1772009491908.jpg","contentUrl":"https:\/\/utk.ee\/wp-content\/uploads\/2026\/02\/Ulemiste-Fusioteraapiakliinik-e1772009491908.jpg","width":1365,"height":1003},{"@type":"BreadcrumbList","@id":"https:\/\/utk.ee\/en\/fusioteraapiakliinik\/#breadcrumb","itemListElement":[{"@type":"ListItem","position":1,"name":"Home","item":"https:\/\/utk.ee\/en\/"},{"@type":"ListItem","position":2,"name":"\u00dclemiste F\u00fcsioteraapiakliinik"}]},{"@type":"WebSite","@id":"https:\/\/utk.ee\/en\/#website","url":"https:\/\/utk.ee\/en\/","name":"\u00dclemiste Tervisekliinik","description":"Terviseuuringud, f\u00fcsioteraapia, muud terviseteenused","publisher":{"@id":"https:\/\/utk.ee\/en\/#organization"},"potentialAction":[{"@type":"SearchAction","target":{"@type":"EntryPoint","urlTemplate":"https:\/\/utk.ee\/en\/?s={search_term_string}"},"query-input":{"@type":"PropertyValueSpecification","valueRequired":true,"valueName":"search_term_string"}}],"inLanguage":"en-US"},{"@type":"Organization","@id":"https:\/\/utk.ee\/en\/#organization","name":"\u00dclemiste Tervisekliinik","url":"https:\/\/utk.ee\/en\/","logo":{"@type":"ImageObject","inLanguage":"en-US","@id":"https:\/\/utk.ee\/en\/#\/schema\/logo\/image\/","url":"https:\/\/utk.ee\/wp-content\/uploads\/2026\/02\/cropped-Ulemiste-Tervisekliinik-fusioteraapia-kruoteraapia-terviseauditid.png","contentUrl":"https:\/\/utk.ee\/wp-content\/uploads\/2026\/02\/cropped-Ulemiste-Tervisekliinik-fusioteraapia-kruoteraapia-terviseauditid.png","width":512,"height":512,"caption":"\u00dclemiste Tervisekliinik"},"image":{"@id":"https:\/\/utk.ee\/en\/#\/schema\/logo\/image\/"}}]}},"_links":{"self":[{"href":"https:\/\/utk.ee\/en\/wp-json\/wp\/v2\/pages\/2984","targetHints":{"allow":["GET"]}}],"collection":[{"href":"https:\/\/utk.ee\/en\/wp-json\/wp\/v2\/pages"}],"about":[{"href":"https:\/\/utk.ee\/en\/wp-json\/wp\/v2\/types\/page"}],"author":[{"embeddable":true,"href":"https:\/\/utk.ee\/en\/wp-json\/wp\/v2\/users\/4"}],"replies":[{"embeddable":true,"href":"https:\/\/utk.ee\/en\/wp-json\/wp\/v2\/comments?post=2984"}],"version-history":[{"count":53,"href":"https:\/\/utk.ee\/en\/wp-json\/wp\/v2\/pages\/2984\/revisions"}],"predecessor-version":[{"id":6456,"href":"https:\/\/utk.ee\/en\/wp-json\/wp\/v2\/pages\/2984\/revisions\/6456"}],"wp:featuredmedia":[{"embeddable":true,"href":"https:\/\/utk.ee\/en\/wp-json\/wp\/v2\/media\/3001"}],"wp:attachment":[{"href":"https:\/\/utk.ee\/en\/wp-json\/wp\/v2\/media?parent=2984"}],"curies":[{"name":"wp","href":"https:\/\/api.w.org\/{rel}","templated":true}]}}